{"id":906,"date":"2023-07-26T14:46:55","date_gmt":"2023-07-26T12:46:55","guid":{"rendered":"https:\/\/muddys-club.net\/?page_id=906"},"modified":"2023-10-18T13:55:30","modified_gmt":"2023-10-18T11:55:30","slug":"2023-11-06-krissy-matthews","status":"publish","type":"page","link":"https:\/\/muddys-club.net\/index.php\/2023-11-06-krissy-matthews\/","title":{"rendered":"2023-11-06 Krissy Matthews"},"content":{"rendered":"<div class=\"fusion-fullwidth fullwidth-box fusion-builder-row-1 fusion-flex-container has-pattern-background has-mask-background nonhundred-percent-fullwidth non-hundred-percent-height-scrolling\" style=\"--awb-border-radius-top-left:0px;--awb-border-radius-top-right:0px;--awb-border-radius-bottom-right:0px;--awb-border-radius-bottom-left:0px;--awb-flex-wrap:wrap;\" ><div class=\"fusion-builder-row fusion-row fusion-flex-align-items-flex-start fusion-flex-content-wrap\" style=\"max-width:1040px;margin-left: calc(-4% \/ 2 );margin-right: calc(-4% \/ 2 );\"><div class=\"fusion-layout-column fusion_builder_column fusion-builder-column-0 fusion_builder_column_2_3 2_3 fusion-flex-column\" style=\"--awb-bg-size:cover;--awb-width-large:66.666666666667%;--awb-margin-top-large:0px;--awb-spacing-right-large:2.88%;--awb-margin-bottom-large:20px;--awb-spacing-left-large:2.88%;--awb-width-medium:66.666666666667%;--awb-order-medium:0;--awb-spacing-right-medium:2.88%;--awb-spacing-left-medium:2.88%;--awb-width-small:100%;--awb-order-small:0;--awb-spacing-right-small:1.92%;--awb-spacing-left-small:1.92%;\"><div class=\"fusion-column-wrapper fusion-column-has-shadow fusion-flex-justify-content-flex-start fusion-content-layout-column\"><div class=\"fusion-image-element \" style=\"--awb-caption-title-font-family:var(--h2_typography-font-family);--awb-caption-title-font-weight:var(--h2_typography-font-weight);--awb-caption-title-font-style:var(--h2_typography-font-style);--awb-caption-title-size:var(--h2_typography-font-size);--awb-caption-title-transform:var(--h2_typography-text-transform);--awb-caption-title-line-height:var(--h2_typography-line-height);--awb-caption-title-letter-spacing:var(--h2_typography-letter-spacing);\"><span class=\" fusion-imageframe imageframe-none imageframe-1 hover-type-none\"><img decoding=\"async\" width=\"1024\" height=\"684\" title=\"Krissy Matthews Kopie-HP\" src=\"https:\/\/muddys-club.net\/wp-content\/uploads\/2023\/07\/Krissy-Matthews-Kopie-HP.jpg\" alt class=\"img-responsive wp-image-901\" srcset=\"https:\/\/muddys-club.net\/wp-content\/uploads\/2023\/07\/Krissy-Matthews-Kopie-HP-200x134.jpg 200w, https:\/\/muddys-club.net\/wp-content\/uploads\/2023\/07\/Krissy-Matthews-Kopie-HP-400x267.jpg 400w, https:\/\/muddys-club.net\/wp-content\/uploads\/2023\/07\/Krissy-Matthews-Kopie-HP-600x401.jpg 600w, https:\/\/muddys-club.net\/wp-content\/uploads\/2023\/07\/Krissy-Matthews-Kopie-HP-800x534.jpg 800w, https:\/\/muddys-club.net\/wp-content\/uploads\/2023\/07\/Krissy-Matthews-Kopie-HP.jpg 1024w\" sizes=\"(max-width: 640px) 100vw, 800px\" \/><\/span><\/div><\/div><\/div><div class=\"fusion-layout-column fusion_builder_column fusion-builder-column-1 fusion_builder_column_1_3 1_3 fusion-flex-column\" style=\"--awb-bg-size:cover;--awb-width-large:33.333333333333%;--awb-margin-top-large:0px;--awb-spacing-right-large:5.76%;--awb-margin-bottom-large:20px;--awb-spacing-left-large:5.76%;--awb-width-medium:33.333333333333%;--awb-order-medium:0;--awb-spacing-right-medium:5.76%;--awb-spacing-left-medium:5.76%;--awb-width-small:100%;--awb-order-small:0;--awb-spacing-right-small:1.92%;--awb-spacing-left-small:1.92%;\"><div class=\"fusion-column-wrapper fusion-column-has-shadow fusion-flex-justify-content-flex-start fusion-content-layout-column\"><div class=\"fusion-text fusion-text-1\"><h1>Krissy Matthews<\/h1>\n<\/div><div class=\"fusion-text fusion-text-2\"><h2>Montag 6. November 2023<\/h2>\n<h5>Konzertbeginn 20.30 Uhr<\/h5>\n<p><span style=\"color: var(--awb-text-color); font-family: var(--awb-text-font-family); font-size: var(--awb-font-size); font-style: var(--awb-text-font-style); font-weight: var(--awb-text-font-weight); letter-spacing: var(--awb-letter-spacing); text-align: var(--awb-content-alignment); text-transform: var(--awb-text-transform); background-color: var(--awb-bg-color);\">Einlass 19.30 Uhr in Muddy&#8217;s Club<\/span><\/p>\n<\/div><div class=\"fusion-text fusion-text-3\"><h5>Eintritt<\/h5>\n<p>Normal: 24 \u20ac<br \/>\n<span style=\"color: var(--awb-text-color); font-family: var(--awb-text-font-family); font-size: var(--awb-font-size); font-style: var(--awb-text-font-style); letter-spacing: var(--awb-letter-spacing); text-align: var(--awb-content-alignment); text-transform: var(--awb-text-transform); background-color: var(--awb-bg-color);\">Erm\u00e4ssigt: 20 \u20ac<br \/>\n<\/span>Mitglieder: 18 \u20ac<br \/>\nSch\u00fcler: 12 \u20ac<\/p>\n<\/div><div class=\"fusion-separator fusion-full-width-sep\" style=\"align-self: center;margin-left: auto;margin-right: auto;margin-top:30px;margin-bottom:0px;width:100%;\"><\/div><div ><a class=\"fusion-button button-flat fusion-button-default-size button-custom fusion-button-default button-1 fusion-button-default-span fusion-button-default-type fusion-has-button-gradient\" style=\"--button_accent_color:var(--awb-color1);--button_accent_hover_color:var(--awb-color1);--button_border_hover_color:var(--awb-color1);--button_gradient_top_color:var(--awb-custom_color_1);--button_gradient_bottom_color:var(--awb-custom_color_1);--button_gradient_top_color_hover:var(--awb-custom_color_1);--button_gradient_bottom_color_hover:hsla(var(--awb-color5-h),calc(var(--awb-color5-s) - 5%),calc(var(--awb-color5-l) - 10%),var(--awb-color5-a));\" target=\"_self\" href=\"https:\/\/manage.muddys-club.net\/public\/reservation\/2023-11-06-krissymatthews\"><span class=\"fusion-button-text awb-button__text awb-button__text--default\">Karten Reservieren<\/span><\/a><\/div><\/div><\/div><div class=\"fusion-layout-column fusion_builder_column fusion-builder-column-2 fusion_builder_column_4_5 4_5 fusion-flex-column\" style=\"--awb-bg-size:cover;--awb-width-large:80%;--awb-margin-top-large:0px;--awb-spacing-right-large:2.4%;--awb-margin-bottom-large:20px;--awb-spacing-left-large:2.4%;--awb-width-medium:80%;--awb-order-medium:0;--awb-spacing-right-medium:2.4%;--awb-spacing-left-medium:2.4%;--awb-width-small:100%;--awb-order-small:0;--awb-spacing-right-small:1.92%;--awb-spacing-left-small:1.92%;\"><div class=\"fusion-column-wrapper fusion-column-has-shadow fusion-flex-justify-content-flex-start fusion-content-layout-column\"><div class=\"fusion-text fusion-text-4\"><p style=\"margin: 0cm; font-size: 11pt; font-family: Calibri, sans-serif; background-image: initial; background-position: initial; background-size: initial; background-attachment: initial;\">Der britisch-norwegische Ausnahmegittarist Krissy Matthews kehrt dieses Jahr mit seinem aufregenden, einzigartigen und kraftvollen Blues-, Rock- und Rock&#8217;n&#8217;Roll-Trio zur\u00fcck!<\/p>\n<p style=\"margin: 0cm; font-size: 11pt; font-family: Calibri, sans-serif; background-image: initial; background-position: initial; background-size: initial; background-attachment: initial;\">\u00dcberall, wo Krissy auftritt, versetzt er das Publikum in Erstaunen. Seine ehrliche, dynamische und explosive B\u00fchnenshow mit seiner extrem gut eingespielten Band hinterl\u00e4sst in jedem Saal Wellen. Niemand klingt wie Krissy, was in der heutigen Welt immer schwieriger wird, mit seinem eigenen Sound identifiziert zu werden.<\/p>\n<p style=\"margin: 0cm; font-size: 11pt; font-family: Calibri, sans-serif; background-image: initial; background-position: initial; background-size: initial; background-attachment: initial;\">Mit 12 Jahren teilte er die B\u00fchne mit dem Godfather of British Blues John Mayall, mit 15 erhielt er Karrieretipps vom King of the Blues BB King und mit 16 war er der letzte Musiker, der in Gro\u00dfbritannien mit dem verstorbenen Jeff Healey auf der B\u00fchne stand.<\/p>\n<p style=\"margin: 0cm; font-size: 11pt; font-family: Calibri, sans-serif; background-image: initial; background-position: initial; background-size: initial; background-attachment: initial;\">Seitdem hat seine Band Tausende von Shows auf der ganzen Welt gespielt und die B\u00fchne mit K\u00fcnstlern wie Toto, Graveyard, Joe Bonamassa, Gregg Allmann, Tedeschi Trucks Band, Beth Hart und Joe Satriani geteilt.<\/p>\n<p style=\"margin: 0cm; font-size: 11pt; font-family: Calibri, sans-serif; background-image: initial; background-position: initial; background-size: initial; background-attachment: initial;\">Krissy unterschrieb 2021 bei Ruf Records und ver\u00f6ffentlichte sein letztes, von der Kritik hochgelobtes Album Pizza Man Blues. Au\u00dferdem ist er seit 7 Jahren festes Mitglied der Hamburg Blues Band, wo er jeden Abend mit gro\u00dfen S\u00e4ngern wie Maggie Bell, Chris Farlowe und Arthur Brown auftritt. Derzeit arbeitet er an seinem n\u00e4chsten Studioalbum, das sein bisher gr\u00f6\u00dftes Projekt ist und Ende 2023 \/ Anfang 2024 erscheinen soll.<\/p>\n<p style=\"margin: 0cm; font-size: 11pt; font-family: Calibri, sans-serif; background-image: initial; background-position: initial; background-size: initial; background-attachment: initial;\">Kommen Sie und erleben Sie mit Krissy und seiner Band einen wundersch\u00f6nen Abend voller mitrei\u00dfender Musik.<\/p>\n<\/div><\/div><\/div><div class=\"fusion-layout-column fusion_builder_column fusion-builder-column-3 fusion_builder_column_1_1 1_1 fusion-flex-column\" style=\"--awb-bg-size:cover;--awb-width-large:100%;--awb-margin-top-large:0px;--awb-spacing-right-large:1.92%;--awb-margin-bottom-large:20px;--awb-spacing-left-large:1.92%;--awb-width-medium:100%;--awb-order-medium:0;--awb-spacing-right-medium:1.92%;--awb-spacing-left-medium:1.92%;--awb-width-small:100%;--awb-order-small:0;--awb-spacing-right-small:1.92%;--awb-spacing-left-small:1.92%;\"><div class=\"fusion-column-wrapper fusion-column-has-shadow fusion-flex-justify-content-flex-start fusion-content-layout-column\"><div class=\"fusion-video fusion-youtube\" style=\"--awb-max-width:750px;--awb-max-height:422px;--awb-margin-top:20px;\"><div class=\"video-shortcode\"><div class=\"fluid-width-video-wrapper\" style=\"padding-top:56.27%;\" ><iframe title=\"YouTube video player 1\" src=\"https:\/\/www.youtube.com\/embed\/ICLeVFw3L1I?wmode=transparent&autoplay=0\" width=\"750\" height=\"422\" allowfullscreen allow=\"autoplay; clipboard-write; encrypted-media; gyroscope; picture-in-picture;\"><\/iframe><\/div><\/div><\/div><div class=\"fusion-video fusion-youtube\" style=\"--awb-max-width:750px;--awb-max-height:422px;--awb-margin-top:20px;\"><div class=\"video-shortcode\"><div class=\"fluid-width-video-wrapper\" style=\"padding-top:56.27%;\" ><iframe title=\"YouTube video player 2\" src=\"https:\/\/www.youtube.com\/embed\/eyVxegquauo?wmode=transparent&autoplay=0\" width=\"750\" height=\"422\" allowfullscreen allow=\"autoplay; clipboard-write; encrypted-media; gyroscope; picture-in-picture;\"><\/iframe><\/div><\/div><\/div><div class=\"fusion-video fusion-youtube\" style=\"--awb-max-width:750px;--awb-max-height:422px;--awb-margin-top:20px;\"><div class=\"video-shortcode\"><div class=\"fluid-width-video-wrapper\" style=\"padding-top:56.27%;\" ><iframe title=\"YouTube video player 3\" src=\"https:\/\/www.youtube.com\/embed\/eFa9UPfYE0U?wmode=transparent&autoplay=0\" width=\"750\" height=\"422\" allowfullscreen allow=\"autoplay; clipboard-write; encrypted-media; gyroscope; picture-in-picture;\"><\/iframe><\/div><\/div><\/div><\/div><\/div><\/div><\/div>\n","protected":false},"excerpt":{"rendered":"","protected":false},"author":8,"featured_media":0,"parent":0,"menu_order":0,"comment_status":"closed","ping_status":"closed","template":"100-width.php","meta":{"_acf_changed":false,"footnotes":""},"class_list":["post-906","page","type-page","status-publish","hentry"],"acf":[],"_links":{"self":[{"href":"https:\/\/muddys-club.net\/index.php\/wp-json\/wp\/v2\/pages\/906","targetHints":{"allow":["GET"]}}],"collection":[{"href":"https:\/\/muddys-club.net\/index.php\/wp-json\/wp\/v2\/pages"}],"about":[{"href":"https:\/\/muddys-club.net\/index.php\/wp-json\/wp\/v2\/types\/page"}],"author":[{"embeddable":true,"href":"https:\/\/muddys-club.net\/index.php\/wp-json\/wp\/v2\/users\/8"}],"replies":[{"embeddable":true,"href":"https:\/\/muddys-club.net\/index.php\/wp-json\/wp\/v2\/comments?post=906"}],"version-history":[{"count":4,"href":"https:\/\/muddys-club.net\/index.php\/wp-json\/wp\/v2\/pages\/906\/revisions"}],"predecessor-version":[{"id":1203,"href":"https:\/\/muddys-club.net\/index.php\/wp-json\/wp\/v2\/pages\/906\/revisions\/1203"}],"wp:attachment":[{"href":"https:\/\/muddys-club.net\/index.php\/wp-json\/wp\/v2\/media?parent=906"}],"curies":[{"name":"wp","href":"https:\/\/api.w.org\/{rel}","templated":true}]}}