{"id":884,"date":"2023-07-26T13:26:01","date_gmt":"2023-07-26T11:26:01","guid":{"rendered":"https:\/\/muddys-club.net\/?page_id=884"},"modified":"2023-10-18T10:58:27","modified_gmt":"2023-10-18T08:58:27","slug":"2023-10-23","status":"publish","type":"page","link":"https:\/\/muddys-club.net\/index.php\/2023-10-23\/","title":{"rendered":"2023-10-23 Miller Anderson"},"content":{"rendered":"<div class=\"fusion-fullwidth fullwidth-box fusion-builder-row-1 fusion-flex-container has-pattern-background has-mask-background nonhundred-percent-fullwidth non-hundred-percent-height-scrolling\" style=\"--awb-border-radius-top-left:0px;--awb-border-radius-top-right:0px;--awb-border-radius-bottom-right:0px;--awb-border-radius-bottom-left:0px;--awb-flex-wrap:wrap;\" ><div class=\"fusion-builder-row fusion-row fusion-flex-align-items-flex-start fusion-flex-content-wrap\" style=\"max-width:1040px;margin-left: calc(-4% \/ 2 );margin-right: calc(-4% \/ 2 );\"><div class=\"fusion-layout-column fusion_builder_column fusion-builder-column-0 fusion_builder_column_2_3 2_3 fusion-flex-column\" style=\"--awb-bg-size:cover;--awb-width-large:66.666666666667%;--awb-margin-top-large:0px;--awb-spacing-right-large:2.88%;--awb-margin-bottom-large:20px;--awb-spacing-left-large:2.88%;--awb-width-medium:66.666666666667%;--awb-order-medium:0;--awb-spacing-right-medium:2.88%;--awb-spacing-left-medium:2.88%;--awb-width-small:100%;--awb-order-small:0;--awb-spacing-right-small:1.92%;--awb-spacing-left-small:1.92%;\"><div class=\"fusion-column-wrapper fusion-column-has-shadow fusion-flex-justify-content-flex-start fusion-content-layout-column\"><div class=\"fusion-image-element \" style=\"--awb-caption-title-font-family:var(--h2_typography-font-family);--awb-caption-title-font-weight:var(--h2_typography-font-weight);--awb-caption-title-font-style:var(--h2_typography-font-style);--awb-caption-title-size:var(--h2_typography-font-size);--awb-caption-title-transform:var(--h2_typography-text-transform);--awb-caption-title-line-height:var(--h2_typography-line-height);--awb-caption-title-letter-spacing:var(--h2_typography-letter-spacing);\"><span class=\" fusion-imageframe imageframe-none imageframe-1 hover-type-none\"><img decoding=\"async\" width=\"1024\" height=\"683\" title=\"Pressefoto Miller Anderson solo by Ju\u0308rgen Achten-HP\" src=\"https:\/\/muddys-club.net\/wp-content\/uploads\/2023\/07\/Pressefoto-Miller-Anderson-solo-by-Juergen-Achten-HP.jpg\" alt class=\"img-responsive wp-image-886\" srcset=\"https:\/\/muddys-club.net\/wp-content\/uploads\/2023\/07\/Pressefoto-Miller-Anderson-solo-by-Juergen-Achten-HP-200x133.jpg 200w, https:\/\/muddys-club.net\/wp-content\/uploads\/2023\/07\/Pressefoto-Miller-Anderson-solo-by-Juergen-Achten-HP-400x267.jpg 400w, https:\/\/muddys-club.net\/wp-content\/uploads\/2023\/07\/Pressefoto-Miller-Anderson-solo-by-Juergen-Achten-HP-600x400.jpg 600w, https:\/\/muddys-club.net\/wp-content\/uploads\/2023\/07\/Pressefoto-Miller-Anderson-solo-by-Juergen-Achten-HP-800x534.jpg 800w, https:\/\/muddys-club.net\/wp-content\/uploads\/2023\/07\/Pressefoto-Miller-Anderson-solo-by-Juergen-Achten-HP.jpg 1024w\" sizes=\"(max-width: 640px) 100vw, 800px\" \/><\/span><\/div><\/div><\/div><div class=\"fusion-layout-column fusion_builder_column fusion-builder-column-1 fusion_builder_column_1_3 1_3 fusion-flex-column\" style=\"--awb-bg-size:cover;--awb-width-large:33.333333333333%;--awb-margin-top-large:0px;--awb-spacing-right-large:5.76%;--awb-margin-bottom-large:20px;--awb-spacing-left-large:5.76%;--awb-width-medium:33.333333333333%;--awb-order-medium:0;--awb-spacing-right-medium:5.76%;--awb-spacing-left-medium:5.76%;--awb-width-small:100%;--awb-order-small:0;--awb-spacing-right-small:1.92%;--awb-spacing-left-small:1.92%;\"><div class=\"fusion-column-wrapper fusion-column-has-shadow fusion-flex-justify-content-flex-start fusion-content-layout-column\"><div class=\"fusion-text fusion-text-1\"><h1>Miller Anderson<\/h1>\n<\/div><div class=\"fusion-text fusion-text-2\"><h2>Montag 23. Oktober 2023<\/h2>\n<h5>Konzertbeginn 20.30 Uhr<\/h5>\n<p><span style=\"color: var(--awb-text-color); font-family: var(--awb-text-font-family); font-size: var(--awb-font-size); font-style: var(--awb-text-font-style); font-weight: var(--awb-text-font-weight); letter-spacing: var(--awb-letter-spacing); text-align: var(--awb-content-alignment); text-transform: var(--awb-text-transform); background-color: var(--awb-bg-color);\">Einlass 19.30 Uhr in Muddy&#8217;s Club<\/span><\/p>\n<\/div><div class=\"fusion-text fusion-text-3\"><h5>Eintritt<\/h5>\n<p>Normal: 24 \u20ac<br \/>\n<span style=\"color: var(--awb-text-color); font-family: var(--awb-text-font-family); font-size: var(--awb-font-size); font-style: var(--awb-text-font-style); letter-spacing: var(--awb-letter-spacing); text-align: var(--awb-content-alignment); text-transform: var(--awb-text-transform); background-color: var(--awb-bg-color);\">Erm\u00e4ssigt: 20 \u20ac<br \/>\n<\/span>Mitglieder: 18 \u20ac<br \/>\nSch\u00fcler: 12 \u20ac<\/p>\n<\/div><div class=\"fusion-separator fusion-full-width-sep\" style=\"align-self: center;margin-left: auto;margin-right: auto;margin-top:30px;margin-bottom:0px;width:100%;\"><\/div><div ><a class=\"fusion-button button-flat fusion-button-default-size button-custom fusion-button-default button-1 fusion-button-default-span fusion-button-default-type fusion-has-button-gradient\" style=\"--button_accent_color:var(--awb-color1);--button_accent_hover_color:var(--awb-color1);--button_border_hover_color:var(--awb-color1);--button_gradient_top_color:var(--awb-custom_color_1);--button_gradient_bottom_color:var(--awb-custom_color_1);--button_gradient_top_color_hover:var(--awb-custom_color_1);--button_gradient_bottom_color_hover:hsla(var(--awb-color5-h),calc(var(--awb-color5-s) - 5%),calc(var(--awb-color5-l) - 10%),var(--awb-color5-a));\" target=\"_self\" href=\"https:\/\/manage.muddys-club.net\/public\/reservation\/2023-10-23-milleranderson\"><span class=\"fusion-button-text awb-button__text awb-button__text--default\">Karten Reservieren<\/span><\/a><\/div><\/div><\/div><div class=\"fusion-layout-column fusion_builder_column fusion-builder-column-2 fusion_builder_column_4_5 4_5 fusion-flex-column\" style=\"--awb-bg-size:cover;--awb-width-large:80%;--awb-margin-top-large:0px;--awb-spacing-right-large:2.4%;--awb-margin-bottom-large:20px;--awb-spacing-left-large:2.4%;--awb-width-medium:80%;--awb-order-medium:0;--awb-spacing-right-medium:2.4%;--awb-spacing-left-medium:2.4%;--awb-width-small:100%;--awb-order-small:0;--awb-spacing-right-small:1.92%;--awb-spacing-left-small:1.92%;\"><div class=\"fusion-column-wrapper fusion-column-has-shadow fusion-flex-justify-content-flex-start fusion-content-layout-column\"><div class=\"fusion-text fusion-text-4\"><p class=\"p1\"><b>\u201cThe Time Is Now\u201c Tour !<\/b><\/p>\n<p class=\"p2\">\u201eNachdem Corona bedingt ein Konzert lange nicht stattfinden konnte, gibt die Miller Anderson Band jetzt am Montag, den 23. Oktober 2023 das lange \u00fcberf\u00e4llige Wiederholungskonzert bei uns im Muddy\u2019s Club.<\/p>\n<p class=\"p2\">Miller Anderson ist der Gitarrist, der schon seit den 60ern mit allen Top Bands spielte.<span class=\"Apple-converted-space\">\u00a0 <\/span>Er kam 1965 von Schottland nach London und spielte mit Freddy \u201cFingers\u201d Lee und dem sp\u00e4teren \u201cMott the Hoople\u201d Frontman Ian Hunter zusammen in einer Band. 1968 wurde er Mitglied der \u201cKeef Hartley Band\u201d, mit dem er 5 Alben als Hauptsongwriter, Gitarrist and Leads\u00e4nger aufnahm. Die Band trat 1969 bei dem legend\u00e4ren Woodstock-Festival auf, doch leider verweigerte das damalige Management die Filmaufnahmen.<\/p>\n<p class=\"p2\"><span class=\"s1\"><br \/>\n<\/span>Miller war ebenso Mitglied bei Savoy Brown, Chicken Shack und Mountain. Er tourte als Gastmusiker mit Deep Purple und ist auf deren Live CD\/DCD zu sehen, die 1999 in der Royal Albert Hall mitgeschnitten wurde, ebenso arbeitete er is zu dessen Tod mit Jon Lord im Studio und auf der B\u00fchne. Bis zum Tod von Spencer Davis war Miller \u00fcber 25 Jahre Mitglied der Spencer Davis Group. Von 2012 bis 2015 spielte Miller als st\u00e4ndiger Gastgitarrist und S\u00e4nger in der Hamburg Bluesband. Jetzt ist er zur Freude seiner zahlreichen Fans mit seiner eigenen hei\u00dfgeliebten Miller Anderson Band nach den coronabedingt ausgefallenen Konzerten 2020 und 21 wieder dieses Jahr bei uns in Deutschland f\u00fcr ein paar<span class=\"Apple-converted-space\">\u00a0 <\/span>Konzerte mit dem lange erwarteten neuen Studio-Album (CD und LP) !<\/p>\n<p class=\"p4\"><span class=\"s1\"><br \/>\n<\/span>Sein pr\u00e4gnanter Stil macht Miller zu einem der gro\u00dfen Gitarristen des Bluesrock. Vor allem die versierte Slide-Arbeit und der kraftvolle, nie effektheischende Einsatz von Wah-Wah-Solos haben den Ruf des Woodstock-Veteranen und Jimi Hendrix-Verehrers als herausragenden Saitenvirtuosen zementiert. Nicht zu vergessen Millers ausdrucksvoller Gesang, einfach nur extraklasse ! Seine Band ist laut Miller:<\/p>\n<p class=\"p5\">\u201e Die beste Miller Anderson Band, die es je gegeben hat \u201c !<\/p>\n<p class=\"p6\"><span class=\"s2\">line up:<\/span><\/p>\n<p class=\"p6\"><b>Miller Anderson<\/b> \u2013 guitar, harmonica <span class=\"s3\">&amp;<\/span> vocals <span class=\"Apple-converted-space\">\u00a0 <\/span>; <span class=\"Apple-converted-space\">\u00a0 <\/span><b>Janni Schmidt<\/b> <span class=\"Apple-converted-space\">\u00a0 <\/span>\u2013 bass <span class=\"s4\">&amp;<\/span> backing vocals<\/p>\n<p class=\"p6\"><b>Tommy Fischer<\/b> \u2013 drums ; <b>Frank Tischer<\/b> \u2013 keyboards &amp; vocals<\/p>\n<p class=\"p8\">Miller Anderson war\/ist Gitarrist, S\u00e4nger, Songwriter von:<br \/>\nThe Royal Crests, Keef Hartley Band, Hemlock, Savoy Brown, Blood Sweat &amp; Tears, T-Rex, Donovan, Chicken Shack, Mountain, Jon Lord &amp; the Gemini Band, The Spencer Davis Group, Deep Purple, Roger Chapman &amp; the Shortlist, Hamburg Blues Band, \u2026<\/p>\n<p class=\"p8\"><b>Facebook:<\/b> https:\/\/www.facebook.com\/pg\/millerandersonband\/about<\/p>\n<h2>Support f\u00fcr Miller Anderson: Sound on Purpose<\/h2>\n<p class=\"p1\"><i>Sound on Purpose (SoP) ist ein deutsches Keyboard-Rock-Duo, welches die Stile der \u201eBerliner <\/i><i>Schule\u201c und \u201eRock\u201c in sich vereint. Das Duo besteht aus dem Keyboarder Frank Tischer (Miller <\/i><i>Anderson Band, Spencer Davis Group, special guest for Arthur Brown &amp; HBB) und dem <\/i><i>Schlagzeuger Tommy Fischer (Miller Anderson Band, Thomas Blug).<\/i><\/p>\n<p class=\"p1\"><i>Ihre Musik ist instrumental, l\u00e4\u00dft viel Raum zum Toben, Tanzen, tr\u00e4umen. Ihr Sound wird <\/i><i>haupts\u00e4chlich durch rockige Epianos und Orgel, space-ige Sounds und das treibende Schlagzeug <\/i><i>getragen.<\/i><\/p>\n<p class=\"p1\"><i>In den 60er\/70er Jahren, wo auch der Spirit Ihrer Musik liegt, war es durchaus u\u0308blich, keinen <\/i><i>Bassisten auf der Bu\u0308hne zu haben. Statt dessen kam der Bass von dem Keyboarder an der Orgel und <\/i><i>per Fuss. Bei SoP kommt er vom Sequencer.<\/i><\/p>\n<p class=\"p1\"><i>Rechtzeitig zur Tour ist ihr Debut Album \u201eCosmic Tales\u201c auf CD und Vinyl erscheinen.<\/i><\/p>\n<p class=\"p1\"><i>Mitglieder:<\/i><\/p>\n<p class=\"p1\"><i>Frank Tischer \u2013 Keyboard und Elektronik<\/i><\/p>\n<p class=\"p1\"><i>Tommy Fischer \u2013 Schlagzeug<\/i><\/p>\n<p class=\"p1\"><i>Kontakt\/Info: www.frank-tischer.de\/sound-on-purpose\/<\/i><\/p>\n<\/div><\/div><\/div><div class=\"fusion-layout-column fusion_builder_column fusion-builder-column-3 fusion_builder_column_1_1 1_1 fusion-flex-column\" style=\"--awb-bg-size:cover;--awb-width-large:100%;--awb-margin-top-large:0px;--awb-spacing-right-large:1.92%;--awb-margin-bottom-large:20px;--awb-spacing-left-large:1.92%;--awb-width-medium:100%;--awb-order-medium:0;--awb-spacing-right-medium:1.92%;--awb-spacing-left-medium:1.92%;--awb-width-small:100%;--awb-order-small:0;--awb-spacing-right-small:1.92%;--awb-spacing-left-small:1.92%;\"><div class=\"fusion-column-wrapper fusion-column-has-shadow fusion-flex-justify-content-flex-start fusion-content-layout-column\"><div class=\"fusion-separator fusion-full-width-sep\" style=\"align-self: center;margin-left: auto;margin-right: auto;margin-top:15px;margin-bottom:15px;width:100%;\"><div class=\"fusion-separator-border sep-single sep-solid\" style=\"--awb-height:20px;--awb-amount:20px;border-color:var(--awb-color3);border-top-width:1px;\"><\/div><\/div><div class=\"fusion-video fusion-youtube\" style=\"--awb-max-width:750px;--awb-max-height:422px;--awb-margin-top:20px;\"><div class=\"video-shortcode\"><div class=\"fluid-width-video-wrapper\" style=\"padding-top:56.27%;\" ><iframe title=\"YouTube video player 1\" src=\"https:\/\/www.youtube.com\/embed\/Db5kDGypkdw?wmode=transparent&autoplay=0\" width=\"750\" height=\"422\" allowfullscreen allow=\"autoplay; clipboard-write; encrypted-media; gyroscope; picture-in-picture;\"><\/iframe><\/div><\/div><\/div><div class=\"fusion-video fusion-youtube\" style=\"--awb-max-width:750px;--awb-max-height:422px;--awb-margin-top:20px;\"><div class=\"video-shortcode\"><div class=\"fluid-width-video-wrapper\" style=\"padding-top:56.27%;\" ><iframe title=\"YouTube video player 2\" src=\"https:\/\/www.youtube.com\/embed\/I91fho_p0D0?wmode=transparent&autoplay=0\" width=\"750\" height=\"422\" allowfullscreen allow=\"autoplay; clipboard-write; encrypted-media; gyroscope; picture-in-picture;\"><\/iframe><\/div><\/div><\/div><\/div><\/div><\/div><\/div>\n","protected":false},"excerpt":{"rendered":"","protected":false},"author":8,"featured_media":0,"parent":0,"menu_order":0,"comment_status":"closed","ping_status":"closed","template":"100-width.php","meta":{"_acf_changed":false,"footnotes":""},"class_list":["post-884","page","type-page","status-publish","hentry"],"acf":[],"_links":{"self":[{"href":"https:\/\/muddys-club.net\/index.php\/wp-json\/wp\/v2\/pages\/884","targetHints":{"allow":["GET"]}}],"collection":[{"href":"https:\/\/muddys-club.net\/index.php\/wp-json\/wp\/v2\/pages"}],"about":[{"href":"https:\/\/muddys-club.net\/index.php\/wp-json\/wp\/v2\/types\/page"}],"author":[{"embeddable":true,"href":"https:\/\/muddys-club.net\/index.php\/wp-json\/wp\/v2\/users\/8"}],"replies":[{"embeddable":true,"href":"https:\/\/muddys-club.net\/index.php\/wp-json\/wp\/v2\/comments?post=884"}],"version-history":[{"count":9,"href":"https:\/\/muddys-club.net\/index.php\/wp-json\/wp\/v2\/pages\/884\/revisions"}],"predecessor-version":[{"id":1200,"href":"https:\/\/muddys-club.net\/index.php\/wp-json\/wp\/v2\/pages\/884\/revisions\/1200"}],"wp:attachment":[{"href":"https:\/\/muddys-club.net\/index.php\/wp-json\/wp\/v2\/media?parent=884"}],"curies":[{"name":"wp","href":"https:\/\/api.w.org\/{rel}","templated":true}]}}