{"id":866,"date":"2023-07-26T12:43:10","date_gmt":"2023-07-26T10:43:10","guid":{"rendered":"https:\/\/muddys-club.net\/?page_id=866"},"modified":"2023-08-07T12:59:44","modified_gmt":"2023-08-07T10:59:44","slug":"2023-09-18-erja-lyytinen-band","status":"publish","type":"page","link":"https:\/\/muddys-club.net\/index.php\/2023-09-18-erja-lyytinen-band\/","title":{"rendered":"2023-09-18 Erja Lyytinen Band"},"content":{"rendered":"<div class=\"fusion-fullwidth fullwidth-box fusion-builder-row-1 fusion-flex-container has-pattern-background has-mask-background nonhundred-percent-fullwidth non-hundred-percent-height-scrolling\" style=\"--awb-border-radius-top-left:0px;--awb-border-radius-top-right:0px;--awb-border-radius-bottom-right:0px;--awb-border-radius-bottom-left:0px;--awb-flex-wrap:wrap;\" ><div class=\"fusion-builder-row fusion-row fusion-flex-align-items-flex-start fusion-flex-content-wrap\" style=\"max-width:1040px;margin-left: calc(-4% \/ 2 );margin-right: calc(-4% \/ 2 );\"><div class=\"fusion-layout-column fusion_builder_column fusion-builder-column-0 fusion_builder_column_2_3 2_3 fusion-flex-column\" style=\"--awb-bg-size:cover;--awb-width-large:66.666666666667%;--awb-margin-top-large:0px;--awb-spacing-right-large:2.88%;--awb-margin-bottom-large:20px;--awb-spacing-left-large:2.88%;--awb-width-medium:66.666666666667%;--awb-order-medium:0;--awb-spacing-right-medium:2.88%;--awb-spacing-left-medium:2.88%;--awb-width-small:100%;--awb-order-small:0;--awb-spacing-right-small:1.92%;--awb-spacing-left-small:1.92%;\"><div class=\"fusion-column-wrapper fusion-column-has-shadow fusion-flex-justify-content-flex-start fusion-content-layout-column\"><div class=\"fusion-image-element \" style=\"--awb-caption-title-font-family:var(--h2_typography-font-family);--awb-caption-title-font-weight:var(--h2_typography-font-weight);--awb-caption-title-font-style:var(--h2_typography-font-style);--awb-caption-title-size:var(--h2_typography-font-size);--awb-caption-title-transform:var(--h2_typography-text-transform);--awb-caption-title-line-height:var(--h2_typography-line-height);--awb-caption-title-letter-spacing:var(--h2_typography-letter-spacing);\"><span class=\" fusion-imageframe imageframe-none imageframe-1 hover-type-none\"><img decoding=\"async\" width=\"1024\" height=\"683\" title=\"Erja Lyytinen (Foto Dirk Eidner) HP\" src=\"https:\/\/muddys-club.net\/wp-content\/uploads\/2023\/07\/Erja-Lyytinen-Foto-Dirk-Eidner-HP.jpg\" alt class=\"img-responsive wp-image-869\" srcset=\"https:\/\/muddys-club.net\/wp-content\/uploads\/2023\/07\/Erja-Lyytinen-Foto-Dirk-Eidner-HP-200x133.jpg 200w, https:\/\/muddys-club.net\/wp-content\/uploads\/2023\/07\/Erja-Lyytinen-Foto-Dirk-Eidner-HP-400x267.jpg 400w, https:\/\/muddys-club.net\/wp-content\/uploads\/2023\/07\/Erja-Lyytinen-Foto-Dirk-Eidner-HP-600x400.jpg 600w, https:\/\/muddys-club.net\/wp-content\/uploads\/2023\/07\/Erja-Lyytinen-Foto-Dirk-Eidner-HP-800x534.jpg 800w, https:\/\/muddys-club.net\/wp-content\/uploads\/2023\/07\/Erja-Lyytinen-Foto-Dirk-Eidner-HP.jpg 1024w\" sizes=\"(max-width: 640px) 100vw, 800px\" \/><\/span><\/div><\/div><\/div><div class=\"fusion-layout-column fusion_builder_column fusion-builder-column-1 fusion_builder_column_1_3 1_3 fusion-flex-column\" style=\"--awb-bg-size:cover;--awb-width-large:33.333333333333%;--awb-margin-top-large:0px;--awb-spacing-right-large:5.76%;--awb-margin-bottom-large:20px;--awb-spacing-left-large:5.76%;--awb-width-medium:33.333333333333%;--awb-order-medium:0;--awb-spacing-right-medium:5.76%;--awb-spacing-left-medium:5.76%;--awb-width-small:100%;--awb-order-small:0;--awb-spacing-right-small:1.92%;--awb-spacing-left-small:1.92%;\"><div class=\"fusion-column-wrapper fusion-column-has-shadow fusion-flex-justify-content-flex-start fusion-content-layout-column\"><div class=\"fusion-text fusion-text-1\"><h1>Erja Lyytinen Band<\/h1>\n<\/div><div class=\"fusion-text fusion-text-2\"><h2>Montag 18. September 2023<\/h2>\n<h5>Konzertbeginn 20.30 Uhr<\/h5>\n<p><span style=\"color: var(--awb-text-color); font-family: var(--awb-text-font-family); font-size: var(--awb-font-size); font-style: var(--awb-text-font-style); font-weight: var(--awb-text-font-weight); letter-spacing: var(--awb-letter-spacing); text-align: var(--awb-content-alignment); text-transform: var(--awb-text-transform); background-color: var(--awb-bg-color);\">Einlass 19.30 Uhr in Muddy&#8217;s Club<\/span><\/p>\n<\/div><div class=\"fusion-text fusion-text-3\"><h5>Eintritt<\/h5>\n<p>Normal: 24 \u20ac<br \/>\n<span style=\"color: var(--awb-text-color); font-family: var(--awb-text-font-family); font-size: var(--awb-font-size); font-style: var(--awb-text-font-style); letter-spacing: var(--awb-letter-spacing); text-align: var(--awb-content-alignment); text-transform: var(--awb-text-transform); background-color: var(--awb-bg-color);\">Erm\u00e4ssigt: 20 \u20ac<br \/>\n<\/span>Mitglieder: 18 \u20ac<br \/>\nSch\u00fcler: 12 \u20ac<\/p>\n<\/div><div class=\"fusion-separator fusion-full-width-sep\" style=\"align-self: center;margin-left: auto;margin-right: auto;margin-top:30px;margin-bottom:0px;width:100%;\"><\/div><div ><a class=\"fusion-button button-flat fusion-button-default-size button-custom fusion-button-default button-1 fusion-button-default-span fusion-button-default-type fusion-has-button-gradient\" style=\"--button_accent_color:var(--awb-color1);--button_accent_hover_color:var(--awb-color1);--button_border_hover_color:var(--awb-color1);--button_gradient_top_color:var(--awb-custom_color_1);--button_gradient_bottom_color:var(--awb-custom_color_1);--button_gradient_top_color_hover:var(--awb-custom_color_1);--button_gradient_bottom_color_hover:hsla(var(--awb-color5-h),calc(var(--awb-color5-s) - 5%),calc(var(--awb-color5-l) - 10%),var(--awb-color5-a));\" target=\"_self\" href=\"https:\/\/manage.muddys-club.net\/public\/reservation\/2023-09-18-erjalyytinnenband\"><span class=\"fusion-button-text awb-button__text awb-button__text--default\">Karten Reservieren<\/span><\/a><\/div><\/div><\/div><div class=\"fusion-layout-column fusion_builder_column fusion-builder-column-2 fusion_builder_column_4_5 4_5 fusion-flex-column\" style=\"--awb-bg-size:cover;--awb-width-large:80%;--awb-margin-top-large:0px;--awb-spacing-right-large:2.4%;--awb-margin-bottom-large:20px;--awb-spacing-left-large:2.4%;--awb-width-medium:80%;--awb-order-medium:0;--awb-spacing-right-medium:2.4%;--awb-spacing-left-medium:2.4%;--awb-width-small:100%;--awb-order-small:0;--awb-spacing-right-small:1.92%;--awb-spacing-left-small:1.92%;\"><div class=\"fusion-column-wrapper fusion-column-has-shadow fusion-flex-justify-content-flex-start fusion-content-layout-column\"><div class=\"fusion-text fusion-text-4\"><p>Erja Lyytinen ist eine der f\u00fchrenden Blues-Rock-Gitarristinnen auf dem internationalen Tournee-Parkett. In ihrer 19-j\u00e4hrigen Karriere hat die hochbegabte Finnin zw\u00f6lf Studioalben und mehrere Live-Alben ver\u00f6ffentlicht. Lyytinens musikalische Palette ist breit gef\u00e4chert und umfasst das Beste, was der zeitgen\u00f6ssische Blues-Rock zu bieten hat, w\u00e4hrend sie gleichzeitig von den Blues-Gr\u00f6\u00dfen vergangener Zeiten inspiriert und beeinflusst ist. Das letzte Studioalbum der K\u00fcnstlerin, Waiting for the Daylight, wurde 2022 ver\u00f6ffentlicht und erreichte Platz 3 der finnischen Official Physical Album Charts und Platz 14 der IBBA October Charts in Gro\u00dfbritannien. Die erste Singleauskopplung aus Erjas neuestem Studioalbum, Bad Seed, wurde vom Classic Rock Magazine zum 13. besten Rocksong des Jahres gew\u00e4hlt. Au\u00dferdem erreichte Lyytinens Gitarrensolo aus &#8220;Bad Seed&#8221; den 10. Platz in der Leserwahl von Guitar World&#8217;s Best guitar solo of 2022. Lyytinen wurde f\u00fcr ihre Arbeit von ihren Fans, Kollegen und der Branche gleicherma\u00dfen mit einer F\u00fclle von Auszeichnungen bedacht. So wurde sie unter anderem auf Platz 2 der &#8220;10 Best Guitarists Now&#8221;-Wahl des Total Guitar Magazine gew\u00e4hlt und bei den European Blues Awards 2017 als &#8220;Best Guitarist&#8221; ausgezeichnet. Erja schrieb Geschichte, als sie als erste finnische K\u00fcnstlerin bei den kanadischen Maple Blues Awards in der Kategorie &#8220;B.B. King International Artist of the Year&#8221; nominiert wurde. Am 6. Dezember 2022 &#8211; dem finnischen Unabh\u00e4ngigkeitstag &#8211; wurde die K\u00f6nigin der Slide-Gitarre herzlich in das Pr\u00e4sidentenschloss eingeladen. Ein Ereignis, das ein wunderbares Jahr geb\u00fchrend abrundete. In der ersten H\u00e4lfte des Jahres 2023 ver\u00f6ffentlichte Erja Lyytinen den neuesten Teil ihrer Gitarrenlehrbuchreihe. In der Folge wird Lyytinens neuestes Konzertalbum Diamonds on the Road &#8211; Live 2023 am 6. Oktober 2023 erscheinen. Der volle Tourneeplan der K\u00fcnstlerin sieht vor, dass Erja Lyytinen im Jahr 2023 auf mehreren Kontinenten auftritt und auch ihre ersten Konzerte in Gro\u00dfbritannien seit der Pandemie absolviert. F\u00fcr weitere Informationen besuchen Sie bitte https:\/\/erjalyytinen.com\/.<br \/>\nH\u00f6ren Sie &#8220;Bad Seed&#8221; hier!<\/p>\n<\/div><\/div><\/div><div class=\"fusion-layout-column fusion_builder_column fusion-builder-column-3 fusion_builder_column_1_1 1_1 fusion-flex-column\" style=\"--awb-bg-size:cover;--awb-width-large:100%;--awb-margin-top-large:0px;--awb-spacing-right-large:1.92%;--awb-margin-bottom-large:20px;--awb-spacing-left-large:1.92%;--awb-width-medium:100%;--awb-order-medium:0;--awb-spacing-right-medium:1.92%;--awb-spacing-left-medium:1.92%;--awb-width-small:100%;--awb-order-small:0;--awb-spacing-right-small:1.92%;--awb-spacing-left-small:1.92%;\"><div class=\"fusion-column-wrapper fusion-column-has-shadow fusion-flex-justify-content-flex-start fusion-content-layout-column\"><div class=\"fusion-separator fusion-full-width-sep\" style=\"align-self: center;margin-left: auto;margin-right: auto;margin-top:15px;margin-bottom:15px;width:100%;\"><div class=\"fusion-separator-border sep-single sep-solid\" style=\"--awb-height:20px;--awb-amount:20px;border-color:var(--awb-color3);border-top-width:1px;\"><\/div><\/div><\/div><\/div><\/div><\/div>\n","protected":false},"excerpt":{"rendered":"","protected":false},"author":8,"featured_media":0,"parent":0,"menu_order":0,"comment_status":"closed","ping_status":"closed","template":"100-width.php","meta":{"_acf_changed":false,"footnotes":""},"class_list":["post-866","page","type-page","status-publish","hentry"],"acf":[],"_links":{"self":[{"href":"https:\/\/muddys-club.net\/index.php\/wp-json\/wp\/v2\/pages\/866","targetHints":{"allow":["GET"]}}],"collection":[{"href":"https:\/\/muddys-club.net\/index.php\/wp-json\/wp\/v2\/pages"}],"about":[{"href":"https:\/\/muddys-club.net\/index.php\/wp-json\/wp\/v2\/types\/page"}],"author":[{"embeddable":true,"href":"https:\/\/muddys-club.net\/index.php\/wp-json\/wp\/v2\/users\/8"}],"replies":[{"embeddable":true,"href":"https:\/\/muddys-club.net\/index.php\/wp-json\/wp\/v2\/comments?post=866"}],"version-history":[{"count":4,"href":"https:\/\/muddys-club.net\/index.php\/wp-json\/wp\/v2\/pages\/866\/revisions"}],"predecessor-version":[{"id":1118,"href":"https:\/\/muddys-club.net\/index.php\/wp-json\/wp\/v2\/pages\/866\/revisions\/1118"}],"wp:attachment":[{"href":"https:\/\/muddys-club.net\/index.php\/wp-json\/wp\/v2\/media?parent=866"}],"curies":[{"name":"wp","href":"https:\/\/api.w.org\/{rel}","templated":true}]}}