{"id":810,"date":"2023-06-04T11:12:26","date_gmt":"2023-06-04T09:12:26","guid":{"rendered":"https:\/\/muddys-club.net\/?page_id=810"},"modified":"2023-07-25T16:15:54","modified_gmt":"2023-07-25T14:15:54","slug":"2023-07-29-open-air","status":"publish","type":"page","link":"https:\/\/muddys-club.net\/index.php\/2023-07-29-open-air\/","title":{"rendered":"2023-07-29 Open Air"},"content":{"rendered":"<div class=\"fusion-fullwidth fullwidth-box fusion-builder-row-1 fusion-flex-container has-pattern-background has-mask-background nonhundred-percent-fullwidth non-hundred-percent-height-scrolling\" style=\"--awb-border-radius-top-left:0px;--awb-border-radius-top-right:0px;--awb-border-radius-bottom-right:0px;--awb-border-radius-bottom-left:0px;--awb-flex-wrap:wrap;\" ><div class=\"fusion-builder-row fusion-row fusion-flex-align-items-flex-start fusion-flex-content-wrap\" style=\"max-width:1040px;margin-left: calc(-4% \/ 2 );margin-right: calc(-4% \/ 2 );\"><div class=\"fusion-layout-column fusion_builder_column fusion-builder-column-0 fusion_builder_column_2_3 2_3 fusion-flex-column\" style=\"--awb-bg-size:cover;--awb-width-large:66.666666666667%;--awb-margin-top-large:0px;--awb-spacing-right-large:2.88%;--awb-margin-bottom-large:20px;--awb-spacing-left-large:2.88%;--awb-width-medium:66.666666666667%;--awb-order-medium:0;--awb-spacing-right-medium:2.88%;--awb-spacing-left-medium:2.88%;--awb-width-small:100%;--awb-order-small:0;--awb-spacing-right-small:1.92%;--awb-spacing-left-small:1.92%;\"><div class=\"fusion-column-wrapper fusion-column-has-shadow fusion-flex-justify-content-flex-start fusion-content-layout-column\"><div class=\"fusion-image-element \" style=\"--awb-caption-title-font-family:var(--h2_typography-font-family);--awb-caption-title-font-weight:var(--h2_typography-font-weight);--awb-caption-title-font-style:var(--h2_typography-font-style);--awb-caption-title-size:var(--h2_typography-font-size);--awb-caption-title-transform:var(--h2_typography-text-transform);--awb-caption-title-line-height:var(--h2_typography-line-height);--awb-caption-title-letter-spacing:var(--h2_typography-letter-spacing);\"><span class=\" fusion-imageframe imageframe-none imageframe-1 hover-type-none\"><img decoding=\"async\" width=\"2182\" height=\"1920\" title=\"AynsleyLister_CAlexandreCoesnon-cut\" src=\"https:\/\/muddys-club.net\/wp-content\/uploads\/2023\/06\/AynsleyLister_CAlexandreCoesnon-cut.jpg\" alt class=\"img-responsive wp-image-817\" srcset=\"https:\/\/muddys-club.net\/wp-content\/uploads\/2023\/06\/AynsleyLister_CAlexandreCoesnon-cut-200x176.jpg 200w, https:\/\/muddys-club.net\/wp-content\/uploads\/2023\/06\/AynsleyLister_CAlexandreCoesnon-cut-400x352.jpg 400w, https:\/\/muddys-club.net\/wp-content\/uploads\/2023\/06\/AynsleyLister_CAlexandreCoesnon-cut-600x528.jpg 600w, https:\/\/muddys-club.net\/wp-content\/uploads\/2023\/06\/AynsleyLister_CAlexandreCoesnon-cut-800x704.jpg 800w, https:\/\/muddys-club.net\/wp-content\/uploads\/2023\/06\/AynsleyLister_CAlexandreCoesnon-cut-1200x1056.jpg 1200w, https:\/\/muddys-club.net\/wp-content\/uploads\/2023\/06\/AynsleyLister_CAlexandreCoesnon-cut.jpg 2182w\" sizes=\"(max-width: 640px) 100vw, 800px\" \/><\/span><\/div><\/div><\/div><div class=\"fusion-layout-column fusion_builder_column fusion-builder-column-1 fusion_builder_column_1_3 1_3 fusion-flex-column\" style=\"--awb-bg-size:cover;--awb-width-large:33.333333333333%;--awb-margin-top-large:0px;--awb-spacing-right-large:5.76%;--awb-margin-bottom-large:20px;--awb-spacing-left-large:5.76%;--awb-width-medium:33.333333333333%;--awb-order-medium:0;--awb-spacing-right-medium:5.76%;--awb-spacing-left-medium:5.76%;--awb-width-small:100%;--awb-order-small:0;--awb-spacing-right-small:1.92%;--awb-spacing-left-small:1.92%;\"><div class=\"fusion-column-wrapper fusion-column-has-shadow fusion-flex-justify-content-flex-start fusion-content-layout-column\"><div class=\"fusion-text fusion-text-1\"><h2>Muddy&#8217;s Open Air<\/h2>\n<h1>Aynsley Lister<\/h1>\n<h2>Muddy&#8217;s All Stars<\/h2>\n<\/div><div class=\"fusion-text fusion-text-2\"><h2>Samstag 29. Juli 2023<\/h2>\n<h5>Konzertbeginn 19.00 Uhr<\/h5>\n<p><span style=\"color: var(--awb-text-color); font-family: var(--awb-text-font-family); font-size: var(--awb-font-size); font-style: var(--awb-text-font-style); font-weight: var(--awb-text-font-weight); letter-spacing: var(--awb-letter-spacing); text-align: var(--awb-content-alignment); text-transform: var(--awb-text-transform); background-color: var(--awb-bg-color);\">Einlass 18.00 Uhr<br \/>\nim Schlosshof Weinheim<\/span><\/p>\n<\/div><div class=\"fusion-text fusion-text-3\"><h5>Eintritt<\/h5>\n<p>26 \u20ac<\/p>\n<\/div><div class=\"fusion-separator fusion-full-width-sep\" style=\"align-self: center;margin-left: auto;margin-right: auto;margin-top:30px;margin-bottom:0px;width:100%;\"><\/div><div ><a class=\"fusion-button button-flat fusion-button-default-size button-custom fusion-button-default button-1 fusion-button-default-span fusion-button-default-type fusion-has-button-gradient\" style=\"--button_accent_color:var(--awb-color1);--button_accent_hover_color:var(--awb-color1);--button_border_hover_color:var(--awb-color1);--button_gradient_top_color:var(--awb-custom_color_1);--button_gradient_bottom_color:var(--awb-custom_color_1);--button_gradient_top_color_hover:var(--awb-custom_color_1);--button_gradient_bottom_color_hover:hsla(var(--awb-color5-h),calc(var(--awb-color5-s) - 5%),calc(var(--awb-color5-l) - 10%),var(--awb-color5-a));\" target=\"_self\" href=\"https:\/\/manage.muddys-club.net\/public\/reservation\/2023-07-29-openair-aynsleylister\"><span class=\"fusion-button-text awb-button__text awb-button__text--default\">Karten Reservieren<\/span><\/a><\/div><\/div><\/div><div class=\"fusion-layout-column fusion_builder_column fusion-builder-column-2 fusion_builder_column_4_5 4_5 fusion-flex-column\" style=\"--awb-bg-size:cover;--awb-width-large:80%;--awb-margin-top-large:0px;--awb-spacing-right-large:2.4%;--awb-margin-bottom-large:20px;--awb-spacing-left-large:2.4%;--awb-width-medium:80%;--awb-order-medium:0;--awb-spacing-right-medium:2.4%;--awb-spacing-left-medium:2.4%;--awb-width-small:100%;--awb-order-small:0;--awb-spacing-right-small:1.92%;--awb-spacing-left-small:1.92%;\"><div class=\"fusion-column-wrapper fusion-column-has-shadow fusion-flex-justify-content-flex-start fusion-content-layout-column\"><div class=\"fusion-text fusion-text-4\"><p>Nach der legend\u00e4ren Bluesnight 2015 kommt Aynsley Lister zur\u00fcck nach Weinheim zum Muddy&#8217;s Open Air.<\/p>\n<p>Aynsley Lister steht seit \u00fcber zwei Jahrzehnten an der Spitze der Blues-Szene und gilt heute als einer der aufregendsten zeitgen\u00f6ssischen Blues-Gitarristen. Er ist nicht nur f\u00fcr sein au\u00dfergew\u00f6hnliches Gitarrenspiel bekannt, sondern auch ein hochgesch\u00e4tzter Songwriter, dessen Leidenschaft f\u00fcr Musik genre\u00fcbergreifend ist und m\u00fchelos Blues-, Soul-, Americana-, Rock- und manchmal sogar Popelemente kombiniert.<\/p>\n<p>Aynsley pr\u00e4sentiert sein neues Studioalbum \u201eAlong For The Ride\u201c, das am 11. November 2022 \u00fcber sein eigenes Label Straight Talkin\u2018 Records ver\u00f6ffentlicht wurde, das er zusammen mit seiner Frau Stephanie gegr\u00fcndet hat. Die neue Ver\u00f6ffentlichung bietet 13 Songs \u2013 Geschichten aus dem Alltag \u00fcber Beziehungen, Verlust, Gef\u00fchle und das Leben selbst in all seinen Facetten, eingebettet in eing\u00e4ngige Melodien, rockige Riffs, virtuose Gitarrensoli und eine energiegeladene Mischung aus modernen Elementen und traditionellem Blues.<\/p>\n<p>Aynsley Lister wird seine Band durch ein sensationelles Set f\u00fchren und Songs aus der hochgelobten Neuerscheinung aber auch von den Fans geliebte St\u00fccke seiner bisherigen Karriere spielen.<\/p>\n<h2>Muddy&#8217;s All Stars &#8211; Tribute to Norbert<\/h2>\n<p>Bevor Aynsley Lister die B\u00fchne betritt wird eine Formation aus dem Muddy&#8217;s Club besonders verbundenen K\u00fcnstlern zu Ehren des k\u00fcrzlich verstorbenen 1. Vorsitzenden des Muddy&#8217;s Club, Norbert Jahn, den Abend er\u00f6ffnen.<\/p>\n<p>Es gelten beim Summertime Open Air keine Geburtstagsgutscheine und Stempelkarten.<\/p>\n<\/div><\/div><\/div><div class=\"fusion-layout-column fusion_builder_column fusion-builder-column-3 fusion_builder_column_1_1 1_1 fusion-flex-column\" style=\"--awb-bg-size:cover;--awb-width-large:100%;--awb-margin-top-large:0px;--awb-spacing-right-large:1.92%;--awb-margin-bottom-large:20px;--awb-spacing-left-large:1.92%;--awb-width-medium:100%;--awb-order-medium:0;--awb-spacing-right-medium:1.92%;--awb-spacing-left-medium:1.92%;--awb-width-small:100%;--awb-order-small:0;--awb-spacing-right-small:1.92%;--awb-spacing-left-small:1.92%;\"><div class=\"fusion-column-wrapper fusion-column-has-shadow fusion-flex-justify-content-flex-start fusion-content-layout-column\"><div class=\"fusion-separator fusion-full-width-sep\" style=\"align-self: center;margin-left: auto;margin-right: auto;margin-top:15px;margin-bottom:15px;width:100%;\"><div class=\"fusion-separator-border sep-single sep-solid\" style=\"--awb-height:20px;--awb-amount:20px;border-color:var(--awb-color3);border-top-width:1px;\"><\/div><\/div><div class=\"fusion-video fusion-youtube\" style=\"--awb-max-width:750px;--awb-max-height:422px;--awb-margin-top:50px;\"><div class=\"video-shortcode\"><div class=\"fluid-width-video-wrapper\" style=\"padding-top:56.27%;\" ><iframe title=\"YouTube video player 1\" src=\"https:\/\/www.youtube.com\/embed\/TnlxishybOM?wmode=transparent&autoplay=0\" width=\"750\" height=\"422\" allowfullscreen allow=\"autoplay; clipboard-write; encrypted-media; gyroscope; picture-in-picture;\"><\/iframe><\/div><\/div><\/div><div class=\"fusion-video fusion-youtube\" style=\"--awb-max-width:750px;--awb-max-height:422px;--awb-margin-top:50px;\"><div class=\"video-shortcode\"><div class=\"fluid-width-video-wrapper\" style=\"padding-top:56.27%;\" ><iframe title=\"YouTube video player 2\" src=\"https:\/\/www.youtube.com\/embed\/OcMeWcqfyOs?wmode=transparent&autoplay=0\" width=\"750\" height=\"422\" allowfullscreen allow=\"autoplay; clipboard-write; encrypted-media; gyroscope; picture-in-picture;\"><\/iframe><\/div><\/div><\/div><div class=\"fusion-video fusion-youtube\" style=\"--awb-max-width:750px;--awb-max-height:422px;--awb-margin-top:50px;\"><div class=\"video-shortcode\"><div class=\"fluid-width-video-wrapper\" style=\"padding-top:56.27%;\" ><iframe title=\"YouTube video player 3\" src=\"https:\/\/www.youtube.com\/embed\/AcJ41AzVwTg?wmode=transparent&autoplay=0\" width=\"750\" height=\"422\" allowfullscreen allow=\"autoplay; clipboard-write; encrypted-media; gyroscope; picture-in-picture;\"><\/iframe><\/div><\/div><\/div><\/div><\/div><\/div><\/div>\n","protected":false},"excerpt":{"rendered":"","protected":false},"author":8,"featured_media":0,"parent":0,"menu_order":0,"comment_status":"closed","ping_status":"closed","template":"100-width.php","meta":{"_acf_changed":false,"footnotes":""},"class_list":["post-810","page","type-page","status-publish","hentry"],"acf":[],"_links":{"self":[{"href":"https:\/\/muddys-club.net\/index.php\/wp-json\/wp\/v2\/pages\/810","targetHints":{"allow":["GET"]}}],"collection":[{"href":"https:\/\/muddys-club.net\/index.php\/wp-json\/wp\/v2\/pages"}],"about":[{"href":"https:\/\/muddys-club.net\/index.php\/wp-json\/wp\/v2\/types\/page"}],"author":[{"embeddable":true,"href":"https:\/\/muddys-club.net\/index.php\/wp-json\/wp\/v2\/users\/8"}],"replies":[{"embeddable":true,"href":"https:\/\/muddys-club.net\/index.php\/wp-json\/wp\/v2\/comments?post=810"}],"version-history":[{"count":19,"href":"https:\/\/muddys-club.net\/index.php\/wp-json\/wp\/v2\/pages\/810\/revisions"}],"predecessor-version":[{"id":855,"href":"https:\/\/muddys-club.net\/index.php\/wp-json\/wp\/v2\/pages\/810\/revisions\/855"}],"wp:attachment":[{"href":"https:\/\/muddys-club.net\/index.php\/wp-json\/wp\/v2\/media?parent=810"}],"curies":[{"name":"wp","href":"https:\/\/api.w.org\/{rel}","templated":true}]}}