{"id":697,"date":"2023-03-06T19:40:02","date_gmt":"2023-03-06T18:40:02","guid":{"rendered":"https:\/\/muddys-club.net\/?page_id=697"},"modified":"2023-03-21T14:07:41","modified_gmt":"2023-03-21T13:07:41","slug":"2023-05-05-kj-dallaway","status":"publish","type":"page","link":"https:\/\/muddys-club.net\/index.php\/2023-05-05-kj-dallaway\/","title":{"rendered":"2023-05-05 KJ Dallaway"},"content":{"rendered":"<div class=\"fusion-fullwidth fullwidth-box fusion-builder-row-1 fusion-flex-container has-pattern-background has-mask-background nonhundred-percent-fullwidth non-hundred-percent-height-scrolling\" style=\"--awb-border-radius-top-left:0px;--awb-border-radius-top-right:0px;--awb-border-radius-bottom-right:0px;--awb-border-radius-bottom-left:0px;--awb-flex-wrap:wrap;\" ><div class=\"fusion-builder-row fusion-row fusion-flex-align-items-flex-start fusion-flex-content-wrap\" style=\"max-width:1040px;margin-left: calc(-4% \/ 2 );margin-right: calc(-4% \/ 2 );\"><div class=\"fusion-layout-column fusion_builder_column fusion-builder-column-0 fusion_builder_column_2_3 2_3 fusion-flex-column\" style=\"--awb-bg-size:cover;--awb-width-large:66.666666666667%;--awb-margin-top-large:0px;--awb-spacing-right-large:2.88%;--awb-margin-bottom-large:20px;--awb-spacing-left-large:2.88%;--awb-width-medium:66.666666666667%;--awb-order-medium:0;--awb-spacing-right-medium:2.88%;--awb-spacing-left-medium:2.88%;--awb-width-small:100%;--awb-order-small:0;--awb-spacing-right-small:1.92%;--awb-spacing-left-small:1.92%;\"><div class=\"fusion-column-wrapper fusion-column-has-shadow fusion-flex-justify-content-flex-start fusion-content-layout-column\"><div class=\"fusion-image-element \" style=\"--awb-caption-title-font-family:var(--h2_typography-font-family);--awb-caption-title-font-weight:var(--h2_typography-font-weight);--awb-caption-title-font-style:var(--h2_typography-font-style);--awb-caption-title-size:var(--h2_typography-font-size);--awb-caption-title-transform:var(--h2_typography-text-transform);--awb-caption-title-line-height:var(--h2_typography-line-height);--awb-caption-title-letter-spacing:var(--h2_typography-letter-spacing);\"><span class=\" fusion-imageframe imageframe-none imageframe-1 hover-type-none\"><img decoding=\"async\" width=\"1000\" height=\"1000\" title=\"kjd_friends_2022\" src=\"https:\/\/muddys-club.net\/wp-content\/uploads\/2023\/03\/kjd_friends_2022.jpg\" alt class=\"img-responsive wp-image-696\" srcset=\"https:\/\/muddys-club.net\/wp-content\/uploads\/2023\/03\/kjd_friends_2022-200x200.jpg 200w, https:\/\/muddys-club.net\/wp-content\/uploads\/2023\/03\/kjd_friends_2022-400x400.jpg 400w, https:\/\/muddys-club.net\/wp-content\/uploads\/2023\/03\/kjd_friends_2022-600x600.jpg 600w, https:\/\/muddys-club.net\/wp-content\/uploads\/2023\/03\/kjd_friends_2022-800x800.jpg 800w, https:\/\/muddys-club.net\/wp-content\/uploads\/2023\/03\/kjd_friends_2022.jpg 1000w\" sizes=\"(max-width: 640px) 100vw, 800px\" \/><\/span><\/div><\/div><\/div><div class=\"fusion-layout-column fusion_builder_column fusion-builder-column-1 fusion_builder_column_1_3 1_3 fusion-flex-column\" style=\"--awb-bg-size:cover;--awb-width-large:33.333333333333%;--awb-margin-top-large:0px;--awb-spacing-right-large:5.76%;--awb-margin-bottom-large:20px;--awb-spacing-left-large:5.76%;--awb-width-medium:33.333333333333%;--awb-order-medium:0;--awb-spacing-right-medium:5.76%;--awb-spacing-left-medium:5.76%;--awb-width-small:100%;--awb-order-small:0;--awb-spacing-right-small:1.92%;--awb-spacing-left-small:1.92%;\"><div class=\"fusion-column-wrapper fusion-column-has-shadow fusion-flex-justify-content-flex-start fusion-content-layout-column\"><div class=\"fusion-text fusion-text-1\"><h1>KJ Dallaway and Friends<\/h1>\n<\/div><div class=\"fusion-text fusion-text-2\"><h2>Freitag 5. Mai 2023<\/h2>\n<h5>Konzertbeginn 20.30 Uhr<\/h5>\n<p><span style=\"color: var(--awb-text-color); font-family: var(--awb-text-font-family); font-size: var(--awb-font-size); font-style: var(--awb-text-font-style); font-weight: var(--awb-text-font-weight); letter-spacing: var(--awb-letter-spacing); text-align: var(--awb-content-alignment); text-transform: var(--awb-text-transform); background-color: var(--awb-bg-color);\">Einlass 19.30 Uhr in Muddy&#8217;s Club<\/span><\/p>\n<\/div><div class=\"fusion-text fusion-text-3\"><h5>Eintritt<\/h5>\n<p>Normal: 20 \u20ac<br \/>\n<span style=\"color: var(--awb-text-color); font-family: var(--awb-text-font-family); font-size: var(--awb-font-size); font-style: var(--awb-text-font-style); letter-spacing: var(--awb-letter-spacing); text-align: var(--awb-content-alignment); text-transform: var(--awb-text-transform); background-color: var(--awb-bg-color);\">Erm\u00e4ssigt: 18 \u20ac<br \/>\n<\/span>Mitglieder: 16 \u20ac<br \/>\nSch\u00fcler: 11 \u20ac<\/p>\n<\/div><div class=\"fusion-separator fusion-full-width-sep\" style=\"align-self: center;margin-left: auto;margin-right: auto;margin-top:30px;margin-bottom:0px;width:100%;\"><\/div><div ><a class=\"fusion-button button-flat fusion-button-default-size button-custom fusion-button-default button-1 fusion-button-default-span fusion-button-default-type fusion-has-button-gradient\" style=\"--button_accent_color:var(--awb-color1);--button_accent_hover_color:var(--awb-color1);--button_border_hover_color:var(--awb-color1);--button_gradient_top_color:var(--awb-custom_color_1);--button_gradient_bottom_color:var(--awb-custom_color_1);--button_gradient_top_color_hover:var(--awb-custom_color_1);--button_gradient_bottom_color_hover:hsla(var(--awb-color5-h),calc(var(--awb-color5-s) - 5%),calc(var(--awb-color5-l) - 10%),var(--awb-color5-a));\" target=\"_self\" href=\"https:\/\/manage.muddys-club.net\/public\/reservation\/2023-05-05-k.j.dallaway\"><span class=\"fusion-button-text awb-button__text awb-button__text--default\">Karten Reservieren<\/span><\/a><\/div><\/div><\/div><div class=\"fusion-layout-column fusion_builder_column fusion-builder-column-2 fusion_builder_column_4_5 4_5 fusion-flex-column\" style=\"--awb-bg-size:cover;--awb-width-large:80%;--awb-margin-top-large:0px;--awb-spacing-right-large:2.4%;--awb-margin-bottom-large:20px;--awb-spacing-left-large:2.4%;--awb-width-medium:80%;--awb-order-medium:0;--awb-spacing-right-medium:2.4%;--awb-spacing-left-medium:2.4%;--awb-width-small:100%;--awb-order-small:0;--awb-spacing-right-small:1.92%;--awb-spacing-left-small:1.92%;\"><div class=\"fusion-column-wrapper fusion-column-has-shadow fusion-flex-justify-content-flex-start fusion-content-layout-column\"><div class=\"fusion-text fusion-text-4\"><p>Die acht Spitzenmusiker aus der Rhein-Neckar-Region z\u00fcnden mit unb\u00e4ndiger Spielfreude, Improvisationslust und kraftvollen Grooves ein musikalisches Feuerwerk von Jazz, Caribbean Jazz \u00fcber Funk, Soul und Reggae bis hin zu Soca und trinidadischem Calypso.<br \/>\nDie Band um den aus Trinidad stammenden Frontman, S\u00e4nger, Songwriter und Trompeter K.J. Dallaway begeistern mit karibischer Lebensfreude und Leichtigkeit, unglaublichem Rhythmusgef\u00fchl und hervorragenden Jazzimprovisationen.<br \/>\nDie Vielfalt der verschiedenen Musikrichtungen von einf\u00fchlsam vorgetragenen Balladen \u00fcber Rap-Einfl\u00fcsse bis hin zu wahren Rhythmusexplosionen garantieren dem Publikum einen au\u00dfergew\u00f6hnlichen H\u00f6rgenuss und zum H\u00f6hepunkt der Konzerte pures Tanzvergn\u00fcgen auf bestem karibischen Niveau.<br \/>\nDieses Programm tr\u00e4gt mit den vielen E<span id=\"expander-full-fafc93164dcac139d66a2e1c0a063d24\" class=\"\" data-toggler=\".hide\" aria-expanded=\"false\">igenkompositionen die Handschrift des Vollblutmusikers K.J.Dallaway.<\/span><\/p>\n<p class=\"p1\">Line-up<\/p>\n<p class=\"p1\">KJ Dallaway \u2013 Trompete, Fl\u00fcgelhorn, Vocals<br \/>\nDorothee Leschhorn-Tanck\u00a0\u2013\u00a0Saxophon<br \/>\nMarkus Herrmann \u2013 Gitarre<br \/>\nLarissa Bode\u00a0\u2013\u00a0Bass<br \/>\nTom Beisel \u2013 Schlagzeug<br \/>\nMonia Kr\u00fcchten \u2013 Vocals<\/p>\n<p class=\"p1\">und special guest Dany LABANA Martinez\u00a0aus Kuba \u2013 Gitarre, Vocals<\/p>\n<\/div><\/div><\/div><div class=\"fusion-layout-column fusion_builder_column fusion-builder-column-3 fusion_builder_column_1_1 1_1 fusion-flex-column\" style=\"--awb-bg-size:cover;--awb-width-large:100%;--awb-margin-top-large:0px;--awb-spacing-right-large:1.92%;--awb-margin-bottom-large:20px;--awb-spacing-left-large:1.92%;--awb-width-medium:100%;--awb-order-medium:0;--awb-spacing-right-medium:1.92%;--awb-spacing-left-medium:1.92%;--awb-width-small:100%;--awb-order-small:0;--awb-spacing-right-small:1.92%;--awb-spacing-left-small:1.92%;\"><div class=\"fusion-column-wrapper fusion-column-has-shadow fusion-flex-justify-content-flex-start fusion-content-layout-column\"><div class=\"fusion-separator fusion-full-width-sep\" style=\"align-self: center;margin-left: auto;margin-right: auto;margin-top:15px;margin-bottom:15px;width:100%;\"><div class=\"fusion-separator-border sep-single sep-solid\" style=\"--awb-height:20px;--awb-amount:20px;border-color:var(--awb-color3);border-top-width:1px;\"><\/div><\/div><div class=\"fusion-video fusion-youtube\" style=\"--awb-max-width:750px;--awb-max-height:422px;--awb-margin-top:20px;\"><div class=\"video-shortcode\"><div class=\"fluid-width-video-wrapper\" style=\"padding-top:56.27%;\" ><iframe title=\"YouTube video player 1\" src=\"https:\/\/www.youtube.com\/embed\/sMZ1P0dn2bI?wmode=transparent&autoplay=0\" width=\"750\" height=\"422\" allowfullscreen allow=\"autoplay; clipboard-write; encrypted-media; gyroscope; picture-in-picture;\"><\/iframe><\/div><\/div><\/div><div class=\"fusion-video fusion-youtube\" style=\"--awb-max-width:750px;--awb-max-height:422px;--awb-margin-top:20px;\"><div class=\"video-shortcode\"><div class=\"fluid-width-video-wrapper\" style=\"padding-top:56.27%;\" ><iframe title=\"YouTube video player 2\" src=\"https:\/\/www.youtube.com\/embed\/Kq8gQ9e49ww?wmode=transparent&autoplay=0\" width=\"750\" height=\"422\" allowfullscreen allow=\"autoplay; clipboard-write; encrypted-media; gyroscope; picture-in-picture;\"><\/iframe><\/div><\/div><\/div><div class=\"fusion-video fusion-youtube\" style=\"--awb-max-width:750px;--awb-max-height:422px;--awb-margin-top:20px;--awb-margin-bottom:40px;\"><div class=\"video-shortcode\"><div class=\"fluid-width-video-wrapper\" style=\"padding-top:56.27%;\" ><iframe title=\"YouTube video player 3\" src=\"https:\/\/www.youtube.com\/embed\/7GZxBm7K3fE?wmode=transparent&autoplay=0\" width=\"750\" height=\"422\" allowfullscreen allow=\"autoplay; clipboard-write; encrypted-media; gyroscope; picture-in-picture;\"><\/iframe><\/div><\/div><\/div><div class=\"fusion-text fusion-text-5\"><p>Die Festbesetzung von <strong>KJ Dallaway and Friends<\/strong> z\u00e4hlt 8 hervorragende, vielseitige und versierte MusikerInnen. F\u00fcr gro\u00dfe Events werden sie mehr und f\u00fcr kleinere Events werden sie weniger. Ihr musikalisches Programm bietet eine Melange der Genres Jazz, Funk, Soul, Pop, Balladen, Rap, Soca, Reggae und Calypso, Coversongs sowie eigene Kompositionen von KJ Dallaway.<\/p>\n<p>Das Repertoire der Coversongs umfasst Werke u.a. von Miles Davis, Marcus Miller, Joe Zawinul, Dizzy Gillespie, Michael Jackson, McFadden and Whiteheads, Bill Withers, Lionel Richie, Bruno Mars, Tab Two, Hellmut Hattler, Mother\u2019s Finest, Bob Marley, Inner Circle, Third World, Arrow, The Mighty Sparrow, Tru Tones, Flip Fantasia, Herbie Hancock, Kool and the Gang, Buddy Miles, Robert Bell, Bert Bacherach, Michael Buble, Beyonce, Mando Diao, Henry Mancini, Isaac Hayes, Billy Joel, Nina Simone, Lew Rawls, Bart Howard, Jimi Hendrix, Robert Bell, Jaco Pastorius, Ray Charles, James Brown, Rick James, Hugh Masekela, Marvin Gay, Duke Ellington, Frank Sinatra, Nat King Cole, Boz Scaggs, John Lennon, Chicago, Errol Garner, Henry Mancini, Groover Washington, Barry White, Richard Rodgers, Carol King, Tina Turner, Chris Rhea, Till Br\u00f6nner, Robert Arlen, Lord Kitchener, Anastacia, Earth, Wind and Fire, George Gerswhin, Bobby Hepp, Klaus Doldinger, Nat King Cole, Alfons Kettner, Victor Young, Peter Tosh, Raul de Souza, Stevie Wonder.<\/p>\n<\/div><\/div><\/div><\/div><\/div>\n","protected":false},"excerpt":{"rendered":"","protected":false},"author":8,"featured_media":0,"parent":0,"menu_order":0,"comment_status":"closed","ping_status":"closed","template":"100-width.php","meta":{"_acf_changed":false,"footnotes":""},"class_list":["post-697","page","type-page","status-publish","hentry"],"acf":[],"_links":{"self":[{"href":"https:\/\/muddys-club.net\/index.php\/wp-json\/wp\/v2\/pages\/697","targetHints":{"allow":["GET"]}}],"collection":[{"href":"https:\/\/muddys-club.net\/index.php\/wp-json\/wp\/v2\/pages"}],"about":[{"href":"https:\/\/muddys-club.net\/index.php\/wp-json\/wp\/v2\/types\/page"}],"author":[{"embeddable":true,"href":"https:\/\/muddys-club.net\/index.php\/wp-json\/wp\/v2\/users\/8"}],"replies":[{"embeddable":true,"href":"https:\/\/muddys-club.net\/index.php\/wp-json\/wp\/v2\/comments?post=697"}],"version-history":[{"count":9,"href":"https:\/\/muddys-club.net\/index.php\/wp-json\/wp\/v2\/pages\/697\/revisions"}],"predecessor-version":[{"id":726,"href":"https:\/\/muddys-club.net\/index.php\/wp-json\/wp\/v2\/pages\/697\/revisions\/726"}],"wp:attachment":[{"href":"https:\/\/muddys-club.net\/index.php\/wp-json\/wp\/v2\/media?parent=697"}],"curies":[{"name":"wp","href":"https:\/\/api.w.org\/{rel}","templated":true}]}}