{"id":682,"date":"2023-03-06T19:09:29","date_gmt":"2023-03-06T18:09:29","guid":{"rendered":"https:\/\/muddys-club.net\/?page_id=682"},"modified":"2023-03-06T19:22:12","modified_gmt":"2023-03-06T18:22:12","slug":"2023-05-01-blues-caravan","status":"publish","type":"page","link":"https:\/\/muddys-club.net\/index.php\/2023-05-01-blues-caravan\/","title":{"rendered":"2023-05-01 Blues Caravan"},"content":{"rendered":"<div class=\"fusion-fullwidth fullwidth-box fusion-builder-row-1 fusion-flex-container has-pattern-background has-mask-background nonhundred-percent-fullwidth non-hundred-percent-height-scrolling\" style=\"--awb-border-radius-top-left:0px;--awb-border-radius-top-right:0px;--awb-border-radius-bottom-right:0px;--awb-border-radius-bottom-left:0px;--awb-flex-wrap:wrap;\" ><div class=\"fusion-builder-row fusion-row fusion-flex-align-items-flex-start fusion-flex-content-wrap\" style=\"max-width:1040px;margin-left: calc(-4% \/ 2 );margin-right: calc(-4% \/ 2 );\"><div class=\"fusion-layout-column fusion_builder_column fusion-builder-column-0 fusion_builder_column_2_3 2_3 fusion-flex-column\" style=\"--awb-bg-size:cover;--awb-width-large:66.666666666667%;--awb-margin-top-large:0px;--awb-spacing-right-large:2.88%;--awb-margin-bottom-large:20px;--awb-spacing-left-large:2.88%;--awb-width-medium:66.666666666667%;--awb-order-medium:0;--awb-spacing-right-medium:2.88%;--awb-spacing-left-medium:2.88%;--awb-width-small:100%;--awb-order-small:0;--awb-spacing-right-small:1.92%;--awb-spacing-left-small:1.92%;\"><div class=\"fusion-column-wrapper fusion-column-has-shadow fusion-flex-justify-content-flex-start fusion-content-layout-column\"><div class=\"fusion-image-element \" style=\"--awb-caption-title-font-family:var(--h2_typography-font-family);--awb-caption-title-font-weight:var(--h2_typography-font-weight);--awb-caption-title-font-style:var(--h2_typography-font-style);--awb-caption-title-size:var(--h2_typography-font-size);--awb-caption-title-transform:var(--h2_typography-text-transform);--awb-caption-title-line-height:var(--h2_typography-line-height);--awb-caption-title-letter-spacing:var(--h2_typography-letter-spacing);\"><span class=\" fusion-imageframe imageframe-none imageframe-1 hover-type-none\"><img decoding=\"async\" width=\"1024\" height=\"683\" title=\"BC_23_HP\" src=\"https:\/\/muddys-club.net\/wp-content\/uploads\/2023\/03\/BC_23_HP.jpg\" alt class=\"img-responsive wp-image-685\" srcset=\"https:\/\/muddys-club.net\/wp-content\/uploads\/2023\/03\/BC_23_HP-200x133.jpg 200w, https:\/\/muddys-club.net\/wp-content\/uploads\/2023\/03\/BC_23_HP-400x267.jpg 400w, https:\/\/muddys-club.net\/wp-content\/uploads\/2023\/03\/BC_23_HP-600x400.jpg 600w, https:\/\/muddys-club.net\/wp-content\/uploads\/2023\/03\/BC_23_HP-800x534.jpg 800w, https:\/\/muddys-club.net\/wp-content\/uploads\/2023\/03\/BC_23_HP.jpg 1024w\" sizes=\"(max-width: 640px) 100vw, 800px\" \/><\/span><\/div><\/div><\/div><div class=\"fusion-layout-column fusion_builder_column fusion-builder-column-1 fusion_builder_column_1_3 1_3 fusion-flex-column\" style=\"--awb-bg-size:cover;--awb-width-large:33.333333333333%;--awb-margin-top-large:0px;--awb-spacing-right-large:5.76%;--awb-margin-bottom-large:20px;--awb-spacing-left-large:5.76%;--awb-width-medium:33.333333333333%;--awb-order-medium:0;--awb-spacing-right-medium:5.76%;--awb-spacing-left-medium:5.76%;--awb-width-small:100%;--awb-order-small:0;--awb-spacing-right-small:1.92%;--awb-spacing-left-small:1.92%;\"><div class=\"fusion-column-wrapper fusion-column-has-shadow fusion-flex-justify-content-flex-start fusion-content-layout-column\"><div class=\"fusion-text fusion-text-1\"><h1>Blues Caravan<\/h1>\n<\/div><div class=\"fusion-text fusion-text-2\"><h2>Montag 1. Mai 2023<\/h2>\n<h5>Konzertbeginn 20.30 Uhr<\/h5>\n<p><span style=\"color: var(--awb-text-color); font-family: var(--awb-text-font-family); font-size: var(--awb-font-size); font-style: var(--awb-text-font-style); font-weight: var(--awb-text-font-weight); letter-spacing: var(--awb-letter-spacing); text-align: var(--awb-content-alignment); text-transform: var(--awb-text-transform); background-color: var(--awb-bg-color);\">Einlass 19.30 Uhr in Muddy&#8217;s Club<\/span><\/p>\n<\/div><div class=\"fusion-text fusion-text-3\"><h5>Eintritt<\/h5>\n<p>Normal: 27 \u20ac<br \/>\n<span style=\"color: var(--awb-text-color); font-family: var(--awb-text-font-family); font-size: var(--awb-font-size); font-style: var(--awb-text-font-style); letter-spacing: var(--awb-letter-spacing); text-align: var(--awb-content-alignment); text-transform: var(--awb-text-transform); background-color: var(--awb-bg-color);\">Erm\u00e4ssigt: 23 \u20ac<br \/>\n<\/span>Mitglieder: 21 \u20ac<br \/>\nSch\u00fcler: 15 \u20ac<\/p>\n<\/div><div class=\"fusion-separator fusion-full-width-sep\" style=\"align-self: center;margin-left: auto;margin-right: auto;margin-top:30px;margin-bottom:0px;width:100%;\"><\/div><div ><a class=\"fusion-button button-flat fusion-button-default-size button-custom fusion-button-default button-1 fusion-button-default-span fusion-button-default-type fusion-has-button-gradient\" style=\"--button_accent_color:var(--awb-color1);--button_accent_hover_color:var(--awb-color1);--button_border_hover_color:var(--awb-color1);--button_gradient_top_color:var(--awb-custom_color_1);--button_gradient_bottom_color:var(--awb-custom_color_1);--button_gradient_top_color_hover:var(--awb-custom_color_1);--button_gradient_bottom_color_hover:hsla(var(--awb-color5-h),calc(var(--awb-color5-s) - 5%),calc(var(--awb-color5-l) - 10%),var(--awb-color5-a));\" target=\"_self\" href=\"https:\/\/manage.muddys-club.net\/public\/reservation\/2023-05-01-bluescaravan\"><span class=\"fusion-button-text awb-button__text awb-button__text--default\">Karten Reservieren<\/span><\/a><\/div><\/div><\/div><div class=\"fusion-layout-column fusion_builder_column fusion-builder-column-2 fusion_builder_column_4_5 4_5 fusion-flex-column\" style=\"--awb-bg-size:cover;--awb-width-large:80%;--awb-margin-top-large:0px;--awb-spacing-right-large:2.4%;--awb-margin-bottom-large:20px;--awb-spacing-left-large:2.4%;--awb-width-medium:80%;--awb-order-medium:0;--awb-spacing-right-medium:2.4%;--awb-spacing-left-medium:2.4%;--awb-width-small:100%;--awb-order-small:0;--awb-spacing-right-small:1.92%;--awb-spacing-left-small:1.92%;\"><div class=\"fusion-column-wrapper fusion-column-has-shadow fusion-flex-justify-content-flex-start fusion-content-layout-column\"><div class=\"fusion-text fusion-text-4\"><p class=\"p1\">Drei Gitarren, drei Stimmen, so gestaltet sich die 18. Ausgabe von Rufs Blues Caravan, die Mitte Februar 2023 an den Start gehen wird. Damit setzt die international agierende deutsche Plattenfirma eine Tradition fort, die 2005 begr\u00fcndet wurde, als Labelgr\u00fcnder Thomas Ruf die Idee f\u00fcr diese Art von Package-Tour entwickelte und mit Sue Foley, Candye Kane und Ana Popovic erstmals drei seiner K\u00fcnstlerinnen gemeinsam auf Tour schickte. Dabei sind diesmal die texanische Bluesrockerin Ally Venable, der aus Chicago stammende Wahlberliner Will Jacobs sowie der Brite Ashley Sherlock.<\/p>\n<p style=\"font-weight: 400;\"><strong style=\"font-style: inherit; font-weight: 600;\"><span style=\"font-style: inherit; font-weight: inherit;\">Ally Venable<\/span><\/strong><span style=\"font-style: inherit; font-weight: inherit;\"> war gerade einmal 19 Jahre alt, als \u201eTexas Honey\u201c, ihr Deb\u00fctalbum f\u00fcr Ruf Records, 2019 auf den Markt kam und sie im selben Jahr mit ihren beiden damaligen Labelkolleginnen Ina Forsman und Katarina Pejak ihre erste Blues-Caravan-Tour absolvierte. 2021 folgte mit \u201eHeart Of Fire\u201c ihr zweites Studioalbum f\u00fcr Ruf, und Album Nummer drei ist derzeit in Arbeit und f\u00fcr Anfang 2023 angek\u00fcndigt. Einen Gastauftritt hatte die Gitarristin und S\u00e4<\/span><span style=\"font-style: inherit; font-weight: inherit;\">ngerin<\/span><span style=\"font-style: inherit; font-weight: inherit;\"> aus dem osttexanischen Kilgore zudem auf Mike Zitos gleichfalls bei Ruf Records ver\u00f6ffentlichtem <\/span><span style=\"font-style: inherit; font-weight: inherit;\">Duettalbum <\/span><span style=\"font-style: inherit; font-weight: inherit;\">\u201e<\/span><span style=\"font-style: inherit; font-weight: inherit;\">Rock<\/span><span style=\"font-style: inherit; font-weight: inherit;\">\u2019<\/span><span style=\"font-style: inherit; font-weight: inherit;\">n<\/span><span style=\"font-style: inherit; font-weight: inherit;\">\u2019<\/span><span style=\"font-style: inherit; font-weight: inherit;\">Roll: A Tribute To Chuck Berry<\/span><span style=\"font-style: inherit; font-weight: inherit;\">\u201c<\/span><span style=\"font-style: inherit; font-weight: inherit;\"> beim Berry-Klassiker \u201eSchool Days\u201c. \u00dcber ihren Anspruch als B\u00fchnenk\u00fcnstlerin sagt sie: \u201eWenn ich live spiele, will ich, dass sich die Menschen mit mir verbunden f\u00fchlen und ihre Sorgen loswerden.<\/span><span style=\"font-style: inherit; font-weight: inherit;\">\u201c<\/span><\/p>\n<p style=\"font-weight: 400;\"><strong style=\"font-style: inherit; font-weight: 600;\"><span style=\"font-style: inherit; font-weight: inherit;\">Will Jacobs<\/span><\/strong><span style=\"font-style: inherit; font-weight: inherit;\"> stammt aus jener US-Metropole, deren Name wie kein zweiter mit dem Blues verbunden ist: Chicago, wo in den 1950er-Jahren Musiker wie Muddy Waters, Howlin\u2019 Wolf oder Willie Dixon den Country-Blues ihrer S\u00fcdstaatenheimat elektrifizierten. Und auch er hinterlie\u00df seinen musikalischen Fingerabdruck in den Bluesclubs seiner Heimatstadt, bevor es ihn \u00fcber diverse Zwischenstationen nach Berlin zog, wo er heute lebt. Doch auch wenn sein Ruf-Deb\u00fctalbum \u201eGoldfish Blues\u201c h\u00f6rbar dem titelgebenden Genre verbunden ist, <\/span><span style=\"font-style: inherit; font-weight: inherit;\">w\u00fcrzt Jacobs sein Songmaterial mit allem, was bei ihm ein Kribbeln ausl\u00f6st. \u00dcber das Album sagt er: \u201eIch w\u00fcrde die Musik als eine funkige Blueserfahrung beschreiben.\u201c<\/span><\/p>\n<p style=\"font-weight: 400;\"><span style=\"font-style: inherit; font-weight: inherit;\">Der Gitarrist und S\u00e4nger <strong style=\"font-style: inherit; font-weight: 600;\">Ashley Sherlock<\/strong><\/span><span style=\"font-style: inherit; font-weight: inherit;\"> ist im nordenglischen Manchester zu Hause und begann seine Musikerkarriere zun\u00e4chst mit Soloauftritten. Fragt man ihn nach seinen Vorbildern, nennt er <\/span><span style=\"font-style: inherit; font-weight: inherit;\">Jeff Buckley, The Marcus King Band, The Cadillac Three, Gary Clark Jr<\/span><span style=\"font-style: inherit; font-weight: inherit;\">. u<\/span><span style=\"font-style: inherit; font-weight: inherit;\">nd Chris Stapleton.<\/span><span style=\"font-style: inherit; font-weight: inherit;\"> Nach einer Vielzahl von Sologigs entschloss er sich 2017 zur Gr\u00fcndung eines Bluesrock-Powertrios, mit dem er bis dato zwei in Eigenregie ver\u00f6ffentlichte EPs und ein paar Singles einspielte. F\u00fcr Anfang 2023 ist das Erscheinen seines Deb\u00fctalbums auf Ruf Records geplant. \u00dcber den Blues Caravan sagt er: \u201eAn diesem Tourprojekt wollte ich schon seit geraumer Zeit teilnehmen. Ich kann es kaum abwarten, dass es raus auf die Stra\u00dfe geht und ich meine Musik pr\u00e4sentieren kann.\u201c<\/span><\/p>\n<\/div><\/div><\/div><div class=\"fusion-layout-column fusion_builder_column fusion-builder-column-3 fusion_builder_column_1_1 1_1 fusion-flex-column\" style=\"--awb-bg-size:cover;--awb-width-large:100%;--awb-margin-top-large:0px;--awb-spacing-right-large:1.92%;--awb-margin-bottom-large:20px;--awb-spacing-left-large:1.92%;--awb-width-medium:100%;--awb-order-medium:0;--awb-spacing-right-medium:1.92%;--awb-spacing-left-medium:1.92%;--awb-width-small:100%;--awb-order-small:0;--awb-spacing-right-small:1.92%;--awb-spacing-left-small:1.92%;\"><div class=\"fusion-column-wrapper fusion-column-has-shadow fusion-flex-justify-content-flex-start fusion-content-layout-column\"><div class=\"fusion-separator fusion-full-width-sep\" style=\"align-self: center;margin-left: auto;margin-right: auto;margin-top:15px;margin-bottom:15px;width:100%;\"><div class=\"fusion-separator-border sep-single sep-solid\" style=\"--awb-height:20px;--awb-amount:20px;border-color:var(--awb-color3);border-top-width:1px;\"><\/div><\/div><div class=\"fusion-video fusion-youtube\" style=\"--awb-max-width:750px;--awb-max-height:422px;--awb-margin-top:20px;\"><div class=\"video-shortcode\"><div class=\"fluid-width-video-wrapper\" style=\"padding-top:56.27%;\" ><iframe title=\"YouTube video player 1\" src=\"https:\/\/www.youtube.com\/embed\/TdsMcH51xGQ?wmode=transparent&autoplay=0\" width=\"750\" height=\"422\" allowfullscreen allow=\"autoplay; clipboard-write; encrypted-media; gyroscope; picture-in-picture;\"><\/iframe><\/div><\/div><\/div><div class=\"fusion-video fusion-youtube\" style=\"--awb-max-width:750px;--awb-max-height:422px;--awb-margin-top:20px;\"><div class=\"video-shortcode\"><div class=\"fluid-width-video-wrapper\" style=\"padding-top:56.27%;\" ><iframe title=\"YouTube video player 2\" src=\"https:\/\/www.youtube.com\/embed\/kO611MuQSpQ?wmode=transparent&autoplay=0\" width=\"750\" height=\"422\" allowfullscreen allow=\"autoplay; clipboard-write; encrypted-media; gyroscope; picture-in-picture;\"><\/iframe><\/div><\/div><\/div><div class=\"fusion-video fusion-youtube\" style=\"--awb-max-width:750px;--awb-max-height:422px;--awb-margin-top:20px;\"><div class=\"video-shortcode\"><div class=\"fluid-width-video-wrapper\" style=\"padding-top:56.27%;\" ><iframe title=\"YouTube video player 3\" src=\"https:\/\/www.youtube.com\/embed\/-Obr_T2Vkew?wmode=transparent&autoplay=0\" width=\"750\" height=\"422\" allowfullscreen allow=\"autoplay; clipboard-write; encrypted-media; gyroscope; picture-in-picture;\"><\/iframe><\/div><\/div><\/div><\/div><\/div><\/div><\/div>\n","protected":false},"excerpt":{"rendered":"","protected":false},"author":8,"featured_media":0,"parent":0,"menu_order":0,"comment_status":"closed","ping_status":"closed","template":"100-width.php","meta":{"_acf_changed":false,"footnotes":""},"class_list":["post-682","page","type-page","status-publish","hentry"],"acf":[],"_links":{"self":[{"href":"https:\/\/muddys-club.net\/index.php\/wp-json\/wp\/v2\/pages\/682","targetHints":{"allow":["GET"]}}],"collection":[{"href":"https:\/\/muddys-club.net\/index.php\/wp-json\/wp\/v2\/pages"}],"about":[{"href":"https:\/\/muddys-club.net\/index.php\/wp-json\/wp\/v2\/types\/page"}],"author":[{"embeddable":true,"href":"https:\/\/muddys-club.net\/index.php\/wp-json\/wp\/v2\/users\/8"}],"replies":[{"embeddable":true,"href":"https:\/\/muddys-club.net\/index.php\/wp-json\/wp\/v2\/comments?post=682"}],"version-history":[{"count":6,"href":"https:\/\/muddys-club.net\/index.php\/wp-json\/wp\/v2\/pages\/682\/revisions"}],"predecessor-version":[{"id":690,"href":"https:\/\/muddys-club.net\/index.php\/wp-json\/wp\/v2\/pages\/682\/revisions\/690"}],"wp:attachment":[{"href":"https:\/\/muddys-club.net\/index.php\/wp-json\/wp\/v2\/media?parent=682"}],"curies":[{"name":"wp","href":"https:\/\/api.w.org\/{rel}","templated":true}]}}