{"id":58,"date":"2023-01-16T19:57:52","date_gmt":"2023-01-16T18:57:52","guid":{"rendered":"http:\/\/192.168.150.178\/?page_id=58"},"modified":"2026-03-29T13:32:49","modified_gmt":"2026-03-29T11:32:49","slug":"der-club","status":"publish","type":"page","link":"https:\/\/muddys-club.net\/index.php\/der-club\/","title":{"rendered":"Der Club"},"content":{"rendered":"<div class=\"fusion-fullwidth fullwidth-box fusion-builder-row-1 fusion-flex-container has-pattern-background has-mask-background nonhundred-percent-fullwidth non-hundred-percent-height-scrolling\" style=\"--awb-border-radius-top-left:0px;--awb-border-radius-top-right:0px;--awb-border-radius-bottom-right:0px;--awb-border-radius-bottom-left:0px;--awb-flex-wrap:wrap;\" ><div class=\"fusion-builder-row fusion-row fusion-flex-align-items-flex-start fusion-flex-content-wrap\" style=\"max-width:1040px;margin-left: calc(-4% \/ 2 );margin-right: calc(-4% \/ 2 );\"><div class=\"fusion-layout-column fusion_builder_column fusion-builder-column-0 fusion_builder_column_2_3 2_3 fusion-flex-column\" style=\"--awb-bg-size:cover;--awb-width-large:66.666666666667%;--awb-margin-top-large:0px;--awb-spacing-right-large:2.88%;--awb-margin-bottom-large:20px;--awb-spacing-left-large:2.88%;--awb-width-medium:66.666666666667%;--awb-order-medium:0;--awb-spacing-right-medium:2.88%;--awb-spacing-left-medium:2.88%;--awb-width-small:100%;--awb-order-small:0;--awb-spacing-right-small:1.92%;--awb-spacing-left-small:1.92%;\"><div class=\"fusion-column-wrapper fusion-column-has-shadow fusion-flex-justify-content-flex-start fusion-content-layout-column\"><div class=\"fusion-image-element \" style=\"--awb-caption-title-font-family:var(--h2_typography-font-family);--awb-caption-title-font-weight:var(--h2_typography-font-weight);--awb-caption-title-font-style:var(--h2_typography-font-style);--awb-caption-title-size:var(--h2_typography-font-size);--awb-caption-title-transform:var(--h2_typography-text-transform);--awb-caption-title-line-height:var(--h2_typography-line-height);--awb-caption-title-letter-spacing:var(--h2_typography-letter-spacing);\"><span class=\" fusion-imageframe imageframe-none imageframe-1 hover-type-none\"><img decoding=\"async\" width=\"660\" height=\"371\" title=\"Der Club\" src=\"https:\/\/wordpress.muddys-club.net\/wp-content\/uploads\/2023\/01\/Der-Club.jpg\" alt class=\"img-responsive wp-image-212\"\/><\/span><\/div><div class=\"fusion-separator fusion-full-width-sep\" style=\"align-self: center;margin-left: auto;margin-right: auto;margin-top:30px;margin-bottom:5px;width:100%;\"><\/div><div class=\"fusion-text fusion-text-1\"><h2>Sie wollen Mitglied werden?<\/h2>\n<p>Super, dann freuen wir uns, wenn Sie uns in unserem blauen Keller mit Ihrer Mitgliedschaft unterst\u00fctzen.<\/p>\n<p>\u25ba <strong>Und so einfach geht&#8217;s:<\/strong><\/p>\n<p>in dem Men\u00fc finden Sie den Button &#8220;Mitglied werden&#8221;. Damit k\u00f6nnen Sie den <a href=\"https:\/\/muddys-club.net\/wp-content\/uploads\/2023\/01\/Eintrittsformular-19.01.2023.pdf\"><strong>Mitgliedsantrag <\/strong><\/a>als PDF-Datei herunterladen. Einfach ausf\u00fcllen und an die angegebene Adresse schicken oder im Club abgeben.<\/p>\n<h2>Vorverkauf und Kartenreservierung:<\/h2>\n<p>\u25ba <strong>Vorverkauf<\/strong><\/p>\n<ul>\n<li>Kartenshop DiesbachMedien; Friedrichstr. 24; 69469 Weinheim; Tel.: 06201-81345:<br \/>\nmail: <a class=\"link12\" href=\"mailto:kartenshop@diesbachmedien.de\">kartenshop@diesbachmedien.de<\/a><br \/>\n\u00d6ffnungszeiten:<br \/>\nMo. &#8211; Fr. 8.00 &#8211; 18 Uhr<br \/>\nSa. 9.00 &#8211; 12 Uhr<\/li>\n<li>w\u00e4hrend Veranstaltungen im Club<\/li>\n<\/ul>\n<p>\u25ba <strong>Reservierung<\/strong><\/p>\n<ul>\n<li>\u00fcber die homepage (unter &#8220;Hier Reservieren&#8221; beim jeweiligen Konzert)<\/li>\n<li>\u00fcber Clubtelefon (Anrufbeantworter)<\/li>\n<li>Ihre Daten werden vertraulich behandelt und nicht weiter gegeben.<\/li>\n<li>auf Grund datenschutzrechtlichen Gr\u00fcnden, werden Ihre Daten nach der Veranstaltung wieder gel\u00f6scht.<\/li>\n<\/ul>\n<p>Karten werden bis 15 Min. vor Konzertbeginn an der Abendkasse hinterlegt.<\/p>\n<h2>Sie wollen einen Gutschein kaufen?<\/h2>\n<p>Gerne k\u00f6nnen Sie bei uns einen Gutschein \u00fcber Ihren gew\u00fcnschten Betrag kaufen und verschenken. Melden sie sich einfach w\u00e4hrend einer Veranstltung bei uns.<\/p>\n<\/div><\/div><\/div><div class=\"fusion-layout-column fusion_builder_column fusion-builder-column-1 fusion_builder_column_1_3 1_3 fusion-flex-column\" style=\"--awb-bg-color:var(--awb-color3);--awb-bg-color-hover:var(--awb-color3);--awb-bg-size:cover;--awb-border-color:var(--awb-color3);--awb-border-top:5px;--awb-border-right:5px;--awb-border-bottom:5px;--awb-border-left:5px;--awb-border-style:solid;--awb-width-large:33.333333333333%;--awb-margin-top-large:0px;--awb-spacing-right-large:5.76%;--awb-margin-bottom-large:20px;--awb-spacing-left-large:5.76%;--awb-width-medium:33.333333333333%;--awb-order-medium:0;--awb-spacing-right-medium:5.76%;--awb-spacing-left-medium:5.76%;--awb-width-small:100%;--awb-order-small:0;--awb-spacing-right-small:1.92%;--awb-spacing-left-small:1.92%;\"><div class=\"fusion-column-wrapper fusion-column-has-shadow fusion-flex-justify-content-flex-start fusion-content-layout-column\"><div class=\"fusion-text fusion-text-2\"><h2>mehr \u00fcber den Muddy&#8217;s Club<\/h2>\n<\/div><div class=\"fusion-text fusion-text-3\"><ul>\n<li><span style=\"color: #000000;\"><strong><a style=\"color: #000000;\" href=\"https:\/\/muddys-club.net\/index.php\/foerderung\/\">F\u00f6rderung<\/a><\/strong><\/span><\/li>\n<li><a href=\"https:\/\/muddys-club.net\/index.php\/vorstand-und-referate\/\"><span style=\"color: #000000;\"><strong>Vorstand und Referate<\/strong><\/span><\/a><\/li>\n<li><a href=\"https:\/\/muddys-club.net\/wp-content\/uploads\/2023\/08\/Satzung-gem.-MV-09.07.2023.pdf\"><strong>Satzung<\/strong><\/a><\/li>\n<li><span style=\"color: #000000;\"><strong><a style=\"color: #000000;\" href=\"https:\/\/muddys-club.net\/index.php\/anfahrt\/\">Anfahrt<\/a><\/strong><\/span><\/li>\n<li><a href=\"https:\/\/muddys-club.net\/wp-content\/uploads\/2023\/08\/Eintrittsformular-08.08.2023.pdf\"><span style=\"color: #000000;\"><strong>Mitglied werden<\/strong><\/span><\/a><\/li>\n<li><span style=\"color: #000000;\"><strong><a style=\"color: #000000;\" href=\"https:\/\/muddys-club.net\/index.php\/newsletter-2\/\">Newsletter bestellen<\/a><\/strong><\/span><\/li>\n<li><a href=\"https:\/\/muddys-club.net\/index.php\/archiv-2023\/\"><span style=\"color: #000000;\"><strong>Archiv<\/strong><\/span><\/a><\/li>\n<\/ul>\n<\/div><\/div><\/div><\/div><\/div>\n","protected":false},"excerpt":{"rendered":"","protected":false},"author":8,"featured_media":0,"parent":0,"menu_order":0,"comment_status":"closed","ping_status":"closed","template":"100-width.php","meta":{"_acf_changed":false,"footnotes":""},"class_list":["post-58","page","type-page","status-publish","hentry"],"acf":[],"_links":{"self":[{"href":"https:\/\/muddys-club.net\/index.php\/wp-json\/wp\/v2\/pages\/58","targetHints":{"allow":["GET"]}}],"collection":[{"href":"https:\/\/muddys-club.net\/index.php\/wp-json\/wp\/v2\/pages"}],"about":[{"href":"https:\/\/muddys-club.net\/index.php\/wp-json\/wp\/v2\/types\/page"}],"author":[{"embeddable":true,"href":"https:\/\/muddys-club.net\/index.php\/wp-json\/wp\/v2\/users\/8"}],"replies":[{"embeddable":true,"href":"https:\/\/muddys-club.net\/index.php\/wp-json\/wp\/v2\/comments?post=58"}],"version-history":[{"count":26,"href":"https:\/\/muddys-club.net\/index.php\/wp-json\/wp\/v2\/pages\/58\/revisions"}],"predecessor-version":[{"id":3258,"href":"https:\/\/muddys-club.net\/index.php\/wp-json\/wp\/v2\/pages\/58\/revisions\/3258"}],"wp:attachment":[{"href":"https:\/\/muddys-club.net\/index.php\/wp-json\/wp\/v2\/media?parent=58"}],"curies":[{"name":"wp","href":"https:\/\/api.w.org\/{rel}","templated":true}]}}