{"id":579,"date":"2023-01-19T18:21:22","date_gmt":"2023-01-19T17:21:22","guid":{"rendered":"https:\/\/muddys-club.net\/?page_id=579"},"modified":"2023-01-22T10:19:39","modified_gmt":"2023-01-22T09:19:39","slug":"2023-04-17-layla-zoe","status":"publish","type":"page","link":"https:\/\/muddys-club.net\/index.php\/2023-04-17-layla-zoe\/","title":{"rendered":"2023-04-17 Malina Moye"},"content":{"rendered":"<div class=\"fusion-fullwidth fullwidth-box fusion-builder-row-1 fusion-flex-container has-pattern-background has-mask-background nonhundred-percent-fullwidth non-hundred-percent-height-scrolling\" style=\"--awb-border-radius-top-left:0px;--awb-border-radius-top-right:0px;--awb-border-radius-bottom-right:0px;--awb-border-radius-bottom-left:0px;--awb-flex-wrap:wrap;\" ><div class=\"fusion-builder-row fusion-row fusion-flex-align-items-flex-start fusion-flex-content-wrap\" style=\"max-width:1040px;margin-left: calc(-4% \/ 2 );margin-right: calc(-4% \/ 2 );\"><div class=\"fusion-layout-column fusion_builder_column fusion-builder-column-0 fusion_builder_column_2_3 2_3 fusion-flex-column\" style=\"--awb-bg-size:cover;--awb-width-large:66.666666666667%;--awb-margin-top-large:0px;--awb-spacing-right-large:2.88%;--awb-margin-bottom-large:20px;--awb-spacing-left-large:2.88%;--awb-width-medium:66.666666666667%;--awb-order-medium:0;--awb-spacing-right-medium:2.88%;--awb-spacing-left-medium:2.88%;--awb-width-small:100%;--awb-order-small:0;--awb-spacing-right-small:1.92%;--awb-spacing-left-small:1.92%;\"><div class=\"fusion-column-wrapper fusion-column-has-shadow fusion-flex-justify-content-flex-start fusion-content-layout-column\"><div class=\"fusion-image-element \" style=\"--awb-caption-title-font-family:var(--h2_typography-font-family);--awb-caption-title-font-weight:var(--h2_typography-font-weight);--awb-caption-title-font-style:var(--h2_typography-font-style);--awb-caption-title-size:var(--h2_typography-font-size);--awb-caption-title-transform:var(--h2_typography-text-transform);--awb-caption-title-line-height:var(--h2_typography-line-height);--awb-caption-title-letter-spacing:var(--h2_typography-letter-spacing);\"><span class=\" fusion-imageframe imageframe-none imageframe-1 hover-type-none\"><img decoding=\"async\" width=\"800\" height=\"800\" title=\"Malina Moye_HP\" src=\"https:\/\/muddys-club.net\/wp-content\/uploads\/2023\/01\/Malina-Moye_HP.jpg\" alt class=\"img-responsive wp-image-577\" srcset=\"https:\/\/muddys-club.net\/wp-content\/uploads\/2023\/01\/Malina-Moye_HP-200x200.jpg 200w, https:\/\/muddys-club.net\/wp-content\/uploads\/2023\/01\/Malina-Moye_HP-400x400.jpg 400w, https:\/\/muddys-club.net\/wp-content\/uploads\/2023\/01\/Malina-Moye_HP-600x600.jpg 600w, https:\/\/muddys-club.net\/wp-content\/uploads\/2023\/01\/Malina-Moye_HP.jpg 800w\" sizes=\"(max-width: 640px) 100vw, 800px\" \/><\/span><\/div><\/div><\/div><div class=\"fusion-layout-column fusion_builder_column fusion-builder-column-1 fusion_builder_column_1_3 1_3 fusion-flex-column\" style=\"--awb-bg-size:cover;--awb-width-large:33.333333333333%;--awb-margin-top-large:0px;--awb-spacing-right-large:5.76%;--awb-margin-bottom-large:20px;--awb-spacing-left-large:5.76%;--awb-width-medium:33.333333333333%;--awb-order-medium:0;--awb-spacing-right-medium:5.76%;--awb-spacing-left-medium:5.76%;--awb-width-small:100%;--awb-order-small:0;--awb-spacing-right-small:1.92%;--awb-spacing-left-small:1.92%;\"><div class=\"fusion-column-wrapper fusion-column-has-shadow fusion-flex-justify-content-flex-start fusion-content-layout-column\"><div class=\"fusion-text fusion-text-1\"><h1>Malina Moye &amp; Band (USA)<\/h1>\n<\/div><div class=\"fusion-text fusion-text-2\"><h2>Montag 17. April 2023<\/h2>\n<h5>Konzertbeginn 20.30 Uhr<\/h5>\n<p><span style=\"color: var(--awb-text-color); font-family: var(--awb-text-font-family); font-size: var(--awb-font-size); font-style: var(--awb-text-font-style); font-weight: var(--awb-text-font-weight); letter-spacing: var(--awb-letter-spacing); text-align: var(--awb-content-alignment); text-transform: var(--awb-text-transform); background-color: var(--awb-bg-color);\">Einlass 19.30 Uhr in Muddy&#8217;s Club<\/span><\/p>\n<\/div><div class=\"fusion-text fusion-text-3\"><h5>Eintritt<\/h5>\n<p>Normal: 24 \u20ac<br \/>\n<span style=\"color: var(--awb-text-color); font-family: var(--awb-text-font-family); font-size: var(--awb-font-size); font-style: var(--awb-text-font-style); letter-spacing: var(--awb-letter-spacing); text-align: var(--awb-content-alignment); text-transform: var(--awb-text-transform); background-color: var(--awb-bg-color);\">Erm\u00e4ssigt: 20 \u20ac<br \/>\n<\/span>Mitglieder: 18 \u20ac<br \/>\nSch\u00fcler: 12 \u20ac<\/p>\n<\/div><div class=\"fusion-separator fusion-full-width-sep\" style=\"align-self: center;margin-left: auto;margin-right: auto;margin-top:30px;margin-bottom:0px;width:100%;\"><\/div><div ><a class=\"fusion-button button-flat fusion-button-default-size button-custom fusion-button-default button-1 fusion-button-default-span fusion-button-default-type fusion-has-button-gradient\" style=\"--button_accent_color:var(--awb-color1);--button_accent_hover_color:var(--awb-color1);--button_border_hover_color:var(--awb-color1);--button_gradient_top_color:var(--awb-custom_color_1);--button_gradient_bottom_color:var(--awb-custom_color_1);--button_gradient_top_color_hover:var(--awb-custom_color_1);--button_gradient_bottom_color_hover:hsla(var(--awb-color5-h),calc(var(--awb-color5-s) - 5%),calc(var(--awb-color5-l) - 10%),var(--awb-color5-a));\" target=\"_self\" href=\"https:\/\/manage.muddys-club.net\/public\/reservation\/2023-04-17-malinamoye\"><span class=\"fusion-button-text awb-button__text awb-button__text--default\">Karten Reservieren<\/span><\/a><\/div><\/div><\/div><div class=\"fusion-layout-column fusion_builder_column fusion-builder-column-2 fusion_builder_column_4_5 4_5 fusion-flex-column\" style=\"--awb-bg-size:cover;--awb-width-large:80%;--awb-margin-top-large:0px;--awb-spacing-right-large:2.4%;--awb-margin-bottom-large:20px;--awb-spacing-left-large:2.4%;--awb-width-medium:80%;--awb-order-medium:0;--awb-spacing-right-medium:2.4%;--awb-spacing-left-medium:2.4%;--awb-width-small:100%;--awb-order-small:0;--awb-spacing-right-small:1.92%;--awb-spacing-left-small:1.92%;\"><div class=\"fusion-column-wrapper fusion-column-has-shadow fusion-flex-justify-content-flex-start fusion-content-layout-column\"><div class=\"fusion-text fusion-text-4\"><p class=\"p1\">Im April 2023 startet Malina Moye ihre Tour durch Deutschland und \u00d6sterreich \u2013 mit im Gep\u00e4ck das neue Album \u201eDirty\u201c, welches am 17. M\u00e4rz von Leopard Records (Orchard) ver\u00f6ffentlicht wird.<\/p>\n<p class=\"p1\">\u201eW\u00e4hrend der Pandemie habe ich so viel neue Musik geschrieben und ich kann es kaum erwarten, dieses neue Album mit meinen Fans zu teilen\u201c, sagt Moye. \u201eIch freue mich wahnsinnig darauf, gemeinsam mit all meinen europ\u00e4ischen Freunden wieder richtig abzurocken.\u201c<\/p>\n<p class=\"p1\">\u201eDas neue Album dreht sich um Unrecht, das einem andere angetan haben!\u201c, f\u00e4hrt Moye fort. \u201eDenen zu vergeben, befreit dich selbst und genau das repr\u00e4sentiere ich auf der B\u00fchne \u2026 Freiheit.\u201c<\/p>\n<p class=\"p1\">Moyes letzte Ver\u00f6ffentlichung \u201eBad As I Wanna Be\u201c erreichte zwei Wochen in Folge Platz eins der Billboard Blues Charts und ihr charakteristischer Sound hat unter anderem begeisterte Kritiken von \u201eBillboard Magazine\u201c und \u201eEclipsed Magazine Germany\u201c erhalten. Das britische \u201eGuitarist Magazine&#8221; erkl\u00e4rte: \u201eMoye ist einer der st\u00e4rksten Gitarristinnen unserer Zeit.&#8221;<\/p>\n<p class=\"p1\">Die gefeierte S\u00e4ngerin, Songwriterin und Linksh\u00e4nder Gitarristin Malina Moye, die ihre Fender Stratocaster \u201eupside down\u201c und k\u00fcnftig auch ihre neue Gibson Flying V rockt, hat sich mit ihrem einzigartigen Mix aus Pop-Rock, Funk und Blues einen ganz eigenen Stil am Rockstar-Himmel geschaffen. Von der Ehrung der k\u00fcrzlich verstorbenen Queen, \u00fcber Auftritte w\u00e4hrend der Experience Hendrix Tours neben Buddy Guy, Kenny Wayne Shepherd und Eric Gales bis hin zum Tributkonzert der Rock n Roll Hall of Fame f\u00fcr den Musikpionier Chuck Berry wurde Moye vom \u201eGuitar World Magazine\u201c als eine der \u201eTop 10 Gitarristinnen\u201c ausgezeichnet, die man unbedingt kennen sollte\u201c.<\/p>\n<h2 class=\"p1\">Malina Moye \u2013 Kurzbiographie<\/h2>\n<p class=\"p3\">Die gefeierte S\u00e4ngerin, Songwriterin und Linksh\u00e4nder Gitarristin Malina Moye, die ihre Fender Stratocaster \u201eupside down\u201c und k\u00fcnftig auch ihre neue Gibson Flying V rockt, hat sich mit ihrem einzigartigen Mix aus Pop-Rock, Funk und Blues einen ganz eigenen Stil am Rockstar-Himmel geschaffen.<\/p>\n<p class=\"p3\">Von der Ehrung der k\u00fcrzlich verstorbenen Queen, \u00fcber Auftritte w\u00e4hrend der Experience Hendrix Tours neben Buddy Guy, Kenny Wayne Shepherd und Eric Gales bis hin zum Tributekonzert der Rock n Roll Hall of Fame f\u00fcr den Musikpionier Chuck Berry wurde Moye vom \u201eGuitar World Magazine\u201c als eine der \u201eTop 10 Gitarristinnen\u201c ausgezeichnet, die man definitv kennen sollte\u201c.<\/p>\n<p class=\"p3\">Das Gitarrenwunder wird ihr viertes Album \u201eDirty\u201c ver\u00f6ffentlichen, das ihren charakteristischen Sound fortsetzt, der aus pointiertem Songwriting und unvergesslichen Melodien besteht. Die letzte Ver\u00f6ffentlichung der Rock-Vision\u00e4rin \u201eBad As I Wanna Be\u201c wurde von der Kritik gefeiert und ein weltweiter kommerzieller Erfolg, erhielt Auszeichnungen von Billboard, People Magazine, Guitar World Magazine und brachte Moye mehrere Wochen hintereinander ihr erstes Nummer 1 Album in den Billboard Blues Charts in den Top 40. Die erste Single \u201eK-yotic\u201c mit Bootsy Collins war einer der meistgeteilten Songs in den Vereinigten Staaten, landete auf Billboards Twitter 140+ Trending Chart und erreichte Platz 5. The Examiner erkl\u00e4rt: \u201eMoye ist eine von 10 unabh\u00e4ngigen K\u00fcnstlern, die man unbedingt sehen muss\u201c. 2021 tat sich Moye mit der Generation-Z-K\u00fcnstlerin Bella Thorne f\u00fcr den Song \u201ePhantom\u201c zusammen. Das Video zum Song erhielt binnen 48 Stunden \u00fcber vier Millionen Aufrufe auf YouToube.<\/p>\n<p class=\"p4\">Malina leitete auch die #IAMENOUGH-Kampagne zusammen mit ihrem Song \u201eEnough\u201c, der \u00fcber 14 Millionen Aufrufe auf mehreren Social-Media-Plattformen erzielte. Zu ihren humanit\u00e4ren Eins\u00e4tzen geh\u00f6rt die T\u00e4tigkeit als Mitbegr\u00fcnderin der Drive Hope Foundation, einer gemeinn\u00fctzigen Organisation, die sich f\u00fcr \u00fcberwiegend junge Menschen in deren sozialem Umfeld einsetzt.<\/p>\n<\/div><div class=\"fusion-separator fusion-full-width-sep\" style=\"align-self: center;margin-left: auto;margin-right: auto;margin-top:15px;margin-bottom:15px;width:100%;\"><div class=\"fusion-separator-border sep-single sep-solid\" style=\"--awb-height:20px;--awb-amount:20px;border-color:var(--awb-color3);border-top-width:1px;\"><\/div><\/div><div class=\"fusion-video fusion-youtube\" style=\"--awb-max-width:750px;--awb-max-height:422px;--awb-margin-top:20px;\"><div class=\"video-shortcode\"><div class=\"fluid-width-video-wrapper\" style=\"padding-top:56.27%;\" ><iframe title=\"YouTube video player 1\" src=\"https:\/\/www.youtube.com\/embed\/buObF08VxsA?wmode=transparent&autoplay=0\" width=\"750\" height=\"422\" allowfullscreen allow=\"autoplay; clipboard-write; encrypted-media; gyroscope; picture-in-picture;\"><\/iframe><\/div><\/div><\/div><div class=\"fusion-video fusion-youtube\" style=\"--awb-max-width:750px;--awb-max-height:422px;--awb-align-self:flex-start;--awb-width:100%;--awb-margin-top:20px;\"><div class=\"video-shortcode\"><div class=\"fluid-width-video-wrapper\" style=\"padding-top:56.27%;\" ><iframe title=\"YouTube video player 2\" src=\"https:\/\/www.youtube.com\/embed\/8GXaPjUVjfQ?wmode=transparent&autoplay=0\" width=\"750\" height=\"422\" allowfullscreen allow=\"autoplay; clipboard-write; encrypted-media; gyroscope; picture-in-picture;\"><\/iframe><\/div><\/div><\/div><div class=\"fusion-video fusion-youtube\" style=\"--awb-max-width:750px;--awb-max-height:422px;--awb-margin-top:20px;\"><div class=\"video-shortcode\"><div class=\"fluid-width-video-wrapper\" style=\"padding-top:56.27%;\" ><iframe title=\"YouTube video player 3\" src=\"https:\/\/www.youtube.com\/embed\/XXh25An-tUY?wmode=transparent&autoplay=0\" width=\"750\" height=\"422\" allowfullscreen allow=\"autoplay; clipboard-write; encrypted-media; gyroscope; picture-in-picture;\"><\/iframe><\/div><\/div><\/div><div class=\"fusion-separator fusion-full-width-sep\" style=\"align-self: center;margin-left: auto;margin-right: auto;width:100%;\"><div class=\"fusion-separator-border sep-double\" style=\"--awb-height:20px;--awb-amount:20px;border-color:var(--awb-color3);border-top-width:1px;border-bottom-width:1px;\"><\/div><\/div><\/div><\/div><div class=\"fusion-layout-column fusion_builder_column fusion-builder-column-3 fusion_builder_column_1_1 1_1 fusion-flex-column\" style=\"--awb-bg-size:cover;--awb-width-large:100%;--awb-margin-top-large:0px;--awb-spacing-right-large:1.92%;--awb-margin-bottom-large:20px;--awb-spacing-left-large:1.92%;--awb-width-medium:100%;--awb-order-medium:0;--awb-spacing-right-medium:1.92%;--awb-spacing-left-medium:1.92%;--awb-width-small:100%;--awb-order-small:0;--awb-spacing-right-small:1.92%;--awb-spacing-left-small:1.92%;\"><div class=\"fusion-column-wrapper fusion-column-has-shadow fusion-flex-justify-content-flex-start fusion-content-layout-column\"><\/div><\/div><\/div><\/div>\n","protected":false},"excerpt":{"rendered":"","protected":false},"author":8,"featured_media":0,"parent":0,"menu_order":0,"comment_status":"closed","ping_status":"closed","template":"100-width.php","meta":{"_acf_changed":false,"footnotes":""},"class_list":["post-579","page","type-page","status-publish","hentry"],"acf":[],"_links":{"self":[{"href":"https:\/\/muddys-club.net\/index.php\/wp-json\/wp\/v2\/pages\/579","targetHints":{"allow":["GET"]}}],"collection":[{"href":"https:\/\/muddys-club.net\/index.php\/wp-json\/wp\/v2\/pages"}],"about":[{"href":"https:\/\/muddys-club.net\/index.php\/wp-json\/wp\/v2\/types\/page"}],"author":[{"embeddable":true,"href":"https:\/\/muddys-club.net\/index.php\/wp-json\/wp\/v2\/users\/8"}],"replies":[{"embeddable":true,"href":"https:\/\/muddys-club.net\/index.php\/wp-json\/wp\/v2\/comments?post=579"}],"version-history":[{"count":7,"href":"https:\/\/muddys-club.net\/index.php\/wp-json\/wp\/v2\/pages\/579\/revisions"}],"predecessor-version":[{"id":612,"href":"https:\/\/muddys-club.net\/index.php\/wp-json\/wp\/v2\/pages\/579\/revisions\/612"}],"wp:attachment":[{"href":"https:\/\/muddys-club.net\/index.php\/wp-json\/wp\/v2\/media?parent=579"}],"curies":[{"name":"wp","href":"https:\/\/api.w.org\/{rel}","templated":true}]}}