{"id":550,"date":"2023-01-19T12:06:37","date_gmt":"2023-01-19T11:06:37","guid":{"rendered":"https:\/\/wordpress.muddys-club.net\/?page_id=550"},"modified":"2023-01-25T08:07:58","modified_gmt":"2023-01-25T07:07:58","slug":"geschichte-des-clubs","status":"publish","type":"page","link":"https:\/\/muddys-club.net\/index.php\/geschichte-des-clubs\/","title":{"rendered":"Geschichte des Clubs"},"content":{"rendered":"<p><div class=\"fusion-fullwidth fullwidth-box fusion-builder-row-1 fusion-flex-container has-pattern-background has-mask-background nonhundred-percent-fullwidth non-hundred-percent-height-scrolling\" style=\"--awb-border-radius-top-left:0px;--awb-border-radius-top-right:0px;--awb-border-radius-bottom-right:0px;--awb-border-radius-bottom-left:0px;--awb-flex-wrap:wrap;\" ><div class=\"fusion-builder-row fusion-row fusion-flex-align-items-flex-start fusion-flex-content-wrap\" style=\"max-width:1040px;margin-left: calc(-4% \/ 2 );margin-right: calc(-4% \/ 2 );\"><div class=\"fusion-layout-column fusion_builder_column fusion-builder-column-0 fusion_builder_column_2_3 2_3 fusion-flex-column\" style=\"--awb-bg-size:cover;--awb-width-large:66.666666666667%;--awb-margin-top-large:0px;--awb-spacing-right-large:2.88%;--awb-margin-bottom-large:20px;--awb-spacing-left-large:2.88%;--awb-width-medium:66.666666666667%;--awb-order-medium:0;--awb-spacing-right-medium:2.88%;--awb-spacing-left-medium:2.88%;--awb-width-small:100%;--awb-order-small:0;--awb-spacing-right-small:1.92%;--awb-spacing-left-small:1.92%;\"><div class=\"fusion-column-wrapper fusion-column-has-shadow fusion-flex-justify-content-flex-start fusion-content-layout-column\"><div class=\"fusion-image-element \" style=\"--awb-caption-title-font-family:var(--h2_typography-font-family);--awb-caption-title-font-weight:var(--h2_typography-font-weight);--awb-caption-title-font-style:var(--h2_typography-font-style);--awb-caption-title-size:var(--h2_typography-font-size);--awb-caption-title-transform:var(--h2_typography-text-transform);--awb-caption-title-line-height:var(--h2_typography-line-height);--awb-caption-title-letter-spacing:var(--h2_typography-letter-spacing);\"><span class=\" fusion-imageframe imageframe-none imageframe-1 hover-type-none\"><img decoding=\"async\" width=\"660\" height=\"371\" title=\"Der Club\" src=\"https:\/\/wordpress.muddys-club.net\/wp-content\/uploads\/2023\/01\/Der-Club.jpg\" alt class=\"img-responsive wp-image-212\"\/><\/span><\/div><div class=\"fusion-separator fusion-full-width-sep\" style=\"align-self: center;margin-left: auto;margin-right: auto;margin-top:30px;margin-bottom:5px;width:100%;\"><\/div><div class=\"fusion-text fusion-text-1\"><h1>Geschichte des Clubs<\/h1>\n<p><strong>\u201cA Cool Place for Hot Music\u201d<\/strong><\/p>\n<p>\u201eMuddy\u2018s Club\u201c ist ein Blues- &amp; Jazzclub mit soziokulturellem Konzept und hat etwa 400 Mitglieder. In der Tradition der 50er und 60er Jahre versucht er mehr zu sein, als nur ein Auftrittsort!<\/p>\n<p>Wir erreichen mit bis zu 70 Veranstaltungen im Jahr \u00fcber 6000 Musikbegeisterte.<\/p>\n<p>Der Namensgeber Muddy Waters wurde als <em>McKinley Morganfield<\/em> geboren (4. April 1913). Da die Familie in der N\u00e4he eines kleinen Nebenflusses des Mississippi namens Deer Creek wohnte und er oft in diesem spielte und dabei dreckig wurde, bekam er von seiner Schwester den Spitznamen <em>Muddy Waters<\/em> (\u201eschlammiges Wasser\u201c).<\/p>\n<p>Menschen aus unterschiedlichen Kulturen, sozialen Schichten, Altersgruppen und weltanschaulichen Orientierungen sollen \u00fcber die Musik zusammenfinden.\u00a0 \u201eMuddy\u2019s Club\u201c will Konzertraum, Treffpunkt, Stammtisch, Ausstellungsort und \u201ezweites Wohnzimmer\u201c sein, wie dies Mike Hennessey einmal gesagt hat.\u00a0 Von ihm sollen aber auch Impulse f\u00fcr das eigene kulturelle Tun ausgehen. So entstanden Bandprojekte, wie z. B. \u201eSeason of the Witches\u201c, CD-Aufnahmen wie z. B. \u201eRoots: Tribute to the Saxophon,\u201c k\u00fcnstlerische Projekte z. B. \u201eHommage to Roland Kirk\u201c sowie Aufnahmen mit Paul Kuhn, Silke Hauk und Anke Helfrich.<\/p>\n<p>Internationale Stars wie Art Farmer, Roy Hargrove, Les McCann, Oskar Klein, Maisha Grant, Paul Kuhn, Michael Hill, Terry Evans, Eugene Hideway Bridges, Duke Robillard, Aynsley Lister, Lance Lopesz, Ian Parker, Jon Cleary, Lisa Doby, Sharrie Williams, Keith Thompson, Supercharge, Climax Blues Band, Sax\u00a0 Gordon, und regionale K\u00fcnstler wie Silke Hauk, Anke Helfrich und Soulfinger (um nur einige zu nennen) sind in Muddy`s Club aufgetreten.<\/p>\n<p><strong>\u00a0Larry Garner<\/strong> widmete uns den Satz:<\/p>\n<p><strong><em>\u201eDanke, dass Sie den Blues unterst\u00fctzen\u201c<\/em><\/strong><\/p>\n<p><strong>Aktivit\u00e4ten von Muddy\u2018s Club<\/strong><\/p>\n<p><strong>Blue Monday <\/strong>Jazz &amp; Blues der feinsten Art mit internationalen K\u00fcnstlern<\/p>\n<p><strong>Oldtime Jazz <\/strong>New Orleans &amp; Dixieland<\/p>\n<p><strong>Muddys on Tour <\/strong>externe Aktivit\u00e4ten; open air im Schlosshof, Windeck, Fu\u00dfg\u00e4ngerzone<\/p>\n<p><strong>Blue Dance Night <\/strong>das Angebot zum Treffen, Chillen und Tanzen<\/p>\n<p><strong>Jugendarbeit<\/strong> Jugendveranstaltungen mit regionalen jungen Bands, Ferienspiele f\u00fcr Kinder<\/p>\n<p><strong>Soziokultur<\/strong> Ausstellungen und Veranstaltungen (z.B. Jung &amp; alt im Gespr\u00e4ch, Kindertheater, Blue Christmas, Lesungen, inklusive Tanzparty f\u00fcr behinderte und nichtbehinderte Menschen, Workshops)<\/p>\n<p><strong>Chronik des Clubs<\/strong><\/p>\n<p><strong>1980 \u2013 1983<\/strong> <strong>Musikkooperative Weinheim e.V.<\/strong><\/p>\n<p>Hervorgegangen ist der Club aus sozialp\u00e4dagogischer Arbeit an der Gesamtschule Weinheim, heute Dietrich- Bonhoeffer-Schule. Ben Schmidt und Rolf Zeitler waren die Gr\u00fcnder, die mit dem Stadtjugendring zusammen Prober\u00e4ume f\u00fcr junge Bands (das heutige Cafe Zentral) organisierten, und dort auch die erste Gro\u00dfveranstaltung durchf\u00fchrten.<\/p>\n<p><strong>1984<\/strong> Das <strong>Bluesforum<\/strong><\/p>\n<p>wurde von Ben Schmidt und Rolf Zeitler zusammen mit der Lehrerin Gudrun Oswald, den ehemaligen Sch\u00fclern Arndt Weidler, G\u00f6tz Spieth, Karl Heinz Lerchl, Jan Hutter, Heidrun Holderbach und Jochen Kast gegr\u00fcndet.<\/p>\n<p><strong>1985<\/strong> Eintragung in das <strong>Vereinsregister<\/strong><\/p>\n<p>Es gibt eine Satzung! Erste Konzerte finden im Diesterwegkeller (selbstverwaltetes Jugendzentrum des Stadtjugendrings), statt.<\/p>\n<p><strong>1986<\/strong> <strong>Diesterwegkeller<\/strong><\/p>\n<p>Der Zuspruch des Publikums im Diesterwegkeller war so gro\u00df, dass die R\u00e4umlichkeiten nicht ausreichten. Konzerte fanden u.a. in Kneipen, G\u00e4rten, in der Mannheimer Feuerwache, auf Schiffen und in der Stadtbibliothek statt.<\/p>\n<p><strong>1992<\/strong> Der <strong>Umbau im Diesterwegkeller<\/strong><\/p>\n<p>wurde durch das Engagement der Stadt Weinheim, des Stadtjugendrings, des Regierungspr\u00e4sidiums und sehr viel Eigenleistung m\u00f6glich. Die Eichbaumbrauerei finanzierte \u00fcber den Gastst\u00e4ttenkredit die Ausstattung, und es konnte ein Bank-Kredit aufgenommen werden.<\/p>\n<p><strong>1994<\/strong> <strong>Muddy\u2019s Club<\/strong><\/p>\n<p>nimmt sein kulturelles Leben als Blues &amp; Jazzclub und Soziokulturelles Zentrum auf, Namensgeber ist Muddy Waters.<\/p>\n<p><strong>1997<\/strong> <strong>Platz 2 der \u201eBest Blue Places<\/strong>\u201c<\/p>\n<p>Gew\u00e4hlt in Deutschland, German Club Contest der Blue Linie Connection<\/p>\n<p><strong>1999<\/strong> <strong>Platz 1\u00a0 im German Club Contest.<\/strong><\/p>\n<p>\u201eBest Blues &amp; Jazzclub\u201c in Deutschland. Eddie Palmieri \u00fcberbringt den Preis<\/p>\n<p><strong>2001<\/strong> <strong>Soziokulturelles Zentrum<\/strong><\/p>\n<p>Der Club wird in die Landesarbeitsgemeinschaft f\u00fcr Soziokulturelle Zentren und Kleinkunstb\u00fchnen aufgenommen und ist jetzt in der Lage Landesmittel zu erhalten.<\/p>\n<\/div><\/div><\/div><div class=\"fusion-layout-column fusion_builder_column fusion-builder-column-1 fusion_builder_column_1_3 1_3 fusion-flex-column\" style=\"--awb-bg-color:var(--awb-color3);--awb-bg-color-hover:var(--awb-color3);--awb-bg-size:cover;--awb-border-color:var(--awb-color3);--awb-border-top:5px;--awb-border-right:5px;--awb-border-bottom:5px;--awb-border-left:5px;--awb-border-style:solid;--awb-width-large:33.333333333333%;--awb-margin-top-large:0px;--awb-spacing-right-large:5.76%;--awb-margin-bottom-large:20px;--awb-spacing-left-large:5.76%;--awb-width-medium:33.333333333333%;--awb-order-medium:0;--awb-spacing-right-medium:5.76%;--awb-spacing-left-medium:5.76%;--awb-width-small:100%;--awb-order-small:0;--awb-spacing-right-small:1.92%;--awb-spacing-left-small:1.92%;\"><div class=\"fusion-column-wrapper fusion-column-has-shadow fusion-flex-justify-content-flex-start fusion-content-layout-column\"><div class=\"fusion-text fusion-text-2\"><h2>mehr \u00fcber den Muddy&#8217;s Club<\/h2>\n<\/div><div class=\"fusion-text fusion-text-3\"><ul>\n<li><span style=\"color: #000000;\"><strong><a style=\"color: #000000;\" href=\"https:\/\/wordpress.muddys-club.net\/index.php\/foerderung\/\">F\u00f6rderung<\/a><\/strong><\/span><\/li>\n<li><a href=\"https:\/\/wordpress.muddys-club.net\/index.php\/vorstand-und-referate\/\"><span style=\"color: #000000;\"><strong>Vorstand und Referate<\/strong><\/span><\/a><\/li>\n<li><a href=\"https:\/\/wordpress.muddys-club.net\/wp-content\/uploads\/2023\/01\/Neue-Satzung-Beschluss-MV-08.02.2012.pdf\"><strong>Satzung<\/strong><\/a><\/li>\n<li><strong><a href=\"https:\/\/wordpress.muddys-club.net\/wp-content\/uploads\/2023\/01\/Gescha\u0308ftsordnung-29.03.12-zur-Satzung-MV-08.02.12.pdf\">Gesch\u00e4ftsordnung<\/a><\/strong><\/li>\n<li><span style=\"color: #000000;\"><strong><a style=\"color: #000000;\" href=\"https:\/\/wordpress.muddys-club.net\/index.php\/anfahrt\/\">Anfahrt<\/a><\/strong><\/span><\/li>\n<li><a href=\"https:\/\/muddys-club.net\/wp-content\/uploads\/2023\/01\/Eintrittsformular-19.01.2023.pdf\"><span style=\"color: #000000;\"><strong>Mitglied werden<\/strong><\/span><\/a><\/li>\n<li><span style=\"color: #000000;\"><strong><a style=\"color: #000000;\" href=\"https:\/\/wordpress.muddys-club.net\/index.php\/newsletter-2\/\">Newsletter bestellen<\/a><\/strong><\/span><\/li>\n<li><a href=\"https:\/\/wordpress.muddys-club.net\/index.php\/archiv-2023\/\"><span style=\"color: #000000;\"><strong>Archiv<\/strong><\/span><\/a><\/li>\n<\/ul>\n<\/div><\/div><\/div><\/div><\/div><div class=\"fusion-fullwidth fullwidth-box fusion-builder-row-2 fusion-flex-container has-pattern-background has-mask-background nonhundred-percent-fullwidth non-hundred-percent-height-scrolling\" style=\"--awb-border-radius-top-left:0px;--awb-border-radius-top-right:0px;--awb-border-radius-bottom-right:0px;--awb-border-radius-bottom-left:0px;--awb-flex-wrap:wrap;\" ><div class=\"fusion-builder-row fusion-row fusion-flex-align-items-flex-start fusion-flex-content-wrap\" style=\"max-width:1040px;margin-left: calc(-4% \/ 2 );margin-right: calc(-4% \/ 2 );\"><\/div><\/div><\/p>\n","protected":false},"excerpt":{"rendered":"","protected":false},"author":8,"featured_media":0,"parent":0,"menu_order":0,"comment_status":"closed","ping_status":"closed","template":"100-width.php","meta":{"_acf_changed":false,"footnotes":""},"class_list":["post-550","page","type-page","status-publish","hentry"],"acf":[],"_links":{"self":[{"href":"https:\/\/muddys-club.net\/index.php\/wp-json\/wp\/v2\/pages\/550","targetHints":{"allow":["GET"]}}],"collection":[{"href":"https:\/\/muddys-club.net\/index.php\/wp-json\/wp\/v2\/pages"}],"about":[{"href":"https:\/\/muddys-club.net\/index.php\/wp-json\/wp\/v2\/types\/page"}],"author":[{"embeddable":true,"href":"https:\/\/muddys-club.net\/index.php\/wp-json\/wp\/v2\/users\/8"}],"replies":[{"embeddable":true,"href":"https:\/\/muddys-club.net\/index.php\/wp-json\/wp\/v2\/comments?post=550"}],"version-history":[{"count":3,"href":"https:\/\/muddys-club.net\/index.php\/wp-json\/wp\/v2\/pages\/550\/revisions"}],"predecessor-version":[{"id":630,"href":"https:\/\/muddys-club.net\/index.php\/wp-json\/wp\/v2\/pages\/550\/revisions\/630"}],"wp:attachment":[{"href":"https:\/\/muddys-club.net\/index.php\/wp-json\/wp\/v2\/media?parent=550"}],"curies":[{"name":"wp","href":"https:\/\/api.w.org\/{rel}","templated":true}]}}