{"id":509,"date":"2023-01-18T17:23:11","date_gmt":"2023-01-18T16:23:11","guid":{"rendered":"https:\/\/192.168.150.178\/?page_id=509"},"modified":"2023-01-22T15:18:59","modified_gmt":"2023-01-22T14:18:59","slug":"2023-03-13-layla-zoe","status":"publish","type":"page","link":"https:\/\/muddys-club.net\/index.php\/2023-03-13-layla-zoe\/","title":{"rendered":"2023-03-13 Layla Zoe"},"content":{"rendered":"<div class=\"fusion-fullwidth fullwidth-box fusion-builder-row-1 fusion-flex-container has-pattern-background has-mask-background nonhundred-percent-fullwidth non-hundred-percent-height-scrolling\" style=\"--awb-border-radius-top-left:0px;--awb-border-radius-top-right:0px;--awb-border-radius-bottom-right:0px;--awb-border-radius-bottom-left:0px;--awb-flex-wrap:wrap;\" ><div class=\"fusion-builder-row fusion-row fusion-flex-align-items-flex-start fusion-flex-content-wrap\" style=\"max-width:1040px;margin-left: calc(-4% \/ 2 );margin-right: calc(-4% \/ 2 );\"><div class=\"fusion-layout-column fusion_builder_column fusion-builder-column-0 fusion_builder_column_2_3 2_3 fusion-flex-column\" style=\"--awb-bg-size:cover;--awb-width-large:66.666666666667%;--awb-margin-top-large:0px;--awb-spacing-right-large:2.88%;--awb-margin-bottom-large:20px;--awb-spacing-left-large:2.88%;--awb-width-medium:66.666666666667%;--awb-order-medium:0;--awb-spacing-right-medium:2.88%;--awb-spacing-left-medium:2.88%;--awb-width-small:100%;--awb-order-small:0;--awb-spacing-right-small:1.92%;--awb-spacing-left-small:1.92%;\"><div class=\"fusion-column-wrapper fusion-column-has-shadow fusion-flex-justify-content-flex-start fusion-content-layout-column\"><div class=\"fusion-image-element \" style=\"--awb-caption-title-font-family:var(--h2_typography-font-family);--awb-caption-title-font-weight:var(--h2_typography-font-weight);--awb-caption-title-font-style:var(--h2_typography-font-style);--awb-caption-title-size:var(--h2_typography-font-size);--awb-caption-title-transform:var(--h2_typography-text-transform);--awb-caption-title-line-height:var(--h2_typography-line-height);--awb-caption-title-letter-spacing:var(--h2_typography-letter-spacing);\"><span class=\" fusion-imageframe imageframe-none imageframe-1 hover-type-none\"><img decoding=\"async\" width=\"800\" height=\"595\" title=\"Lyla zoe_HP_Neu\" src=\"https:\/\/wordpress.muddys-club.net\/wp-content\/uploads\/2023\/01\/Lyla-zoe_HP_Neu-800x595.jpg\" alt class=\"img-responsive wp-image-507\" srcset=\"https:\/\/muddys-club.net\/wp-content\/uploads\/2023\/01\/Lyla-zoe_HP_Neu-200x149.jpg 200w, https:\/\/muddys-club.net\/wp-content\/uploads\/2023\/01\/Lyla-zoe_HP_Neu-400x298.jpg 400w, https:\/\/muddys-club.net\/wp-content\/uploads\/2023\/01\/Lyla-zoe_HP_Neu-600x447.jpg 600w, https:\/\/muddys-club.net\/wp-content\/uploads\/2023\/01\/Lyla-zoe_HP_Neu-800x595.jpg 800w, https:\/\/muddys-club.net\/wp-content\/uploads\/2023\/01\/Lyla-zoe_HP_Neu-1200x893.jpg 1200w, https:\/\/muddys-club.net\/wp-content\/uploads\/2023\/01\/Lyla-zoe_HP_Neu.jpg 1697w\" sizes=\"(max-width: 640px) 100vw, 800px\" \/><\/span><\/div><\/div><\/div><div class=\"fusion-layout-column fusion_builder_column fusion-builder-column-1 fusion_builder_column_1_3 1_3 fusion-flex-column\" style=\"--awb-bg-size:cover;--awb-width-large:33.333333333333%;--awb-margin-top-large:0px;--awb-spacing-right-large:5.76%;--awb-margin-bottom-large:20px;--awb-spacing-left-large:5.76%;--awb-width-medium:33.333333333333%;--awb-order-medium:0;--awb-spacing-right-medium:5.76%;--awb-spacing-left-medium:5.76%;--awb-width-small:100%;--awb-order-small:0;--awb-spacing-right-small:1.92%;--awb-spacing-left-small:1.92%;\"><div class=\"fusion-column-wrapper fusion-column-has-shadow fusion-flex-justify-content-flex-start fusion-content-layout-column\"><div class=\"fusion-text fusion-text-1\"><h1>Layla Zoe<\/h1>\n<\/div><div class=\"fusion-text fusion-text-2\"><h2>Montag 13. M\u00e4rz 2023<\/h2>\n<h5>Konzertbeginn 20.30 Uhr<\/h5>\n<p><span style=\"color: var(--awb-text-color); font-family: var(--awb-text-font-family); font-size: var(--awb-font-size); font-style: var(--awb-text-font-style); font-weight: var(--awb-text-font-weight); letter-spacing: var(--awb-letter-spacing); text-align: var(--awb-content-alignment); text-transform: var(--awb-text-transform); background-color: var(--awb-bg-color);\">Einlass 19.30 Uhr in Muddy&#8217;s Club<\/span><\/p>\n<\/div><div class=\"fusion-text fusion-text-3\"><h5>Eintritt<\/h5>\n<p>Normal: 24 \u20ac<br \/>\n<span style=\"color: var(--awb-text-color); font-family: var(--awb-text-font-family); font-size: var(--awb-font-size); font-style: var(--awb-text-font-style); letter-spacing: var(--awb-letter-spacing); text-align: var(--awb-content-alignment); text-transform: var(--awb-text-transform); background-color: var(--awb-bg-color);\">Erm\u00e4ssigt: 20 \u20ac<br \/>\n<\/span>Mitglieder: 18 \u20ac<br \/>\nSch\u00fcler: 12 \u20ac<\/p>\n<\/div><div class=\"fusion-separator fusion-full-width-sep\" style=\"align-self: center;margin-left: auto;margin-right: auto;margin-top:30px;margin-bottom:0px;width:100%;\"><\/div><div ><a class=\"fusion-button button-flat fusion-button-default-size button-custom fusion-button-default button-1 fusion-button-default-span fusion-button-default-type fusion-has-button-gradient\" style=\"--button_accent_color:var(--awb-color1);--button_accent_hover_color:var(--awb-color1);--button_border_hover_color:var(--awb-color1);--button_gradient_top_color:var(--awb-custom_color_1);--button_gradient_bottom_color:var(--awb-custom_color_1);--button_gradient_top_color_hover:var(--awb-custom_color_1);--button_gradient_bottom_color_hover:hsla(var(--awb-color5-h),calc(var(--awb-color5-s) - 5%),calc(var(--awb-color5-l) - 10%),var(--awb-color5-a));\" target=\"_blank\" rel=\"noopener noreferrer\" href=\"https:\/\/manage.muddys-club.net\/public\/reservation\/2023-03-13-laylazoe\"><span class=\"fusion-button-text awb-button__text awb-button__text--default\">Karten Reservieren<\/span><\/a><\/div><\/div><\/div><div class=\"fusion-layout-column fusion_builder_column fusion-builder-column-2 fusion_builder_column_4_5 4_5 fusion-flex-column\" style=\"--awb-bg-size:cover;--awb-width-large:80%;--awb-margin-top-large:0px;--awb-spacing-right-large:2.4%;--awb-margin-bottom-large:20px;--awb-spacing-left-large:2.4%;--awb-width-medium:80%;--awb-order-medium:0;--awb-spacing-right-medium:2.4%;--awb-spacing-left-medium:2.4%;--awb-width-small:100%;--awb-order-small:0;--awb-spacing-right-small:1.92%;--awb-spacing-left-small:1.92%;\"><div class=\"fusion-column-wrapper fusion-column-has-shadow fusion-flex-justify-content-flex-start fusion-content-layout-column\"><div class=\"fusion-text fusion-text-4\"><p class=\"p1\">Gebt Layla Zoe eine B\u00fchne und sie wird euch Magie zeigen. In einer Welt voller Choreographien und Autotune ist sie eine K\u00fcnstlerin, die es auf die altmodische Art macht: Sie gr\u00e4bt tief, beschw\u00f6rt eine Rauch-und-Whisky-Stimme herauf, l\u00e4sst alles auf der B\u00fchne stehen und schickt ihre atemlosen Fans in die Nacht hinaus, um es weiterzusagen. &#8220;F\u00fcr mich&#8221;, sagt Layla, &#8220;gibt es nichts Befriedigenderes, als mit meiner Band auf der B\u00fchne zu stehen und den Fans durch die Musik mein Herz zu schenken. Ich schreibe gerne Songs, ich genie\u00dfe es, im Studio zu sein, aber die Live-Shows sind der Grund, warum ich meinen Job so sehr liebe.&#8221;<\/p>\n<p class=\"p2\">2022 schlie\u00dflich, zehn Jahre nach ihrer Zusammenarbeit am Album &#8220;The Lily&#8221;, kamen Layla Zoe und Henrik Freischlader wieder zusammen, um Laylas neuestes Album &#8220;The World Could Change&#8221; zu schreiben und aufzunehmen, aufgenommen in den Megaphon Ton Studios in Arnsberg, Deutschland, von Martin Meinschaefer. Das &#8216;Dreamteam&#8217; hat es wieder geschafft, mit wundersch\u00f6nen Balladen, Bluesrock und Gospel.<span class=\"Apple-converted-space\">\u00a0\u00a0<\/span>Die gesamte Musik und Instrumentierung (mit Ausnahme von Moritz Fuhrhop an der Hammondorgel) wurde von Henrik Freischlader geschrieben und gespielt und alle Texte und der Gesang von Layla Zoe geschrieben und gesungen. Dieses Album handelt von Schmerz, Politik, Liebe und Mut. Dieses Album ist all jenen gewidmet, die f\u00fcr die Freiheit einstehen und sollte nicht verpasst werden. Das offizielle Ver\u00f6ffentlichungsdatum war der 11. November 2022 auf Cable Car Records.<\/p>\n<p class=\"p2\">&#8220;Layla Zoe pr\u00e4sentiert eine bemerkenswerte stimmliche Leistung, sie ist eine der wenigen S\u00e4ngerinnen, die ihr komplettes Seelenleben durch ihre Songs transportieren kann. Vom leisen Fl\u00fcstern bis zum totalen Ausbruch legt sie einfach alles in ihre Songs. Wer handgemachte, ehrliche und gef\u00fchlvolle Rockmusik mag, wird dieses Album lieben.&#8221; &#8211; Darkstars.de (Deutschland)<\/p>\n<p class=\"p2\">The World Could Change&#8221; zeigt Zoes vielseitiges Talent als stimmlicher Dynamo, der hemmungslos alles vermitteln kann, was ein Song verlangt. Diese K\u00fcnstlerin und dieses Album sind es wert, geh\u00f6rt zu werden.&#8221; &#8211; Sandra B. Tooze (Toronto Blues Society)<\/p>\n<p class=\"p2\">Layla ist auf einigen der gr\u00f6\u00dften Blues-, Jazz- und Folk-Festivals der Welt aufgetreten, hat bis heute dreizehn Alben ver\u00f6ffentlicht, stand mit einigen der gr\u00f6\u00dften Blues-Legenden unserer Zeit auf der B\u00fchne und beeindruckt weiterhin das Publikum auf der ganzen Welt mit ihrer bescheidenen, aber leidenschaftlichen Pers\u00f6nlichkeit und B\u00fchnenpr\u00e4senz.<\/p>\n<p class=\"p2\">PAUL JOBSON am Bass und an den Tasten und FELIX DEHMEL am Schlagzeug und an den Percussions vervollst\u00e4ndigen das Line-up.<\/p>\n<p class=\"p2\">Mit mehr als 20 Jahren Erfahrung auf internationalen Tourneen ist Paul Jobson kein Unbekannter im Musikgesch\u00e4ft und hat mit einigen der besten Soulmusiker der Welt gespielt, wie Chaka Khan, Leroy Hutson, The Brand New Heavies, Hamish Stuart, Madeline Bell, The Emotions, Ann Sexton, The Impressions, Eban Brown&#8217;s Stylistics, Zigaboo Modeliste, Robben Ford, Ben E King, Kirk Fletcher und vielen anderen. Paul hat sich auf Vintage Soul \/ Funk \/ Blues \/ Jazz spezialisiert, wurde bei der Blues Matters Magazine Writers Poll zu einem der Top 3 Keyboarder gew\u00e4hlt und war dreimal f\u00fcr einen British Blues Award nominiert.<\/p>\n<p class=\"p2\">Felix Dehmel ist ein professioneller Schlagzeuger aus Hamburg, der sich in ganz Europa einen Namen gemacht hat und mit Marcus Deml, Dan Patlansky, Vladyslav Sendecki, Gary Campbell, Marshall Keys, Rocket Men, The Blue Poets, Leon Gurvitch, Omar Rodriguez Calvo, San Glaser, Ingolf Burkhardt und Stu Hamm aufgetreten ist bzw. aufgenommen hat, um nur einige zu nennen.<\/p>\n<p class=\"p2\">Um das Ganze abzurunden, hat Layla den Blues-Gitarristen KRISSY MATTHEWS rekrutiert, der das Line-up der Band 2023 anf\u00fchren wird:<\/p>\n<p class=\"p2\">Krissy Matthews ist ein neuer, junger, frischer und lebendiger Blues-Spieler, der die Grenzen \u00fcberschreitet und eine neue Landschaft des Bluesrock-Genres schafft.<span class=\"Apple-converted-space\">\u00a0\u00a0<\/span>Sein Spiel strahlt Farben aus, die schon immer da waren, aber noch nie gesehen wurden.<span class=\"Apple-converted-space\">\u00a0\u00a0<\/span>Seine Notenwahl, sein Ton und sein rhythmisches K\u00f6nnen sind nichts weniger als die eines Virtuosen.<span class=\"Apple-converted-space\">\u00a0\u00a0<\/span>Ob als Frontmann seiner eigenen Band oder in seinem festen Job als Leadgitarrist der Hamburg Blues Band &#8211; Krissy Matthews ist der Mozart der Bluesgitarre und macht Joe Bonamassa jeden Tag das Leben schwer.<\/p>\n<p class=\"p2\">Wenn man Krissy Matthews mit der preisgekr\u00f6nten, gutturalen Blues-Croonerin Layla Zoe zusammenbringt, hat man nichts weniger als die Spitze des Genres auf einer einzigen B\u00fchne.<\/p>\n<\/div><div class=\"fusion-separator fusion-full-width-sep\" style=\"align-self: center;margin-left: auto;margin-right: auto;width:100%;\"><div class=\"fusion-separator-border sep-double\" style=\"--awb-height:20px;--awb-amount:20px;border-color:var(--awb-color3);border-top-width:1px;border-bottom-width:1px;\"><\/div><\/div><div class=\"fusion-video fusion-youtube\" style=\"--awb-max-width:750px;--awb-max-height:422px;\"><div class=\"video-shortcode\"><div class=\"fluid-width-video-wrapper\" style=\"padding-top:56.27%;\" ><iframe title=\"YouTube video player 1\" src=\"https:\/\/www.youtube.com\/embed\/e8_nFst34OA?wmode=transparent&autoplay=0\" width=\"750\" height=\"422\" allowfullscreen allow=\"autoplay; clipboard-write; encrypted-media; gyroscope; picture-in-picture;\"><\/iframe><\/div><\/div><\/div><div class=\"fusion-separator fusion-full-width-sep\" style=\"align-self: center;margin-left: auto;margin-right: auto;width:100%;\"><div class=\"fusion-separator-border sep-double\" style=\"--awb-height:20px;--awb-amount:20px;border-color:var(--awb-color3);border-top-width:1px;border-bottom-width:1px;\"><\/div><\/div><div class=\"fusion-video fusion-youtube\" style=\"--awb-max-width:750px;--awb-max-height:422px;--awb-margin-top:20px;\"><div class=\"video-shortcode\"><div class=\"fluid-width-video-wrapper\" style=\"padding-top:56.27%;\" ><iframe title=\"YouTube video player 2\" src=\"https:\/\/www.youtube.com\/embed\/sT2nyAH7m24?wmode=transparent&autoplay=0\" width=\"750\" height=\"422\" allowfullscreen allow=\"autoplay; clipboard-write; encrypted-media; gyroscope; picture-in-picture;\"><\/iframe><\/div><\/div><\/div><div class=\"fusion-video fusion-youtube\" style=\"--awb-max-width:750px;--awb-max-height:422px;--awb-margin-top:20px;\"><div class=\"video-shortcode\"><div class=\"fluid-width-video-wrapper\" style=\"padding-top:56.27%;\" ><iframe title=\"YouTube video player 3\" src=\"https:\/\/www.youtube.com\/embed\/AsNlvV8LfaU?wmode=transparent&autoplay=0\" width=\"750\" height=\"422\" allowfullscreen allow=\"autoplay; clipboard-write; encrypted-media; gyroscope; picture-in-picture;\"><\/iframe><\/div><\/div><\/div><div class=\"fusion-separator fusion-full-width-sep\" style=\"align-self: center;margin-left: auto;margin-right: auto;width:100%;\"><div class=\"fusion-separator-border sep-double\" style=\"--awb-height:20px;--awb-amount:20px;border-color:var(--awb-color3);border-top-width:1px;border-bottom-width:1px;\"><\/div><\/div><\/div><\/div><div class=\"fusion-layout-column fusion_builder_column fusion-builder-column-3 fusion_builder_column_1_1 1_1 fusion-flex-column\" style=\"--awb-bg-size:cover;--awb-width-large:100%;--awb-margin-top-large:0px;--awb-spacing-right-large:1.92%;--awb-margin-bottom-large:20px;--awb-spacing-left-large:1.92%;--awb-width-medium:100%;--awb-order-medium:0;--awb-spacing-right-medium:1.92%;--awb-spacing-left-medium:1.92%;--awb-width-small:100%;--awb-order-small:0;--awb-spacing-right-small:1.92%;--awb-spacing-left-small:1.92%;\"><div class=\"fusion-column-wrapper fusion-column-has-shadow fusion-flex-justify-content-flex-start fusion-content-layout-column\"><\/div><\/div><\/div><\/div>\n","protected":false},"excerpt":{"rendered":"","protected":false},"author":8,"featured_media":0,"parent":0,"menu_order":0,"comment_status":"closed","ping_status":"closed","template":"100-width.php","meta":{"_acf_changed":false,"footnotes":""},"class_list":["post-509","page","type-page","status-publish","hentry"],"acf":[],"_links":{"self":[{"href":"https:\/\/muddys-club.net\/index.php\/wp-json\/wp\/v2\/pages\/509","targetHints":{"allow":["GET"]}}],"collection":[{"href":"https:\/\/muddys-club.net\/index.php\/wp-json\/wp\/v2\/pages"}],"about":[{"href":"https:\/\/muddys-club.net\/index.php\/wp-json\/wp\/v2\/types\/page"}],"author":[{"embeddable":true,"href":"https:\/\/muddys-club.net\/index.php\/wp-json\/wp\/v2\/users\/8"}],"replies":[{"embeddable":true,"href":"https:\/\/muddys-club.net\/index.php\/wp-json\/wp\/v2\/comments?post=509"}],"version-history":[{"count":10,"href":"https:\/\/muddys-club.net\/index.php\/wp-json\/wp\/v2\/pages\/509\/revisions"}],"predecessor-version":[{"id":625,"href":"https:\/\/muddys-club.net\/index.php\/wp-json\/wp\/v2\/pages\/509\/revisions\/625"}],"wp:attachment":[{"href":"https:\/\/muddys-club.net\/index.php\/wp-json\/wp\/v2\/media?parent=509"}],"curies":[{"name":"wp","href":"https:\/\/api.w.org\/{rel}","templated":true}]}}