{"id":494,"date":"2023-01-18T17:04:02","date_gmt":"2023-01-18T16:04:02","guid":{"rendered":"https:\/\/192.168.150.178\/?page_id=494"},"modified":"2023-01-18T20:55:31","modified_gmt":"2023-01-18T19:55:31","slug":"2023-03-03-jochen-volpert-band","status":"publish","type":"page","link":"https:\/\/muddys-club.net\/index.php\/2023-03-03-jochen-volpert-band\/","title":{"rendered":"2023-03-03 Jochen Volpert Band"},"content":{"rendered":"<div class=\"fusion-fullwidth fullwidth-box fusion-builder-row-1 fusion-flex-container has-pattern-background has-mask-background nonhundred-percent-fullwidth non-hundred-percent-height-scrolling\" style=\"--awb-border-radius-top-left:0px;--awb-border-radius-top-right:0px;--awb-border-radius-bottom-right:0px;--awb-border-radius-bottom-left:0px;--awb-flex-wrap:wrap;\" ><div class=\"fusion-builder-row fusion-row fusion-flex-align-items-flex-start fusion-flex-content-wrap\" style=\"max-width:1040px;margin-left: calc(-4% \/ 2 );margin-right: calc(-4% \/ 2 );\"><div class=\"fusion-layout-column fusion_builder_column fusion-builder-column-0 fusion_builder_column_2_3 2_3 fusion-flex-column\" style=\"--awb-bg-size:cover;--awb-width-large:66.666666666667%;--awb-margin-top-large:0px;--awb-spacing-right-large:2.88%;--awb-margin-bottom-large:20px;--awb-spacing-left-large:2.88%;--awb-width-medium:66.666666666667%;--awb-order-medium:0;--awb-spacing-right-medium:2.88%;--awb-spacing-left-medium:2.88%;--awb-width-small:100%;--awb-order-small:0;--awb-spacing-right-small:1.92%;--awb-spacing-left-small:1.92%;\"><div class=\"fusion-column-wrapper fusion-column-has-shadow fusion-flex-justify-content-flex-start fusion-content-layout-column\"><div class=\"fusion-image-element \" style=\"--awb-caption-title-font-family:var(--h2_typography-font-family);--awb-caption-title-font-weight:var(--h2_typography-font-weight);--awb-caption-title-font-style:var(--h2_typography-font-style);--awb-caption-title-size:var(--h2_typography-font-size);--awb-caption-title-transform:var(--h2_typography-text-transform);--awb-caption-title-line-height:var(--h2_typography-line-height);--awb-caption-title-letter-spacing:var(--h2_typography-letter-spacing);\"><span class=\" fusion-imageframe imageframe-none imageframe-1 hover-type-none\"><img decoding=\"async\" width=\"800\" height=\"635\" title=\"Jochen Volpert_HP_neu\" src=\"https:\/\/wordpress.muddys-club.net\/wp-content\/uploads\/2023\/01\/Jochen-Volpert_HP_neu.jpg\" alt class=\"img-responsive wp-image-498\" srcset=\"https:\/\/muddys-club.net\/wp-content\/uploads\/2023\/01\/Jochen-Volpert_HP_neu-200x159.jpg 200w, https:\/\/muddys-club.net\/wp-content\/uploads\/2023\/01\/Jochen-Volpert_HP_neu-400x318.jpg 400w, https:\/\/muddys-club.net\/wp-content\/uploads\/2023\/01\/Jochen-Volpert_HP_neu-600x476.jpg 600w, https:\/\/muddys-club.net\/wp-content\/uploads\/2023\/01\/Jochen-Volpert_HP_neu.jpg 800w\" sizes=\"(max-width: 640px) 100vw, 800px\" \/><\/span><\/div><\/div><\/div><div class=\"fusion-layout-column fusion_builder_column fusion-builder-column-1 fusion_builder_column_1_3 1_3 fusion-flex-column\" style=\"--awb-bg-size:cover;--awb-width-large:33.333333333333%;--awb-margin-top-large:0px;--awb-spacing-right-large:5.76%;--awb-margin-bottom-large:20px;--awb-spacing-left-large:5.76%;--awb-width-medium:33.333333333333%;--awb-order-medium:0;--awb-spacing-right-medium:5.76%;--awb-spacing-left-medium:5.76%;--awb-width-small:100%;--awb-order-small:0;--awb-spacing-right-small:1.92%;--awb-spacing-left-small:1.92%;\"><div class=\"fusion-column-wrapper fusion-column-has-shadow fusion-flex-justify-content-flex-start fusion-content-layout-column\"><div class=\"fusion-text fusion-text-1\"><h1>Jochen Volpert Band<\/h1>\n<\/div><div class=\"fusion-text fusion-text-2\"><h2>Freitag 3. M\u00e4rz 2023<\/h2>\n<h5>Konzertbeginn 20.30 Uhr<\/h5>\n<p><span style=\"color: var(--awb-text-color); font-family: var(--awb-text-font-family); font-size: var(--awb-font-size); font-style: var(--awb-text-font-style); font-weight: var(--awb-text-font-weight); letter-spacing: var(--awb-letter-spacing); text-align: var(--awb-content-alignment); text-transform: var(--awb-text-transform); background-color: var(--awb-bg-color);\">Einlass 19.30 Uhr in Muddy&#8217;s Club<\/span><\/p>\n<\/div><div class=\"fusion-text fusion-text-3\"><h5>Eintritt<\/h5>\n<p>Normal: 20 \u20ac<br \/>\n<span style=\"color: var(--awb-text-color); font-family: var(--awb-text-font-family); font-size: var(--awb-font-size); font-style: var(--awb-text-font-style); letter-spacing: var(--awb-letter-spacing); text-align: var(--awb-content-alignment); text-transform: var(--awb-text-transform); background-color: var(--awb-bg-color);\">Erm\u00e4ssigt: 18 \u20ac<br \/>\n<\/span>Mitglieder: 16 \u20ac<br \/>\nSch\u00fcler: 11 \u20ac<\/p>\n<\/div><div class=\"fusion-separator fusion-full-width-sep\" style=\"align-self: center;margin-left: auto;margin-right: auto;margin-top:30px;margin-bottom:0px;width:100%;\"><\/div><div ><a class=\"fusion-button button-flat fusion-button-default-size button-custom fusion-button-default button-1 fusion-button-default-span fusion-button-default-type fusion-has-button-gradient\" style=\"--button_accent_color:var(--awb-color1);--button_accent_hover_color:var(--awb-color1);--button_border_hover_color:var(--awb-color1);--button_gradient_top_color:var(--awb-custom_color_1);--button_gradient_bottom_color:var(--awb-custom_color_1);--button_gradient_top_color_hover:var(--awb-custom_color_1);--button_gradient_bottom_color_hover:hsla(var(--awb-color5-h),calc(var(--awb-color5-s) - 5%),calc(var(--awb-color5-l) - 10%),var(--awb-color5-a));\" target=\"_blank\" rel=\"noopener noreferrer\" href=\"https:\/\/manage.muddys-club.net\/public\/reservation\/2023-03-03-jochenvolpert\"><span class=\"fusion-button-text awb-button__text awb-button__text--default\">Karten Reservieren<\/span><\/a><\/div><\/div><\/div><div class=\"fusion-layout-column fusion_builder_column fusion-builder-column-2 fusion_builder_column_4_5 4_5 fusion-flex-column\" style=\"--awb-bg-size:cover;--awb-width-large:80%;--awb-margin-top-large:0px;--awb-spacing-right-large:2.4%;--awb-margin-bottom-large:20px;--awb-spacing-left-large:2.4%;--awb-width-medium:80%;--awb-order-medium:0;--awb-spacing-right-medium:2.4%;--awb-spacing-left-medium:2.4%;--awb-width-small:100%;--awb-order-small:0;--awb-spacing-right-small:1.92%;--awb-spacing-left-small:1.92%;\"><div class=\"fusion-column-wrapper fusion-column-has-shadow fusion-flex-justify-content-flex-start fusion-content-layout-column\"><div class=\"fusion-text fusion-text-4\"><p class=\"p1\">Bereits seit \u00fcber 40 Jahren spielt Jochen Volpert Gitarre. Live- und Studioprojekte haben seine wiedererkennbare Spieltechnik und seine kreativen F\u00e4higkeiten am Instrument gepr\u00e4gt. Dank seiner Umtriebigkeit in verschiedenen Band-Konstellationen aus dem Blues-, Rock-, Jazz- und Country-Bereich, hat er sich zwischenzeitlich in der Gitarristenszene einen hohen Bekanntheitsgrad erspielt und wird deutschlandweit von einer gro\u00dfen Fangemeinschaft unterst\u00fctzt.<\/p>\n<p class=\"p3\"><span class=\"s1\">Nach den Erfahrungen seiner CD-Live-Projekte \u201ethieme.volpert. \u2013 Sands of Time\u201c (2010), \u201eSession 50.1\u201c (2013) und \u201eSession 52.2\u201c (2015), sowie den Studioproduktion \u201eSplit Personality\u201c (2017) und &#8220;Mister X&#8221; (2020) mit eigenem Songmaterial von ihm und seiner Ehefrau Carola Thieme, ver\u00f6ffentlichte er seine Instrumental-Alben-Trilogie &#8220;SIX&#8221; (2020), &#8220;SEVEN&#8221; (2021) und &#8220;EIGHT&#8221; (2022).<\/span><\/p>\n<p class=\"p3\"><span class=\"s1\">Begleitet von hochkar\u00e4tigen Musikern, die seine Leidenschaft f\u00fcr anspruchsvolle Live-Konzertauftritte mit viel Raum f\u00fcr Improvisation teilen, ist er nun live on stage mit seinem \u201eBest-of&#8221; Progamm zu erleben. Die au\u00dfergew\u00f6hnliche Stimme und die kreativen Vocal-Exkursionen von Carola Thieme unterstreichen dabei den eigenst\u00e4ndigen Bandsound.<\/span><\/p>\n<p class=\"p3\"><span class=\"s1\">Wer ihn schon einmal auf der B\u00fchne erlebt hat, wei\u00df: Jochen Volpert ist ein absoluter Freigeist an der Gitarre \u2013 immer offen und flexibel f\u00fcr Neues und Altes, f\u00fcr Experimentelles sowie bereits Bew\u00e4hrtes. Genau das macht seinen vielseitigen und eigenst\u00e4ndigen Sound aus und begeistert nicht nur Gitarrenliebhaber. Dabei bildet der Blues die Basis all seiner Ausdruckform.<\/span><\/p>\n<p><strong>Jochen Volpert &#8211; Guitar<\/strong><br \/>\n<strong>Carola Thieme &#8211; Vocals\/A-Guitar\/Percussion<\/strong><br \/>\n<strong>Johannes B\u00f6hm &#8211; Bass<\/strong><br \/>\n<strong>Stefan Sch\u00f6n &#8211; Drums\/Cajon<\/strong><\/p>\n<p class=\"p3\"><span class=\"s1\">Noch mehr unter: <a href=\"http:\/\/www.jochenvolpert.de\">www.jochenvolpert.de<\/a><\/span><\/p>\n<\/div><div class=\"fusion-separator fusion-full-width-sep\" style=\"align-self: center;margin-left: auto;margin-right: auto;width:100%;\"><div class=\"fusion-separator-border sep-double\" style=\"--awb-height:20px;--awb-amount:20px;border-color:var(--awb-color3);border-top-width:1px;border-bottom-width:1px;\"><\/div><\/div><div class=\"fusion-video fusion-youtube\" style=\"--awb-max-width:750px;--awb-max-height:422px;\"><div class=\"video-shortcode\"><div class=\"fluid-width-video-wrapper\" style=\"padding-top:56.27%;\" ><iframe title=\"YouTube video player 1\" src=\"https:\/\/www.youtube.com\/embed\/HFDlMDGz21I?wmode=transparent&autoplay=0\" width=\"750\" height=\"422\" allowfullscreen allow=\"autoplay; clipboard-write; encrypted-media; gyroscope; picture-in-picture;\"><\/iframe><\/div><\/div><\/div><div class=\"fusion-separator fusion-full-width-sep\" style=\"align-self: center;margin-left: auto;margin-right: auto;width:100%;\"><div class=\"fusion-separator-border sep-double\" style=\"--awb-height:20px;--awb-amount:20px;border-color:var(--awb-color3);border-top-width:1px;border-bottom-width:1px;\"><\/div><\/div><div class=\"fusion-video fusion-youtube\" style=\"--awb-max-width:750px;--awb-max-height:422px;\"><div class=\"video-shortcode\"><div class=\"fluid-width-video-wrapper\" style=\"padding-top:56.27%;\" ><iframe title=\"YouTube video player 2\" src=\"https:\/\/www.youtube.com\/embed\/h_PuJJxOvdU?wmode=transparent&autoplay=0\" width=\"750\" height=\"422\" allowfullscreen allow=\"autoplay; clipboard-write; encrypted-media; gyroscope; picture-in-picture;\"><\/iframe><\/div><\/div><\/div><\/div><\/div><div class=\"fusion-layout-column fusion_builder_column fusion-builder-column-3 fusion_builder_column_1_1 1_1 fusion-flex-column\" style=\"--awb-bg-size:cover;--awb-width-large:100%;--awb-margin-top-large:0px;--awb-spacing-right-large:1.92%;--awb-margin-bottom-large:20px;--awb-spacing-left-large:1.92%;--awb-width-medium:100%;--awb-order-medium:0;--awb-spacing-right-medium:1.92%;--awb-spacing-left-medium:1.92%;--awb-width-small:100%;--awb-order-small:0;--awb-spacing-right-small:1.92%;--awb-spacing-left-small:1.92%;\"><div class=\"fusion-column-wrapper fusion-column-has-shadow fusion-flex-justify-content-flex-start fusion-content-layout-column\"><div class=\"fusion-separator fusion-full-width-sep\" style=\"align-self: center;margin-left: auto;margin-right: auto;margin-top:15px;margin-bottom:15px;width:100%;\"><div class=\"fusion-separator-border sep-single sep-solid\" style=\"--awb-height:20px;--awb-amount:20px;border-color:var(--awb-color3);border-top-width:1px;\"><\/div><\/div><\/div><\/div><\/div><\/div>\n","protected":false},"excerpt":{"rendered":"","protected":false},"author":8,"featured_media":0,"parent":0,"menu_order":0,"comment_status":"closed","ping_status":"closed","template":"100-width.php","meta":{"_acf_changed":false,"footnotes":""},"class_list":["post-494","page","type-page","status-publish","hentry"],"acf":[],"_links":{"self":[{"href":"https:\/\/muddys-club.net\/index.php\/wp-json\/wp\/v2\/pages\/494","targetHints":{"allow":["GET"]}}],"collection":[{"href":"https:\/\/muddys-club.net\/index.php\/wp-json\/wp\/v2\/pages"}],"about":[{"href":"https:\/\/muddys-club.net\/index.php\/wp-json\/wp\/v2\/types\/page"}],"author":[{"embeddable":true,"href":"https:\/\/muddys-club.net\/index.php\/wp-json\/wp\/v2\/users\/8"}],"replies":[{"embeddable":true,"href":"https:\/\/muddys-club.net\/index.php\/wp-json\/wp\/v2\/comments?post=494"}],"version-history":[{"count":6,"href":"https:\/\/muddys-club.net\/index.php\/wp-json\/wp\/v2\/pages\/494\/revisions"}],"predecessor-version":[{"id":547,"href":"https:\/\/muddys-club.net\/index.php\/wp-json\/wp\/v2\/pages\/494\/revisions\/547"}],"wp:attachment":[{"href":"https:\/\/muddys-club.net\/index.php\/wp-json\/wp\/v2\/media?parent=494"}],"curies":[{"name":"wp","href":"https:\/\/api.w.org\/{rel}","templated":true}]}}