{"id":478,"date":"2023-01-18T16:15:21","date_gmt":"2023-01-18T15:15:21","guid":{"rendered":"https:\/\/192.168.150.178\/?page_id=478"},"modified":"2023-01-18T20:52:13","modified_gmt":"2023-01-18T19:52:13","slug":"2023-02-27-scott-henderson-trio","status":"publish","type":"page","link":"https:\/\/muddys-club.net\/index.php\/2023-02-27-scott-henderson-trio\/","title":{"rendered":"2023-02-27 Scott Henderson Trio"},"content":{"rendered":"<div class=\"fusion-fullwidth fullwidth-box fusion-builder-row-1 fusion-flex-container has-pattern-background has-mask-background nonhundred-percent-fullwidth non-hundred-percent-height-scrolling\" style=\"--awb-border-radius-top-left:0px;--awb-border-radius-top-right:0px;--awb-border-radius-bottom-right:0px;--awb-border-radius-bottom-left:0px;--awb-flex-wrap:wrap;\" ><div class=\"fusion-builder-row fusion-row fusion-flex-align-items-flex-start fusion-flex-content-wrap\" style=\"max-width:1040px;margin-left: calc(-4% \/ 2 );margin-right: calc(-4% \/ 2 );\"><div class=\"fusion-layout-column fusion_builder_column fusion-builder-column-0 fusion_builder_column_2_3 2_3 fusion-flex-column\" style=\"--awb-bg-size:cover;--awb-width-large:66.666666666667%;--awb-margin-top-large:0px;--awb-spacing-right-large:2.88%;--awb-margin-bottom-large:20px;--awb-spacing-left-large:2.88%;--awb-width-medium:66.666666666667%;--awb-order-medium:0;--awb-spacing-right-medium:2.88%;--awb-spacing-left-medium:2.88%;--awb-width-small:100%;--awb-order-small:0;--awb-spacing-right-small:1.92%;--awb-spacing-left-small:1.92%;\"><div class=\"fusion-column-wrapper fusion-column-has-shadow fusion-flex-justify-content-flex-start fusion-content-layout-column\"><div class=\"fusion-image-element \" style=\"--awb-caption-title-font-family:var(--h2_typography-font-family);--awb-caption-title-font-weight:var(--h2_typography-font-weight);--awb-caption-title-font-style:var(--h2_typography-font-style);--awb-caption-title-size:var(--h2_typography-font-size);--awb-caption-title-transform:var(--h2_typography-text-transform);--awb-caption-title-line-height:var(--h2_typography-line-height);--awb-caption-title-letter-spacing:var(--h2_typography-letter-spacing);\"><span class=\" fusion-imageframe imageframe-none imageframe-1 hover-type-none\"><img decoding=\"async\" width=\"800\" height=\"614\" title=\"henderson01_HP\" src=\"https:\/\/wordpress.muddys-club.net\/wp-content\/uploads\/2023\/01\/henderson01_HP-800x614.jpg\" alt class=\"img-responsive wp-image-474\" srcset=\"https:\/\/muddys-club.net\/wp-content\/uploads\/2023\/01\/henderson01_HP-200x154.jpg 200w, https:\/\/muddys-club.net\/wp-content\/uploads\/2023\/01\/henderson01_HP-400x307.jpg 400w, https:\/\/muddys-club.net\/wp-content\/uploads\/2023\/01\/henderson01_HP-600x461.jpg 600w, https:\/\/muddys-club.net\/wp-content\/uploads\/2023\/01\/henderson01_HP-800x614.jpg 800w, https:\/\/muddys-club.net\/wp-content\/uploads\/2023\/01\/henderson01_HP.jpg 869w\" sizes=\"(max-width: 640px) 100vw, 800px\" \/><\/span><\/div><\/div><\/div><div class=\"fusion-layout-column fusion_builder_column fusion-builder-column-1 fusion_builder_column_1_3 1_3 fusion-flex-column\" style=\"--awb-bg-size:cover;--awb-width-large:33.333333333333%;--awb-margin-top-large:0px;--awb-spacing-right-large:5.76%;--awb-margin-bottom-large:20px;--awb-spacing-left-large:5.76%;--awb-width-medium:33.333333333333%;--awb-order-medium:0;--awb-spacing-right-medium:5.76%;--awb-spacing-left-medium:5.76%;--awb-width-small:100%;--awb-order-small:0;--awb-spacing-right-small:1.92%;--awb-spacing-left-small:1.92%;\"><div class=\"fusion-column-wrapper fusion-column-has-shadow fusion-flex-justify-content-flex-start fusion-content-layout-column\"><div class=\"fusion-text fusion-text-1\"><h1>Scott Henderson Trio<\/h1>\n<\/div><div class=\"fusion-text fusion-text-2\"><h2>Montag 27. Februar 2023<\/h2>\n<h5>Konzertbeginn 20.30 Uhr<\/h5>\n<p><span style=\"color: var(--awb-text-color); font-family: var(--awb-text-font-family); font-size: var(--awb-font-size); font-style: var(--awb-text-font-style); font-weight: var(--awb-text-font-weight); letter-spacing: var(--awb-letter-spacing); text-align: var(--awb-content-alignment); text-transform: var(--awb-text-transform); background-color: var(--awb-bg-color);\">Einlass 19.30 Uhr in Muddy&#8217;s Club<\/span><\/p>\n<\/div><div class=\"fusion-text fusion-text-3\"><h5>Eintritt<\/h5>\n<p>Normal: 24 \u20ac<br \/>\n<span style=\"color: var(--awb-text-color); font-family: var(--awb-text-font-family); font-size: var(--awb-font-size); font-style: var(--awb-text-font-style); letter-spacing: var(--awb-letter-spacing); text-align: var(--awb-content-alignment); text-transform: var(--awb-text-transform); background-color: var(--awb-bg-color);\">Erm\u00e4ssigt: 20 \u20ac<br \/>\n<\/span>Mitglieder: 18 \u20ac<br \/>\nSch\u00fcler: 12 \u20ac<\/p>\n<\/div><div class=\"fusion-separator fusion-full-width-sep\" style=\"align-self: center;margin-left: auto;margin-right: auto;margin-top:30px;margin-bottom:0px;width:100%;\"><\/div><div ><a class=\"fusion-button button-flat fusion-button-default-size button-custom fusion-button-default button-1 fusion-button-default-span fusion-button-default-type fusion-has-button-gradient\" style=\"--button_accent_color:var(--awb-color1);--button_accent_hover_color:var(--awb-color1);--button_border_hover_color:var(--awb-color1);--button_gradient_top_color:var(--awb-custom_color_1);--button_gradient_bottom_color:var(--awb-custom_color_1);--button_gradient_top_color_hover:var(--awb-custom_color_1);--button_gradient_bottom_color_hover:hsla(var(--awb-color5-h),calc(var(--awb-color5-s) - 5%),calc(var(--awb-color5-l) - 10%),var(--awb-color5-a));\" target=\"_blank\" rel=\"noopener noreferrer\" href=\"https:\/\/manage.muddys-club.net\/public\/reservation\/2023-02-27-scotthendersontrio\"><span class=\"fusion-button-text awb-button__text awb-button__text--default\">Karten Reservieren<\/span><\/a><\/div><\/div><\/div><div class=\"fusion-layout-column fusion_builder_column fusion-builder-column-2 fusion_builder_column_4_5 4_5 fusion-flex-column\" style=\"--awb-bg-size:cover;--awb-width-large:80%;--awb-margin-top-large:0px;--awb-spacing-right-large:2.4%;--awb-margin-bottom-large:20px;--awb-spacing-left-large:2.4%;--awb-width-medium:80%;--awb-order-medium:0;--awb-spacing-right-medium:2.4%;--awb-spacing-left-medium:2.4%;--awb-width-small:100%;--awb-order-small:0;--awb-spacing-right-small:1.92%;--awb-spacing-left-small:1.92%;\"><div class=\"fusion-column-wrapper fusion-column-has-shadow fusion-flex-justify-content-flex-start fusion-content-layout-column\"><div class=\"fusion-text fusion-text-4\"><p class=\"p1\">Der 1954 geborene Scott Henderson trat in den 1980er Jahren mit seiner legend\u00e4ren Band Tribal Tech in Erscheinung und hat sich seitdem zu einem der f\u00fchrenden Gitarristen\/Komponisten der Jazz-Fusion entwickelt. Scott wuchs in S\u00fcdflorida auf, wo er Blues-Rock und Funk spielte und von Jimmy Page, Jeff Beck, Jimi Hendrix, Ritchie Blackmore und seinem Lieblings-Bluesgitarristen Albert King beeinflusst wurde.<\/p>\n<p class=\"p2\">Obwohl Henderson seine Karriere als Blues-Rock-Spieler begann, war es der Einfluss des Jazz, der ihn zu dem Spiel- und Kompositionsstil f\u00fchrte, f\u00fcr den er heute ber\u00fchmt ist. Scott ist nicht nur ein Weltklassespieler und ein hervorragender Komponist, sondern sein Markenzeichen ist auch sein wundersch\u00f6ner Ton und seine beeindruckende F\u00e4higkeit, Jazz mit Blues, Rock und Funk zu mischen, was ihm eine gef\u00fchlvolle und einzigartige Stimme auf der Gitarre verleiht.<\/p>\n<p class=\"p2\">Scott studierte Arrangement und Komposition an der Florida Atlantic University, bevor er 1980 nach Los Angeles zog. Er tourte und nahm mit Chick Coreas Elektric Band und dem Geiger Jean-Luc Ponty auf und freute sich \u00fcber die Gelegenheit, vier Jahre lang mit einem seiner Lieblingsmusiker, Joe Zawinul von Weather Report, zu arbeiten. Er nahm zwei Alben mit dem Zawinul Syndicate auf, &#8220;The Immigrants&#8221; und &#8220;Black Water&#8221;. Mit Tribal Tech nahm Henderson zehn von der Kritik hochgelobte Alben auf, zuletzt &#8220;Tribal Tech X&#8221;, das im M\u00e4rz 2012 erschien.<\/p>\n<p class=\"p2\">2019 gewann er sowohl den Preis f\u00fcr den besten Gitarristen als auch den Preis f\u00fcr die beste Electric\/Jazz-Rock\/Contemporary Group\/Artist im Jazz Times Reader&#8217;s Poll. 1991 wurde Scott von Guitar World zum #1 Jazz-Gitarristen ernannt, und im Januar 1992 wurde er im Guitar Player&#8217;s Annual Reader&#8217;s Poll zum #1 Jazz-Gitarristen gew\u00e4hlt. Sein erstes Solo-Blues-Album &#8220;Dog Party&#8221;, eine willkommene R\u00fcckbesinnung auf seine musikalischen Wurzeln, wurde vom Guitar Player Magazine als bestes Blues-Album des Jahres 1994 ausgezeichnet. Auf seinen n\u00e4chsten Soloalben &#8220;Tore Down House&#8221; und &#8220;Well to the Bone&#8221; arbeitete Henderson mit der legend\u00e4ren S\u00e4ngerin Thelma Houston zusammen. &#8220;Vibe Station&#8221;, das 2015 erschien, wurde von vielen Musikkritikern als eines der 10 besten Instrumentalalben des Jahres gelistet. Hendersons j\u00fcngstes und erfolgreichstes Werk als Leader, &#8220;People Mover&#8221;, mit Romain Labaye am Bass und Archibald Ligonniere am Schlagzeug, wurde vom Jazz Times Magazine zum besten Fusion-Album des Jahres 2019 gew\u00e4hlt. Das Trio ist weltweit in \u00fcber 70 L\u00e4ndern auf Tournee gegangen und hat dabei sowohl Musik aus den Soloalben als auch einige von Hendersons Musik, die von Tribal Tech aufgenommen wurde, gespielt.<\/p>\n<p class=\"p2\">Scott hat auch zwei Alben mit &#8220;Vital Tech Tones&#8221; ver\u00f6ffentlicht, einer Trio-Zusammenarbeit mit dem Bassisten Victor Wooten und dem ehemaligen Journey-Schlagzeuger Steve Smith. Seit 2009 tourt er weltweit mit dem HBC Trio, bestehend aus dem Bassisten Jeff Berlin und dem Schlagzeuger Dennis Chambers. Ihr erstes Album &#8220;HBC&#8221; wurde im Oktober 2012 ver\u00f6ffentlicht.<\/p>\n<p class=\"p2\">Wie so oft bei einem Musiker von Scotts Kaliber ist die Nachfrage gro\u00df, dass er sein Wissen mit der aktuellen Gitarristengeneration teilt. Er ist Dozent am Musician&#8217;s Institute in Hollywood, wo seine Open Counseling Sessions zu den beliebtesten des MI geh\u00f6ren. Scott hat auch Kolumnen f\u00fcr das Guitar Player Magazine und viele andere Gitarrenpublikationen geschrieben.<\/p>\n<p class=\"p2\">Alfred Music hat Hendersons Lehr-DVD mit dem Titel &#8220;Scott Henderson &#8211; Jazz Rock Mastery&#8221; und sein erstes Transkriptionsbuch &#8220;The Scott Henderson Guitar Book&#8221; ver\u00f6ffentlicht. Seine beiden anderen Transkriptionsb\u00fccher &#8220;The Best Of Scott Henderson&#8221; und &#8220;Scott Henderson &#8211; Blues Guitar Collection&#8221; sind bei Hal Leonard Publishing erh\u00e4ltlich, ebenso wie sein Lehrbuch &#8220;Jazz Guitar Chord System&#8221;, ein revolution\u00e4rer Weg f\u00fcr Studenten, die Vielfalt der Jazzharmonik zu studieren.<\/p>\n<p class=\"p1\">Scott Henderson: Gitarre<\/p>\n<p class=\"p1\">Romain Labaye: Bass<\/p>\n<p class=\"p1\">Archibald Ligonniere: Schlagzeug<\/p>\n<h3><strong><img decoding=\"async\" class=\"size-full wp-image-481 alignleft\" src=\"https:\/\/wordpress.muddys-club.net\/wp-content\/uploads\/2023\/01\/JEFF-AUG-HP-Klein.jpg\" alt=\"\" width=\"400\" height=\"534\" srcset=\"https:\/\/muddys-club.net\/wp-content\/uploads\/2023\/01\/JEFF-AUG-HP-Klein-200x267.jpg 200w, https:\/\/muddys-club.net\/wp-content\/uploads\/2023\/01\/JEFF-AUG-HP-Klein-225x300.jpg 225w, https:\/\/muddys-club.net\/wp-content\/uploads\/2023\/01\/JEFF-AUG-HP-Klein.jpg 400w\" sizes=\"(max-width: 400px) 100vw, 400px\" \/>Support: Jeff Aug (solo)<\/strong><\/h3>\n<p class=\"p1\">Jeff Aug ist ein cooler underground Gitarrist aus Washington, D.C.<span class=\"Apple-converted-space\">\u00a0\u00a0<\/span>Seit 2002 ist er au\u00dferdem Gitarrist von ANNE CLARK sowie das Instrumental-Rock-Outfit APE SHIFTER und tourte bereits mit Allan Holdsworth, Soft Machine, Alex Skolnick, Carl Verheyen, Greg Howe, Albert Lee, u.a. Jeff spielte mit seiner alten Band Shows mit Jawbox, Ice-T &amp; Bodycount und Shudder To Think. Er arbeitete weiterhin mit John Stabb von Government Issue, ist fortw\u00e4hrend seit \u00fcber 20 Jahren immer noch mit Anne Clark auf Tour und im Studio, seit \u00fcber 30 Jahren solo auf Tour und ist auch zu h\u00f6ren auf dem Atari Teenage Riot Album \u201eIs This Hyperreal?\u201c.<span class=\"Apple-converted-space\">\u00a0\u00a0<\/span>Jeff Aug ist auch Guinness(TM) Weltrekordhalter f\u00fcr &#8220;die meisten Konzerte gespielt in verschiedenen L\u00e4ndern innerhalb von 24 Stunden.&#8221;<span class=\"Apple-converted-space\">\u00a0\u00a0<\/span>W\u00e4hrend des 2. Lockdowns der Pandemie schrieb und illustrierte Jeff zwei Kinderb\u00fccher, die weltweit \u00fcber Amazon erh\u00e4ltlich sind. Er hatte ein #1 verkauftes Album in den iTunes Acoustic Music Charts in den USA und leitet au\u00dferdem das rockin\u00b4 acoustic country blues Combo DEAD TUNA.<\/p>\n<\/div><div class=\"fusion-video fusion-youtube\" style=\"--awb-max-width:750px;--awb-max-height:422px;\"><div class=\"video-shortcode\"><div class=\"fluid-width-video-wrapper\" style=\"padding-top:56.27%;\" ><iframe title=\"YouTube video player 1\" src=\"https:\/\/www.youtube.com\/embed\/jHb2UGIYzPM?wmode=transparent&autoplay=0\" width=\"750\" height=\"422\" allowfullscreen allow=\"autoplay; clipboard-write; encrypted-media; gyroscope; picture-in-picture;\"><\/iframe><\/div><\/div><\/div><div class=\"fusion-separator fusion-full-width-sep\" style=\"align-self: center;margin-left: auto;margin-right: auto;margin-top:15px;margin-bottom:15px;width:100%;\"><div class=\"fusion-separator-border sep-single sep-solid\" style=\"--awb-height:20px;--awb-amount:20px;border-color:var(--awb-color3);border-top-width:1px;\"><\/div><\/div><div class=\"fusion-video fusion-youtube\" style=\"--awb-max-width:750px;--awb-max-height:422px;\"><div class=\"video-shortcode\"><div class=\"fluid-width-video-wrapper\" style=\"padding-top:56.27%;\" ><iframe title=\"YouTube video player 2\" src=\"https:\/\/www.youtube.com\/embed\/EQziV7Y6fKI?wmode=transparent&autoplay=0\" width=\"750\" height=\"422\" allowfullscreen allow=\"autoplay; clipboard-write; encrypted-media; gyroscope; picture-in-picture;\"><\/iframe><\/div><\/div><\/div><div class=\"fusion-separator fusion-full-width-sep\" style=\"align-self: center;margin-left: auto;margin-right: auto;margin-top:15px;margin-bottom:15px;width:100%;\"><div class=\"fusion-separator-border sep-single sep-solid\" style=\"--awb-height:20px;--awb-amount:20px;border-color:var(--awb-color3);border-top-width:1px;\"><\/div><\/div><div class=\"fusion-video fusion-youtube\" style=\"--awb-max-width:750px;--awb-max-height:422px;\"><div class=\"video-shortcode\"><div class=\"fluid-width-video-wrapper\" style=\"padding-top:56.27%;\" ><iframe title=\"YouTube video player 3\" src=\"https:\/\/www.youtube.com\/embed\/E2DVme9FQt0?wmode=transparent&autoplay=0\" width=\"750\" height=\"422\" allowfullscreen allow=\"autoplay; clipboard-write; encrypted-media; gyroscope; picture-in-picture;\"><\/iframe><\/div><\/div><\/div><div class=\"fusion-separator fusion-full-width-sep\" style=\"align-self: center;margin-left: auto;margin-right: auto;width:100%;\"><div class=\"fusion-separator-border sep-double\" style=\"--awb-height:20px;--awb-amount:20px;border-color:var(--awb-color3);border-top-width:1px;border-bottom-width:1px;\"><\/div><\/div><\/div><\/div><\/div><\/div>\n","protected":false},"excerpt":{"rendered":"","protected":false},"author":8,"featured_media":0,"parent":0,"menu_order":0,"comment_status":"closed","ping_status":"closed","template":"100-width.php","meta":{"_acf_changed":false,"footnotes":""},"class_list":["post-478","page","type-page","status-publish","hentry"],"acf":[],"_links":{"self":[{"href":"https:\/\/muddys-club.net\/index.php\/wp-json\/wp\/v2\/pages\/478","targetHints":{"allow":["GET"]}}],"collection":[{"href":"https:\/\/muddys-club.net\/index.php\/wp-json\/wp\/v2\/pages"}],"about":[{"href":"https:\/\/muddys-club.net\/index.php\/wp-json\/wp\/v2\/types\/page"}],"author":[{"embeddable":true,"href":"https:\/\/muddys-club.net\/index.php\/wp-json\/wp\/v2\/users\/8"}],"replies":[{"embeddable":true,"href":"https:\/\/muddys-club.net\/index.php\/wp-json\/wp\/v2\/comments?post=478"}],"version-history":[{"count":7,"href":"https:\/\/muddys-club.net\/index.php\/wp-json\/wp\/v2\/pages\/478\/revisions"}],"predecessor-version":[{"id":545,"href":"https:\/\/muddys-club.net\/index.php\/wp-json\/wp\/v2\/pages\/478\/revisions\/545"}],"wp:attachment":[{"href":"https:\/\/muddys-club.net\/index.php\/wp-json\/wp\/v2\/media?parent=478"}],"curies":[{"name":"wp","href":"https:\/\/api.w.org\/{rel}","templated":true}]}}