{"id":2044,"date":"2024-11-06T15:12:41","date_gmt":"2024-11-06T14:12:41","guid":{"rendered":"https:\/\/muddys-club.net\/?page_id=2044"},"modified":"2024-11-14T13:28:50","modified_gmt":"2024-11-14T12:28:50","slug":"2025-03-10-andreas-kuemmert","status":"publish","type":"page","link":"https:\/\/muddys-club.net\/index.php\/2025-03-10-andreas-kuemmert\/","title":{"rendered":"2025-03-10 Andreas K\u00fcmmert"},"content":{"rendered":"<div class=\"fusion-fullwidth fullwidth-box fusion-builder-row-1 fusion-flex-container has-pattern-background has-mask-background nonhundred-percent-fullwidth non-hundred-percent-height-scrolling\" style=\"--awb-border-radius-top-left:0px;--awb-border-radius-top-right:0px;--awb-border-radius-bottom-right:0px;--awb-border-radius-bottom-left:0px;--awb-flex-wrap:wrap;\" ><div class=\"fusion-builder-row fusion-row fusion-flex-align-items-flex-start fusion-flex-content-wrap\" style=\"max-width:1040px;margin-left: calc(-4% \/ 2 );margin-right: calc(-4% \/ 2 );\"><div class=\"fusion-layout-column fusion_builder_column fusion-builder-column-0 fusion_builder_column_2_3 2_3 fusion-flex-column\" style=\"--awb-bg-size:cover;--awb-width-large:66.666666666667%;--awb-margin-top-large:0px;--awb-spacing-right-large:2.88%;--awb-margin-bottom-large:20px;--awb-spacing-left-large:2.88%;--awb-width-medium:66.666666666667%;--awb-order-medium:0;--awb-spacing-right-medium:2.88%;--awb-spacing-left-medium:2.88%;--awb-width-small:100%;--awb-order-small:0;--awb-spacing-right-small:1.92%;--awb-spacing-left-small:1.92%;\"><div class=\"fusion-column-wrapper fusion-column-has-shadow fusion-flex-justify-content-flex-start fusion-content-layout-column\"><div class=\"fusion-image-element \" style=\"--awb-caption-title-font-family:var(--h2_typography-font-family);--awb-caption-title-font-weight:var(--h2_typography-font-weight);--awb-caption-title-font-style:var(--h2_typography-font-style);--awb-caption-title-size:var(--h2_typography-font-size);--awb-caption-title-transform:var(--h2_typography-text-transform);--awb-caption-title-line-height:var(--h2_typography-line-height);--awb-caption-title-letter-spacing:var(--h2_typography-letter-spacing);\"><span class=\" fusion-imageframe imageframe-none imageframe-1 hover-type-none\"><img decoding=\"async\" width=\"300\" height=\"202\" title=\"ANDREAS K\u00dcMMERT\" src=\"https:\/\/muddys-club.net\/wp-content\/uploads\/2024\/11\/ANDREAS-KUeMMERT-300x202.jpg\" alt class=\"img-responsive wp-image-2045\" srcset=\"https:\/\/muddys-club.net\/wp-content\/uploads\/2024\/11\/ANDREAS-KUeMMERT-200x135.jpg 200w, https:\/\/muddys-club.net\/wp-content\/uploads\/2024\/11\/ANDREAS-KUeMMERT-400x269.jpg 400w, https:\/\/muddys-club.net\/wp-content\/uploads\/2024\/11\/ANDREAS-KUeMMERT-600x404.jpg 600w, https:\/\/muddys-club.net\/wp-content\/uploads\/2024\/11\/ANDREAS-KUeMMERT-800x539.jpg 800w, https:\/\/muddys-club.net\/wp-content\/uploads\/2024\/11\/ANDREAS-KUeMMERT.jpg 815w\" sizes=\"(max-width: 640px) 100vw, 800px\" \/><\/span><\/div><\/div><\/div><div class=\"fusion-layout-column fusion_builder_column fusion-builder-column-1 fusion_builder_column_1_3 1_3 fusion-flex-column\" style=\"--awb-bg-size:cover;--awb-width-large:33.333333333333%;--awb-margin-top-large:0px;--awb-spacing-right-large:5.76%;--awb-margin-bottom-large:20px;--awb-spacing-left-large:5.76%;--awb-width-medium:33.333333333333%;--awb-order-medium:0;--awb-spacing-right-medium:5.76%;--awb-spacing-left-medium:5.76%;--awb-width-small:100%;--awb-order-small:0;--awb-spacing-right-small:1.92%;--awb-spacing-left-small:1.92%;\"><div class=\"fusion-column-wrapper fusion-column-has-shadow fusion-flex-justify-content-flex-start fusion-content-layout-column\"><div class=\"fusion-text fusion-text-1\"><h4>Blue Monday pr\u00e4sentiert:<\/h4>\n<h4>Andreas K\u00fcmmert<\/h4>\n<\/div><div class=\"fusion-text fusion-text-2\"><h2>Montag, 10 M\u00e4rz 2025<\/h2>\n<h5>Beginn 20.30 Uhr<\/h5>\n<p><span style=\"color: var(--awb-text-color); font-family: var(--awb-text-font-family); font-size: var(--awb-font-size); font-style: var(--awb-text-font-style); font-weight: var(--awb-text-font-weight); letter-spacing: var(--awb-letter-spacing); text-align: var(--awb-content-alignment); text-transform: var(--awb-text-transform); background-color: var(--awb-bg-color);\">Einlass 19.30 Uhr in Muddy&#8217;s Club<\/span><\/p>\n<\/div><div class=\"fusion-text fusion-text-3\"><h5>Eintritt<\/h5>\n<p>Normal: 28 \u20ac<br \/>\n<span style=\"color: var(--awb-text-color); font-family: var(--awb-text-font-family); font-size: var(--awb-font-size); font-style: var(--awb-text-font-style); letter-spacing: var(--awb-letter-spacing); text-align: var(--awb-content-alignment); text-transform: var(--awb-text-transform); background-color: var(--awb-bg-color);\">Erm\u00e4ssigt: 24 \u20ac<br \/>\n<\/span>Mitglieder: 22 \u20ac<br \/>\nSch\u00fcler: 5 \u20ac<\/p>\n<\/div><div class=\"fusion-separator fusion-full-width-sep\" style=\"align-self: center;margin-left: auto;margin-right: auto;margin-top:30px;margin-bottom:0px;width:100%;\"><\/div><div ><a class=\"fusion-button button-flat fusion-button-default-size button-custom fusion-button-default button-1 fusion-button-default-span fusion-button-default-type fusion-has-button-gradient\" style=\"--button_accent_color:var(--awb-color1);--button_accent_hover_color:var(--awb-color1);--button_border_hover_color:var(--awb-color1);--button_gradient_top_color:var(--awb-color6);--button_gradient_bottom_color:var(--awb-custom_color_1);--button_gradient_top_color_hover:var(--awb-custom_color_1);--button_gradient_bottom_color_hover:hsla(var(--awb-color5-h),calc(var(--awb-color5-s) - 5%),calc(var(--awb-color5-l) - 10%),var(--awb-color5-a));\" target=\"_self\" href=\"https:\/\/manage.muddys-club.net\/public\/reservation\/2025-03-10-andreas-kummert\"><span class=\"fusion-button-text awb-button__text awb-button__text--default\">Karten Reservieren<\/span><\/a><\/div><\/div><\/div><div class=\"fusion-layout-column fusion_builder_column fusion-builder-column-2 fusion_builder_column_4_5 4_5 fusion-flex-column\" style=\"--awb-bg-size:cover;--awb-width-large:80%;--awb-margin-top-large:0px;--awb-spacing-right-large:2.4%;--awb-margin-bottom-large:20px;--awb-spacing-left-large:2.4%;--awb-width-medium:80%;--awb-order-medium:0;--awb-spacing-right-medium:2.4%;--awb-spacing-left-medium:2.4%;--awb-width-small:100%;--awb-order-small:0;--awb-spacing-right-small:1.92%;--awb-spacing-left-small:1.92%;\"><div class=\"fusion-column-wrapper fusion-column-has-shadow fusion-flex-justify-content-flex-start fusion-content-layout-column\"><div class=\"fusion-text fusion-text-4\"><p>Am 10. M\u00e4rz 2025 ist es endlich soweit: Andreas K\u00fcmmert kehrt mit seiner \u201cLive 2.0\/25 Tour\u201d auf die B\u00fchnen Europas zur\u00fcck und macht Halt im legend\u00e4ren Muddy\u2019s Club f\u00fcr einen unvergesslichen Blue Monday. Der charismatische S\u00e4nger und Gitarrist pr\u00e4sentiert voller Stolz seine neuen Songs aus dem kommenden Album 2025 und bietet seinen Fans eine einzigartige Mischung aus gef\u00fchlvollem Blues, mitrei\u00dfendem Soul und kraftvollem Rock.<\/p>\n<p>Seit seinem Durchbruch 2013 mit der Eigenkomposition \u201eSimple Man\u201c und dem Gewinn der TV-Show \u201eThe Voice of Germany\u201c hat Andreas K\u00fcmmert sich als einer der herausragendsten Blues-Rock-S\u00e4nger Deutschlands etabliert. Seine charaktervolle Stimme und sein Talent f\u00fcr gro\u00dfe G\u00e4nsehaut-Momente sind zeitlos und ber\u00fchren die Herzen seiner Zuh\u00f6rer immer wieder aufs Neue.<\/p>\n<p>Zahlreiche ausverkaufte Shows sowie eine stetig wachsende Fangemeinschaft sprechen f\u00fcr sich: Andreas K\u00fcmmert ist DER Blues-, Soul- und Rock-S\u00e4nger aus Deutschland! Seine Stimme und seine Musik sind zeitlos. Seit Andreas K\u00fcmmert denken kann, ist Musik seine Sprache.<\/p>\n<p>Nachdem er 2023 mit seinem aktuellen Album \u201eWorking Class Hero\u201c unterwegs auf den B\u00fchnen war, arbeitet K\u00fcmmert mit seinen Bandkollegen nun direkt am n\u00e4chsten Meisterwerk! Die Songs sind bereits geschrieben und der Recordingprozess l\u00e4uft auf Hochtouren! Denn wer Andreas K\u00fcmmert kennt, der wei\u00df, er lebt seine Musik. Sie ist seine Treibkraft, die ihn niemals stillstehen und ihn das gesamte Jahr \u00fcber hinweg in ganz Deutschland und Europa auftreten l\u00e4sst.<\/p>\n<p>So tourte K\u00fcmmert im Sommer 2023 zum Beispiel auch gemeinsam mit der amerikanischen Blues- und Rockk\u00fcnstlerin Beth Hart.<\/p>\n<p>Der Abend im Muddy\u2019s Club verspricht ein besonderes Erlebnis zu werden. Andreas K\u00fcmmert wird nicht nur seine neuen Songs vorstellen, sondern auch Klassiker aus seinem bisherigen Repertoire spielen. Seine Musik ist eine Reise durch die Emotionen, von tiefem Blues \u00fcber gef\u00fchlvollen Soul bis hin zu kraftvollem Rock. Jeder Song erz\u00e4hlt eine Geschichte, die das Publikum in ihren Bann zieht und f\u00fcr unvergessliche Momente sorgt.<\/p>\n<p>Live erwartet die Besucher*innen bei seinen Konzerten eine energiegeladene Show mit einem Querschnitt aus dem kompletten Songrepertoire K\u00fcmmerts, gespickt mit der ein oder anderen Interpretation bekannter Hits. Von \u201eSimple Man\u201c bis hin zu neuen Rock &amp; Roll Nummern wie \u201eHard Times\u201c oder \u201eSweet Oblivion\u201c: hier sieht man ein wahres Feuerwerk an Spielfreude und musikalischem K\u00f6nnen!<\/p>\n<p>Verpassen Sie nicht die Gelegenheit, Andreas K\u00fcmmert live zu erleben und sich von seiner einzigartigen Mischung aus Blues, Soul und Rock verzaubern zu lassen. Sichern Sie sich jetzt Ihre Tickets f\u00fcr einen Abend voller musikalischer Magie im Muddy\u2019s Club und seien Sie dabei, wenn Andreas K\u00fcmmert seine Fans mit auf eine musikalische Reise nimmt, die noch lange in Erinnerung bleiben wird.<\/p>\n<\/div><div class=\"fusion-video fusion-youtube\" style=\"--awb-max-width:600px;--awb-max-height:360px;\"><div class=\"video-shortcode\"><div class=\"fluid-width-video-wrapper\" style=\"padding-top:60%;\" ><iframe title=\"YouTube video player 1\" src=\"https:\/\/www.youtube.com\/embed\/hJvD0OMgCrk?wmode=transparent&autoplay=0\" width=\"600\" height=\"360\" allowfullscreen allow=\"autoplay; clipboard-write; encrypted-media; gyroscope; picture-in-picture;\"><\/iframe><\/div><\/div><\/div><\/div><\/div><div class=\"fusion-layout-column fusion_builder_column fusion-builder-column-3 fusion_builder_column_1_1 1_1 fusion-flex-column\" style=\"--awb-bg-size:cover;--awb-width-large:100%;--awb-margin-top-large:0px;--awb-spacing-right-large:1.92%;--awb-margin-bottom-large:20px;--awb-spacing-left-large:1.92%;--awb-width-medium:100%;--awb-order-medium:0;--awb-spacing-right-medium:1.92%;--awb-spacing-left-medium:1.92%;--awb-width-small:100%;--awb-order-small:0;--awb-spacing-right-small:1.92%;--awb-spacing-left-small:1.92%;\"><div class=\"fusion-column-wrapper fusion-column-has-shadow fusion-flex-justify-content-flex-start fusion-content-layout-column\"><div class=\"fusion-separator fusion-full-width-sep\" style=\"align-self: center;margin-left: auto;margin-right: auto;margin-top:15px;margin-bottom:15px;width:100%;\"><div class=\"fusion-separator-border sep-single sep-solid\" style=\"--awb-height:20px;--awb-amount:20px;border-color:var(--awb-color3);border-top-width:1px;\"><\/div><\/div><\/div><\/div><\/div><\/div>\n","protected":false},"excerpt":{"rendered":"","protected":false},"author":8,"featured_media":0,"parent":0,"menu_order":0,"comment_status":"closed","ping_status":"closed","template":"100-width.php","meta":{"_acf_changed":false,"footnotes":""},"class_list":["post-2044","page","type-page","status-publish","hentry"],"acf":[],"_links":{"self":[{"href":"https:\/\/muddys-club.net\/index.php\/wp-json\/wp\/v2\/pages\/2044","targetHints":{"allow":["GET"]}}],"collection":[{"href":"https:\/\/muddys-club.net\/index.php\/wp-json\/wp\/v2\/pages"}],"about":[{"href":"https:\/\/muddys-club.net\/index.php\/wp-json\/wp\/v2\/types\/page"}],"author":[{"embeddable":true,"href":"https:\/\/muddys-club.net\/index.php\/wp-json\/wp\/v2\/users\/8"}],"replies":[{"embeddable":true,"href":"https:\/\/muddys-club.net\/index.php\/wp-json\/wp\/v2\/comments?post=2044"}],"version-history":[{"count":4,"href":"https:\/\/muddys-club.net\/index.php\/wp-json\/wp\/v2\/pages\/2044\/revisions"}],"predecessor-version":[{"id":2077,"href":"https:\/\/muddys-club.net\/index.php\/wp-json\/wp\/v2\/pages\/2044\/revisions\/2077"}],"wp:attachment":[{"href":"https:\/\/muddys-club.net\/index.php\/wp-json\/wp\/v2\/media?parent=2044"}],"curies":[{"name":"wp","href":"https:\/\/api.w.org\/{rel}","templated":true}]}}