{"id":2031,"date":"2024-11-06T13:53:16","date_gmt":"2024-11-06T12:53:16","guid":{"rendered":"https:\/\/muddys-club.net\/?page_id=2031"},"modified":"2024-11-07T07:51:48","modified_gmt":"2024-11-07T06:51:48","slug":"2025-04-11-katie-henry-band","status":"publish","type":"page","link":"https:\/\/muddys-club.net\/index.php\/2025-04-11-katie-henry-band\/","title":{"rendered":"2025-04-11 Katie Henry band"},"content":{"rendered":"<div class=\"fusion-fullwidth fullwidth-box fusion-builder-row-1 fusion-flex-container has-pattern-background has-mask-background nonhundred-percent-fullwidth non-hundred-percent-height-scrolling\" style=\"--awb-border-radius-top-left:0px;--awb-border-radius-top-right:0px;--awb-border-radius-bottom-right:0px;--awb-border-radius-bottom-left:0px;--awb-flex-wrap:wrap;\" ><div class=\"fusion-builder-row fusion-row fusion-flex-align-items-flex-start fusion-flex-content-wrap\" style=\"max-width:1040px;margin-left: calc(-4% \/ 2 );margin-right: calc(-4% \/ 2 );\"><div class=\"fusion-layout-column fusion_builder_column fusion-builder-column-0 fusion_builder_column_2_3 2_3 fusion-flex-column\" style=\"--awb-bg-size:cover;--awb-width-large:66.666666666667%;--awb-margin-top-large:0px;--awb-spacing-right-large:2.88%;--awb-margin-bottom-large:20px;--awb-spacing-left-large:2.88%;--awb-width-medium:66.666666666667%;--awb-order-medium:0;--awb-spacing-right-medium:2.88%;--awb-spacing-left-medium:2.88%;--awb-width-small:100%;--awb-order-small:0;--awb-spacing-right-small:1.92%;--awb-spacing-left-small:1.92%;\"><div class=\"fusion-column-wrapper fusion-column-has-shadow fusion-flex-justify-content-flex-start fusion-content-layout-column\"><div class=\"fusion-image-element \" style=\"--awb-caption-title-font-family:var(--h2_typography-font-family);--awb-caption-title-font-weight:var(--h2_typography-font-weight);--awb-caption-title-font-style:var(--h2_typography-font-style);--awb-caption-title-size:var(--h2_typography-font-size);--awb-caption-title-transform:var(--h2_typography-text-transform);--awb-caption-title-line-height:var(--h2_typography-line-height);--awb-caption-title-letter-spacing:var(--h2_typography-letter-spacing);\"><span class=\" fusion-imageframe imageframe-none imageframe-1 hover-type-none\"><img decoding=\"async\" width=\"300\" height=\"202\" title=\"katie Henry\" src=\"https:\/\/muddys-club.net\/wp-content\/uploads\/2024\/11\/katie-Henry-300x202.jpg\" alt class=\"img-responsive wp-image-2032\" srcset=\"https:\/\/muddys-club.net\/wp-content\/uploads\/2024\/11\/katie-Henry-200x135.jpg 200w, https:\/\/muddys-club.net\/wp-content\/uploads\/2024\/11\/katie-Henry-400x269.jpg 400w, https:\/\/muddys-club.net\/wp-content\/uploads\/2024\/11\/katie-Henry-600x404.jpg 600w, https:\/\/muddys-club.net\/wp-content\/uploads\/2024\/11\/katie-Henry-800x539.jpg 800w, https:\/\/muddys-club.net\/wp-content\/uploads\/2024\/11\/katie-Henry.jpg 815w\" sizes=\"(max-width: 640px) 100vw, 800px\" \/><\/span><\/div><\/div><\/div><div class=\"fusion-layout-column fusion_builder_column fusion-builder-column-1 fusion_builder_column_1_3 1_3 fusion-flex-column\" style=\"--awb-bg-size:cover;--awb-width-large:33.333333333333%;--awb-margin-top-large:0px;--awb-spacing-right-large:5.76%;--awb-margin-bottom-large:20px;--awb-spacing-left-large:5.76%;--awb-width-medium:33.333333333333%;--awb-order-medium:0;--awb-spacing-right-medium:5.76%;--awb-spacing-left-medium:5.76%;--awb-width-small:100%;--awb-order-small:0;--awb-spacing-right-small:1.92%;--awb-spacing-left-small:1.92%;\"><div class=\"fusion-column-wrapper fusion-column-has-shadow fusion-flex-justify-content-flex-start fusion-content-layout-column\"><div class=\"fusion-text fusion-text-1\"><h4>Blue Monday pr\u00e4sentiert:<\/h4>\n<h4>Katie Henry Band<\/h4>\n<\/div><div class=\"fusion-text fusion-text-2\"><h2>Montag, 07 April 2025<\/h2>\n<h5>Beginn 20.30 Uhr<\/h5>\n<p><span style=\"color: var(--awb-text-color); font-family: var(--awb-text-font-family); font-size: var(--awb-font-size); font-style: var(--awb-text-font-style); font-weight: var(--awb-text-font-weight); letter-spacing: var(--awb-letter-spacing); text-align: var(--awb-content-alignment); text-transform: var(--awb-text-transform); background-color: var(--awb-bg-color);\">Einlass 19.30 Uhr in Muddy&#8217;s Club<\/span><\/p>\n<\/div><div class=\"fusion-text fusion-text-3\"><h5>Eintritt<\/h5>\n<p>Normal: 28 \u20ac<br \/>\n<span style=\"color: var(--awb-text-color); font-family: var(--awb-text-font-family); font-size: var(--awb-font-size); font-style: var(--awb-text-font-style); letter-spacing: var(--awb-letter-spacing); text-align: var(--awb-content-alignment); text-transform: var(--awb-text-transform); background-color: var(--awb-bg-color);\">Erm\u00e4ssigt: 24 \u20ac<br \/>\n<\/span>Mitglieder: 22 \u20ac<br \/>\nSch\u00fcler: 5 \u20ac<\/p>\n<\/div><div class=\"fusion-separator fusion-full-width-sep\" style=\"align-self: center;margin-left: auto;margin-right: auto;margin-top:30px;margin-bottom:0px;width:100%;\"><\/div><div ><a class=\"fusion-button button-flat fusion-button-default-size button-custom fusion-button-default button-1 fusion-button-default-span fusion-button-default-type fusion-has-button-gradient\" style=\"--button_accent_color:var(--awb-color1);--button_accent_hover_color:var(--awb-color1);--button_border_hover_color:var(--awb-color1);--button_gradient_top_color:var(--awb-color6);--button_gradient_bottom_color:var(--awb-custom_color_1);--button_gradient_top_color_hover:var(--awb-custom_color_1);--button_gradient_bottom_color_hover:hsla(var(--awb-color5-h),calc(var(--awb-color5-s) - 5%),calc(var(--awb-color5-l) - 10%),var(--awb-color5-a));\" target=\"_self\" href=\"https:\/\/manage.muddys-club.net\/public\/reservation\/2025-04-07-katiehenryband\"><span class=\"fusion-button-text awb-button__text awb-button__text--default\">Karten Reservieren<\/span><\/a><\/div><\/div><\/div><div class=\"fusion-layout-column fusion_builder_column fusion-builder-column-2 fusion_builder_column_4_5 4_5 fusion-flex-column\" style=\"--awb-bg-size:cover;--awb-width-large:80%;--awb-margin-top-large:0px;--awb-spacing-right-large:2.4%;--awb-margin-bottom-large:20px;--awb-spacing-left-large:2.4%;--awb-width-medium:80%;--awb-order-medium:0;--awb-spacing-right-medium:2.4%;--awb-spacing-left-medium:2.4%;--awb-width-small:100%;--awb-order-small:0;--awb-spacing-right-small:1.92%;--awb-spacing-left-small:1.92%;\"><div class=\"fusion-column-wrapper fusion-column-has-shadow fusion-flex-justify-content-flex-start fusion-content-layout-column\"><div class=\"fusion-text fusion-text-4\"><p>Am 7. April 2025 verwandelt sich der Muddys Club in Weinheim in einen Ort voller musikalischer Leidenschaft und Energie.\u00a0<strong>Blue Monday<\/strong>\u00a0pr\u00e4sentiert stolz die\u00a0<strong>Katie Henry Band<\/strong>, eine der aufregendsten Blues-Bands unserer Zeit.<\/p>\n<p>Katie Henry, bekannt f\u00fcr ihre kraftvolle Stimme und ihr beeindruckendes Klavierspiel, wird Sie mit einer Mischung aus traditionellen Blues-Kl\u00e4ngen und modernen Einfl\u00fcssen begeistern. Ihre Musik erz\u00e4hlt Geschichten, die direkt ins Herz gehen und jeden Zuh\u00f6rer in ihren Bann ziehen.<\/p>\n<p>Nachdem sie die letzten beiden Blues Caravan-Touren mit Bernard Allison und Ally Venable absolviert hat, ist Katie Henry bereit, mit einer kompletten Show zu den Fans zur\u00fcckzukehren, die sie in den letzten Jahren gewonnen hat. Ihr letztes Album \u201eGet Goin\u2018\u201c erschien im M\u00e4rz 2024, erreichte Platz 3 der US-Billboard-Blues-Charts und wurde in Joe Bonamassas beliebteste Spotify-Playlist aufgenommen. Sie wird Europa im Sturm erobern!<\/p>\n<p>Doch Katie Henry ist nicht allein auf der B\u00fchne. Begleitet wird sie von einer talentierten Gruppe von Musikern, die den Blues zum Leben erwecken:<\/p>\n<ul>\n<li><strong>Antoine Silverman<\/strong>\u00a0an der Gitarre, dessen virtuoses Spiel und gef\u00fchlvolle Soli das Publikum immer wieder in Staunen versetzen.<\/li>\n<li><strong>Greg Wieczorek<\/strong>\u00a0am Schlagzeug, der mit seinem pr\u00e4zisen und dynamischen Spiel den Rhythmus vorgibt und f\u00fcr den richtigen Groove sorgt.<\/li>\n<li><strong>Kirk Yano<\/strong>\u00a0am Bass, dessen tiefe und kraftvolle T\u00f6ne die perfekte Grundlage f\u00fcr die Musik der Band bilden.<\/li>\n<li><strong>Matt Basile<\/strong>\u00a0an der Orgel, der mit seinen melodischen und harmonischen Einlagen die Songs der Katie Henry Band abrundet.<\/li>\n<\/ul>\n<p>Verpassen Sie nicht die Gelegenheit, einen unvergesslichen Abend voller mitrei\u00dfender Musik und gro\u00dfartiger Atmosph\u00e4re zu erleben. Sichern Sie sich jetzt Ihre Tickets und seien Sie dabei, wenn die Katie Henry Band den Muddys Club zum Beben bringt!<\/p>\n<\/div><\/div><\/div><div class=\"fusion-layout-column fusion_builder_column fusion-builder-column-3 fusion_builder_column_1_1 1_1 fusion-flex-column\" style=\"--awb-bg-size:cover;--awb-width-large:100%;--awb-margin-top-large:0px;--awb-spacing-right-large:1.92%;--awb-margin-bottom-large:20px;--awb-spacing-left-large:1.92%;--awb-width-medium:100%;--awb-order-medium:0;--awb-spacing-right-medium:1.92%;--awb-spacing-left-medium:1.92%;--awb-width-small:100%;--awb-order-small:0;--awb-spacing-right-small:1.92%;--awb-spacing-left-small:1.92%;\"><div class=\"fusion-column-wrapper fusion-column-has-shadow fusion-flex-justify-content-flex-start fusion-content-layout-column\"><div class=\"fusion-separator fusion-full-width-sep\" style=\"align-self: center;margin-left: auto;margin-right: auto;margin-top:15px;margin-bottom:15px;width:100%;\"><div class=\"fusion-separator-border sep-single sep-solid\" style=\"--awb-height:20px;--awb-amount:20px;border-color:var(--awb-color3);border-top-width:1px;\"><\/div><\/div><div class=\"fusion-video fusion-youtube\" style=\"--awb-max-width:600px;--awb-max-height:360px;\"><div class=\"video-shortcode\"><div class=\"fluid-width-video-wrapper\" style=\"padding-top:60%;\" ><iframe title=\"YouTube video player 1\" src=\"https:\/\/www.youtube.com\/embed\/b-nINw-Qsz4?wmode=transparent&autoplay=0\" width=\"600\" height=\"360\" allowfullscreen allow=\"autoplay; clipboard-write; encrypted-media; gyroscope; picture-in-picture;\"><\/iframe><\/div><\/div><\/div><\/div><\/div><\/div><\/div>\n","protected":false},"excerpt":{"rendered":"","protected":false},"author":8,"featured_media":0,"parent":0,"menu_order":0,"comment_status":"closed","ping_status":"closed","template":"100-width.php","meta":{"_acf_changed":false,"footnotes":""},"class_list":["post-2031","page","type-page","status-publish","hentry"],"acf":[],"_links":{"self":[{"href":"https:\/\/muddys-club.net\/index.php\/wp-json\/wp\/v2\/pages\/2031","targetHints":{"allow":["GET"]}}],"collection":[{"href":"https:\/\/muddys-club.net\/index.php\/wp-json\/wp\/v2\/pages"}],"about":[{"href":"https:\/\/muddys-club.net\/index.php\/wp-json\/wp\/v2\/types\/page"}],"author":[{"embeddable":true,"href":"https:\/\/muddys-club.net\/index.php\/wp-json\/wp\/v2\/users\/8"}],"replies":[{"embeddable":true,"href":"https:\/\/muddys-club.net\/index.php\/wp-json\/wp\/v2\/comments?post=2031"}],"version-history":[{"count":4,"href":"https:\/\/muddys-club.net\/index.php\/wp-json\/wp\/v2\/pages\/2031\/revisions"}],"predecessor-version":[{"id":2034,"href":"https:\/\/muddys-club.net\/index.php\/wp-json\/wp\/v2\/pages\/2031\/revisions\/2034"}],"wp:attachment":[{"href":"https:\/\/muddys-club.net\/index.php\/wp-json\/wp\/v2\/media?parent=2031"}],"curies":[{"name":"wp","href":"https:\/\/api.w.org\/{rel}","templated":true}]}}