{"id":2024,"date":"2024-11-06T13:29:35","date_gmt":"2024-11-06T12:29:35","guid":{"rendered":"https:\/\/muddys-club.net\/?page_id=2024"},"modified":"2024-12-17T13:37:17","modified_gmt":"2024-12-17T12:37:17","slug":"2025-03-28-mojo-hand","status":"publish","type":"page","link":"https:\/\/muddys-club.net\/index.php\/2025-03-28-mojo-hand\/","title":{"rendered":"2025-03-28 Mojo Hand"},"content":{"rendered":"<div class=\"fusion-fullwidth fullwidth-box fusion-builder-row-1 fusion-flex-container has-pattern-background has-mask-background nonhundred-percent-fullwidth non-hundred-percent-height-scrolling\" style=\"--awb-border-radius-top-left:0px;--awb-border-radius-top-right:0px;--awb-border-radius-bottom-right:0px;--awb-border-radius-bottom-left:0px;--awb-flex-wrap:wrap;\" ><div class=\"fusion-builder-row fusion-row fusion-flex-align-items-flex-start fusion-flex-content-wrap\" style=\"max-width:1040px;margin-left: calc(-4% \/ 2 );margin-right: calc(-4% \/ 2 );\"><div class=\"fusion-layout-column fusion_builder_column fusion-builder-column-0 fusion_builder_column_2_3 2_3 fusion-flex-column\" style=\"--awb-bg-size:cover;--awb-width-large:66.666666666667%;--awb-margin-top-large:0px;--awb-spacing-right-large:2.88%;--awb-margin-bottom-large:20px;--awb-spacing-left-large:2.88%;--awb-width-medium:66.666666666667%;--awb-order-medium:0;--awb-spacing-right-medium:2.88%;--awb-spacing-left-medium:2.88%;--awb-width-small:100%;--awb-order-small:0;--awb-spacing-right-small:1.92%;--awb-spacing-left-small:1.92%;\"><div class=\"fusion-column-wrapper fusion-column-has-shadow fusion-flex-justify-content-flex-start fusion-content-layout-column\"><div class=\"fusion-image-element \" style=\"--awb-caption-title-font-family:var(--h2_typography-font-family);--awb-caption-title-font-weight:var(--h2_typography-font-weight);--awb-caption-title-font-style:var(--h2_typography-font-style);--awb-caption-title-size:var(--h2_typography-font-size);--awb-caption-title-transform:var(--h2_typography-text-transform);--awb-caption-title-line-height:var(--h2_typography-line-height);--awb-caption-title-letter-spacing:var(--h2_typography-letter-spacing);\"><span class=\" fusion-imageframe imageframe-none imageframe-1 hover-type-none\"><img decoding=\"async\" width=\"300\" height=\"202\" title=\"Mojo Hand\" src=\"https:\/\/muddys-club.net\/wp-content\/uploads\/2024\/11\/Mojo-Hand-1-300x202.jpg\" alt class=\"img-responsive wp-image-2026\" srcset=\"https:\/\/muddys-club.net\/wp-content\/uploads\/2024\/11\/Mojo-Hand-1-200x135.jpg 200w, https:\/\/muddys-club.net\/wp-content\/uploads\/2024\/11\/Mojo-Hand-1-400x269.jpg 400w, https:\/\/muddys-club.net\/wp-content\/uploads\/2024\/11\/Mojo-Hand-1-600x404.jpg 600w, https:\/\/muddys-club.net\/wp-content\/uploads\/2024\/11\/Mojo-Hand-1-800x539.jpg 800w, https:\/\/muddys-club.net\/wp-content\/uploads\/2024\/11\/Mojo-Hand-1.jpg 815w\" sizes=\"(max-width: 640px) 100vw, 800px\" \/><\/span><\/div><\/div><\/div><div class=\"fusion-layout-column fusion_builder_column fusion-builder-column-1 fusion_builder_column_1_3 1_3 fusion-flex-column\" style=\"--awb-bg-size:cover;--awb-width-large:33.333333333333%;--awb-margin-top-large:0px;--awb-spacing-right-large:5.76%;--awb-margin-bottom-large:20px;--awb-spacing-left-large:5.76%;--awb-width-medium:33.333333333333%;--awb-order-medium:0;--awb-spacing-right-medium:5.76%;--awb-spacing-left-medium:5.76%;--awb-width-small:100%;--awb-order-small:0;--awb-spacing-right-small:1.92%;--awb-spacing-left-small:1.92%;\"><div class=\"fusion-column-wrapper fusion-column-has-shadow fusion-flex-justify-content-flex-start fusion-content-layout-column\"><div class=\"fusion-text fusion-text-1\"><h3>Mojo Hand Quartett<\/h3>\n<\/div><div class=\"fusion-text fusion-text-2\"><h2>Freitag 28. M\u00e4rz 2025<\/h2>\n<h5>Konzertbeginn 20.30 Uhr<\/h5>\n<p><span style=\"color: var(--awb-text-color); font-family: var(--awb-text-font-family); font-size: var(--awb-font-size); font-style: var(--awb-text-font-style); font-weight: var(--awb-text-font-weight); letter-spacing: var(--awb-letter-spacing); text-align: var(--awb-content-alignment); text-transform: var(--awb-text-transform); background-color: var(--awb-bg-color);\">Einlass 19.30 Uhr in Muddy&#8217;s Club<\/span><\/p>\n<\/div><div class=\"fusion-text fusion-text-3\"><h5>Eintritt<\/h5>\n<p>Normal: 22 \u20ac<br \/>\n<span style=\"color: var(--awb-text-color); font-family: var(--awb-text-font-family); font-size: var(--awb-font-size); font-style: var(--awb-text-font-style); letter-spacing: var(--awb-letter-spacing); text-align: var(--awb-content-alignment); text-transform: var(--awb-text-transform); background-color: var(--awb-bg-color);\">Erm\u00e4ssigt: 18 \u20ac<br \/>\n<\/span>Mitglieder: 16 \u20ac<br \/>\nSch\u00fcler: 5 \u20ac<\/p>\n<\/div><div class=\"fusion-separator fusion-full-width-sep\" style=\"align-self: center;margin-left: auto;margin-right: auto;margin-top:30px;margin-bottom:0px;width:100%;\"><\/div><div ><a class=\"fusion-button button-flat fusion-button-default-size button-custom fusion-button-default button-1 fusion-button-default-span fusion-button-default-type fusion-has-button-gradient\" style=\"--button_accent_color:var(--awb-color1);--button_accent_hover_color:var(--awb-color1);--button_border_hover_color:var(--awb-color1);--button_gradient_top_color:var(--awb-color6);--button_gradient_bottom_color:var(--awb-custom_color_1);--button_gradient_top_color_hover:var(--awb-custom_color_1);--button_gradient_bottom_color_hover:hsla(var(--awb-color5-h),calc(var(--awb-color5-s) - 5%),calc(var(--awb-color5-l) - 10%),var(--awb-color5-a));\" target=\"_self\" href=\"https:\/\/manage.muddys-club.net\/public\/reservation\/2025-03-28-mojohandquartett\"><span class=\"fusion-button-text awb-button__text awb-button__text--default\">Karten Reservieren<\/span><\/a><\/div><\/div><\/div><div class=\"fusion-layout-column fusion_builder_column fusion-builder-column-2 fusion_builder_column_4_5 4_5 fusion-flex-column\" style=\"--awb-bg-size:cover;--awb-width-large:80%;--awb-margin-top-large:0px;--awb-spacing-right-large:2.4%;--awb-margin-bottom-large:20px;--awb-spacing-left-large:2.4%;--awb-width-medium:80%;--awb-order-medium:0;--awb-spacing-right-medium:2.4%;--awb-spacing-left-medium:2.4%;--awb-width-small:100%;--awb-order-small:0;--awb-spacing-right-small:1.92%;--awb-spacing-left-small:1.92%;\"><div class=\"fusion-column-wrapper fusion-column-has-shadow fusion-flex-justify-content-flex-start fusion-content-layout-column\"><div class=\"fusion-text fusion-text-4\"><p>Ein Heimspiel der besonderen Art hat mojo hand, seit 1986 das Bluesprojekt von J\u00fcrgen<br \/>\n\u201eMojo\u201c Schultz, einem der vielseitigsten und besten Gitarristen S\u00fcddeutschlands: im<br \/>\nMuddy\u00b4s Club lernten sich Mojo (voc, guit), Wins Dyer (voc) und Konrad Fink (b) vor 20<br \/>\nJahren kennen und bilden mit Mojos langj\u00e4hrigem Wegbegleiter Matthias Huber (dr) das<br \/>\naktuelle Lineup. Besondere G\u00e4ste werden die beiden engen Freunde und Virtuosen Uli<br \/>\nKammerer (sax) und Albert Koch (harp) sein \u2013 zum ersten Mal werden mojo hand in dieser<br \/>\nillustren Besetzung auftreten und dieses Konzert zu etwas ganz Besonderem machen!<br \/>\nDie Band bietet sowohl elektrisch als auch akustisch die ganze Palette des Blues von den<br \/>\nsp\u00e4ten Zwanzigern bis heute: vom Delta- bis zum Chicagoblues, vom Bluesrock bis zum<br \/>\nCountryblues.<br \/>\nEin \u201eMojo\u201c bezeichnet nach Wikipedia \u201eeigentlich ein magisches Amulett, wird aber auch als<br \/>\nSynonym f\u00fcr Gl\u00fcck oder Gl\u00fccksbringer verwendet. Das Wort Mojo ist afrikanischen<br \/>\nUrsprungs und kam mit den Sklaven nach Amerika.\u201c \u2013 wo durch eben diese Sklaven auf den<br \/>\nBaumwollfeldern der S\u00fcdstaaten der Blues entstand. Und genau dahin transportieren mojo<br \/>\nhand die Zuh\u00f6rer zur\u00fcck, denn ein Gro\u00dfteil des Repertoires entstammt der Fr\u00fchzeit des<br \/>\nBlues, auch wenn oft in modernen Arrangements.<br \/>\nObwohl in der Urform nur ein Trio, schafft es die Band durch die enorme stilistische<br \/>\nBandbreite von J\u00fcrgen Schultz (mit zum Teil exotischen Gitarren) und der Stilsicherheit<br \/>\nseiner Begleiter eine ungew\u00f6hnlich vielf\u00e4ltige Atmosph\u00e4re herzustellen, die aber doch immer<br \/>\nwieder eindeutig vom Blues gepr\u00e4gt wird.<br \/>\nmojo hand garantiert Blues vom Feinsten: New Orleans-Grooves faszinieren genauso wie<br \/>\ntreibender Shuffle, knackiger Funk, jazziger Swing und kerniger Rock, u.a mit Songs von JJ<br \/>\nCale, Lynyrd Skynyrd, den Allman Brothers, Little Feat, Fabulous Thunderbirds, Eric Claption<br \/>\nund Robben Ford.<\/p>\n<p>Mojo (voc, guit)<\/p>\n<p>Wins Dyer (voc)<\/p>\n<p>Konrad Fink (b)<\/p>\n<p>Matthias Huber (dr)<\/p>\n<\/div><div class=\"fusion-video fusion-youtube\" style=\"--awb-max-width:600px;--awb-max-height:360px;\"><div class=\"video-shortcode\"><div class=\"fluid-width-video-wrapper\" style=\"padding-top:60%;\" ><iframe title=\"YouTube video player 1\" src=\"https:\/\/www.youtube.com\/embed\/dKivPlCI_gI?wmode=transparent&autoplay=0\" width=\"600\" height=\"360\" allowfullscreen allow=\"autoplay; clipboard-write; encrypted-media; gyroscope; picture-in-picture;\"><\/iframe><\/div><\/div><\/div><\/div><\/div><div class=\"fusion-layout-column fusion_builder_column fusion-builder-column-3 fusion_builder_column_1_1 1_1 fusion-flex-column\" style=\"--awb-bg-size:cover;--awb-width-large:100%;--awb-margin-top-large:0px;--awb-spacing-right-large:1.92%;--awb-margin-bottom-large:20px;--awb-spacing-left-large:1.92%;--awb-width-medium:100%;--awb-order-medium:0;--awb-spacing-right-medium:1.92%;--awb-spacing-left-medium:1.92%;--awb-width-small:100%;--awb-order-small:0;--awb-spacing-right-small:1.92%;--awb-spacing-left-small:1.92%;\"><div class=\"fusion-column-wrapper fusion-column-has-shadow fusion-flex-justify-content-flex-start fusion-content-layout-column\"><div class=\"fusion-separator fusion-full-width-sep\" style=\"align-self: center;margin-left: auto;margin-right: auto;margin-top:15px;margin-bottom:15px;width:100%;\"><div class=\"fusion-separator-border sep-single sep-solid\" style=\"--awb-height:20px;--awb-amount:20px;border-color:var(--awb-color3);border-top-width:1px;\"><\/div><\/div><\/div><\/div><\/div><\/div>\n","protected":false},"excerpt":{"rendered":"","protected":false},"author":8,"featured_media":0,"parent":0,"menu_order":0,"comment_status":"closed","ping_status":"closed","template":"100-width.php","meta":{"_acf_changed":false,"footnotes":""},"class_list":["post-2024","page","type-page","status-publish","hentry"],"acf":[],"_links":{"self":[{"href":"https:\/\/muddys-club.net\/index.php\/wp-json\/wp\/v2\/pages\/2024","targetHints":{"allow":["GET"]}}],"collection":[{"href":"https:\/\/muddys-club.net\/index.php\/wp-json\/wp\/v2\/pages"}],"about":[{"href":"https:\/\/muddys-club.net\/index.php\/wp-json\/wp\/v2\/types\/page"}],"author":[{"embeddable":true,"href":"https:\/\/muddys-club.net\/index.php\/wp-json\/wp\/v2\/users\/8"}],"replies":[{"embeddable":true,"href":"https:\/\/muddys-club.net\/index.php\/wp-json\/wp\/v2\/comments?post=2024"}],"version-history":[{"count":3,"href":"https:\/\/muddys-club.net\/index.php\/wp-json\/wp\/v2\/pages\/2024\/revisions"}],"predecessor-version":[{"id":2120,"href":"https:\/\/muddys-club.net\/index.php\/wp-json\/wp\/v2\/pages\/2024\/revisions\/2120"}],"wp:attachment":[{"href":"https:\/\/muddys-club.net\/index.php\/wp-json\/wp\/v2\/media?parent=2024"}],"curies":[{"name":"wp","href":"https:\/\/api.w.org\/{rel}","templated":true}]}}