{"id":2002,"date":"2024-11-06T10:40:46","date_gmt":"2024-11-06T09:40:46","guid":{"rendered":"https:\/\/muddys-club.net\/?page_id=2002"},"modified":"2024-12-17T09:45:09","modified_gmt":"2024-12-17T08:45:09","slug":"2025-02-24-the-bluesanovas","status":"publish","type":"page","link":"https:\/\/muddys-club.net\/index.php\/2025-02-24-the-bluesanovas\/","title":{"rendered":"2025-02-24 The Bluesanovas"},"content":{"rendered":"<div class=\"fusion-fullwidth fullwidth-box fusion-builder-row-1 fusion-flex-container has-pattern-background has-mask-background nonhundred-percent-fullwidth non-hundred-percent-height-scrolling\" style=\"--awb-border-radius-top-left:0px;--awb-border-radius-top-right:0px;--awb-border-radius-bottom-right:0px;--awb-border-radius-bottom-left:0px;--awb-flex-wrap:wrap;\" ><div class=\"fusion-builder-row fusion-row fusion-flex-align-items-flex-start fusion-flex-content-wrap\" style=\"max-width:1040px;margin-left: calc(-4% \/ 2 );margin-right: calc(-4% \/ 2 );\"><div class=\"fusion-layout-column fusion_builder_column fusion-builder-column-0 fusion_builder_column_2_3 2_3 fusion-flex-column\" style=\"--awb-bg-size:cover;--awb-width-large:66.666666666667%;--awb-margin-top-large:0px;--awb-spacing-right-large:2.88%;--awb-margin-bottom-large:20px;--awb-spacing-left-large:2.88%;--awb-width-medium:66.666666666667%;--awb-order-medium:0;--awb-spacing-right-medium:2.88%;--awb-spacing-left-medium:2.88%;--awb-width-small:100%;--awb-order-small:0;--awb-spacing-right-small:1.92%;--awb-spacing-left-small:1.92%;\"><div class=\"fusion-column-wrapper fusion-column-has-shadow fusion-flex-justify-content-flex-start fusion-content-layout-column\"><div class=\"fusion-image-element \" style=\"--awb-caption-title-font-family:var(--h2_typography-font-family);--awb-caption-title-font-weight:var(--h2_typography-font-weight);--awb-caption-title-font-style:var(--h2_typography-font-style);--awb-caption-title-size:var(--h2_typography-font-size);--awb-caption-title-transform:var(--h2_typography-text-transform);--awb-caption-title-line-height:var(--h2_typography-line-height);--awb-caption-title-letter-spacing:var(--h2_typography-letter-spacing);\"><span class=\" fusion-imageframe imageframe-none imageframe-1 hover-type-none\"><img decoding=\"async\" width=\"300\" height=\"202\" title=\"The Bluesanovas\" src=\"https:\/\/muddys-club.net\/wp-content\/uploads\/2024\/11\/The-Bluesanovas-300x202.jpg\" alt class=\"img-responsive wp-image-2003\" srcset=\"https:\/\/muddys-club.net\/wp-content\/uploads\/2024\/11\/The-Bluesanovas-200x135.jpg 200w, https:\/\/muddys-club.net\/wp-content\/uploads\/2024\/11\/The-Bluesanovas-400x269.jpg 400w, https:\/\/muddys-club.net\/wp-content\/uploads\/2024\/11\/The-Bluesanovas-600x404.jpg 600w, https:\/\/muddys-club.net\/wp-content\/uploads\/2024\/11\/The-Bluesanovas-800x539.jpg 800w, https:\/\/muddys-club.net\/wp-content\/uploads\/2024\/11\/The-Bluesanovas.jpg 815w\" sizes=\"(max-width: 640px) 100vw, 800px\" \/><\/span><\/div><\/div><\/div><div class=\"fusion-layout-column fusion_builder_column fusion-builder-column-1 fusion_builder_column_1_3 1_3 fusion-flex-column\" style=\"--awb-bg-size:cover;--awb-width-large:33.333333333333%;--awb-margin-top-large:0px;--awb-spacing-right-large:5.76%;--awb-margin-bottom-large:20px;--awb-spacing-left-large:5.76%;--awb-width-medium:33.333333333333%;--awb-order-medium:0;--awb-spacing-right-medium:5.76%;--awb-spacing-left-medium:5.76%;--awb-width-small:100%;--awb-order-small:0;--awb-spacing-right-small:1.92%;--awb-spacing-left-small:1.92%;\"><div class=\"fusion-column-wrapper fusion-column-has-shadow fusion-flex-justify-content-flex-start fusion-content-layout-column\"><div class=\"fusion-text fusion-text-1\"><p>Blue Monday pr\u00e4sentiert:<\/p>\n<h3>The Bluesanovas<\/h3>\n<h3><\/h3>\n<\/div><div class=\"fusion-text fusion-text-2\"><h2>Montag, 24 Februar 2025<\/h2>\n<h5>Beginn 20.30 Uhr<\/h5>\n<p><span style=\"color: var(--awb-text-color); font-family: var(--awb-text-font-family); font-size: var(--awb-font-size); font-style: var(--awb-text-font-style); font-weight: var(--awb-text-font-weight); letter-spacing: var(--awb-letter-spacing); text-align: var(--awb-content-alignment); text-transform: var(--awb-text-transform); background-color: var(--awb-bg-color);\">Einlass 19.30 Uhr in Muddy&#8217;s Club<\/span><\/p>\n<\/div><div class=\"fusion-text fusion-text-3\"><h5>Eintritt<\/h5>\n<p>Normal: 28 \u20ac<br \/>\n<span style=\"color: var(--awb-text-color); font-family: var(--awb-text-font-family); font-size: var(--awb-font-size); font-style: var(--awb-text-font-style); letter-spacing: var(--awb-letter-spacing); text-align: var(--awb-content-alignment); text-transform: var(--awb-text-transform); background-color: var(--awb-bg-color);\">Erm\u00e4ssigt: 24 \u20ac<br \/>\n<\/span>Mitglieder: 22 \u20ac<br \/>\nSch\u00fcler: 5 \u20ac<\/p>\n<\/div><div class=\"fusion-separator fusion-full-width-sep\" style=\"align-self: center;margin-left: auto;margin-right: auto;margin-top:30px;margin-bottom:0px;width:100%;\"><\/div><div ><a class=\"fusion-button button-flat fusion-button-default-size button-custom fusion-button-default button-1 fusion-button-default-span fusion-button-default-type fusion-has-button-gradient\" style=\"--button_accent_color:var(--awb-color1);--button_accent_hover_color:var(--awb-color1);--button_border_hover_color:var(--awb-color1);--button_gradient_top_color:var(--awb-color6);--button_gradient_bottom_color:var(--awb-custom_color_1);--button_gradient_top_color_hover:var(--awb-custom_color_1);--button_gradient_bottom_color_hover:hsla(var(--awb-color5-h),calc(var(--awb-color5-s) - 5%),calc(var(--awb-color5-l) - 10%),var(--awb-color5-a));\" target=\"_self\" href=\"https:\/\/manage.muddys-club.net\/public\/reservation\/2025-02-24-thebluesanovas\"><span class=\"fusion-button-text awb-button__text awb-button__text--default\">Karten Reservieren<\/span><\/a><\/div><\/div><\/div><div class=\"fusion-layout-column fusion_builder_column fusion-builder-column-2 fusion_builder_column_4_5 4_5 fusion-flex-column\" style=\"--awb-bg-size:cover;--awb-width-large:80%;--awb-margin-top-large:0px;--awb-spacing-right-large:2.4%;--awb-margin-bottom-large:20px;--awb-spacing-left-large:2.4%;--awb-width-medium:80%;--awb-order-medium:0;--awb-spacing-right-medium:2.4%;--awb-spacing-left-medium:2.4%;--awb-width-small:100%;--awb-order-small:0;--awb-spacing-right-small:1.92%;--awb-spacing-left-small:1.92%;\"><div class=\"fusion-column-wrapper fusion-column-has-shadow fusion-flex-justify-content-flex-start fusion-content-layout-column\"><div class=\"fusion-text fusion-text-4\"><p>Am 24. Februar 2025 wird der Muddy\u2019s Club Weinheim beim Blue Monday von einer der aufregendsten und dynamischsten Bluesbands Deutschlands zum Beben gebracht: The Bluesanovas. Wenn von Blues \u201emade in Germany\u201c die Rede ist, kann man eigentlich nur die Bluesanovas meinen. In den vergangenen Jahren hat sich das Quintett aus M\u00fcnster den Status eines absoluten Live-Geheimtipps erarbeitet und konnte Fans wie Kritiker gleicherma\u00dfen von ihrem authentischen Retro-Stil \u00fcberzeugen.<\/p>\n<p>Ihr guter Ruf eilte den dreifachen \u201eGerman Blues Award\u201c-Gewinnern voraus, und so ist es kaum verwunderlich, dass niemand Geringerer als Eric Clapton die f\u00fcnf M\u00fcnsteraner f\u00fcr seine Deutschlandtour 2022 als Supportact einlud. Diese Ehre spricht B\u00e4nde \u00fcber das Talent und die B\u00fchnenpr\u00e4senz der Band. Mit ihren bislang zwei ver\u00f6ffentlichten Alben und einer EP \u2013 die sie im legend\u00e4ren Sun-Studio in Memphis aufnahmen und produzierten \u2013 haben die Bluesanovas bewiesen, dass Blues \u201emade in Germany\u201c auf h\u00f6chstem Niveau gespielt werden kann. Ihre Musik geht sofort ins Ohr und in die Beine und verspricht ein unvergessliches Live-Erlebnis.<\/p>\n<p>Pressestimmen:<\/p>\n<p>\u201cThe Bluesanovas sind auf bestem Wege, in die Elite der europ\u00e4ischen Bluesszene vorzustossen.\u201d &#8211; Marco Piazzalonga, JAZZ\u2019N\u2019MORE<br \/>\n\u201cDie Band ist ein Juwel der Bluesszene.\u201d &#8211; WAZ \/\/ Dortmund<br \/>\n\u201cDie Hoffnung f\u00fcr die Zukunft [\u2026] Ein starkes Deb\u00fct-Album.\u201d &#8211; Blues Magazine \/\/ NL<br \/>\nBandmitglieder:<\/p>\n<p>Verpassen Sie nicht die Gelegenheit, diese herausragende Band live zu erleben und sich von ihrem einzigartigen Sound mitrei\u00dfen zu lassen. Der Blue Monday im Muddy\u2019s Club Weinheim wird garantiert ein unvergesslicher Abend voller mitrei\u00dfender Bluesmusik und energiegeladener Performances. Sichern Sie sich jetzt Ihre Tickets und erleben Sie die Magie der Bluesanovas hautnah!<\/p>\n<p>Till Seidel (Gesang)<br \/>\nFilipe Henrique (Gitarre)<br \/>\nNico Dreier (Klavier, Orgel)<br \/>\nTim Kirschke (Bass, Kontrabass)<br \/>\nPhilipp Dreier (Schlagzeug)<\/p>\n<\/div><\/div><\/div><div class=\"fusion-layout-column fusion_builder_column fusion-builder-column-3 fusion_builder_column_1_1 1_1 fusion-flex-column\" style=\"--awb-bg-size:cover;--awb-width-large:100%;--awb-margin-top-large:0px;--awb-spacing-right-large:1.92%;--awb-margin-bottom-large:20px;--awb-spacing-left-large:1.92%;--awb-width-medium:100%;--awb-order-medium:0;--awb-spacing-right-medium:1.92%;--awb-spacing-left-medium:1.92%;--awb-width-small:100%;--awb-order-small:0;--awb-spacing-right-small:1.92%;--awb-spacing-left-small:1.92%;\"><div class=\"fusion-column-wrapper fusion-column-has-shadow fusion-flex-justify-content-flex-start fusion-content-layout-column\"><div class=\"fusion-separator fusion-full-width-sep\" style=\"align-self: center;margin-left: auto;margin-right: auto;margin-top:15px;margin-bottom:15px;width:100%;\"><div class=\"fusion-separator-border sep-single sep-solid\" style=\"--awb-height:20px;--awb-amount:20px;border-color:var(--awb-color3);border-top-width:1px;\"><\/div><\/div><\/div><\/div><\/div><\/div>\n","protected":false},"excerpt":{"rendered":"","protected":false},"author":8,"featured_media":0,"parent":0,"menu_order":0,"comment_status":"closed","ping_status":"closed","template":"100-width.php","meta":{"_acf_changed":false,"footnotes":""},"class_list":["post-2002","page","type-page","status-publish","hentry"],"acf":[],"_links":{"self":[{"href":"https:\/\/muddys-club.net\/index.php\/wp-json\/wp\/v2\/pages\/2002","targetHints":{"allow":["GET"]}}],"collection":[{"href":"https:\/\/muddys-club.net\/index.php\/wp-json\/wp\/v2\/pages"}],"about":[{"href":"https:\/\/muddys-club.net\/index.php\/wp-json\/wp\/v2\/types\/page"}],"author":[{"embeddable":true,"href":"https:\/\/muddys-club.net\/index.php\/wp-json\/wp\/v2\/users\/8"}],"replies":[{"embeddable":true,"href":"https:\/\/muddys-club.net\/index.php\/wp-json\/wp\/v2\/comments?post=2002"}],"version-history":[{"count":4,"href":"https:\/\/muddys-club.net\/index.php\/wp-json\/wp\/v2\/pages\/2002\/revisions"}],"predecessor-version":[{"id":2114,"href":"https:\/\/muddys-club.net\/index.php\/wp-json\/wp\/v2\/pages\/2002\/revisions\/2114"}],"wp:attachment":[{"href":"https:\/\/muddys-club.net\/index.php\/wp-json\/wp\/v2\/media?parent=2002"}],"curies":[{"name":"wp","href":"https:\/\/api.w.org\/{rel}","templated":true}]}}