{"id":1995,"date":"2024-11-06T09:55:33","date_gmt":"2024-11-06T08:55:33","guid":{"rendered":"https:\/\/muddys-club.net\/?page_id=1995"},"modified":"2024-11-06T09:55:33","modified_gmt":"2024-11-06T08:55:33","slug":"2025-01-27-jimmy_reiter_band","status":"publish","type":"page","link":"https:\/\/muddys-club.net\/index.php\/2025-01-27-jimmy_reiter_band\/","title":{"rendered":"2025-01-27 Jimmy Reiter Band"},"content":{"rendered":"<div class=\"fusion-fullwidth fullwidth-box fusion-builder-row-1 fusion-flex-container has-pattern-background has-mask-background nonhundred-percent-fullwidth non-hundred-percent-height-scrolling\" style=\"--awb-border-radius-top-left:0px;--awb-border-radius-top-right:0px;--awb-border-radius-bottom-right:0px;--awb-border-radius-bottom-left:0px;--awb-flex-wrap:wrap;\" ><div class=\"fusion-builder-row fusion-row fusion-flex-align-items-flex-start fusion-flex-content-wrap\" style=\"max-width:1040px;margin-left: calc(-4% \/ 2 );margin-right: calc(-4% \/ 2 );\"><div class=\"fusion-layout-column fusion_builder_column fusion-builder-column-0 fusion_builder_column_2_3 2_3 fusion-flex-column\" style=\"--awb-bg-size:cover;--awb-width-large:66.666666666667%;--awb-margin-top-large:0px;--awb-spacing-right-large:2.88%;--awb-margin-bottom-large:20px;--awb-spacing-left-large:2.88%;--awb-width-medium:66.666666666667%;--awb-order-medium:0;--awb-spacing-right-medium:2.88%;--awb-spacing-left-medium:2.88%;--awb-width-small:100%;--awb-order-small:0;--awb-spacing-right-small:1.92%;--awb-spacing-left-small:1.92%;\"><div class=\"fusion-column-wrapper fusion-column-has-shadow fusion-flex-justify-content-flex-start fusion-content-layout-column\"><div class=\"fusion-image-element \" style=\"--awb-caption-title-font-family:var(--h2_typography-font-family);--awb-caption-title-font-weight:var(--h2_typography-font-weight);--awb-caption-title-font-style:var(--h2_typography-font-style);--awb-caption-title-size:var(--h2_typography-font-size);--awb-caption-title-transform:var(--h2_typography-text-transform);--awb-caption-title-line-height:var(--h2_typography-line-height);--awb-caption-title-letter-spacing:var(--h2_typography-letter-spacing);\"><span class=\" fusion-imageframe imageframe-none imageframe-1 hover-type-none\"><img decoding=\"async\" width=\"300\" height=\"202\" title=\"Jimmy Reiter\" src=\"https:\/\/muddys-club.net\/wp-content\/uploads\/2024\/11\/Jimmy-Reiter-300x202.jpg\" alt class=\"img-responsive wp-image-1996\" srcset=\"https:\/\/muddys-club.net\/wp-content\/uploads\/2024\/11\/Jimmy-Reiter-200x135.jpg 200w, https:\/\/muddys-club.net\/wp-content\/uploads\/2024\/11\/Jimmy-Reiter-400x269.jpg 400w, https:\/\/muddys-club.net\/wp-content\/uploads\/2024\/11\/Jimmy-Reiter-600x404.jpg 600w, https:\/\/muddys-club.net\/wp-content\/uploads\/2024\/11\/Jimmy-Reiter-800x539.jpg 800w, https:\/\/muddys-club.net\/wp-content\/uploads\/2024\/11\/Jimmy-Reiter.jpg 815w\" sizes=\"(max-width: 640px) 100vw, 800px\" \/><\/span><\/div><\/div><\/div><div class=\"fusion-layout-column fusion_builder_column fusion-builder-column-1 fusion_builder_column_1_3 1_3 fusion-flex-column\" style=\"--awb-bg-size:cover;--awb-width-large:33.333333333333%;--awb-margin-top-large:0px;--awb-spacing-right-large:5.76%;--awb-margin-bottom-large:20px;--awb-spacing-left-large:5.76%;--awb-width-medium:33.333333333333%;--awb-order-medium:0;--awb-spacing-right-medium:5.76%;--awb-spacing-left-medium:5.76%;--awb-width-small:100%;--awb-order-small:0;--awb-spacing-right-small:1.92%;--awb-spacing-left-small:1.92%;\"><div class=\"fusion-column-wrapper fusion-column-has-shadow fusion-flex-justify-content-flex-start fusion-content-layout-column\"><div class=\"fusion-text fusion-text-1\"><h3>Jimmy Reiter Band<\/h3>\n<h3><\/h3>\n<\/div><div class=\"fusion-text fusion-text-2\"><h2>Montag, 27 Januar 2025<\/h2>\n<h5>Beginn 20.30 Uhr<\/h5>\n<p><span style=\"color: var(--awb-text-color); font-family: var(--awb-text-font-family); font-size: var(--awb-font-size); font-style: var(--awb-text-font-style); font-weight: var(--awb-text-font-weight); letter-spacing: var(--awb-letter-spacing); text-align: var(--awb-content-alignment); text-transform: var(--awb-text-transform); background-color: var(--awb-bg-color);\">Einlass 19.30 Uhr in Muddy&#8217;s Club<\/span><\/p>\n<\/div><div class=\"fusion-text fusion-text-3\"><h5>Eintritt<\/h5>\n<p>Normal: 28 \u20ac<br \/>\n<span style=\"color: var(--awb-text-color); font-family: var(--awb-text-font-family); font-size: var(--awb-font-size); font-style: var(--awb-text-font-style); letter-spacing: var(--awb-letter-spacing); text-align: var(--awb-content-alignment); text-transform: var(--awb-text-transform); background-color: var(--awb-bg-color);\">Erm\u00e4ssigt: 24 \u20ac<br \/>\n<\/span>Mitglieder: 22 \u20ac<br \/>\nSch\u00fcler: 5 \u20ac<\/p>\n<\/div><div class=\"fusion-separator fusion-full-width-sep\" style=\"align-self: center;margin-left: auto;margin-right: auto;margin-top:30px;margin-bottom:0px;width:100%;\"><\/div><div ><a class=\"fusion-button button-flat fusion-button-default-size button-custom fusion-button-default button-1 fusion-button-default-span fusion-button-default-type fusion-has-button-gradient\" style=\"--button_accent_color:var(--awb-color1);--button_accent_hover_color:var(--awb-color1);--button_border_hover_color:var(--awb-color1);--button_gradient_top_color:var(--awb-color6);--button_gradient_bottom_color:var(--awb-custom_color_1);--button_gradient_top_color_hover:var(--awb-custom_color_1);--button_gradient_bottom_color_hover:hsla(var(--awb-color5-h),calc(var(--awb-color5-s) - 5%),calc(var(--awb-color5-l) - 10%),var(--awb-color5-a));\" target=\"_self\" href=\"https:\/\/manage.muddys-club.net\/public\/reservation\/2025-01-27-jimmyreiterband\"><span class=\"fusion-button-text awb-button__text awb-button__text--default\">Karten Reservieren<\/span><\/a><\/div><\/div><\/div><div class=\"fusion-layout-column fusion_builder_column fusion-builder-column-2 fusion_builder_column_4_5 4_5 fusion-flex-column\" style=\"--awb-bg-size:cover;--awb-width-large:80%;--awb-margin-top-large:0px;--awb-spacing-right-large:2.4%;--awb-margin-bottom-large:20px;--awb-spacing-left-large:2.4%;--awb-width-medium:80%;--awb-order-medium:0;--awb-spacing-right-medium:2.4%;--awb-spacing-left-medium:2.4%;--awb-width-small:100%;--awb-order-small:0;--awb-spacing-right-small:1.92%;--awb-spacing-left-small:1.92%;\"><div class=\"fusion-column-wrapper fusion-column-has-shadow fusion-flex-justify-content-flex-start fusion-content-layout-column\"><div class=\"fusion-text fusion-text-4\"><p>Erleben Sie die preisgekr\u00f6nte Jimmy Reiter Band live in einem der angesagtesten Bluesclubs Deutschlands!<\/p>\n<p>Die Jimmy Reiter Band wurde mehrfach ausgezeichnet, unter anderem als \u201eDeutschlands beste Blues Band\u201c und Jimmy Reiter selbst als \u201ebester Bluesgitarrist Deutschlands 2024\u201c. Diese Ehrungen sprechen f\u00fcr sich und garantieren ein musikalisches Erlebnis der Extraklasse. Seit 2010 begeistert die Band mit ihrem modernen, elektrischen Gro\u00dfstadtblues und hat sich auf den Club- und Festivalb\u00fchnen einen Namen gemacht.<\/p>\n<p>Jimmy Reiter, der \u00fcber zehn Jahre als Gitarrist des US-amerikanischen Blues-S\u00e4ngers Doug Jay sowie anderer internationaler Blues-K\u00fcnstler auf Tour war, hat sich mit seiner Band und seinen Alben wie \u201eHigh Priest Of Nothing\u201c und \u201eWhat You Need\u201c einen festen Platz in der Blues-Szene erarbeitet. Die internationale Presse \u00fcberschl\u00e4gt sich mit Lob: \u201eDieser Typ ist einer der besten jungen Bluesgitarristen, die man seit langem in Europa geh\u00f6rt hat\u201c, schrieb das britische Magazin \u201eBlues &amp; Rhythm\u201c.<\/p>\n<p>Freuen Sie sich auf ein grandioses Blueskonzert der Spitzenklasse, das von der internationalen Presse hoch gelobt wird. Gastgeber Sebastian Strodtbeck vom Muddy\u00b4s Blues &amp; Jazz Club Weinheim e.V. ist begeistert: \u201eWir freuen uns, dass wir die Jimmy Reiter Band nach ihrem letzten grandiosen Gastspiel im Januar erneut f\u00fcr ein Konzert bei uns in Weinheim verpflichten konnten. Euch erwartet ein grandioses Blueskonzert der internationalen Spitzenklasse!\u201c<\/p>\n<p>Die Jimmy Reiter Band wird Sie mit ihrer musikalischen Qualit\u00e4t und Spielfreude mitrei\u00dfen. Die Band, bestehend aus Jimmy Reiter (Gitarre \/ Gesang),<strong>\u00a0<\/strong>Jasper Mortier (Bass), Bj\u00f6rn Puls (Schlagzeug) und \u00a0Horst Bergmeyer (Keyboards).<\/p>\n<p>Besonders hervorzuheben ist die stilistische Bandbreite der Jimmy Reiter Band, die von urbanem elektrischen Blues bis zu funky R&amp;B reicht. Die Eigenkompositionen von Jimmy Reiter, die von der S\u00fcddeutschen Zeitung als \u201eeine erl\u00f6sende Alternative zum t\u00e4glichen Hitformat in den meisten Radiosendern\u201c beschrieben werden, sowie ausgew\u00e4hlte Coverst\u00fccke, versprechen ein abwechslungsreiches und mitrei\u00dfendes Konzert.<\/p>\n<p>Verpassen Sie nicht die Gelegenheit, diese herausragende Band live zu erleben und sich von ihrer musikalischen Vielfalt und Energie begeistern zu lassen. Sichern Sie sich jetzt Ihre Tickets und seien Sie dabei, wenn die Jimmy Reiter Band die B\u00fchne rockt!<\/p>\n<\/div><\/div><\/div><div class=\"fusion-layout-column fusion_builder_column fusion-builder-column-3 fusion_builder_column_1_1 1_1 fusion-flex-column\" style=\"--awb-bg-size:cover;--awb-width-large:100%;--awb-margin-top-large:0px;--awb-spacing-right-large:1.92%;--awb-margin-bottom-large:20px;--awb-spacing-left-large:1.92%;--awb-width-medium:100%;--awb-order-medium:0;--awb-spacing-right-medium:1.92%;--awb-spacing-left-medium:1.92%;--awb-width-small:100%;--awb-order-small:0;--awb-spacing-right-small:1.92%;--awb-spacing-left-small:1.92%;\"><div class=\"fusion-column-wrapper fusion-column-has-shadow fusion-flex-justify-content-flex-start fusion-content-layout-column\"><div class=\"fusion-separator fusion-full-width-sep\" style=\"align-self: center;margin-left: auto;margin-right: auto;margin-top:15px;margin-bottom:15px;width:100%;\"><div class=\"fusion-separator-border sep-single sep-solid\" style=\"--awb-height:20px;--awb-amount:20px;border-color:var(--awb-color3);border-top-width:1px;\"><\/div><\/div><\/div><\/div><\/div><\/div>\n","protected":false},"excerpt":{"rendered":"","protected":false},"author":8,"featured_media":0,"parent":0,"menu_order":0,"comment_status":"closed","ping_status":"closed","template":"100-width.php","meta":{"_acf_changed":false,"footnotes":""},"class_list":["post-1995","page","type-page","status-publish","hentry"],"acf":[],"_links":{"self":[{"href":"https:\/\/muddys-club.net\/index.php\/wp-json\/wp\/v2\/pages\/1995","targetHints":{"allow":["GET"]}}],"collection":[{"href":"https:\/\/muddys-club.net\/index.php\/wp-json\/wp\/v2\/pages"}],"about":[{"href":"https:\/\/muddys-club.net\/index.php\/wp-json\/wp\/v2\/types\/page"}],"author":[{"embeddable":true,"href":"https:\/\/muddys-club.net\/index.php\/wp-json\/wp\/v2\/users\/8"}],"replies":[{"embeddable":true,"href":"https:\/\/muddys-club.net\/index.php\/wp-json\/wp\/v2\/comments?post=1995"}],"version-history":[{"count":1,"href":"https:\/\/muddys-club.net\/index.php\/wp-json\/wp\/v2\/pages\/1995\/revisions"}],"predecessor-version":[{"id":1997,"href":"https:\/\/muddys-club.net\/index.php\/wp-json\/wp\/v2\/pages\/1995\/revisions\/1997"}],"wp:attachment":[{"href":"https:\/\/muddys-club.net\/index.php\/wp-json\/wp\/v2\/media?parent=1995"}],"curies":[{"name":"wp","href":"https:\/\/api.w.org\/{rel}","templated":true}]}}