{"id":1969,"date":"2024-10-24T10:55:14","date_gmt":"2024-10-24T08:55:14","guid":{"rendered":"https:\/\/muddys-club.net\/?page_id=1969"},"modified":"2025-03-04T10:00:36","modified_gmt":"2025-03-04T09:00:36","slug":"2025-03-27-philleicht-jazz-praesentiert-jmo-jan-galega-broennimann-moussa-cissokho-omri-hason","status":"publish","type":"page","link":"https:\/\/muddys-club.net\/index.php\/2025-03-27-philleicht-jazz-praesentiert-jmo-jan-galega-broennimann-moussa-cissokho-omri-hason\/","title":{"rendered":"2025-03-27 Philleicht Jazz?! pr\u00e4sentiert JMO Jan Galega Br\u00f6nnimann &#8211; Moussa Cissokho &#8211; Omri Hason"},"content":{"rendered":"<div class=\"fusion-fullwidth fullwidth-box fusion-builder-row-1 fusion-flex-container has-pattern-background has-mask-background nonhundred-percent-fullwidth non-hundred-percent-height-scrolling\" style=\"--awb-border-radius-top-left:0px;--awb-border-radius-top-right:0px;--awb-border-radius-bottom-right:0px;--awb-border-radius-bottom-left:0px;--awb-flex-wrap:wrap;\" ><div class=\"fusion-builder-row fusion-row fusion-flex-align-items-flex-start fusion-flex-content-wrap\" style=\"max-width:1040px;margin-left: calc(-4% \/ 2 );margin-right: calc(-4% \/ 2 );\"><div class=\"fusion-layout-column fusion_builder_column fusion-builder-column-0 fusion_builder_column_2_3 2_3 fusion-flex-column\" style=\"--awb-bg-size:cover;--awb-width-large:66.666666666667%;--awb-margin-top-large:0px;--awb-spacing-right-large:2.88%;--awb-margin-bottom-large:20px;--awb-spacing-left-large:2.88%;--awb-width-medium:66.666666666667%;--awb-order-medium:0;--awb-spacing-right-medium:2.88%;--awb-spacing-left-medium:2.88%;--awb-width-small:100%;--awb-order-small:0;--awb-spacing-right-small:1.92%;--awb-spacing-left-small:1.92%;\"><div class=\"fusion-column-wrapper fusion-column-has-shadow fusion-flex-justify-content-flex-start fusion-content-layout-column\"><div class=\"fusion-image-element \" style=\"--awb-caption-title-font-family:var(--h2_typography-font-family);--awb-caption-title-font-weight:var(--h2_typography-font-weight);--awb-caption-title-font-style:var(--h2_typography-font-style);--awb-caption-title-size:var(--h2_typography-font-size);--awb-caption-title-transform:var(--h2_typography-text-transform);--awb-caption-title-line-height:var(--h2_typography-line-height);--awb-caption-title-letter-spacing:var(--h2_typography-letter-spacing);\"><span class=\" fusion-imageframe imageframe-none imageframe-1 hover-type-none\"><a class=\"fusion-no-lightbox\" href=\"https:\/\/manage.muddys-club.net\/public\/reservation\/2025-03-27-philleichtjazzprasentiertjmojangalegabronnimann-moussacissokho-omrihason\" target=\"_self\" aria-label=\"270325\"><img decoding=\"async\" width=\"300\" height=\"204\" src=\"https:\/\/muddys-club.net\/wp-content\/uploads\/2024\/10\/270325-300x204.jpg\" alt class=\"img-responsive wp-image-1970\" srcset=\"https:\/\/muddys-club.net\/wp-content\/uploads\/2024\/10\/270325-200x136.jpg 200w, https:\/\/muddys-club.net\/wp-content\/uploads\/2024\/10\/270325-400x271.jpg 400w, https:\/\/muddys-club.net\/wp-content\/uploads\/2024\/10\/270325-600x407.jpg 600w, https:\/\/muddys-club.net\/wp-content\/uploads\/2024\/10\/270325-800x543.jpg 800w, https:\/\/muddys-club.net\/wp-content\/uploads\/2024\/10\/270325.jpg 812w\" sizes=\"(max-width: 640px) 100vw, 800px\" \/><\/a><\/span><\/div><\/div><\/div><div class=\"fusion-layout-column fusion_builder_column fusion-builder-column-1 fusion_builder_column_1_3 1_3 fusion-flex-column\" style=\"--awb-bg-size:cover;--awb-width-large:33.333333333333%;--awb-margin-top-large:0px;--awb-spacing-right-large:5.76%;--awb-margin-bottom-large:20px;--awb-spacing-left-large:5.76%;--awb-width-medium:33.333333333333%;--awb-order-medium:0;--awb-spacing-right-medium:5.76%;--awb-spacing-left-medium:5.76%;--awb-width-small:100%;--awb-order-small:0;--awb-spacing-right-small:1.92%;--awb-spacing-left-small:1.92%;\"><div class=\"fusion-column-wrapper fusion-column-has-shadow fusion-flex-justify-content-flex-start fusion-content-layout-column\"><div class=\"fusion-text fusion-text-1\"><h3>Philleicht Jazz?! pr\u00e4sentiert<\/h3>\n<h3>\u00a0JMO Jan Galega Br\u00f6nnimann &#8211; Moussa Cissokho &#8211; Omri Hason<\/h3>\n<\/div><div class=\"fusion-text fusion-text-2\"><h2>Donnerstag 27. M\u00e4rz 2025<\/h2>\n<h5>Beginn 20.30 Uhr<\/h5>\n<p><span style=\"color: var(--awb-text-color); font-family: var(--awb-text-font-family); font-size: var(--awb-font-size); font-style: var(--awb-text-font-style); font-weight: var(--awb-text-font-weight); letter-spacing: var(--awb-letter-spacing); text-align: var(--awb-content-alignment); text-transform: var(--awb-text-transform); background-color: var(--awb-bg-color);\">Einlass 19.30 Uhr in Muddy&#8217;s Club<\/span><\/p>\n<\/div><div class=\"fusion-text fusion-text-3\"><h5>Eintritt<\/h5>\n<p>Normal: 28 \u20ac<br \/>\n<span style=\"color: var(--awb-text-color); font-family: var(--awb-text-font-family); font-size: var(--awb-font-size); font-style: var(--awb-text-font-style); letter-spacing: var(--awb-letter-spacing); text-align: var(--awb-content-alignment); text-transform: var(--awb-text-transform); background-color: var(--awb-bg-color);\">Erm\u00e4ssigt: 24 \u20ac<br \/>\n<\/span>Mitglieder: 22 \u20ac<br \/>\nSch\u00fcler: 5 \u20ac<\/p>\n<\/div><div class=\"fusion-separator fusion-full-width-sep\" style=\"align-self: center;margin-left: auto;margin-right: auto;margin-top:30px;margin-bottom:0px;width:100%;\"><\/div><div ><a class=\"fusion-button button-flat fusion-button-default-size button-custom fusion-button-default button-1 fusion-button-default-span fusion-button-default-type fusion-has-button-gradient\" style=\"--button_accent_color:var(--awb-color1);--button_accent_hover_color:var(--awb-color1);--button_border_hover_color:var(--awb-color1);--button_gradient_top_color:var(--awb-color6);--button_gradient_bottom_color:var(--awb-custom_color_1);--button_gradient_top_color_hover:var(--awb-custom_color_1);--button_gradient_bottom_color_hover:hsla(var(--awb-color5-h),calc(var(--awb-color5-s) - 5%),calc(var(--awb-color5-l) - 10%),var(--awb-color5-a));\" target=\"_self\" href=\"https:\/\/manage.muddys-club.net\/public\/reservation\/2025-03-27-philleichtjazzprasentiertjmojangalegabronnimann-moussacissokho-omrihason\"><span class=\"fusion-button-text awb-button__text awb-button__text--default\">Karten Reservieren<\/span><\/a><\/div><\/div><\/div><div class=\"fusion-layout-column fusion_builder_column fusion-builder-column-2 fusion_builder_column_4_5 4_5 fusion-flex-column\" style=\"--awb-bg-size:cover;--awb-width-large:80%;--awb-margin-top-large:0px;--awb-spacing-right-large:2.4%;--awb-margin-bottom-large:20px;--awb-spacing-left-large:2.4%;--awb-width-medium:80%;--awb-order-medium:0;--awb-spacing-right-medium:2.4%;--awb-spacing-left-medium:2.4%;--awb-width-small:100%;--awb-order-small:0;--awb-spacing-right-small:1.92%;--awb-spacing-left-small:1.92%;\"><div class=\"fusion-column-wrapper fusion-column-has-shadow fusion-flex-justify-content-flex-start fusion-content-layout-column\"><div class=\"fusion-text fusion-text-4\"><p>CD Release 2025: In Ia Yelle (Open Your Eyes)<\/p>\n<p>Jubil\u00e4um 10 Jahre JMO<\/p>\n<p>JMO: drei L\u00e4nder \u2013 eine Sprache!<\/p>\n<p>Zum 10j\u00e4hrigen Jubil\u00e4um pr\u00e4sentieren Jan Galega Br\u00f6nnimann, Moussa Cissokho und Omri Hason ihre dritte CD In Ia Yelle. Auf Mandinka, der Sprache einer Ethnie Westafrikas, bedeutet das: Open Your Eyes.<\/p>\n<p>JMO sind nicht nur die Anfangsbuchstaben der drei Musiker Jan Galega Br\u00f6nnimann, Moussa Cissokho und Omri Hason, sondern auch die drei Haupteinfl\u00fcsse in deren Musik: Jazz &#8211; Mandinka &#8211; Orient<\/p>\n<p>Die ersten beiden CDs \u201eAl nge taa\u201c und \u201eDandoula Tala\u201c wurden von der Presse und vom Publikum international gefeiert und erscheinen bereits in dritter Auflage und wurden \u00fcber 5000 mal verkauft. Die Musik von JMO &#8211; Jan Galega Br\u00f6nnimann (Switzerland), Moussa Cissokho (Senegal) und Omri Hason (Israel) &#8211; l\u00e4sst die Kunst des Geschichtenerz\u00e4hlens wieder aufleben.<\/p>\n<p>Der perlend klare Klang der Kora (traditionelle afrikanische Stegharfe mit 22 Saiten) trifft auf die sonoren, rauchigen T\u00f6ne der Bassklarinette und wird unterst\u00fctzt von den verschiedenen Perkussionsinstrumenten von Omri Hason. Das Zusammenspiel von Moussa Cissokho, Jan Galega Br\u00f6nnimann und Omri Hason besticht durch sch\u00f6ne Melodien und rhythmische Eleganz \u2013 bei ihren unvergesslichen live Konzerten pendeln die drei zwischen magisch verkl\u00e4rten Momenten und rhythmisch explosiven H\u00f6henfl\u00fcgen.<\/p>\n<p>Es entsteht eine authentische und zeitgen\u00f6ssische Kammermusik. Das Trio \u00fcberschreitet Grenzen zwischen traditionellen und modernen Kl\u00e4ngen aus Afrika, Europa und dem Orient. Das Repertoire stammt von allen drei Musikern und zeigt ihre unterschiedlichen Einfl\u00fcsse.<\/p>\n<p>Das Aufeinandertreffen der drei Kulturen, die Auswahl der Instrumente und der reiche Fundus an Ideen, Melodien und Rhythmen macht die Musik zu einem unvergesslichen H\u00f6rabenteuer! Beeinflusst vom kulturellen Erbe der westafrikanischen Griot Ges\u00e4nge singt Moussa Cissokho vom heutigen Leben in Afrika und Europa. In seinen Texten geht es um Sehnsucht, um geheimnisvolle Fl\u00fcsse oder Erfahrungen bei Grenzkontrollen in Europa. Er geh\u00f6rt zur 42. Generation der gro\u00dfen Kora Dynastie und Griot Familie Cissokho, welche seit \u00fcber 1000 Jahren die Tradition der Westafrikanischen Musik pr\u00e4gt. JMO ist nun schon seit 10 Jahren international unterwegs und spielte in Japan, Frankreich, Israel, Slowakei, Holland, Deutschland, Spanien, England, Estland, Letland, Litauen, \u00d6sterreich, Moldawien, Tschechien, Argentinien, Uruguay, Paraguay, Italien, Rum\u00e4nien, Slowenien, Norwegen und der Schweiz.<\/p>\n<p>Jan Galega Br\u00f6nnimann<br \/>\nbass clarinet, soprano saxophone<\/p>\n<p>Moussa Cissokho<br \/>\nkora, vocal<\/p>\n<p>Omri Hason<br \/>\nmiddle-eastern percussion, Hang<\/p>\n<\/div><div class=\"fusion-video fusion-youtube\" style=\"--awb-max-width:600px;--awb-max-height:360px;\"><div class=\"video-shortcode\"><div class=\"fluid-width-video-wrapper\" style=\"padding-top:60%;\" ><iframe title=\"YouTube video player 1\" src=\"https:\/\/www.youtube.com\/embed\/qv0H2twowR8?wmode=transparent&autoplay=0\" width=\"600\" height=\"360\" allowfullscreen allow=\"autoplay; clipboard-write; encrypted-media; gyroscope; picture-in-picture;\"><\/iframe><\/div><\/div><\/div><\/div><\/div><div class=\"fusion-layout-column fusion_builder_column fusion-builder-column-3 fusion_builder_column_1_1 1_1 fusion-flex-column\" style=\"--awb-bg-size:cover;--awb-width-large:100%;--awb-margin-top-large:0px;--awb-spacing-right-large:1.92%;--awb-margin-bottom-large:20px;--awb-spacing-left-large:1.92%;--awb-width-medium:100%;--awb-order-medium:0;--awb-spacing-right-medium:1.92%;--awb-spacing-left-medium:1.92%;--awb-width-small:100%;--awb-order-small:0;--awb-spacing-right-small:1.92%;--awb-spacing-left-small:1.92%;\"><div class=\"fusion-column-wrapper fusion-column-has-shadow fusion-flex-justify-content-flex-start fusion-content-layout-column\"><div class=\"fusion-separator fusion-full-width-sep\" style=\"align-self: center;margin-left: auto;margin-right: auto;margin-top:15px;margin-bottom:15px;width:100%;\"><div class=\"fusion-separator-border sep-single sep-solid\" style=\"--awb-height:20px;--awb-amount:20px;border-color:var(--awb-color3);border-top-width:1px;\"><\/div><\/div><\/div><\/div><\/div><\/div>\n","protected":false},"excerpt":{"rendered":"","protected":false},"author":8,"featured_media":0,"parent":0,"menu_order":0,"comment_status":"closed","ping_status":"closed","template":"100-width.php","meta":{"_acf_changed":false,"footnotes":""},"class_list":["post-1969","page","type-page","status-publish","hentry"],"acf":[],"_links":{"self":[{"href":"https:\/\/muddys-club.net\/index.php\/wp-json\/wp\/v2\/pages\/1969","targetHints":{"allow":["GET"]}}],"collection":[{"href":"https:\/\/muddys-club.net\/index.php\/wp-json\/wp\/v2\/pages"}],"about":[{"href":"https:\/\/muddys-club.net\/index.php\/wp-json\/wp\/v2\/types\/page"}],"author":[{"embeddable":true,"href":"https:\/\/muddys-club.net\/index.php\/wp-json\/wp\/v2\/users\/8"}],"replies":[{"embeddable":true,"href":"https:\/\/muddys-club.net\/index.php\/wp-json\/wp\/v2\/comments?post=1969"}],"version-history":[{"count":4,"href":"https:\/\/muddys-club.net\/index.php\/wp-json\/wp\/v2\/pages\/1969\/revisions"}],"predecessor-version":[{"id":2218,"href":"https:\/\/muddys-club.net\/index.php\/wp-json\/wp\/v2\/pages\/1969\/revisions\/2218"}],"wp:attachment":[{"href":"https:\/\/muddys-club.net\/index.php\/wp-json\/wp\/v2\/media?parent=1969"}],"curies":[{"name":"wp","href":"https:\/\/api.w.org\/{rel}","templated":true}]}}