{"id":196,"date":"2023-01-17T14:00:51","date_gmt":"2023-01-17T13:00:51","guid":{"rendered":"https:\/\/192.168.150.178\/?page_id=196"},"modified":"2023-01-17T14:05:27","modified_gmt":"2023-01-17T13:05:27","slug":"foerderung","status":"publish","type":"page","link":"https:\/\/muddys-club.net\/index.php\/foerderung\/","title":{"rendered":"Foerderung"},"content":{"rendered":"<p><div class=\"fusion-fullwidth fullwidth-box fusion-builder-row-1 fusion-flex-container has-pattern-background has-mask-background nonhundred-percent-fullwidth non-hundred-percent-height-scrolling\" style=\"--awb-border-radius-top-left:0px;--awb-border-radius-top-right:0px;--awb-border-radius-bottom-right:0px;--awb-border-radius-bottom-left:0px;--awb-flex-wrap:wrap;\" ><div class=\"fusion-builder-row fusion-row fusion-flex-align-items-flex-start fusion-flex-content-wrap\" style=\"max-width:1040px;margin-left: calc(-4% \/ 2 );margin-right: calc(-4% \/ 2 );\"><div class=\"fusion-layout-column fusion_builder_column fusion-builder-column-0 fusion_builder_column_1_1 1_1 fusion-flex-column\" style=\"--awb-bg-size:cover;--awb-width-large:100%;--awb-margin-top-large:0px;--awb-spacing-right-large:1.92%;--awb-margin-bottom-large:20px;--awb-spacing-left-large:1.92%;--awb-width-medium:100%;--awb-order-medium:0;--awb-spacing-right-medium:1.92%;--awb-spacing-left-medium:1.92%;--awb-width-small:100%;--awb-order-small:0;--awb-spacing-right-small:1.92%;--awb-spacing-left-small:1.92%;\"><div class=\"fusion-column-wrapper fusion-column-has-shadow fusion-flex-justify-content-flex-start fusion-content-layout-column\"><div class=\"fusion-text fusion-text-1\"><h1>F\u00f6rderung<\/h1>\n<\/div><\/div><\/div><\/div><\/div><div class=\"fusion-fullwidth fullwidth-box fusion-builder-row-2 fusion-flex-container has-pattern-background has-mask-background nonhundred-percent-fullwidth non-hundred-percent-height-scrolling\" style=\"--awb-border-radius-top-left:0px;--awb-border-radius-top-right:0px;--awb-border-radius-bottom-right:0px;--awb-border-radius-bottom-left:0px;--awb-flex-wrap:wrap;\" ><div class=\"fusion-builder-row fusion-row fusion-flex-align-items-flex-start fusion-flex-content-wrap\" style=\"max-width:1040px;margin-left: calc(-4% \/ 2 );margin-right: calc(-4% \/ 2 );\"><div class=\"fusion-layout-column fusion_builder_column fusion-builder-column-1 fusion_builder_column_2_3 2_3 fusion-flex-column\" style=\"--awb-bg-size:cover;--awb-width-large:66.666666666667%;--awb-margin-top-large:0px;--awb-spacing-right-large:2.88%;--awb-margin-bottom-large:20px;--awb-spacing-left-large:2.88%;--awb-width-medium:66.666666666667%;--awb-order-medium:0;--awb-spacing-right-medium:2.88%;--awb-spacing-left-medium:2.88%;--awb-width-small:100%;--awb-order-small:0;--awb-spacing-right-small:1.92%;--awb-spacing-left-small:1.92%;\"><div class=\"fusion-column-wrapper fusion-column-has-shadow fusion-flex-justify-content-flex-start fusion-content-layout-column\"><div class=\"fusion-text fusion-text-2\"><p><strong>Muddy&#8217;s Club Weinheim e.V.<\/strong> wird gef\u00f6rdert durch das<strong> Land Baden &#8211; W\u00fcrttemberg <\/strong>(Ministerium f\u00fcr Wissenschaft, Forschung und Kunst (MWK) im Rahmen der F\u00f6rderung f\u00fcr Kulturinitiativen &amp; soziokulturellen Zentren (laufende Programmarbeit)<\/p>\n<\/div><div class=\"fusion-text fusion-text-3\"><p>Die<strong> LAKS<\/strong> (Landesarbeitsgemeinschaft der Kulturinitiativen &amp; soziokulturellen Zentren in Baden &#8211; W\u00fcrttemberg) ber\u00e4t, unterst\u00fctzt und vernetzt ihre Mitglieder in organisatorischen, finanziellen und verwaltungstechnischen Fragen, bearbeitet j\u00e4hrlich die Landesf\u00f6rderantr\u00e4ge und erstellt die Empfehlung f\u00fcr die Vergabe der Landesmittel.<\/p>\n<p>Weitere F\u00f6rderung erh\u00e4lt Muddy&#8217;s Club durch <strong>Spenden der Mitglieder<\/strong>, <strong>Unterst\u00fctzung der Stadt Weinheim<\/strong> und <strong>Sponsorengelder<\/strong>.<\/p>\n<\/div><\/div><\/div><div class=\"fusion-layout-column fusion_builder_column fusion-builder-column-2 fusion_builder_column_1_3 1_3 fusion-flex-column\" style=\"--awb-bg-size:cover;--awb-width-large:33.333333333333%;--awb-margin-top-large:0px;--awb-spacing-right-large:5.76%;--awb-margin-bottom-large:20px;--awb-spacing-left-large:5.76%;--awb-width-medium:33.333333333333%;--awb-order-medium:0;--awb-spacing-right-medium:5.76%;--awb-spacing-left-medium:5.76%;--awb-width-small:100%;--awb-order-small:0;--awb-spacing-right-small:1.92%;--awb-spacing-left-small:1.92%;\"><div class=\"fusion-column-wrapper fusion-column-has-shadow fusion-flex-justify-content-flex-start fusion-content-layout-column\"><div class=\"fusion-image-element \" style=\"--awb-caption-title-font-family:var(--h2_typography-font-family);--awb-caption-title-font-weight:var(--h2_typography-font-weight);--awb-caption-title-font-style:var(--h2_typography-font-style);--awb-caption-title-size:var(--h2_typography-font-size);--awb-caption-title-transform:var(--h2_typography-text-transform);--awb-caption-title-line-height:var(--h2_typography-line-height);--awb-caption-title-letter-spacing:var(--h2_typography-letter-spacing);\"><span class=\" fusion-imageframe imageframe-none imageframe-1 hover-type-none\"><a class=\"fusion-no-lightbox\" href=\"https:\/\/mwk.baden-wuerttemberg.de\/de\/kunst-kultur\/kultursparten\/musik\/\" target=\"_self\" aria-label=\"Laks-gross\"><img decoding=\"async\" width=\"432\" height=\"371\" src=\"https:\/\/wordpress.muddys-club.net\/wp-content\/uploads\/2023\/01\/Laks-gross.jpg\" alt class=\"img-responsive wp-image-200\"\/><\/a><\/span><\/div><\/div><\/div><\/div><\/div><\/p>\n","protected":false},"excerpt":{"rendered":"","protected":false},"author":8,"featured_media":0,"parent":0,"menu_order":0,"comment_status":"closed","ping_status":"closed","template":"100-width.php","meta":{"_acf_changed":false,"footnotes":""},"class_list":["post-196","page","type-page","status-publish","hentry"],"acf":[],"_links":{"self":[{"href":"https:\/\/muddys-club.net\/index.php\/wp-json\/wp\/v2\/pages\/196","targetHints":{"allow":["GET"]}}],"collection":[{"href":"https:\/\/muddys-club.net\/index.php\/wp-json\/wp\/v2\/pages"}],"about":[{"href":"https:\/\/muddys-club.net\/index.php\/wp-json\/wp\/v2\/types\/page"}],"author":[{"embeddable":true,"href":"https:\/\/muddys-club.net\/index.php\/wp-json\/wp\/v2\/users\/8"}],"replies":[{"embeddable":true,"href":"https:\/\/muddys-club.net\/index.php\/wp-json\/wp\/v2\/comments?post=196"}],"version-history":[{"count":2,"href":"https:\/\/muddys-club.net\/index.php\/wp-json\/wp\/v2\/pages\/196\/revisions"}],"predecessor-version":[{"id":201,"href":"https:\/\/muddys-club.net\/index.php\/wp-json\/wp\/v2\/pages\/196\/revisions\/201"}],"wp:attachment":[{"href":"https:\/\/muddys-club.net\/index.php\/wp-json\/wp\/v2\/media?parent=196"}],"curies":[{"name":"wp","href":"https:\/\/api.w.org\/{rel}","templated":true}]}}