{"id":1935,"date":"2024-10-23T14:13:09","date_gmt":"2024-10-23T12:13:09","guid":{"rendered":"https:\/\/muddys-club.net\/?page_id=1935"},"modified":"2024-10-23T14:29:19","modified_gmt":"2024-10-23T12:29:19","slug":"2025-02-14-jochen-volpert-band-feat-carola-thieme","status":"publish","type":"page","link":"https:\/\/muddys-club.net\/index.php\/2025-02-14-jochen-volpert-band-feat-carola-thieme\/","title":{"rendered":"2025-02-14 Jochen Volpert &#038; Band feat. Carola Thieme"},"content":{"rendered":"<div class=\"fusion-fullwidth fullwidth-box fusion-builder-row-1 fusion-flex-container has-pattern-background has-mask-background nonhundred-percent-fullwidth non-hundred-percent-height-scrolling\" style=\"--awb-border-radius-top-left:0px;--awb-border-radius-top-right:0px;--awb-border-radius-bottom-right:0px;--awb-border-radius-bottom-left:0px;--awb-flex-wrap:wrap;\" ><div class=\"fusion-builder-row fusion-row fusion-flex-align-items-flex-start fusion-flex-content-wrap\" style=\"max-width:1040px;margin-left: calc(-4% \/ 2 );margin-right: calc(-4% \/ 2 );\"><div class=\"fusion-layout-column fusion_builder_column fusion-builder-column-0 fusion_builder_column_2_3 2_3 fusion-flex-column\" style=\"--awb-bg-size:cover;--awb-width-large:66.666666666667%;--awb-margin-top-large:0px;--awb-spacing-right-large:2.88%;--awb-margin-bottom-large:20px;--awb-spacing-left-large:2.88%;--awb-width-medium:66.666666666667%;--awb-order-medium:0;--awb-spacing-right-medium:2.88%;--awb-spacing-left-medium:2.88%;--awb-width-small:100%;--awb-order-small:0;--awb-spacing-right-small:1.92%;--awb-spacing-left-small:1.92%;\"><div class=\"fusion-column-wrapper fusion-column-has-shadow fusion-flex-justify-content-flex-start fusion-content-layout-column\"><div class=\"fusion-image-element \" style=\"--awb-caption-title-font-family:var(--h2_typography-font-family);--awb-caption-title-font-weight:var(--h2_typography-font-weight);--awb-caption-title-font-style:var(--h2_typography-font-style);--awb-caption-title-size:var(--h2_typography-font-size);--awb-caption-title-transform:var(--h2_typography-text-transform);--awb-caption-title-line-height:var(--h2_typography-line-height);--awb-caption-title-letter-spacing:var(--h2_typography-letter-spacing);\"><span class=\" fusion-imageframe imageframe-none imageframe-1 hover-type-none\"><img decoding=\"async\" width=\"300\" height=\"200\" alt=\"Foto: Patrick W\u00f6tzel\" title=\"140225\" src=\"https:\/\/muddys-club.net\/wp-content\/uploads\/2024\/10\/140225-1-300x200.jpg\" class=\"img-responsive wp-image-1943\" srcset=\"https:\/\/muddys-club.net\/wp-content\/uploads\/2024\/10\/140225-1-200x133.jpg 200w, https:\/\/muddys-club.net\/wp-content\/uploads\/2024\/10\/140225-1-400x267.jpg 400w, https:\/\/muddys-club.net\/wp-content\/uploads\/2024\/10\/140225-1-600x400.jpg 600w, https:\/\/muddys-club.net\/wp-content\/uploads\/2024\/10\/140225-1-800x533.jpg 800w, https:\/\/muddys-club.net\/wp-content\/uploads\/2024\/10\/140225-1.jpg 851w\" sizes=\"(max-width: 640px) 100vw, 800px\" \/><\/span><\/div><\/div><\/div><div class=\"fusion-layout-column fusion_builder_column fusion-builder-column-1 fusion_builder_column_1_3 1_3 fusion-flex-column\" style=\"--awb-bg-size:cover;--awb-width-large:33.333333333333%;--awb-margin-top-large:0px;--awb-spacing-right-large:5.76%;--awb-margin-bottom-large:20px;--awb-spacing-left-large:5.76%;--awb-width-medium:33.333333333333%;--awb-order-medium:0;--awb-spacing-right-medium:5.76%;--awb-spacing-left-medium:5.76%;--awb-width-small:100%;--awb-order-small:0;--awb-spacing-right-small:1.92%;--awb-spacing-left-small:1.92%;\"><div class=\"fusion-column-wrapper fusion-column-has-shadow fusion-flex-justify-content-flex-start fusion-content-layout-column\"><div class=\"fusion-text fusion-text-1\"><h3>JOCHEN VOLPERT BAND<br \/>\nfeat. Carola Thieme<\/h3>\n<\/div><div class=\"fusion-text fusion-text-2\"><h2>Freitag 14. Februar 2025<\/h2>\n<h5>Konzertbeginn 20.30 Uhr<\/h5>\n<p><span style=\"color: var(--awb-text-color); font-family: var(--awb-text-font-family); font-size: var(--awb-font-size); font-style: var(--awb-text-font-style); font-weight: var(--awb-text-font-weight); letter-spacing: var(--awb-letter-spacing); text-align: var(--awb-content-alignment); text-transform: var(--awb-text-transform); background-color: var(--awb-bg-color);\">Einlass 19.30 Uhr in Muddy&#8217;s Club<\/span><\/p>\n<\/div><div class=\"fusion-text fusion-text-3\"><h5>Eintritt<\/h5>\n<p>Normal: 22 \u20ac<br \/>\n<span style=\"color: var(--awb-text-color); font-family: var(--awb-text-font-family); font-size: var(--awb-font-size); font-style: var(--awb-text-font-style); letter-spacing: var(--awb-letter-spacing); text-align: var(--awb-content-alignment); text-transform: var(--awb-text-transform); background-color: var(--awb-bg-color);\">Erm\u00e4ssigt: 18 \u20ac<br \/>\n<\/span>Mitglieder: 16 \u20ac<br \/>\nSch\u00fcler: 5 \u20ac<\/p>\n<\/div><div class=\"fusion-separator fusion-full-width-sep\" style=\"align-self: center;margin-left: auto;margin-right: auto;margin-top:30px;margin-bottom:0px;width:100%;\"><\/div><div ><a class=\"fusion-button button-flat fusion-button-default-size button-custom fusion-button-default button-1 fusion-button-default-span fusion-button-default-type fusion-has-button-gradient\" style=\"--button_accent_color:var(--awb-color1);--button_accent_hover_color:var(--awb-color1);--button_border_hover_color:var(--awb-color1);--button_gradient_top_color:var(--awb-color6);--button_gradient_bottom_color:var(--awb-custom_color_1);--button_gradient_top_color_hover:var(--awb-custom_color_1);--button_gradient_bottom_color_hover:hsla(var(--awb-color5-h),calc(var(--awb-color5-s) - 5%),calc(var(--awb-color5-l) - 10%),var(--awb-color5-a));\" target=\"_self\" href=\"https:\/\/manage.muddys-club.net\/public\/reservation\/2025-02-14-jochenvolpertbandfeat.carolathieme\"><span class=\"fusion-button-text awb-button__text awb-button__text--default\">Karten Reservieren<\/span><\/a><\/div><\/div><\/div><div class=\"fusion-layout-column fusion_builder_column fusion-builder-column-2 fusion_builder_column_4_5 4_5 fusion-flex-column\" style=\"--awb-bg-size:cover;--awb-width-large:80%;--awb-margin-top-large:0px;--awb-spacing-right-large:2.4%;--awb-margin-bottom-large:20px;--awb-spacing-left-large:2.4%;--awb-width-medium:80%;--awb-order-medium:0;--awb-spacing-right-medium:2.4%;--awb-spacing-left-medium:2.4%;--awb-width-small:100%;--awb-order-small:0;--awb-spacing-right-small:1.92%;--awb-spacing-left-small:1.92%;\"><div class=\"fusion-column-wrapper fusion-column-has-shadow fusion-flex-justify-content-flex-start fusion-content-layout-column\"><div class=\"fusion-text fusion-text-4\"><p>Bereits seit \u00fcber 40 Jahren spielt Jochen Volpert Gitarre. Live- und Studioprojekte haben seine wiedererkennbare Spieltechnik und seine kreativen F\u00e4higkeiten am Instrument gepr\u00e4gt. Dank seiner Umtriebigkeit in verschiedenen Band-Konstellationen aus dem Blues-, Rock-, Jazz- und Country-Bereich, hat er sich zwischenzeitlich in der Musikszene einen hohen Bekanntheitsgrad erspielt und wird deutschlandweit von einer gro\u00dfen Fangemeinschaft unterst\u00fctzt.<\/p>\n<p>Nach den Erfahrungen seiner CD-Live-Projekte \u201ethieme.volpert. \u2013 Sands of Time\u201c (2010), \u201eSession 50.1\u201c (2013) und \u201eSession 52.2\u201c (2015), sowie den Studioproduktion \u201eSplit Personality\u201c (2017) und \u201eMister X\u201c (2020) mit eigenem Songmaterial von ihm und seiner Ehefrau Carola Thieme, ver\u00f6ffentlichte er seine Instrumental-Alben \u201eSIX\u201c (2020), \u201eSEVEN\u201c (2021), \u201eEIGHT\u201c (2022) und \u201eNINE\u201c (2023).<\/p>\n<p>Begleitet von hochkar\u00e4tigen Musikern, die seine Leidenschaft f\u00fcr anspruchsvolle Live-Konzertauftritte mit viel Raum f\u00fcr Improvisation teilen, ist er nun live on stage mit seinem \u201eBest-of\u201c Progamm zu erleben. Die tiefe, volumin\u00f6se Stimme und die kreativen Vocal-Exkursionen von Carola Thieme garantieren dabei den H\u00f6rern individuelle Songinterpretationen und echte G\u00e4nsehaut-Momente.<\/p>\n<p>Wer ihn schon einmal auf der B\u00fchne erlebt hat, wei\u00df: Jochen Volpert ist ein absoluter Freigeist an der Gitarre \u2013 immer offen und flexibel f\u00fcr Neues und Altes, f\u00fcr Experimentelles sowie bereits Bew\u00e4hrtes. Genau das macht seinen vielseitigen und eigenst\u00e4ndigen Sound aus und begeistert nicht nur Gitarrenliebhaber. Dabei bildet der Blues die Basis all seiner Ausdruckform.<\/p>\n<p>Jochen Volpert \u2013 Guitar<br \/>\nCarola Thieme \u2013 Vocals\/A-Guitar\/Percussion<br \/>\nJohannes B\u00f6hm \u2013 Bass<br \/>\nStefan Sch\u00f6n \u2013 Drums\/Cajon<\/p>\n<\/div><div class=\"fusion-video fusion-youtube\" style=\"--awb-max-width:600px;--awb-max-height:360px;\"><div class=\"video-shortcode\"><div class=\"fluid-width-video-wrapper\" style=\"padding-top:60%;\" ><iframe title=\"YouTube video player 1\" src=\"https:\/\/www.youtube.com\/embed\/_RDUEQEhHgE?wmode=transparent&autoplay=0\" width=\"600\" height=\"360\" allowfullscreen allow=\"autoplay; clipboard-write; encrypted-media; gyroscope; picture-in-picture;\"><\/iframe><\/div><\/div><\/div><\/div><\/div><div class=\"fusion-layout-column fusion_builder_column fusion-builder-column-3 fusion_builder_column_1_1 1_1 fusion-flex-column\" style=\"--awb-bg-size:cover;--awb-width-large:100%;--awb-margin-top-large:0px;--awb-spacing-right-large:1.92%;--awb-margin-bottom-large:20px;--awb-spacing-left-large:1.92%;--awb-width-medium:100%;--awb-order-medium:0;--awb-spacing-right-medium:1.92%;--awb-spacing-left-medium:1.92%;--awb-width-small:100%;--awb-order-small:0;--awb-spacing-right-small:1.92%;--awb-spacing-left-small:1.92%;\"><div class=\"fusion-column-wrapper fusion-column-has-shadow fusion-flex-justify-content-flex-start fusion-content-layout-column\"><div class=\"fusion-separator fusion-full-width-sep\" style=\"align-self: center;margin-left: auto;margin-right: auto;margin-top:15px;margin-bottom:15px;width:100%;\"><div class=\"fusion-separator-border sep-single sep-solid\" style=\"--awb-height:20px;--awb-amount:20px;border-color:var(--awb-color3);border-top-width:1px;\"><\/div><\/div><\/div><\/div><\/div><\/div>\n","protected":false},"excerpt":{"rendered":"","protected":false},"author":8,"featured_media":0,"parent":0,"menu_order":0,"comment_status":"closed","ping_status":"closed","template":"100-width.php","meta":{"_acf_changed":false,"footnotes":""},"class_list":["post-1935","page","type-page","status-publish","hentry"],"acf":[],"_links":{"self":[{"href":"https:\/\/muddys-club.net\/index.php\/wp-json\/wp\/v2\/pages\/1935","targetHints":{"allow":["GET"]}}],"collection":[{"href":"https:\/\/muddys-club.net\/index.php\/wp-json\/wp\/v2\/pages"}],"about":[{"href":"https:\/\/muddys-club.net\/index.php\/wp-json\/wp\/v2\/types\/page"}],"author":[{"embeddable":true,"href":"https:\/\/muddys-club.net\/index.php\/wp-json\/wp\/v2\/users\/8"}],"replies":[{"embeddable":true,"href":"https:\/\/muddys-club.net\/index.php\/wp-json\/wp\/v2\/comments?post=1935"}],"version-history":[{"count":5,"href":"https:\/\/muddys-club.net\/index.php\/wp-json\/wp\/v2\/pages\/1935\/revisions"}],"predecessor-version":[{"id":1946,"href":"https:\/\/muddys-club.net\/index.php\/wp-json\/wp\/v2\/pages\/1935\/revisions\/1946"}],"wp:attachment":[{"href":"https:\/\/muddys-club.net\/index.php\/wp-json\/wp\/v2\/media?parent=1935"}],"curies":[{"name":"wp","href":"https:\/\/api.w.org\/{rel}","templated":true}]}}