{"id":1921,"date":"2024-10-23T13:30:16","date_gmt":"2024-10-23T11:30:16","guid":{"rendered":"https:\/\/muddys-club.net\/?page_id=1921"},"modified":"2024-10-23T13:58:40","modified_gmt":"2024-10-23T11:58:40","slug":"2025-05-12-bluesbones","status":"publish","type":"page","link":"https:\/\/muddys-club.net\/index.php\/2025-05-12-bluesbones\/","title":{"rendered":"2025-05-12 the BluesBones\u00a0 \u00a0 \u00a0\u00a0"},"content":{"rendered":"<div class=\"fusion-fullwidth fullwidth-box fusion-builder-row-1 fusion-flex-container has-pattern-background has-mask-background nonhundred-percent-fullwidth non-hundred-percent-height-scrolling\" style=\"--awb-border-radius-top-left:0px;--awb-border-radius-top-right:0px;--awb-border-radius-bottom-right:0px;--awb-border-radius-bottom-left:0px;--awb-flex-wrap:wrap;\" ><div class=\"fusion-builder-row fusion-row fusion-flex-align-items-flex-start fusion-flex-content-wrap\" style=\"max-width:1040px;margin-left: calc(-4% \/ 2 );margin-right: calc(-4% \/ 2 );\"><div class=\"fusion-layout-column fusion_builder_column fusion-builder-column-0 fusion_builder_column_2_3 2_3 fusion-flex-column\" style=\"--awb-bg-size:cover;--awb-width-large:66.666666666667%;--awb-margin-top-large:0px;--awb-spacing-right-large:2.88%;--awb-margin-bottom-large:20px;--awb-spacing-left-large:2.88%;--awb-width-medium:66.666666666667%;--awb-order-medium:0;--awb-spacing-right-medium:2.88%;--awb-spacing-left-medium:2.88%;--awb-width-small:100%;--awb-order-small:0;--awb-spacing-right-small:1.92%;--awb-spacing-left-small:1.92%;\"><div class=\"fusion-column-wrapper fusion-column-has-shadow fusion-flex-justify-content-flex-start fusion-content-layout-column\"><div class=\"fusion-image-element \" style=\"--awb-caption-title-font-family:var(--h2_typography-font-family);--awb-caption-title-font-weight:var(--h2_typography-font-weight);--awb-caption-title-font-style:var(--h2_typography-font-style);--awb-caption-title-size:var(--h2_typography-font-size);--awb-caption-title-transform:var(--h2_typography-text-transform);--awb-caption-title-line-height:var(--h2_typography-line-height);--awb-caption-title-letter-spacing:var(--h2_typography-letter-spacing);\"><span class=\" fusion-imageframe imageframe-none imageframe-1 hover-type-none\"><img decoding=\"async\" width=\"300\" height=\"200\" title=\"120525\" src=\"https:\/\/muddys-club.net\/wp-content\/uploads\/2024\/10\/120525-1-300x200.jpg\" alt class=\"img-responsive wp-image-1919\" srcset=\"https:\/\/muddys-club.net\/wp-content\/uploads\/2024\/10\/120525-1-200x133.jpg 200w, https:\/\/muddys-club.net\/wp-content\/uploads\/2024\/10\/120525-1-400x267.jpg 400w, https:\/\/muddys-club.net\/wp-content\/uploads\/2024\/10\/120525-1-600x400.jpg 600w, https:\/\/muddys-club.net\/wp-content\/uploads\/2024\/10\/120525-1-800x533.jpg 800w, https:\/\/muddys-club.net\/wp-content\/uploads\/2024\/10\/120525-1.jpg 851w\" sizes=\"(max-width: 640px) 100vw, 800px\" \/><\/span><\/div><\/div><\/div><div class=\"fusion-layout-column fusion_builder_column fusion-builder-column-1 fusion_builder_column_1_3 1_3 fusion-flex-column\" style=\"--awb-bg-size:cover;--awb-width-large:33.333333333333%;--awb-margin-top-large:0px;--awb-spacing-right-large:5.76%;--awb-margin-bottom-large:20px;--awb-spacing-left-large:5.76%;--awb-width-medium:33.333333333333%;--awb-order-medium:0;--awb-spacing-right-medium:5.76%;--awb-spacing-left-medium:5.76%;--awb-width-small:100%;--awb-order-small:0;--awb-spacing-right-small:1.92%;--awb-spacing-left-small:1.92%;\"><div class=\"fusion-column-wrapper fusion-column-has-shadow fusion-flex-justify-content-flex-start fusion-content-layout-column\"><div class=\"fusion-text fusion-text-1\"><h3>Blue Monday pr\u00e4sentiert:<\/h3>\n<h3>The BluesBones<\/h3>\n<\/div><div class=\"fusion-text fusion-text-2\"><h2>Montag 12. Mai 2025<\/h2>\n<h5>Beginn 20.30 Uhr<\/h5>\n<p><span style=\"color: var(--awb-text-color); font-family: var(--awb-text-font-family); font-size: var(--awb-font-size); font-style: var(--awb-text-font-style); font-weight: var(--awb-text-font-weight); letter-spacing: var(--awb-letter-spacing); text-align: var(--awb-content-alignment); text-transform: var(--awb-text-transform); background-color: var(--awb-bg-color);\">Einlass 19.30 Uhr in Muddy&#8217;s Club<\/span><\/p>\n<\/div><div class=\"fusion-text fusion-text-3\"><h5>Eintritt<\/h5>\n<p>Normal: 28 \u20ac<br \/>\n<span style=\"color: var(--awb-text-color); font-family: var(--awb-text-font-family); font-size: var(--awb-font-size); font-style: var(--awb-text-font-style); letter-spacing: var(--awb-letter-spacing); text-align: var(--awb-content-alignment); text-transform: var(--awb-text-transform); background-color: var(--awb-bg-color);\">Erm\u00e4ssigt: 24 \u20ac<br \/>\n<\/span>Mitglieder: 22 \u20ac<br \/>\nSch\u00fcler: 5 \u20ac<\/p>\n<\/div><div class=\"fusion-separator fusion-full-width-sep\" style=\"align-self: center;margin-left: auto;margin-right: auto;margin-top:30px;margin-bottom:0px;width:100%;\"><\/div><div ><a class=\"fusion-button button-flat fusion-button-default-size button-custom fusion-button-default button-1 fusion-button-default-span fusion-button-default-type fusion-has-button-gradient\" style=\"--button_accent_color:var(--awb-color1);--button_accent_hover_color:var(--awb-color1);--button_border_hover_color:var(--awb-color1);--button_gradient_top_color:var(--awb-color6);--button_gradient_bottom_color:var(--awb-custom_color_1);--button_gradient_top_color_hover:var(--awb-custom_color_1);--button_gradient_bottom_color_hover:hsla(var(--awb-color5-h),calc(var(--awb-color5-s) - 5%),calc(var(--awb-color5-l) - 10%),var(--awb-color5-a));\" target=\"_self\" href=\"https:\/\/manage.muddys-club.net\/public\/reservation\/2025-05-12-thebluesbones\"><span class=\"fusion-button-text awb-button__text awb-button__text--default\">Karten Reservieren<\/span><\/a><\/div><\/div><\/div><div class=\"fusion-layout-column fusion_builder_column fusion-builder-column-2 fusion_builder_column_4_5 4_5 fusion-flex-column\" style=\"--awb-bg-size:cover;--awb-width-large:80%;--awb-margin-top-large:0px;--awb-spacing-right-large:2.4%;--awb-margin-bottom-large:20px;--awb-spacing-left-large:2.4%;--awb-width-medium:80%;--awb-order-medium:0;--awb-spacing-right-medium:2.4%;--awb-spacing-left-medium:2.4%;--awb-width-small:100%;--awb-order-small:0;--awb-spacing-right-small:1.92%;--awb-spacing-left-small:1.92%;\"><div class=\"fusion-column-wrapper fusion-column-has-shadow fusion-flex-justify-content-flex-start fusion-content-layout-column\"><div class=\"fusion-text fusion-text-4\"><p>Die BluesBones sind eine Blues-Rock-Band, die seit ihrer Gr\u00fcndung Wellen in der internationalen Musikszene seit ihrer Gr\u00fcndung im Jahr 2011 Wellen schl\u00e4gt. Mit einem Sound, der im Blues verwurzelt ist, aber auch Elemente von Rock, Soul und Funk enth\u00e4lt. Band eine treue Fangemeinde und erntete viel Beifall von Kritikern f\u00fcr ihre kraftvolle Live-Auftritte und gut gemachte Alben. Dieser Erfolg ist ein Beweis f\u00fcr das kontinuierliche Wachstum und die k\u00fcnstlerische Entwicklung der Band. The Blues Bones haben eine starke Erfolgsbilanz, wenn es um Chart-Erfolg geht.<\/p>\n<p>3 x Nr.1 CD in den UK Blues Charts 2018 \/ 2020 \/ 2023<\/p>\n<p>Nr.1 CD in den Blues\/Rock Charts USA 2020<\/p>\n<p>Nr.3 CD in den Blues\/Rock Charts USA 2023<\/p>\n<p>Gewinner Best Band Belgien Blues Awards 2024<\/p>\n<p>Dazwischen gewannen sie 2016 ihre nationale Blues Challenge und wurden 2.Platz bei der European Blues Challenge 2017 in D\u00e4nemark.<\/p>\n<p>Insgesamt haben sich The Blues Bones als eine der aufregendsten und innovativsten Blues-Rock-Bands auf der internationalen B\u00fchne etabliert und \u00fcber 600 Shows in ganz Europa gespielt. Sie spielten auf allen wichtigen Blues-Festivals in Westeuropa. Ihre F\u00e4higkeit, konstant hochwertige Musik zu liefern und elektrisierenden Live-Auftritten haben sie sich eine treue Fangemeinde und Anerkennung durch Kritiker auf mehreren Kontinenten. Mit jeder neuen Ver\u00f6ffentlichung die Grenzen des Genres und definieren neu, was es bedeutet, eine Blues-Rock-Band eine Blues-Rock-Band im 21. Jahrhundert zu sein. Dies ist eine der erfolgreichsten Bands des europ\u00e4ischen Kontinents die in den Blues-Charts ihrer Heimatl\u00e4nder mit bekannten Blues-Gr\u00f6\u00dfen konkurrieren<\/p>\n<p style=\"text-align: left;\">Vocals: Nico De Cock<\/p>\n<p style=\"text-align: left;\">Guitar: Stef Paglia<\/p>\n<p style=\"text-align: left;\">Hammond Organ:\u00a0 Edwin Risbourg<\/p>\n<p style=\"text-align: left;\">Bass:\u00a0 \u00a0 \u00a0Geert Boeckx<\/p>\n<p style=\"text-align: left;\">Drums: Jens Roelandt<\/p>\n<h3 class=\"font_3 wixui-rich-text__text\"><\/h3>\n<h2 class=\"font_2 wixui-rich-text__text\"><\/h2>\n<h3 class=\"font_3 wixui-rich-text__text\"><\/h3>\n<\/div><div class=\"fusion-video fusion-youtube\" style=\"--awb-max-width:600px;--awb-max-height:360px;\"><div class=\"video-shortcode\"><div class=\"fluid-width-video-wrapper\" style=\"padding-top:60%;\" ><iframe title=\"YouTube video player 1\" src=\"https:\/\/www.youtube.com\/embed\/neroGqCkhIk?wmode=transparent&autoplay=0\" width=\"600\" height=\"360\" allowfullscreen allow=\"autoplay; clipboard-write; encrypted-media; gyroscope; picture-in-picture;\"><\/iframe><\/div><\/div><\/div><\/div><\/div><div class=\"fusion-layout-column fusion_builder_column fusion-builder-column-3 fusion_builder_column_1_1 1_1 fusion-flex-column\" style=\"--awb-bg-size:cover;--awb-width-large:100%;--awb-margin-top-large:0px;--awb-spacing-right-large:1.92%;--awb-margin-bottom-large:20px;--awb-spacing-left-large:1.92%;--awb-width-medium:100%;--awb-order-medium:0;--awb-spacing-right-medium:1.92%;--awb-spacing-left-medium:1.92%;--awb-width-small:100%;--awb-order-small:0;--awb-spacing-right-small:1.92%;--awb-spacing-left-small:1.92%;\"><div class=\"fusion-column-wrapper fusion-column-has-shadow fusion-flex-justify-content-flex-start fusion-content-layout-column\"><div class=\"fusion-separator fusion-full-width-sep\" style=\"align-self: center;margin-left: auto;margin-right: auto;margin-top:15px;margin-bottom:15px;width:100%;\"><div class=\"fusion-separator-border sep-single sep-solid\" style=\"--awb-height:20px;--awb-amount:20px;border-color:var(--awb-color3);border-top-width:1px;\"><\/div><\/div><\/div><\/div><\/div><\/div>\n","protected":false},"excerpt":{"rendered":"","protected":false},"author":8,"featured_media":0,"parent":0,"menu_order":0,"comment_status":"closed","ping_status":"closed","template":"100-width.php","meta":{"_acf_changed":false,"footnotes":""},"class_list":["post-1921","page","type-page","status-publish","hentry"],"acf":[],"_links":{"self":[{"href":"https:\/\/muddys-club.net\/index.php\/wp-json\/wp\/v2\/pages\/1921","targetHints":{"allow":["GET"]}}],"collection":[{"href":"https:\/\/muddys-club.net\/index.php\/wp-json\/wp\/v2\/pages"}],"about":[{"href":"https:\/\/muddys-club.net\/index.php\/wp-json\/wp\/v2\/types\/page"}],"author":[{"embeddable":true,"href":"https:\/\/muddys-club.net\/index.php\/wp-json\/wp\/v2\/users\/8"}],"replies":[{"embeddable":true,"href":"https:\/\/muddys-club.net\/index.php\/wp-json\/wp\/v2\/comments?post=1921"}],"version-history":[{"count":6,"href":"https:\/\/muddys-club.net\/index.php\/wp-json\/wp\/v2\/pages\/1921\/revisions"}],"predecessor-version":[{"id":1933,"href":"https:\/\/muddys-club.net\/index.php\/wp-json\/wp\/v2\/pages\/1921\/revisions\/1933"}],"wp:attachment":[{"href":"https:\/\/muddys-club.net\/index.php\/wp-json\/wp\/v2\/media?parent=1921"}],"curies":[{"name":"wp","href":"https:\/\/api.w.org\/{rel}","templated":true}]}}