{"id":1885,"date":"2024-10-22T15:32:57","date_gmt":"2024-10-22T13:32:57","guid":{"rendered":"https:\/\/muddys-club.net\/?page_id=1885"},"modified":"2025-03-23T13:24:55","modified_gmt":"2025-03-23T12:24:55","slug":"2025-05-16marion-la-marche-band","status":"publish","type":"page","link":"https:\/\/muddys-club.net\/index.php\/2025-05-16marion-la-marche-band\/","title":{"rendered":"2025-05-16 Marion La March\u00e9 Band"},"content":{"rendered":"<div class=\"fusion-fullwidth fullwidth-box fusion-builder-row-1 fusion-flex-container has-pattern-background has-mask-background nonhundred-percent-fullwidth non-hundred-percent-height-scrolling\" style=\"--awb-border-radius-top-left:0px;--awb-border-radius-top-right:0px;--awb-border-radius-bottom-right:0px;--awb-border-radius-bottom-left:0px;--awb-flex-wrap:wrap;\" ><div class=\"fusion-builder-row fusion-row fusion-flex-align-items-flex-start fusion-flex-content-wrap\" style=\"max-width:1040px;margin-left: calc(-4% \/ 2 );margin-right: calc(-4% \/ 2 );\"><div class=\"fusion-layout-column fusion_builder_column fusion-builder-column-0 fusion_builder_column_2_3 2_3 fusion-flex-column\" style=\"--awb-bg-size:cover;--awb-width-large:66.666666666667%;--awb-margin-top-large:0px;--awb-spacing-right-large:2.88%;--awb-margin-bottom-large:20px;--awb-spacing-left-large:2.88%;--awb-width-medium:66.666666666667%;--awb-order-medium:0;--awb-spacing-right-medium:2.88%;--awb-spacing-left-medium:2.88%;--awb-width-small:100%;--awb-order-small:0;--awb-spacing-right-small:1.92%;--awb-spacing-left-small:1.92%;\"><div class=\"fusion-column-wrapper fusion-column-has-shadow fusion-flex-justify-content-flex-start fusion-content-layout-column\"><div class=\"fusion-image-element \" style=\"--awb-caption-title-font-family:var(--h2_typography-font-family);--awb-caption-title-font-weight:var(--h2_typography-font-weight);--awb-caption-title-font-style:var(--h2_typography-font-style);--awb-caption-title-size:var(--h2_typography-font-size);--awb-caption-title-transform:var(--h2_typography-text-transform);--awb-caption-title-line-height:var(--h2_typography-line-height);--awb-caption-title-letter-spacing:var(--h2_typography-letter-spacing);\"><span class=\" fusion-imageframe imageframe-none imageframe-1 hover-type-none\"><img decoding=\"async\" width=\"300\" height=\"240\" title=\"Marion_LaMarche_by_Tanja_Schneider_7\" src=\"https:\/\/muddys-club.net\/wp-content\/uploads\/2025\/02\/Marion_LaMarche_by_Tanja_Schneider_7-300x240.jpg\" alt class=\"img-responsive wp-image-2167\" srcset=\"https:\/\/muddys-club.net\/wp-content\/uploads\/2025\/02\/Marion_LaMarche_by_Tanja_Schneider_7-200x160.jpg 200w, https:\/\/muddys-club.net\/wp-content\/uploads\/2025\/02\/Marion_LaMarche_by_Tanja_Schneider_7.jpg 400w\" sizes=\"(max-width: 640px) 100vw, 300px\" \/><\/span><\/div><\/div><\/div><div class=\"fusion-layout-column fusion_builder_column fusion-builder-column-1 fusion_builder_column_1_3 1_3 fusion-flex-column\" style=\"--awb-bg-size:cover;--awb-width-large:33.333333333333%;--awb-margin-top-large:0px;--awb-spacing-right-large:5.76%;--awb-margin-bottom-large:20px;--awb-spacing-left-large:5.76%;--awb-width-medium:33.333333333333%;--awb-order-medium:0;--awb-spacing-right-medium:5.76%;--awb-spacing-left-medium:5.76%;--awb-width-small:100%;--awb-order-small:0;--awb-spacing-right-small:1.92%;--awb-spacing-left-small:1.92%;\"><div class=\"fusion-column-wrapper fusion-column-has-shadow fusion-flex-justify-content-flex-start fusion-content-layout-column\"><div class=\"fusion-text fusion-text-1\"><h1>Marion La March\u00e9 Band<\/h1>\n<\/div><div class=\"fusion-text fusion-text-2\"><h2>Freitag 16. Mai 2025<\/h2>\n<h5>Beginn 20.30 Uhr<\/h5>\n<p><span style=\"color: var(--awb-text-color); font-family: var(--awb-text-font-family); font-size: var(--awb-font-size); font-style: var(--awb-text-font-style); font-weight: var(--awb-text-font-weight); letter-spacing: var(--awb-letter-spacing); text-align: var(--awb-content-alignment); text-transform: var(--awb-text-transform); background-color: var(--awb-bg-color);\">Einlass 19.30 Uhr in Muddy&#8217;s Club<\/span><\/p>\n<\/div><div class=\"fusion-text fusion-text-3\"><h5>Eintritt<\/h5>\n<p>Normal: 22 \u20ac<br \/>\nErm\u00e4ssigt: 18 \u20ac<br \/>\nMitglieder: 16 \u20ac<br \/>\nSch\u00fcler: 5 \u20ac<\/p>\n<\/div><div ><a class=\"fusion-button button-flat fusion-button-default-size button-custom fusion-button-default button-1 fusion-button-default-span fusion-button-default-type fusion-has-button-gradient\" style=\"--button_accent_color:var(--awb-color1);--button_accent_hover_color:var(--awb-color1);--button_border_hover_color:var(--awb-color1);--button_gradient_top_color:var(--awb-color6);--button_gradient_bottom_color:var(--awb-custom_color_1);--button_gradient_top_color_hover:hsla(var(--awb-color5-h),calc(var(--awb-color5-s) - 5%),calc(var(--awb-color5-l) - 10%),var(--awb-color5-a));--button_gradient_bottom_color_hover:hsla(var(--awb-color5-h),calc(var(--awb-color5-s) - 5%),calc(var(--awb-color5-l) - 10%),var(--awb-color5-a));\" target=\"_self\" href=\"https:\/\/manage.muddys-club.net\/public\/reservation\/2025-05-16-marionlamarcheband\"><span class=\"fusion-button-text awb-button__text awb-button__text--default\">Kartenreservierung<\/span><\/a><\/div><\/div><\/div><div class=\"fusion-layout-column fusion_builder_column fusion-builder-column-2 fusion_builder_column_4_5 4_5 fusion-flex-column\" style=\"--awb-bg-size:cover;--awb-width-large:80%;--awb-margin-top-large:0px;--awb-spacing-right-large:2.4%;--awb-margin-bottom-large:20px;--awb-spacing-left-large:2.4%;--awb-width-medium:80%;--awb-order-medium:0;--awb-spacing-right-medium:2.4%;--awb-spacing-left-medium:2.4%;--awb-width-small:100%;--awb-order-small:0;--awb-spacing-right-small:1.92%;--awb-spacing-left-small:1.92%;\"><div class=\"fusion-column-wrapper fusion-column-has-shadow fusion-flex-justify-content-flex-start fusion-content-layout-column\"><div class=\"fusion-text fusion-text-4\"><p>Am 16. Mai 2025 erwartet Sie im Muddy&#8217;s Club ein besonderes musikalisches Erlebnis: Die Marion La March\u00e9 Band wird die B\u00fchne betreten und das Publikum mit einer einzigartigen Mischung aus Blues und Rock begeistern.<\/p>\n<p>Marion La March\u00e9, eine K\u00fcnstlerin mit \u00fcber 30 Jahren B\u00fchnenerfahrung, ist bekannt f\u00fcr ihr breites vokalistisches Spektrum, das von Soul, Pop, Rock, Jazz, Folk, Chanson bis hin zur Weltmusik reicht. Doch ihr besonderes Herzblut h\u00e4ngt am Blues, den sie mit ihrem Janis Joplin Rocktheater \u00fcber viele Jahre hinweg herzzerrei\u00dfend zelebriert hat.<\/p>\n<p>An diesem Abend werden im Muddy&#8217;s Club die Perlen des Blues erklingen, aber auch die ein oder andere Rock-Nummer findet ihren Platz im Repertoire der Band. Begleitet wird Marion La March\u00e9 von einer Gruppe erfahrener Musiker, die gemeinsam f\u00fcr ein unvergessliches Konzerterlebnis sorgen werden.<\/p>\n<p>Die Bandmitglieder sind:<\/p>\n<ul>\n<li>Marion La Marche\u00b4(Vocals)<\/li>\n<li>Sebastian Strodtbeck (Guitar, Vocals)<\/li>\n<li>Markus Herrmann (Guitar, Vocals)<\/li>\n<li>Christian Sachs (Bass)<\/li>\n<li>Christian Gottwein (Drums).<\/li>\n<\/ul>\n<p>\u201e\u2026egal ob als S\u00e4ngerin, Schauspielerin, Kabarettistin, Autorin, Regisseurin oder Vocal-Coach, Marion La March\u00e9 meistert jede Aufgabe mit Bravour, ein Multi-Talent in Sachen B\u00fchnenkunst, ein echtes Ph\u00e4nomen!\u2026\u201c (Zitat Mannheimer Morgen 2004)<\/p>\n<p>Verpassen Sie nicht die Gelegenheit, diese au\u00dfergew\u00f6hnliche K\u00fcnstlerin live zu erleben. Sichern Sie sich Ihre Tickets und freuen Sie sich auf einen Abend voller Emotionen, Leidenschaft und musikalischer Meisterwerke. Der Einlass beginnt um 19:30 Uhr.<\/p>\n<p>Wir freuen uns auf Ihren Besuch im Muddy&#8217;s Club und einen unvergesslichen Abend mit der Marion La March\u00e9 Band!<\/p>\n<\/div><\/div><\/div><div class=\"fusion-layout-column fusion_builder_column fusion-builder-column-3 fusion_builder_column_1_1 1_1 fusion-flex-column\" style=\"--awb-bg-size:cover;--awb-width-large:100%;--awb-margin-top-large:0px;--awb-spacing-right-large:1.92%;--awb-margin-bottom-large:20px;--awb-spacing-left-large:1.92%;--awb-width-medium:100%;--awb-order-medium:0;--awb-spacing-right-medium:1.92%;--awb-spacing-left-medium:1.92%;--awb-width-small:100%;--awb-order-small:0;--awb-spacing-right-small:1.92%;--awb-spacing-left-small:1.92%;\"><div class=\"fusion-column-wrapper fusion-column-has-shadow fusion-flex-justify-content-flex-start fusion-content-layout-column\"><div class=\"fusion-separator fusion-full-width-sep\" style=\"align-self: center;margin-left: auto;margin-right: auto;margin-top:15px;margin-bottom:15px;width:100%;\"><div class=\"fusion-separator-border sep-single sep-solid\" style=\"--awb-height:20px;--awb-amount:20px;border-color:var(--awb-color3);border-top-width:1px;\"><\/div><\/div><div class=\"fusion-video fusion-youtube\" style=\"--awb-max-width:600px;--awb-max-height:360px;\"><div class=\"video-shortcode\"><div class=\"fluid-width-video-wrapper\" style=\"padding-top:60%;\" ><iframe title=\"YouTube video player 1\" src=\"https:\/\/www.youtube.com\/embed\/2kCJ9u8E9wk?wmode=transparent&autoplay=0\" width=\"600\" height=\"360\" allowfullscreen allow=\"autoplay; clipboard-write; encrypted-media; gyroscope; picture-in-picture;\"><\/iframe><\/div><\/div><\/div><\/div><\/div><\/div><\/div>\n","protected":false},"excerpt":{"rendered":"","protected":false},"author":8,"featured_media":0,"parent":0,"menu_order":0,"comment_status":"closed","ping_status":"closed","template":"100-width.php","meta":{"_acf_changed":false,"footnotes":""},"class_list":["post-1885","page","type-page","status-publish","hentry"],"acf":[],"_links":{"self":[{"href":"https:\/\/muddys-club.net\/index.php\/wp-json\/wp\/v2\/pages\/1885","targetHints":{"allow":["GET"]}}],"collection":[{"href":"https:\/\/muddys-club.net\/index.php\/wp-json\/wp\/v2\/pages"}],"about":[{"href":"https:\/\/muddys-club.net\/index.php\/wp-json\/wp\/v2\/types\/page"}],"author":[{"embeddable":true,"href":"https:\/\/muddys-club.net\/index.php\/wp-json\/wp\/v2\/users\/8"}],"replies":[{"embeddable":true,"href":"https:\/\/muddys-club.net\/index.php\/wp-json\/wp\/v2\/comments?post=1885"}],"version-history":[{"count":6,"href":"https:\/\/muddys-club.net\/index.php\/wp-json\/wp\/v2\/pages\/1885\/revisions"}],"predecessor-version":[{"id":2236,"href":"https:\/\/muddys-club.net\/index.php\/wp-json\/wp\/v2\/pages\/1885\/revisions\/2236"}],"wp:attachment":[{"href":"https:\/\/muddys-club.net\/index.php\/wp-json\/wp\/v2\/media?parent=1885"}],"curies":[{"name":"wp","href":"https:\/\/api.w.org\/{rel}","templated":true}]}}