{"id":1757,"date":"2024-09-24T14:30:41","date_gmt":"2024-09-24T12:30:41","guid":{"rendered":"https:\/\/muddys-club.net\/?page_id=1757"},"modified":"2024-10-17T16:16:48","modified_gmt":"2024-10-17T14:16:48","slug":"2024-11-28-krissy-matthews-band","status":"publish","type":"page","link":"https:\/\/muddys-club.net\/index.php\/2024-11-28-krissy-matthews-band\/","title":{"rendered":"2024-11-25 Krissy Matthews Band"},"content":{"rendered":"<div class=\"fusion-fullwidth fullwidth-box fusion-builder-row-1 fusion-flex-container has-pattern-background has-mask-background nonhundred-percent-fullwidth non-hundred-percent-height-scrolling\" style=\"--awb-border-radius-top-left:0px;--awb-border-radius-top-right:0px;--awb-border-radius-bottom-right:0px;--awb-border-radius-bottom-left:0px;--awb-flex-wrap:wrap;\" ><div class=\"fusion-builder-row fusion-row fusion-flex-align-items-flex-start fusion-flex-content-wrap\" style=\"max-width:1040px;margin-left: calc(-4% \/ 2 );margin-right: calc(-4% \/ 2 );\"><div class=\"fusion-layout-column fusion_builder_column fusion-builder-column-0 fusion_builder_column_2_3 2_3 fusion-flex-column\" style=\"--awb-bg-size:cover;--awb-width-large:66.666666666667%;--awb-margin-top-large:0px;--awb-spacing-right-large:2.88%;--awb-margin-bottom-large:20px;--awb-spacing-left-large:2.88%;--awb-width-medium:66.666666666667%;--awb-order-medium:0;--awb-spacing-right-medium:2.88%;--awb-spacing-left-medium:2.88%;--awb-width-small:100%;--awb-order-small:0;--awb-spacing-right-small:1.92%;--awb-spacing-left-small:1.92%;\"><div class=\"fusion-column-wrapper fusion-column-has-shadow fusion-flex-justify-content-flex-start fusion-content-layout-column\"><div class=\"fusion-image-element \" style=\"--awb-caption-title-font-family:var(--h2_typography-font-family);--awb-caption-title-font-weight:var(--h2_typography-font-weight);--awb-caption-title-font-style:var(--h2_typography-font-style);--awb-caption-title-size:var(--h2_typography-font-size);--awb-caption-title-transform:var(--h2_typography-text-transform);--awb-caption-title-line-height:var(--h2_typography-line-height);--awb-caption-title-letter-spacing:var(--h2_typography-letter-spacing);\"><span class=\" fusion-imageframe imageframe-none imageframe-1 hover-type-none\"><img decoding=\"async\" width=\"300\" height=\"214\" title=\"251124\" src=\"https:\/\/muddys-club.net\/wp-content\/uploads\/2024\/10\/251124-1-300x214.jpg\" alt class=\"img-responsive wp-image-1814\" srcset=\"https:\/\/muddys-club.net\/wp-content\/uploads\/2024\/10\/251124-1-200x143.jpg 200w, https:\/\/muddys-club.net\/wp-content\/uploads\/2024\/10\/251124-1-400x285.jpg 400w, https:\/\/muddys-club.net\/wp-content\/uploads\/2024\/10\/251124-1-600x428.jpg 600w, https:\/\/muddys-club.net\/wp-content\/uploads\/2024\/10\/251124-1-800x570.jpg 800w, https:\/\/muddys-club.net\/wp-content\/uploads\/2024\/10\/251124-1.jpg 815w\" sizes=\"(max-width: 640px) 100vw, 800px\" \/><\/span><\/div><\/div><\/div><div class=\"fusion-layout-column fusion_builder_column fusion-builder-column-1 fusion_builder_column_1_3 1_3 fusion-flex-column\" style=\"--awb-bg-size:cover;--awb-width-large:33.333333333333%;--awb-margin-top-large:0px;--awb-spacing-right-large:5.76%;--awb-margin-bottom-large:20px;--awb-spacing-left-large:5.76%;--awb-width-medium:33.333333333333%;--awb-order-medium:0;--awb-spacing-right-medium:5.76%;--awb-spacing-left-medium:5.76%;--awb-width-small:100%;--awb-order-small:0;--awb-spacing-right-small:1.92%;--awb-spacing-left-small:1.92%;\"><div class=\"fusion-column-wrapper fusion-column-has-shadow fusion-flex-justify-content-flex-start fusion-content-layout-column\"><div class=\"fusion-text fusion-text-1\"><h3><strong>Krissy Matthews Band\u00a0<\/strong><\/h3>\n<\/div><div class=\"fusion-text fusion-text-2\"><h2 style=\"color: red;\">Montag 25. November 2024<\/h2>\n<p>(Konzert wurde verlegt)<\/p>\n<h5 style=\"color: red;\">Konzertbeginn 20.30 Uhr<\/h5>\n<p><span style=\"color: red; font-family: var(--awb-text-font-family); font-size: var(--awb-font-size); font-style: var(--awb-text-font-style); font-weight: var(--awb-text-font-weight); letter-spacing: var(--awb-letter-spacing); text-align: var(--awb-content-alignment); text-transform: var(--awb-text-transform); background-color: var(--awb-bg-color);\">Einlass 19.30 Uhr in Muddy&#8217;s Club<\/span><\/p>\n<\/div><div class=\"fusion-text fusion-text-3\"><h5>Eintritt<\/h5>\n<p>Normal: 28 \u20ac<br \/>\n<span style=\"color: var(--awb-text-color); font-family: var(--awb-text-font-family); font-size: var(--awb-font-size); font-style: var(--awb-text-font-style); letter-spacing: var(--awb-letter-spacing); text-align: var(--awb-content-alignment); text-transform: var(--awb-text-transform); background-color: var(--awb-bg-color);\">Erm\u00e4ssigt: 24 \u20ac<br \/>\n<\/span>Mitglieder: 22 \u20ac<br \/>\nSch\u00fcler: 5 \u20ac<\/p>\n<\/div><div class=\"fusion-separator fusion-full-width-sep\" style=\"align-self: center;margin-left: auto;margin-right: auto;margin-top:30px;margin-bottom:0px;width:100%;\"><\/div><div ><a class=\"fusion-button button-flat fusion-button-default-size button-custom fusion-button-default button-1 fusion-button-default-span fusion-button-default-type fusion-has-button-gradient\" style=\"--button_accent_color:var(--awb-color1);--button_accent_hover_color:var(--awb-color1);--button_border_hover_color:var(--awb-color1);--button_gradient_top_color:var(--awb-color6);--button_gradient_bottom_color:var(--awb-custom_color_1);--button_gradient_top_color_hover:var(--awb-custom_color_1);--button_gradient_bottom_color_hover:hsla(var(--awb-color5-h),calc(var(--awb-color5-s) - 5%),calc(var(--awb-color5-l) - 10%),var(--awb-color5-a));\" target=\"_self\" href=\"https:\/\/manage.muddys-club.net\/public\/reservation\/2024-11-28-krissymatthewsband\"><span class=\"fusion-button-text awb-button__text awb-button__text--default\">Karten Reservieren<\/span><\/a><\/div><\/div><\/div><div class=\"fusion-layout-column fusion_builder_column fusion-builder-column-2 fusion_builder_column_4_5 4_5 fusion-flex-column\" style=\"--awb-bg-size:cover;--awb-width-large:80%;--awb-margin-top-large:0px;--awb-spacing-right-large:2.4%;--awb-margin-bottom-large:20px;--awb-spacing-left-large:2.4%;--awb-width-medium:80%;--awb-order-medium:0;--awb-spacing-right-medium:2.4%;--awb-spacing-left-medium:2.4%;--awb-width-small:100%;--awb-order-small:0;--awb-spacing-right-small:1.92%;--awb-spacing-left-small:1.92%;\"><div class=\"fusion-column-wrapper fusion-column-has-shadow fusion-flex-justify-content-flex-start fusion-content-layout-column\"><div class=\"fusion-text fusion-text-4\"><p>Die Krissy Matthews Band, bekannt f\u00fcr ihre explosive Mischung aus Blues und Rock, wird am 25. November 2024 im renommierten Muddys Club in Weinheim auftreten. Diese Show ist Teil ihrer umfangreichen Europa-Tournee, die Fans in ganz Europa begeistert.<\/p>\n<p><strong>Krissy Matthews<\/strong>, der britisch-norwegische Gitarrenvirtuose, hat sich mit seiner au\u00dfergew\u00f6hnlichen Technik und seinem leidenschaftlichen Spiel einen Namen gemacht. Begleitet wird er von einer herausragenden Band, die f\u00fcr ihre musikalische Vielseitigkeit und Energie bekannt ist:<\/p>\n<ul>\n<li><strong>Sam Weston<\/strong>\u00a0am Bass: Mit seinem kraftvollen und pr\u00e4zisen Spiel legt er das Fundament f\u00fcr die dynamischen Performances der Band.<\/li>\n<li><strong>Max Maxwell<\/strong>\u00a0am Schlagzeug: Seine rhythmische Pr\u00e4zision und sein kreatives Spiel sorgen f\u00fcr den treibenden Beat, der die Musik der Band so einzigartig macht.<\/li>\n<li><strong>Tom Wilson<\/strong>\u00a0an den Keyboards: Mit seinen vielseitigen Keyboard-Kl\u00e4ngen erg\u00e4nzt er perfekt den Sound der Band und sorgt f\u00fcr zus\u00e4tzliche musikalische Tiefe.<\/li>\n<\/ul>\n<p>Die Band wird Songs aus ihrem neuesten Album \u201cKrissy Matthews &amp; Friends\u201d pr\u00e4sentieren, das im Mai 2024 ver\u00f6ffentlicht wurde. Das Album enth\u00e4lt Kollaborationen mit einigen der gr\u00f6\u00dften Namen der modernen Blues- und Rockszene und hat bereits begeisterte Kritiken erhalten. Neben den neuen St\u00fccken werden auch Klassiker aus ihrem umfangreichen Repertoire zu h\u00f6ren sein.<\/p>\n<p>Der Muddys Club in Weinheim ist bekannt f\u00fcr seine intime Atmosph\u00e4re und hervorragende Akustik. Dieser legend\u00e4re Veranstaltungsort bietet die perfekte B\u00fchne, um die energiegeladene Performance der Krissy Matthews Band hautnah zu erleben. Hier k\u00f6nnen die Fans die Musik in vollen Z\u00fcgen genie\u00dfen und sich auf einen unvergesslichen Abend freuen.<\/p>\n<p>Verpassen Sie nicht die Gelegenheit, diese au\u00dfergew\u00f6hnliche Band live zu erleben. Sichern Sie sich jetzt Ihre Tickets und seien Sie dabei, wenn die Krissy Matthews Band die B\u00fchne rockt!<\/p>\n<\/div><div class=\"fusion-video fusion-youtube\" style=\"--awb-max-width:600px;--awb-max-height:360px;\"><div class=\"video-shortcode\"><div class=\"fluid-width-video-wrapper\" style=\"padding-top:60%;\" ><iframe title=\"YouTube video player 1\" src=\"https:\/\/www.youtube.com\/embed\/wjANO2X8pxE?wmode=transparent&autoplay=0\" width=\"600\" height=\"360\" allowfullscreen allow=\"autoplay; clipboard-write; encrypted-media; gyroscope; picture-in-picture;\"><\/iframe><\/div><\/div><\/div><\/div><\/div><div class=\"fusion-layout-column fusion_builder_column fusion-builder-column-3 fusion_builder_column_1_1 1_1 fusion-flex-column\" style=\"--awb-bg-size:cover;--awb-width-large:100%;--awb-margin-top-large:0px;--awb-spacing-right-large:1.92%;--awb-margin-bottom-large:20px;--awb-spacing-left-large:1.92%;--awb-width-medium:100%;--awb-order-medium:0;--awb-spacing-right-medium:1.92%;--awb-spacing-left-medium:1.92%;--awb-width-small:100%;--awb-order-small:0;--awb-spacing-right-small:1.92%;--awb-spacing-left-small:1.92%;\"><div class=\"fusion-column-wrapper fusion-column-has-shadow fusion-flex-justify-content-flex-start fusion-content-layout-column\"><div class=\"fusion-separator fusion-full-width-sep\" style=\"align-self: center;margin-left: auto;margin-right: auto;margin-top:15px;margin-bottom:15px;width:100%;\"><div class=\"fusion-separator-border sep-single sep-solid\" style=\"--awb-height:20px;--awb-amount:20px;border-color:var(--awb-color3);border-top-width:1px;\"><\/div><\/div><\/div><\/div><\/div><\/div>\n","protected":false},"excerpt":{"rendered":"","protected":false},"author":8,"featured_media":0,"parent":0,"menu_order":0,"comment_status":"closed","ping_status":"closed","template":"100-width.php","meta":{"_acf_changed":false,"footnotes":""},"class_list":["post-1757","page","type-page","status-publish","hentry"],"acf":[],"_links":{"self":[{"href":"https:\/\/muddys-club.net\/index.php\/wp-json\/wp\/v2\/pages\/1757","targetHints":{"allow":["GET"]}}],"collection":[{"href":"https:\/\/muddys-club.net\/index.php\/wp-json\/wp\/v2\/pages"}],"about":[{"href":"https:\/\/muddys-club.net\/index.php\/wp-json\/wp\/v2\/types\/page"}],"author":[{"embeddable":true,"href":"https:\/\/muddys-club.net\/index.php\/wp-json\/wp\/v2\/users\/8"}],"replies":[{"embeddable":true,"href":"https:\/\/muddys-club.net\/index.php\/wp-json\/wp\/v2\/comments?post=1757"}],"version-history":[{"count":6,"href":"https:\/\/muddys-club.net\/index.php\/wp-json\/wp\/v2\/pages\/1757\/revisions"}],"predecessor-version":[{"id":1853,"href":"https:\/\/muddys-club.net\/index.php\/wp-json\/wp\/v2\/pages\/1757\/revisions\/1853"}],"wp:attachment":[{"href":"https:\/\/muddys-club.net\/index.php\/wp-json\/wp\/v2\/media?parent=1757"}],"curies":[{"name":"wp","href":"https:\/\/api.w.org\/{rel}","templated":true}]}}