{"id":171,"date":"2023-01-17T11:48:59","date_gmt":"2023-01-17T10:48:59","guid":{"rendered":"https:\/\/192.168.150.178\/?page_id=171"},"modified":"2023-07-09T15:03:08","modified_gmt":"2023-07-09T13:03:08","slug":"impressum-2","status":"publish","type":"page","link":"https:\/\/muddys-club.net\/index.php\/impressum-2\/","title":{"rendered":"Impressum"},"content":{"rendered":"<p><div class=\"fusion-fullwidth fullwidth-box fusion-builder-row-1 fusion-flex-container has-pattern-background has-mask-background nonhundred-percent-fullwidth non-hundred-percent-height-scrolling\" style=\"--awb-border-radius-top-left:0px;--awb-border-radius-top-right:0px;--awb-border-radius-bottom-right:0px;--awb-border-radius-bottom-left:0px;--awb-flex-wrap:wrap;\" ><div class=\"fusion-builder-row fusion-row fusion-flex-align-items-flex-start fusion-flex-content-wrap\" style=\"max-width:1040px;margin-left: calc(-4% \/ 2 );margin-right: calc(-4% \/ 2 );\"><div class=\"fusion-layout-column fusion_builder_column fusion-builder-column-0 fusion_builder_column_1_1 1_1 fusion-flex-column\" style=\"--awb-bg-size:cover;--awb-width-large:100%;--awb-margin-top-large:0px;--awb-spacing-right-large:1.92%;--awb-margin-bottom-large:20px;--awb-spacing-left-large:1.92%;--awb-width-medium:100%;--awb-order-medium:0;--awb-spacing-right-medium:1.92%;--awb-spacing-left-medium:1.92%;--awb-width-small:100%;--awb-order-small:0;--awb-spacing-right-small:1.92%;--awb-spacing-left-small:1.92%;\"><div class=\"fusion-column-wrapper fusion-column-has-shadow fusion-flex-justify-content-flex-start fusion-content-layout-column\"><div class=\"fusion-image-element \" style=\"--awb-caption-title-font-family:var(--h2_typography-font-family);--awb-caption-title-font-weight:var(--h2_typography-font-weight);--awb-caption-title-font-style:var(--h2_typography-font-style);--awb-caption-title-size:var(--h2_typography-font-size);--awb-caption-title-transform:var(--h2_typography-text-transform);--awb-caption-title-line-height:var(--h2_typography-line-height);--awb-caption-title-letter-spacing:var(--h2_typography-letter-spacing);\"><span class=\" fusion-imageframe imageframe-none imageframe-1 hover-type-none\"><img decoding=\"async\" width=\"1022\" height=\"496\" title=\"Paragraph Button Circuit Diagram Banner Digital\" src=\"https:\/\/wordpress.muddys-club.net\/wp-content\/uploads\/2023\/01\/Impressum.jpg\" alt class=\"img-responsive wp-image-180\"\/><\/span><\/div><\/div><\/div><\/div><\/div><div class=\"fusion-fullwidth fullwidth-box fusion-builder-row-2 fusion-flex-container has-pattern-background has-mask-background nonhundred-percent-fullwidth non-hundred-percent-height-scrolling\" style=\"--awb-border-radius-top-left:0px;--awb-border-radius-top-right:0px;--awb-border-radius-bottom-right:0px;--awb-border-radius-bottom-left:0px;--awb-flex-wrap:wrap;\" ><div class=\"fusion-builder-row fusion-row fusion-flex-align-items-flex-start fusion-flex-content-wrap\" style=\"max-width:1040px;margin-left: calc(-4% \/ 2 );margin-right: calc(-4% \/ 2 );\"><div class=\"fusion-layout-column fusion_builder_column fusion-builder-column-1 fusion_builder_column_2_3 2_3 fusion-flex-column\" style=\"--awb-bg-size:cover;--awb-width-large:66.666666666667%;--awb-margin-top-large:0px;--awb-spacing-right-large:2.88%;--awb-margin-bottom-large:20px;--awb-spacing-left-large:2.88%;--awb-width-medium:66.666666666667%;--awb-order-medium:0;--awb-spacing-right-medium:2.88%;--awb-spacing-left-medium:2.88%;--awb-width-small:100%;--awb-order-small:0;--awb-spacing-right-small:1.92%;--awb-spacing-left-small:1.92%;\"><div class=\"fusion-column-wrapper fusion-column-has-shadow fusion-flex-justify-content-flex-start fusion-content-layout-column\"><div class=\"fusion-text fusion-text-1\"><div class=\"fusion-text fusion-text-1\">\n<p><span style=\"color: #000080;\"><strong style=\"font-size: 16px;\">Muddy\u2019s Club<br \/>\n<\/strong><strong style=\"font-size: 16px;\">Blues und Jazz Club Weinheim e.V.<br \/>\n<\/strong>Soziokulturelles Zentrum Weinheim<\/span><\/p>\n<\/div>\n<div class=\"fusion-text fusion-text-2\">\n<p>Schulstr. 3,<br \/>\n69469 Weinheim<\/p>\n<p><strong>Tel.: 0 62 01 \u2013 1 29 97<\/strong><\/p>\n<p><strong>e-mail:<\/strong>\u00a0<a href=\"mailto:vorstand@muddys-club.net\">vorstand@muddys-club.net<\/a><br \/>\n<strong>Internet:<\/strong>\u00a0<a href=\"http:\/\/muddys-club.net\/\" target=\"_blank\" rel=\"noopener noreferrer\">www.muddys-club.net<\/a><\/p>\n<p>gemeinn\u00fctziger Verein f\u00fcr die Zwecke<strong><br \/>\n<\/strong>Musik, Jugendpflege, V\u00f6lkerverst\u00e4ndigung<br \/>\n<strong>Finanzamt:\u00a0<\/strong>Weinheim OZ WHM 227<br \/>\n<strong>Amtsgericht:<\/strong>\u00a0Weinheim<br \/>\n<strong>Vereinsregister:<\/strong>\u00a0VR 560<\/p>\n<p><strong>Vorstand:<\/strong><br \/>\nRen\u00e9 Rade &#8211; Organisatorische Leitung<\/p>\n<p>Sebastian Strodtbeck &#8211; K\u00fcnstlerische Leitung<\/p>\n<p><strong>Mitgliederverwaltung:<\/strong><br \/>\nManuela Detels<\/p>\n<p><strong>Mitglied bei der DJF\u00a0<\/strong><br \/>\n(Deutsche Jazz-F\u00f6rderation e.V. Dortmund)<\/p>\n<p><strong>Mitglied der LAKS\u00a0<\/strong><br \/>\n(Landesarbeitsgemeinschaft der Kulturinitiativen und soziokulturellen Zentren in Baden W\u00fcrttemberg)<\/p>\n<p><strong>Bankverbindungen:<\/strong>\u00a0Volksbank Weinheim Kto.Nr.:<br \/>\n<strong>DE78 67092300 0003 2999 02<\/strong><br \/>\n<strong><br \/>\nErkl\u00e4rung:<\/strong><br \/>\nAlle Informationen und Erkl\u00e4rungen dieser Internetseite sind unverbindlich. Muddy\u2019s Club Weinheim e.V. \u00fcbernimmt f\u00fcr die Richtigkeit und Vollst\u00e4ndigkeit der Inhalte keine Gew\u00e4hr. Es wird keine Garantie \u00fcbernommen und keine Zusicherung von Produkteigenschaften gemacht.<\/p>\n<p><strong>Haftungshinweis:<\/strong><br \/>\nTrotz sorgf\u00e4ltiger inhaltlicher Kontrolle \u00fcbernehmen wir keine Haftung f\u00fcr die Inhalte externer Links. F\u00fcr den Inhalt der verlinkten Seiten sind ausschlie\u00dflich deren Betreiber verantwortlich<\/p>\n<\/div>\n<\/div><\/div><\/div><\/div><\/div><\/p>\n","protected":false},"excerpt":{"rendered":"","protected":false},"author":8,"featured_media":0,"parent":0,"menu_order":0,"comment_status":"closed","ping_status":"closed","template":"100-width.php","meta":{"_acf_changed":false,"footnotes":""},"class_list":["post-171","page","type-page","status-publish","hentry"],"acf":[],"_links":{"self":[{"href":"https:\/\/muddys-club.net\/index.php\/wp-json\/wp\/v2\/pages\/171","targetHints":{"allow":["GET"]}}],"collection":[{"href":"https:\/\/muddys-club.net\/index.php\/wp-json\/wp\/v2\/pages"}],"about":[{"href":"https:\/\/muddys-club.net\/index.php\/wp-json\/wp\/v2\/types\/page"}],"author":[{"embeddable":true,"href":"https:\/\/muddys-club.net\/index.php\/wp-json\/wp\/v2\/users\/8"}],"replies":[{"embeddable":true,"href":"https:\/\/muddys-club.net\/index.php\/wp-json\/wp\/v2\/comments?post=171"}],"version-history":[{"count":7,"href":"https:\/\/muddys-club.net\/index.php\/wp-json\/wp\/v2\/pages\/171\/revisions"}],"predecessor-version":[{"id":847,"href":"https:\/\/muddys-club.net\/index.php\/wp-json\/wp\/v2\/pages\/171\/revisions\/847"}],"wp:attachment":[{"href":"https:\/\/muddys-club.net\/index.php\/wp-json\/wp\/v2\/media?parent=171"}],"curies":[{"name":"wp","href":"https:\/\/api.w.org\/{rel}","templated":true}]}}