{"id":1700,"date":"2024-09-16T14:39:17","date_gmt":"2024-09-16T12:39:17","guid":{"rendered":"https:\/\/muddys-club.net\/?page_id=1700"},"modified":"2024-10-17T16:17:32","modified_gmt":"2024-10-17T14:17:32","slug":"2024-12-20-strodtbeck-band","status":"publish","type":"page","link":"https:\/\/muddys-club.net\/index.php\/2024-12-20-strodtbeck-band\/","title":{"rendered":"2024-12-20 Strodtbeck &#038; Band"},"content":{"rendered":"<div class=\"fusion-fullwidth fullwidth-box fusion-builder-row-1 fusion-flex-container has-pattern-background has-mask-background nonhundred-percent-fullwidth non-hundred-percent-height-scrolling\" style=\"--awb-border-radius-top-left:0px;--awb-border-radius-top-right:0px;--awb-border-radius-bottom-right:0px;--awb-border-radius-bottom-left:0px;--awb-flex-wrap:wrap;\" ><div class=\"fusion-builder-row fusion-row fusion-flex-align-items-flex-start fusion-flex-content-wrap\" style=\"max-width:1040px;margin-left: calc(-4% \/ 2 );margin-right: calc(-4% \/ 2 );\"><div class=\"fusion-layout-column fusion_builder_column fusion-builder-column-0 fusion_builder_column_2_3 2_3 fusion-flex-column\" style=\"--awb-bg-size:cover;--awb-width-large:66.666666666667%;--awb-margin-top-large:0px;--awb-spacing-right-large:2.88%;--awb-margin-bottom-large:20px;--awb-spacing-left-large:2.88%;--awb-width-medium:66.666666666667%;--awb-order-medium:0;--awb-spacing-right-medium:2.88%;--awb-spacing-left-medium:2.88%;--awb-width-small:100%;--awb-order-small:0;--awb-spacing-right-small:1.92%;--awb-spacing-left-small:1.92%;\"><div class=\"fusion-column-wrapper fusion-column-has-shadow fusion-flex-justify-content-flex-start fusion-content-layout-column\"><div class=\"fusion-image-element \" style=\"--awb-caption-title-font-family:var(--h2_typography-font-family);--awb-caption-title-font-weight:var(--h2_typography-font-weight);--awb-caption-title-font-style:var(--h2_typography-font-style);--awb-caption-title-size:var(--h2_typography-font-size);--awb-caption-title-transform:var(--h2_typography-text-transform);--awb-caption-title-line-height:var(--h2_typography-line-height);--awb-caption-title-letter-spacing:var(--h2_typography-letter-spacing);\"><span class=\" fusion-imageframe imageframe-none imageframe-1 hover-type-none\"><img decoding=\"async\" width=\"300\" height=\"211\" title=\"201224\" src=\"https:\/\/muddys-club.net\/wp-content\/uploads\/2024\/10\/201224-300x211.jpg\" alt class=\"img-responsive wp-image-1821\" srcset=\"https:\/\/muddys-club.net\/wp-content\/uploads\/2024\/10\/201224-200x140.jpg 200w, https:\/\/muddys-club.net\/wp-content\/uploads\/2024\/10\/201224-400x281.jpg 400w, https:\/\/muddys-club.net\/wp-content\/uploads\/2024\/10\/201224-600x421.jpg 600w, https:\/\/muddys-club.net\/wp-content\/uploads\/2024\/10\/201224-800x562.jpg 800w, https:\/\/muddys-club.net\/wp-content\/uploads\/2024\/10\/201224.jpg 812w\" sizes=\"(max-width: 640px) 100vw, 800px\" \/><\/span><\/div><\/div><\/div><div class=\"fusion-layout-column fusion_builder_column fusion-builder-column-1 fusion_builder_column_1_3 1_3 fusion-flex-column\" style=\"--awb-bg-size:cover;--awb-width-large:33.333333333333%;--awb-margin-top-large:0px;--awb-spacing-right-large:5.76%;--awb-margin-bottom-large:20px;--awb-spacing-left-large:5.76%;--awb-width-medium:33.333333333333%;--awb-order-medium:0;--awb-spacing-right-medium:5.76%;--awb-spacing-left-medium:5.76%;--awb-width-small:100%;--awb-order-small:0;--awb-spacing-right-small:1.92%;--awb-spacing-left-small:1.92%;\"><div class=\"fusion-column-wrapper fusion-column-has-shadow fusion-flex-justify-content-flex-start fusion-content-layout-column\"><div class=\"fusion-text fusion-text-1\"><h3>Strodtbeck &amp; Band<\/h3>\n<\/div><div class=\"fusion-text fusion-text-2\"><h2>Freitag 20. Dezember 2024<\/h2>\n<h5>Konzertbeginn 20.30 Uhr<\/h5>\n<p><span style=\"color: var(--awb-text-color); font-family: var(--awb-text-font-family); font-size: var(--awb-font-size); font-style: var(--awb-text-font-style); font-weight: var(--awb-text-font-weight); letter-spacing: var(--awb-letter-spacing); text-align: var(--awb-content-alignment); text-transform: var(--awb-text-transform); background-color: var(--awb-bg-color);\">Einlass 19.30 Uhr in Muddy&#8217;s Club<\/span><\/p>\n<\/div><div class=\"fusion-text fusion-text-3\"><h5>Eintritt<\/h5>\n<p>Normal: 22 \u20ac<br \/>\n<span style=\"color: var(--awb-text-color); font-family: var(--awb-text-font-family); font-size: var(--awb-font-size); font-style: var(--awb-text-font-style); letter-spacing: var(--awb-letter-spacing); text-align: var(--awb-content-alignment); text-transform: var(--awb-text-transform); background-color: var(--awb-bg-color);\">Erm\u00e4ssigt: 18 \u20ac<br \/>\n<\/span>Mitglieder: 16 \u20ac<br \/>\nSch\u00fcler: 5 \u20ac<\/p>\n<\/div><div class=\"fusion-separator fusion-full-width-sep\" style=\"align-self: center;margin-left: auto;margin-right: auto;margin-top:30px;margin-bottom:0px;width:100%;\"><\/div><div ><a class=\"fusion-button button-flat fusion-button-default-size button-custom fusion-button-default button-1 fusion-button-default-span fusion-button-default-type fusion-has-button-gradient\" style=\"--button_accent_color:var(--awb-color1);--button_accent_hover_color:var(--awb-color1);--button_border_hover_color:var(--awb-color1);--button_gradient_top_color:var(--awb-color6);--button_gradient_bottom_color:var(--awb-custom_color_1);--button_gradient_top_color_hover:var(--awb-custom_color_1);--button_gradient_bottom_color_hover:hsla(var(--awb-color5-h),calc(var(--awb-color5-s) - 5%),calc(var(--awb-color5-l) - 10%),var(--awb-color5-a));\" target=\"_self\" href=\"https:\/\/manage.muddys-club.net\/public\/reservation\/2024-12-20-2024-12-20strodtbeckband\"><span class=\"fusion-button-text awb-button__text awb-button__text--default\">Karten Reservieren<\/span><\/a><\/div><\/div><\/div><div class=\"fusion-layout-column fusion_builder_column fusion-builder-column-2 fusion_builder_column_4_5 4_5 fusion-flex-column\" style=\"--awb-bg-size:cover;--awb-width-large:80%;--awb-margin-top-large:0px;--awb-spacing-right-large:2.4%;--awb-margin-bottom-large:20px;--awb-spacing-left-large:2.4%;--awb-width-medium:80%;--awb-order-medium:0;--awb-spacing-right-medium:2.4%;--awb-spacing-left-medium:2.4%;--awb-width-small:100%;--awb-order-small:0;--awb-spacing-right-small:1.92%;--awb-spacing-left-small:1.92%;\"><div class=\"fusion-column-wrapper fusion-column-has-shadow fusion-flex-justify-content-flex-start fusion-content-layout-column\"><div class=\"fusion-text fusion-text-4\"><p>Der Muddy\u2019s Club l\u00e4dt zu einem besonderen musikalischen Highlight ein: Sebastian Strodtbeck und seine Clapton Cover Band werden das Jahresabschlusskonzert geben. Dies ist die perfekte Gelegenheit, das Jahr gemeinsam mit Freunden und guter Musik ausklingen zu lassen.<\/p>\n<p>Sebastian Strodtbeck, ein leidenschaftlicher Gitarrist und S\u00e4nger, ist bekannt f\u00fcr seine beeindruckenden Interpretationen der Musik von Eric Clapton. Mit seiner Band, bestehend aus talentierten Musikern, bringt er die gr\u00f6\u00dften Hits und tiefsten Blues-Melodien des legend\u00e4ren K\u00fcnstlers auf die B\u00fchne. Strodtbeck hat bereits als Support f\u00fcr Gr\u00f6\u00dfen wie Miller Anderson und Brian Auger gespielt und begeistert sein Publikum mit technischer Pr\u00e4zision und gro\u00dfem Einf\u00fchlungsverm\u00f6gen.<\/p>\n<p>Die Clapton Cover Band versteht es, die Magie und den Spirit von Eric Clapton\u2019s Musik authentisch zu vermitteln. Mit Klassikern wie \u201cLayla\u201d, \u201cTears in Heaven\u201d und \u201cCocaine\u201d wird das Publikum auf eine musikalische Reise durch die Jahrzehnte mitgenommen. Die Bandmitglieder, allesamt erfahrene Musiker, harmonieren perfekt miteinander und schaffen es, die Energie und Leidenschaft der Originalsongs auf die B\u00fchne zu bringen.<\/p>\n<p>Das Jahresabschlusskonzert im Muddy\u2019s Club ist nicht nur ein musikalisches Erlebnis, sondern auch eine wunderbare Gelegenheit, das Jahr in geselliger Runde ausklingen zu lassen. Der Club, bekannt f\u00fcr seine intime Atmosph\u00e4re und hervorragende Akustik, bietet den idealen Rahmen f\u00fcr einen unvergesslichen Abend. Die G\u00e4ste k\u00f6nnen sich auf eine Mischung aus mitrei\u00dfenden Gitarrensoli, gef\u00fchlvollen Balladen und groovigen Blues-Rhythmen freuen.<\/p>\n<p>Feiern Sie mit uns das Jahresende und genie\u00dfen Sie einen Abend voller musikalischer Highlights mit Sebastian Strodtbeck und seiner Clapton Cover Band. Lassen Sie sich von der Musik verzaubern und erleben Sie einen Abend, der noch lange in Erinnerung bleiben wird.<\/p>\n<\/div><div class=\"fusion-video fusion-youtube\" style=\"--awb-max-width:600px;--awb-max-height:360px;\"><div class=\"video-shortcode\"><div class=\"fluid-width-video-wrapper\" style=\"padding-top:60%;\" ><iframe title=\"YouTube video player 1\" src=\"https:\/\/www.youtube.com\/embed\/ObntCCN9o6k?wmode=transparent&autoplay=0\" width=\"600\" height=\"360\" allowfullscreen allow=\"autoplay; clipboard-write; encrypted-media; gyroscope; picture-in-picture;\"><\/iframe><\/div><\/div><\/div><\/div><\/div><div class=\"fusion-layout-column fusion_builder_column fusion-builder-column-3 fusion_builder_column_1_1 1_1 fusion-flex-column\" style=\"--awb-bg-size:cover;--awb-width-large:100%;--awb-margin-top-large:0px;--awb-spacing-right-large:1.92%;--awb-margin-bottom-large:20px;--awb-spacing-left-large:1.92%;--awb-width-medium:100%;--awb-order-medium:0;--awb-spacing-right-medium:1.92%;--awb-spacing-left-medium:1.92%;--awb-width-small:100%;--awb-order-small:0;--awb-spacing-right-small:1.92%;--awb-spacing-left-small:1.92%;\"><div class=\"fusion-column-wrapper fusion-column-has-shadow fusion-flex-justify-content-flex-start fusion-content-layout-column\"><div class=\"fusion-separator fusion-full-width-sep\" style=\"align-self: center;margin-left: auto;margin-right: auto;margin-top:15px;margin-bottom:15px;width:100%;\"><div class=\"fusion-separator-border sep-single sep-solid\" style=\"--awb-height:20px;--awb-amount:20px;border-color:var(--awb-color3);border-top-width:1px;\"><\/div><\/div><\/div><\/div><\/div><\/div>\n","protected":false},"excerpt":{"rendered":"","protected":false},"author":8,"featured_media":0,"parent":0,"menu_order":0,"comment_status":"closed","ping_status":"closed","template":"100-width.php","meta":{"_acf_changed":false,"footnotes":""},"class_list":["post-1700","page","type-page","status-publish","hentry"],"acf":[],"_links":{"self":[{"href":"https:\/\/muddys-club.net\/index.php\/wp-json\/wp\/v2\/pages\/1700","targetHints":{"allow":["GET"]}}],"collection":[{"href":"https:\/\/muddys-club.net\/index.php\/wp-json\/wp\/v2\/pages"}],"about":[{"href":"https:\/\/muddys-club.net\/index.php\/wp-json\/wp\/v2\/types\/page"}],"author":[{"embeddable":true,"href":"https:\/\/muddys-club.net\/index.php\/wp-json\/wp\/v2\/users\/8"}],"replies":[{"embeddable":true,"href":"https:\/\/muddys-club.net\/index.php\/wp-json\/wp\/v2\/comments?post=1700"}],"version-history":[{"count":8,"href":"https:\/\/muddys-club.net\/index.php\/wp-json\/wp\/v2\/pages\/1700\/revisions"}],"predecessor-version":[{"id":1848,"href":"https:\/\/muddys-club.net\/index.php\/wp-json\/wp\/v2\/pages\/1700\/revisions\/1848"}],"wp:attachment":[{"href":"https:\/\/muddys-club.net\/index.php\/wp-json\/wp\/v2\/media?parent=1700"}],"curies":[{"name":"wp","href":"https:\/\/api.w.org\/{rel}","templated":true}]}}