{"id":1693,"date":"2024-09-16T14:15:11","date_gmt":"2024-09-16T12:15:11","guid":{"rendered":"https:\/\/muddys-club.net\/?page_id=1693"},"modified":"2024-12-10T13:53:42","modified_gmt":"2024-12-10T12:53:42","slug":"2024-12-13-blue-dance-night","status":"publish","type":"page","link":"https:\/\/muddys-club.net\/index.php\/2024-12-13-blue-dance-night\/","title":{"rendered":"2024-12-13 Blue Dance Night"},"content":{"rendered":"<div class=\"fusion-fullwidth fullwidth-box fusion-builder-row-1 fusion-flex-container has-pattern-background has-mask-background nonhundred-percent-fullwidth non-hundred-percent-height-scrolling\" style=\"--awb-border-radius-top-left:0px;--awb-border-radius-top-right:0px;--awb-border-radius-bottom-right:0px;--awb-border-radius-bottom-left:0px;--awb-flex-wrap:wrap;\" ><div class=\"fusion-builder-row fusion-row fusion-flex-align-items-flex-start fusion-flex-content-wrap\" style=\"max-width:1040px;margin-left: calc(-4% \/ 2 );margin-right: calc(-4% \/ 2 );\"><div class=\"fusion-layout-column fusion_builder_column fusion-builder-column-0 fusion_builder_column_2_3 2_3 fusion-flex-column\" style=\"--awb-bg-size:cover;--awb-width-large:66.666666666667%;--awb-margin-top-large:0px;--awb-spacing-right-large:2.88%;--awb-margin-bottom-large:20px;--awb-spacing-left-large:2.88%;--awb-width-medium:66.666666666667%;--awb-order-medium:0;--awb-spacing-right-medium:2.88%;--awb-spacing-left-medium:2.88%;--awb-width-small:100%;--awb-order-small:0;--awb-spacing-right-small:1.92%;--awb-spacing-left-small:1.92%;\"><div class=\"fusion-column-wrapper fusion-column-has-shadow fusion-flex-justify-content-flex-start fusion-content-layout-column\"><div class=\"fusion-image-element \" style=\"--awb-caption-title-font-family:var(--h2_typography-font-family);--awb-caption-title-font-weight:var(--h2_typography-font-weight);--awb-caption-title-font-style:var(--h2_typography-font-style);--awb-caption-title-size:var(--h2_typography-font-size);--awb-caption-title-transform:var(--h2_typography-text-transform);--awb-caption-title-line-height:var(--h2_typography-line-height);--awb-caption-title-letter-spacing:var(--h2_typography-letter-spacing);\"><span class=\" fusion-imageframe imageframe-none imageframe-1 hover-type-none\"><img decoding=\"async\" width=\"300\" height=\"209\" title=\"081124\" src=\"https:\/\/muddys-club.net\/wp-content\/uploads\/2024\/10\/081124-300x209.jpg\" alt class=\"img-responsive wp-image-1806\" srcset=\"https:\/\/muddys-club.net\/wp-content\/uploads\/2024\/10\/081124-200x139.jpg 200w, https:\/\/muddys-club.net\/wp-content\/uploads\/2024\/10\/081124-400x278.jpg 400w, https:\/\/muddys-club.net\/wp-content\/uploads\/2024\/10\/081124-600x418.jpg 600w, https:\/\/muddys-club.net\/wp-content\/uploads\/2024\/10\/081124-800x557.jpg 800w, https:\/\/muddys-club.net\/wp-content\/uploads\/2024\/10\/081124.jpg 813w\" sizes=\"(max-width: 640px) 100vw, 800px\" \/><\/span><\/div><\/div><\/div><div class=\"fusion-layout-column fusion_builder_column fusion-builder-column-1 fusion_builder_column_1_3 1_3 fusion-flex-column\" style=\"--awb-bg-size:cover;--awb-width-large:33.333333333333%;--awb-margin-top-large:0px;--awb-spacing-right-large:5.76%;--awb-margin-bottom-large:20px;--awb-spacing-left-large:5.76%;--awb-width-medium:33.333333333333%;--awb-order-medium:0;--awb-spacing-right-medium:5.76%;--awb-spacing-left-medium:5.76%;--awb-width-small:100%;--awb-order-small:0;--awb-spacing-right-small:1.92%;--awb-spacing-left-small:1.92%;\"><div class=\"fusion-column-wrapper fusion-column-has-shadow fusion-flex-justify-content-flex-start fusion-content-layout-column\"><div class=\"fusion-text fusion-text-1\"><h1>Blue Dance Night<\/h1>\n<\/div><div class=\"fusion-text fusion-text-2\"><h2>Freitag 13. Dezember 2024<\/h2>\n<h5>Beginn 20.00 Uhr<\/h5>\n<p><span style=\"color: var(--awb-text-color); font-family: var(--awb-text-font-family); font-size: var(--awb-font-size); font-style: var(--awb-text-font-style); font-weight: var(--awb-text-font-weight); letter-spacing: var(--awb-letter-spacing); text-align: var(--awb-content-alignment); text-transform: var(--awb-text-transform); background-color: var(--awb-bg-color);\">Einlass 19.00 Uhr in Muddy&#8217;s Club<\/span><\/p>\n<\/div><div class=\"fusion-text fusion-text-3\"><h5>Eintritt<\/h5>\n<p>Normal: 7 \u20ac<br \/>\n<span style=\"color: var(--awb-text-color); font-family: var(--awb-text-font-family); font-size: var(--awb-font-size); font-style: var(--awb-text-font-style); letter-spacing: var(--awb-letter-spacing); text-align: var(--awb-content-alignment); text-transform: var(--awb-text-transform); background-color: var(--awb-bg-color);\">Erm\u00e4ssigt: 7 \u20ac<br \/>\n<\/span>Mitglieder: 7 \u20ac<br \/>\nSch\u00fcler: 7 \u20ac<\/p>\n<p>F\u00fcr diese Veranstaltung k\u00f6nnen keine Reservierungen vorgenommen werden.<\/p>\n<\/div><\/div><\/div><div class=\"fusion-layout-column fusion_builder_column fusion-builder-column-2 fusion_builder_column_4_5 4_5 fusion-flex-column\" style=\"--awb-bg-size:cover;--awb-width-large:80%;--awb-margin-top-large:0px;--awb-spacing-right-large:2.4%;--awb-margin-bottom-large:20px;--awb-spacing-left-large:2.4%;--awb-width-medium:80%;--awb-order-medium:0;--awb-spacing-right-medium:2.4%;--awb-spacing-left-medium:2.4%;--awb-width-small:100%;--awb-order-small:0;--awb-spacing-right-small:1.92%;--awb-spacing-left-small:1.92%;\"><div class=\"fusion-column-wrapper fusion-column-has-shadow fusion-flex-justify-content-flex-start fusion-content-layout-column\"><div class=\"fusion-text fusion-text-4\"><p>Am 13. Dezember 2024 l\u00e4dt der Muddys Club zur festlichen Blue Dance Night ein \u2013 die perfekte Gelegenheit, das Jahr mit einem unvergesslichen Abend ausklingen zu lassen!<br \/>\nInmitten der festlichen Weihnachtszeit bietet die Blue Dance Night eine wunderbare M\u00f6glichkeit, sich mit Freunden und neuen Bekanntschaften zu treffen und gemeinsam zu feiern.<\/p>\n<p>Die Nacht verspricht eine Mischung aus mitrei\u00dfender Musik, ausgelassener Stimmung und unvergesslichen Momenten.<br \/>\nTanzen Sie zu den besten Hits des Jahres und lassen Sie sich von den Rhythmen mitrei\u00dfen.<br \/>\nFeiern Sie mit uns die letzte gro\u00dfe Party des Jahres 2024 und verabschieden Sie das Jahr in bester Gesellschaft.<br \/>\nVerpassen Sie nicht die Chance, das Jahr mit einem Knall zu beenden und die festliche Stimmung in vollen Z\u00fcgen zu genie\u00dfen.<br \/>\nSeien Sie dabei, wenn wir gemeinsam die Blue Dance Night im Muddys Club feiern!<\/p>\n<p>Diesmal gibt es f\u00fcr alle Wartende vor der T\u00fcr Gl\u00fchwein auf Spendenbasis. Das eingenommene Geld spenden wir zu Weihnachten der Wohnungslosenhilfe Weinheim.<\/p>\n<\/div><\/div><\/div><div class=\"fusion-layout-column fusion_builder_column fusion-builder-column-3 fusion_builder_column_1_1 1_1 fusion-flex-column\" style=\"--awb-bg-size:cover;--awb-width-large:100%;--awb-margin-top-large:0px;--awb-spacing-right-large:1.92%;--awb-margin-bottom-large:20px;--awb-spacing-left-large:1.92%;--awb-width-medium:100%;--awb-order-medium:0;--awb-spacing-right-medium:1.92%;--awb-spacing-left-medium:1.92%;--awb-width-small:100%;--awb-order-small:0;--awb-spacing-right-small:1.92%;--awb-spacing-left-small:1.92%;\"><div class=\"fusion-column-wrapper fusion-column-has-shadow fusion-flex-justify-content-flex-start fusion-content-layout-column\"><div class=\"fusion-separator fusion-full-width-sep\" style=\"align-self: center;margin-left: auto;margin-right: auto;margin-top:15px;margin-bottom:15px;width:100%;\"><div class=\"fusion-separator-border sep-single sep-solid\" style=\"--awb-height:20px;--awb-amount:20px;border-color:var(--awb-color3);border-top-width:1px;\"><\/div><\/div><\/div><\/div><\/div><\/div>\n","protected":false},"excerpt":{"rendered":"","protected":false},"author":8,"featured_media":0,"parent":0,"menu_order":0,"comment_status":"closed","ping_status":"closed","template":"100-width.php","meta":{"_acf_changed":false,"footnotes":""},"class_list":["post-1693","page","type-page","status-publish","hentry"],"acf":[],"_links":{"self":[{"href":"https:\/\/muddys-club.net\/index.php\/wp-json\/wp\/v2\/pages\/1693","targetHints":{"allow":["GET"]}}],"collection":[{"href":"https:\/\/muddys-club.net\/index.php\/wp-json\/wp\/v2\/pages"}],"about":[{"href":"https:\/\/muddys-club.net\/index.php\/wp-json\/wp\/v2\/types\/page"}],"author":[{"embeddable":true,"href":"https:\/\/muddys-club.net\/index.php\/wp-json\/wp\/v2\/users\/8"}],"replies":[{"embeddable":true,"href":"https:\/\/muddys-club.net\/index.php\/wp-json\/wp\/v2\/comments?post=1693"}],"version-history":[{"count":3,"href":"https:\/\/muddys-club.net\/index.php\/wp-json\/wp\/v2\/pages\/1693\/revisions"}],"predecessor-version":[{"id":2109,"href":"https:\/\/muddys-club.net\/index.php\/wp-json\/wp\/v2\/pages\/1693\/revisions\/2109"}],"wp:attachment":[{"href":"https:\/\/muddys-club.net\/index.php\/wp-json\/wp\/v2\/media?parent=1693"}],"curies":[{"name":"wp","href":"https:\/\/api.w.org\/{rel}","templated":true}]}}