{"id":1648,"date":"2024-09-15T13:55:42","date_gmt":"2024-09-15T11:55:42","guid":{"rendered":"https:\/\/muddys-club.net\/?page_id=1648"},"modified":"2024-10-17T16:20:48","modified_gmt":"2024-10-17T14:20:48","slug":"2024-11-04-saron-crenshaw","status":"publish","type":"page","link":"https:\/\/muddys-club.net\/index.php\/2024-11-04-saron-crenshaw\/","title":{"rendered":"2024-11-04 SaRon Crenshaw (USA)"},"content":{"rendered":"<div class=\"fusion-fullwidth fullwidth-box fusion-builder-row-1 fusion-flex-container has-pattern-background has-mask-background nonhundred-percent-fullwidth non-hundred-percent-height-scrolling\" style=\"--awb-border-radius-top-left:0px;--awb-border-radius-top-right:0px;--awb-border-radius-bottom-right:0px;--awb-border-radius-bottom-left:0px;--awb-flex-wrap:wrap;\" ><div class=\"fusion-builder-row fusion-row fusion-flex-align-items-flex-start fusion-flex-content-wrap\" style=\"max-width:1040px;margin-left: calc(-4% \/ 2 );margin-right: calc(-4% \/ 2 );\"><div class=\"fusion-layout-column fusion_builder_column fusion-builder-column-0 fusion_builder_column_2_3 2_3 fusion-flex-column\" style=\"--awb-bg-size:cover;--awb-width-large:66.666666666667%;--awb-margin-top-large:0px;--awb-spacing-right-large:2.88%;--awb-margin-bottom-large:20px;--awb-spacing-left-large:2.88%;--awb-width-medium:66.666666666667%;--awb-order-medium:0;--awb-spacing-right-medium:2.88%;--awb-spacing-left-medium:2.88%;--awb-width-small:100%;--awb-order-small:0;--awb-spacing-right-small:1.92%;--awb-spacing-left-small:1.92%;\"><div class=\"fusion-column-wrapper fusion-column-has-shadow fusion-flex-justify-content-flex-start fusion-content-layout-column\"><div class=\"fusion-image-element \" style=\"--awb-caption-title-font-family:var(--h2_typography-font-family);--awb-caption-title-font-weight:var(--h2_typography-font-weight);--awb-caption-title-font-style:var(--h2_typography-font-style);--awb-caption-title-size:var(--h2_typography-font-size);--awb-caption-title-transform:var(--h2_typography-text-transform);--awb-caption-title-line-height:var(--h2_typography-line-height);--awb-caption-title-letter-spacing:var(--h2_typography-letter-spacing);\"><span class=\" fusion-imageframe imageframe-none imageframe-1 hover-type-none\"><img decoding=\"async\" width=\"300\" height=\"204\" title=\"041124\" src=\"https:\/\/muddys-club.net\/wp-content\/uploads\/2024\/10\/041124-300x204.jpg\" alt class=\"img-responsive wp-image-1804\" srcset=\"https:\/\/muddys-club.net\/wp-content\/uploads\/2024\/10\/041124-200x136.jpg 200w, https:\/\/muddys-club.net\/wp-content\/uploads\/2024\/10\/041124-400x271.jpg 400w, https:\/\/muddys-club.net\/wp-content\/uploads\/2024\/10\/041124-600x407.jpg 600w, https:\/\/muddys-club.net\/wp-content\/uploads\/2024\/10\/041124-800x543.jpg 800w, https:\/\/muddys-club.net\/wp-content\/uploads\/2024\/10\/041124.jpg 812w\" sizes=\"(max-width: 640px) 100vw, 800px\" \/><\/span><\/div><\/div><\/div><div class=\"fusion-layout-column fusion_builder_column fusion-builder-column-1 fusion_builder_column_1_3 1_3 fusion-flex-column\" style=\"--awb-bg-size:cover;--awb-width-large:33.333333333333%;--awb-margin-top-large:0px;--awb-spacing-right-large:5.76%;--awb-margin-bottom-large:20px;--awb-spacing-left-large:5.76%;--awb-width-medium:33.333333333333%;--awb-order-medium:0;--awb-spacing-right-medium:5.76%;--awb-spacing-left-medium:5.76%;--awb-width-small:100%;--awb-order-small:0;--awb-spacing-right-small:1.92%;--awb-spacing-left-small:1.92%;\"><div class=\"fusion-column-wrapper fusion-column-has-shadow fusion-flex-justify-content-flex-start fusion-content-layout-column\"><div class=\"fusion-text fusion-text-1\"><h1>SaRon Crenshaw (USA)<\/h1>\n<\/div><div class=\"fusion-text fusion-text-2\"><h2>Montag 04. November 2024<\/h2>\n<h5>Konzertbeginn 20.30 Uhr<\/h5>\n<p><span style=\"color: var(--awb-text-color); font-family: var(--awb-text-font-family); font-size: var(--awb-font-size); font-style: var(--awb-text-font-style); font-weight: var(--awb-text-font-weight); letter-spacing: var(--awb-letter-spacing); text-align: var(--awb-content-alignment); text-transform: var(--awb-text-transform); background-color: var(--awb-bg-color);\">Einlass 19.30 Uhr in Muddy&#8217;s Club<\/span><\/p>\n<\/div><div class=\"fusion-text fusion-text-3\"><h5>Eintritt<\/h5>\n<p>Normal: 28 \u20ac<br \/>\n<span style=\"color: var(--awb-text-color); font-family: var(--awb-text-font-family); font-size: var(--awb-font-size); font-style: var(--awb-text-font-style); letter-spacing: var(--awb-letter-spacing); text-align: var(--awb-content-alignment); text-transform: var(--awb-text-transform); background-color: var(--awb-bg-color);\">Erm\u00e4ssigt: 24 \u20ac<br \/>\n<\/span>Mitglieder: 22 \u20ac<br \/>\nSch\u00fcler: 5 \u20ac<\/p>\n<\/div><div class=\"fusion-separator fusion-full-width-sep\" style=\"align-self: center;margin-left: auto;margin-right: auto;margin-top:30px;margin-bottom:0px;width:100%;\"><\/div><div ><a class=\"fusion-button button-flat fusion-button-default-size button-custom fusion-button-default button-1 fusion-button-default-span fusion-button-default-type fusion-has-button-gradient\" style=\"--button_accent_color:var(--awb-color1);--button_accent_hover_color:var(--awb-color1);--button_border_hover_color:var(--awb-color1);--button_gradient_top_color:var(--awb-color6);--button_gradient_bottom_color:var(--awb-custom_color_1);--button_gradient_top_color_hover:var(--awb-custom_color_1);--button_gradient_bottom_color_hover:hsla(var(--awb-color5-h),calc(var(--awb-color5-s) - 5%),calc(var(--awb-color5-l) - 10%),var(--awb-color5-a));\" target=\"_self\" href=\"https:\/\/manage.muddys-club.net\/public\/reservation\/2024-11-04-2024-11-04saroncrenshawusa\"><span class=\"fusion-button-text awb-button__text awb-button__text--default\">Karten Reservieren<\/span><\/a><\/div><\/div><\/div><div class=\"fusion-layout-column fusion_builder_column fusion-builder-column-2 fusion_builder_column_4_5 4_5 fusion-flex-column\" style=\"--awb-bg-size:cover;--awb-width-large:80%;--awb-margin-top-large:0px;--awb-spacing-right-large:2.4%;--awb-margin-bottom-large:20px;--awb-spacing-left-large:2.4%;--awb-width-medium:80%;--awb-order-medium:0;--awb-spacing-right-medium:2.4%;--awb-spacing-left-medium:2.4%;--awb-width-small:100%;--awb-order-small:0;--awb-spacing-right-small:1.92%;--awb-spacing-left-small:1.92%;\"><div class=\"fusion-column-wrapper fusion-column-has-shadow fusion-flex-justify-content-flex-start fusion-content-layout-column\"><div class=\"fusion-text fusion-text-4\"><p>Blues f\u00fcr Soul<\/p>\n<p>SaRon Crenshaw lernte im Alter von zehn Jahren Gitarre spielen. Er ist ein \u00e4u\u00dferst talentierter Gitarrist, der durch das Land reist und Jazz und Rhythm and Blues spielt. Er hat die B\u00fchne mit K\u00fcnstlern wie Bobby Rush, Jessie James und Chuck Roberson geteilt. In den Jahren 2010 und 2011 SaRon hatte die Ehre, als Vorgruppe f\u00fcr Robert Cray und BB King auf den gro\u00dfen B\u00fchnen von Connecticut aufzutreten und gewann mit seinen Akustikauftritten die Liebe des Publikums. SaRon ist ein kraftvoller Entertainer und hat nie Angst, seine Darbietung direkt ins Publikum zu tragen.<\/p>\n<p>\u200b<\/p>\n<p>Saron Crenshaw besitzt die einzigartige F\u00e4higkeit, eine tiefe Verbindung zu seinem Publikum aufzubauen. Seine tadellosen Gitarrenk\u00fcnste, die sich durch kraftvolle und komplexe Blues-Riffs auszeichnen, werten seine Auftritte zus\u00e4tzlich auf und schaffen eine elektrisierende Atmosph\u00e4re, wo immer er die B\u00fchne betritt.<\/p>\n<p>Im Laufe seiner Karriere wurde Saron f\u00fcr seine dynamischen Live-Shows bekannt, die das Publikum begeisterten.<\/p>\n<p>Er begeistert sie mit seiner ansteckenden Energie und seiner echten Liebe f\u00fcr die Musik, die er macht.<\/p>\n<p>Er verbindet m\u00fchelos traditionellen Blues mit zeitgen\u00f6ssischen Einfl\u00fcssen und verleiht jedem Song seine eigene pers\u00f6nliche Note und seinen eigenen Stil.\u200b<\/p>\n<p>\u200b<\/p>\n<p>SaRon Crenshaw hat in den Niederlanden ein Live-Album aufgenommen: Goin&#8217; to get Deep, Label Blind Bee Records. In Europa wird SaRon von Blind B&#8217; &amp; the Visionairs begleitet.<\/p>\n<p>PRESSESTIMMEN<\/p>\n<p>Soul-beeinflusster, zeitgen\u00f6ssischer Electric Blues, k\u00f6nnte stundenlang zuh\u00f6ren, einfach nur WOW!<\/p>\n<p>\u2013 Blues Blast Magazine (USA)<\/p>\n<p>\u200b<\/p>\n<p>\u201eEine warme Stimme und ein wunderbarer Gitarrist. Gro\u00dfartiger K\u00fcnstler.\u201c<\/p>\n<p>-Rootstime (BE)<\/p>\n<\/div><div class=\"fusion-video fusion-youtube\" style=\"--awb-max-width:600px;--awb-max-height:360px;\"><div class=\"video-shortcode\"><div class=\"fluid-width-video-wrapper\" style=\"padding-top:60%;\" ><iframe title=\"YouTube video player 1\" src=\"https:\/\/www.youtube.com\/embed\/cKVXB_c2U_I?wmode=transparent&autoplay=0\" width=\"600\" height=\"360\" allowfullscreen allow=\"autoplay; clipboard-write; encrypted-media; gyroscope; picture-in-picture;\"><\/iframe><\/div><\/div><\/div><\/div><\/div><div class=\"fusion-layout-column fusion_builder_column fusion-builder-column-3 fusion_builder_column_1_1 1_1 fusion-flex-column\" style=\"--awb-bg-size:cover;--awb-width-large:100%;--awb-margin-top-large:0px;--awb-spacing-right-large:1.92%;--awb-margin-bottom-large:20px;--awb-spacing-left-large:1.92%;--awb-width-medium:100%;--awb-order-medium:0;--awb-spacing-right-medium:1.92%;--awb-spacing-left-medium:1.92%;--awb-width-small:100%;--awb-order-small:0;--awb-spacing-right-small:1.92%;--awb-spacing-left-small:1.92%;\"><div class=\"fusion-column-wrapper fusion-column-has-shadow fusion-flex-justify-content-flex-start fusion-content-layout-column\"><div class=\"fusion-separator fusion-full-width-sep\" style=\"align-self: center;margin-left: auto;margin-right: auto;margin-top:15px;margin-bottom:15px;width:100%;\"><div class=\"fusion-separator-border sep-single sep-solid\" style=\"--awb-height:20px;--awb-amount:20px;border-color:var(--awb-color3);border-top-width:1px;\"><\/div><\/div><div class=\"fusion-video fusion-youtube\" style=\"--awb-max-width:600px;--awb-max-height:360px;\"><div class=\"video-shortcode\"><div class=\"fluid-width-video-wrapper\" style=\"padding-top:60%;\" ><iframe title=\"YouTube video player 2\" src=\"https:\/\/www.youtube.com\/embed\/qtR6HmSSOlQ?wmode=transparent&autoplay=0\" width=\"600\" height=\"360\" allowfullscreen allow=\"autoplay; clipboard-write; encrypted-media; gyroscope; picture-in-picture;\"><\/iframe><\/div><\/div><\/div><div class=\"fusion-video fusion-youtube\" style=\"--awb-max-width:600px;--awb-max-height:360px;\"><div class=\"video-shortcode\"><div class=\"fluid-width-video-wrapper\" style=\"padding-top:60%;\" ><iframe title=\"YouTube video player 3\" src=\"https:\/\/www.youtube.com\/embed\/VCxFQupTU-k?wmode=transparent&autoplay=0\" width=\"600\" height=\"360\" allowfullscreen allow=\"autoplay; clipboard-write; encrypted-media; gyroscope; picture-in-picture;\"><\/iframe><\/div><\/div><\/div><\/div><\/div><\/div><\/div>\n","protected":false},"excerpt":{"rendered":"","protected":false},"author":8,"featured_media":0,"parent":0,"menu_order":0,"comment_status":"closed","ping_status":"closed","template":"100-width.php","meta":{"_acf_changed":false,"footnotes":""},"class_list":["post-1648","page","type-page","status-publish","hentry"],"acf":[],"_links":{"self":[{"href":"https:\/\/muddys-club.net\/index.php\/wp-json\/wp\/v2\/pages\/1648","targetHints":{"allow":["GET"]}}],"collection":[{"href":"https:\/\/muddys-club.net\/index.php\/wp-json\/wp\/v2\/pages"}],"about":[{"href":"https:\/\/muddys-club.net\/index.php\/wp-json\/wp\/v2\/types\/page"}],"author":[{"embeddable":true,"href":"https:\/\/muddys-club.net\/index.php\/wp-json\/wp\/v2\/users\/8"}],"replies":[{"embeddable":true,"href":"https:\/\/muddys-club.net\/index.php\/wp-json\/wp\/v2\/comments?post=1648"}],"version-history":[{"count":3,"href":"https:\/\/muddys-club.net\/index.php\/wp-json\/wp\/v2\/pages\/1648\/revisions"}],"predecessor-version":[{"id":1857,"href":"https:\/\/muddys-club.net\/index.php\/wp-json\/wp\/v2\/pages\/1648\/revisions\/1857"}],"wp:attachment":[{"href":"https:\/\/muddys-club.net\/index.php\/wp-json\/wp\/v2\/media?parent=1648"}],"curies":[{"name":"wp","href":"https:\/\/api.w.org\/{rel}","templated":true}]}}