{"id":1399,"date":"2024-02-06T17:27:10","date_gmt":"2024-02-06T16:27:10","guid":{"rendered":"https:\/\/muddys-club.net\/?page_id=1399"},"modified":"2024-02-06T17:34:46","modified_gmt":"2024-02-06T16:34:46","slug":"2024-04-07-jazz-matinee","status":"publish","type":"page","link":"https:\/\/muddys-club.net\/index.php\/2024-04-07-jazz-matinee\/","title":{"rendered":"2024-04-07 Jazz Matinee"},"content":{"rendered":"<div class=\"fusion-fullwidth fullwidth-box fusion-builder-row-1 fusion-flex-container has-pattern-background has-mask-background nonhundred-percent-fullwidth non-hundred-percent-height-scrolling\" style=\"--awb-border-radius-top-left:0px;--awb-border-radius-top-right:0px;--awb-border-radius-bottom-right:0px;--awb-border-radius-bottom-left:0px;--awb-flex-wrap:wrap;\" ><div class=\"fusion-builder-row fusion-row fusion-flex-align-items-flex-start fusion-flex-content-wrap\" style=\"max-width:1040px;margin-left: calc(-4% \/ 2 );margin-right: calc(-4% \/ 2 );\"><div class=\"fusion-layout-column fusion_builder_column fusion-builder-column-0 fusion_builder_column_2_3 2_3 fusion-flex-column\" style=\"--awb-bg-size:cover;--awb-width-large:66.666666666667%;--awb-margin-top-large:0px;--awb-spacing-right-large:2.88%;--awb-margin-bottom-large:20px;--awb-spacing-left-large:2.88%;--awb-width-medium:66.666666666667%;--awb-order-medium:0;--awb-spacing-right-medium:2.88%;--awb-spacing-left-medium:2.88%;--awb-width-small:100%;--awb-order-small:0;--awb-spacing-right-small:1.92%;--awb-spacing-left-small:1.92%;\"><div class=\"fusion-column-wrapper fusion-column-has-shadow fusion-flex-justify-content-flex-start fusion-content-layout-column\"><div class=\"fusion-image-element \" style=\"--awb-caption-title-font-family:var(--h2_typography-font-family);--awb-caption-title-font-weight:var(--h2_typography-font-weight);--awb-caption-title-font-style:var(--h2_typography-font-style);--awb-caption-title-size:var(--h2_typography-font-size);--awb-caption-title-transform:var(--h2_typography-text-transform);--awb-caption-title-line-height:var(--h2_typography-line-height);--awb-caption-title-letter-spacing:var(--h2_typography-letter-spacing);\"><span class=\" fusion-imageframe imageframe-none imageframe-1 hover-type-none\"><img decoding=\"async\" width=\"1024\" height=\"575\" title=\"Ina &#038; Les Docteurs Martin HP\" src=\"https:\/\/muddys-club.net\/wp-content\/uploads\/2024\/02\/Ina-Les-Docteurs-Martin-HP.jpg\" alt class=\"img-responsive wp-image-1400\" srcset=\"https:\/\/muddys-club.net\/wp-content\/uploads\/2024\/02\/Ina-Les-Docteurs-Martin-HP-200x112.jpg 200w, https:\/\/muddys-club.net\/wp-content\/uploads\/2024\/02\/Ina-Les-Docteurs-Martin-HP-400x225.jpg 400w, https:\/\/muddys-club.net\/wp-content\/uploads\/2024\/02\/Ina-Les-Docteurs-Martin-HP-600x337.jpg 600w, https:\/\/muddys-club.net\/wp-content\/uploads\/2024\/02\/Ina-Les-Docteurs-Martin-HP-800x449.jpg 800w, https:\/\/muddys-club.net\/wp-content\/uploads\/2024\/02\/Ina-Les-Docteurs-Martin-HP.jpg 1024w\" sizes=\"(max-width: 640px) 100vw, 800px\" \/><\/span><\/div><\/div><\/div><div class=\"fusion-layout-column fusion_builder_column fusion-builder-column-1 fusion_builder_column_1_3 1_3 fusion-flex-column\" style=\"--awb-bg-size:cover;--awb-width-large:33.333333333333%;--awb-margin-top-large:0px;--awb-spacing-right-large:5.76%;--awb-margin-bottom-large:20px;--awb-spacing-left-large:5.76%;--awb-width-medium:33.333333333333%;--awb-order-medium:0;--awb-spacing-right-medium:5.76%;--awb-spacing-left-medium:5.76%;--awb-width-small:100%;--awb-order-small:0;--awb-spacing-right-small:1.92%;--awb-spacing-left-small:1.92%;\"><div class=\"fusion-column-wrapper fusion-column-has-shadow fusion-flex-justify-content-flex-start fusion-content-layout-column\"><div class=\"fusion-text fusion-text-1\"><h1>Jazz Matin\u00e9e mit Ina &amp; Les Docteurs Martin<\/h1>\n<\/div><div class=\"fusion-text fusion-text-2\"><h2>Sonntag 7. April 2024<\/h2>\n<h5>Konzertbeginn 11.30 Uhr<\/h5>\n<p><span style=\"color: var(--awb-text-color); font-family: var(--awb-text-font-family); font-size: var(--awb-font-size); font-style: var(--awb-text-font-style); font-weight: var(--awb-text-font-weight); letter-spacing: var(--awb-letter-spacing); text-align: var(--awb-content-alignment); text-transform: var(--awb-text-transform); background-color: var(--awb-bg-color);\">Einlass 10.30 Uhr in Muddy&#8217;s Club<\/span><\/p>\n<\/div><div class=\"fusion-text fusion-text-3\"><h5>Eintritt<\/h5>\n<p>Normal: 20 \u20ac<br \/>\n<span style=\"color: var(--awb-text-color); font-family: var(--awb-text-font-family); font-size: var(--awb-font-size); font-style: var(--awb-text-font-style); letter-spacing: var(--awb-letter-spacing); text-align: var(--awb-content-alignment); text-transform: var(--awb-text-transform); background-color: var(--awb-bg-color);\">Erm\u00e4ssigt: 18 \u20ac<br \/>\n<\/span>Mitglieder: 16 \u20ac<br \/>\nSch\u00fcler: 5 \u20ac<\/p>\n<\/div><div class=\"fusion-separator fusion-full-width-sep\" style=\"align-self: center;margin-left: auto;margin-right: auto;margin-top:30px;margin-bottom:0px;width:100%;\"><\/div><div ><a class=\"fusion-button button-flat fusion-button-default-size button-custom fusion-button-default button-1 fusion-button-default-span fusion-button-default-type fusion-has-button-gradient\" style=\"--button_accent_color:var(--awb-color1);--button_accent_hover_color:var(--awb-color1);--button_border_hover_color:var(--awb-color1);--button_gradient_top_color:var(--awb-custom_color_1);--button_gradient_bottom_color:var(--awb-custom_color_1);--button_gradient_top_color_hover:var(--awb-custom_color_1);--button_gradient_bottom_color_hover:hsla(var(--awb-color5-h),calc(var(--awb-color5-s) - 5%),calc(var(--awb-color5-l) - 10%),var(--awb-color5-a));\" target=\"_self\" href=\"https:\/\/manage.muddys-club.net\/public\/reservation\/2024-04-07-oldtimematinee\"><span class=\"fusion-button-text awb-button__text awb-button__text--default\">Karten Reservieren<\/span><\/a><\/div><\/div><\/div><div class=\"fusion-layout-column fusion_builder_column fusion-builder-column-2 fusion_builder_column_4_5 4_5 fusion-flex-column\" style=\"--awb-bg-size:cover;--awb-width-large:80%;--awb-margin-top-large:0px;--awb-spacing-right-large:2.4%;--awb-margin-bottom-large:20px;--awb-spacing-left-large:2.4%;--awb-width-medium:80%;--awb-order-medium:0;--awb-spacing-right-medium:2.4%;--awb-spacing-left-medium:2.4%;--awb-width-small:100%;--awb-order-small:0;--awb-spacing-right-small:1.92%;--awb-spacing-left-small:1.92%;\"><div class=\"fusion-column-wrapper fusion-column-has-shadow fusion-flex-justify-content-flex-start fusion-content-layout-column\"><div class=\"fusion-text fusion-text-4\"><p class=\"p1\">\u201eIna &amp; Les Docteurs Martin\u201c: Jazz- und Swingstandards der 1950er bis 1970er Jahre, Bossa Nova, Latinklassiker und Chansons, unterhaltsam und mit Anspruch.<\/p>\n<p class=\"p1\">Das Ensemble um die charmante Heidelberger S\u00e4ngerin Ina Poeschke ist gespickt mit weit \u00fcber die Grenzen der Region hinaus bekannten Profimusikern um den Multiinstrumentalisten Dr. Michael Martin (Gitarre, Piano, Akkordeon) und spielt seit 2018 in der Formation eines klassischen Jazztrios mit S\u00e4ngerin.<\/p>\n<p class=\"p1\">Trotz Schwerpunkt auf franz\u00f6sischer und franz\u00f6sischsprachiger Musik von Edith Piaf \u00fcber Serge Gainsbourg bis ZAZ, kommen auch neu arrangierte Songs und Klassiker in portugiesischer, spanischer, englischer und deutscher Sprache aus den letzten 70 Jahren nicht zu kurz.<\/p>\n<p class=\"p1\">Die Konzerte von \u201eIna &amp; Les Docteurs Martin\u201c sind eine Mischung aus guter Unterhaltung, entspannter Atmosph\u00e4re und souver\u00e4ner musikalischer Virtuosit\u00e4t und das gro\u00dfe Repertoire der Band von \u00fcber 200 St\u00fccken garantiert ein abwechslungsreiches Konzerterlebnis nicht nur f\u00fcr eingefleischte Jazzfans.<\/p>\n<p class=\"p1\">www.lesdocteursmartin.de<\/p>\n<p class=\"p1\">Besetzung:<\/p>\n<p class=\"p1\">Ina Poeschke: Gesang, Kazoo und Moderation<\/p>\n<p class=\"p1\">Dr. Michael Martin: Gitarre, Piano, Akkordeon<\/p>\n<p class=\"p1\">Johannes Sch\u00e4dlich: Kontrabass (https:\/\/de.wikipedia.org\/wiki\/Johannes_Schaedlich)<\/p>\n<p class=\"p1\">Nic Schmidt: Schlagzeug<\/p>\n<p>Nat\u00fcrlich ist das wieder ein klassischer <strong>Jazzfr\u00fchschoppen<\/strong> mit der traditionellen und <strong>preisgekr\u00f6nten Wei\u00dfwurst<\/strong>. Daher <strong>bitte rechtzeitig reservieren<\/strong> damit wir planen k\u00f6nnen und niemand hungrig bleiben muss.<\/p>\n<\/div><\/div><\/div><div class=\"fusion-layout-column fusion_builder_column fusion-builder-column-3 fusion_builder_column_1_1 1_1 fusion-flex-column\" style=\"--awb-bg-size:cover;--awb-width-large:100%;--awb-margin-top-large:0px;--awb-spacing-right-large:1.92%;--awb-margin-bottom-large:20px;--awb-spacing-left-large:1.92%;--awb-width-medium:100%;--awb-order-medium:0;--awb-spacing-right-medium:1.92%;--awb-spacing-left-medium:1.92%;--awb-width-small:100%;--awb-order-small:0;--awb-spacing-right-small:1.92%;--awb-spacing-left-small:1.92%;\"><div class=\"fusion-column-wrapper fusion-column-has-shadow fusion-flex-justify-content-flex-start fusion-content-layout-column\"><div class=\"fusion-separator fusion-full-width-sep\" style=\"align-self: center;margin-left: auto;margin-right: auto;margin-top:15px;margin-bottom:15px;width:100%;\"><div class=\"fusion-separator-border sep-single sep-solid\" style=\"--awb-height:20px;--awb-amount:20px;border-color:var(--awb-color3);border-top-width:1px;\"><\/div><\/div><\/div><\/div><\/div><\/div>\n","protected":false},"excerpt":{"rendered":"","protected":false},"author":8,"featured_media":0,"parent":0,"menu_order":0,"comment_status":"closed","ping_status":"closed","template":"100-width.php","meta":{"_acf_changed":false,"footnotes":""},"class_list":["post-1399","page","type-page","status-publish","hentry"],"acf":[],"_links":{"self":[{"href":"https:\/\/muddys-club.net\/index.php\/wp-json\/wp\/v2\/pages\/1399","targetHints":{"allow":["GET"]}}],"collection":[{"href":"https:\/\/muddys-club.net\/index.php\/wp-json\/wp\/v2\/pages"}],"about":[{"href":"https:\/\/muddys-club.net\/index.php\/wp-json\/wp\/v2\/types\/page"}],"author":[{"embeddable":true,"href":"https:\/\/muddys-club.net\/index.php\/wp-json\/wp\/v2\/users\/8"}],"replies":[{"embeddable":true,"href":"https:\/\/muddys-club.net\/index.php\/wp-json\/wp\/v2\/comments?post=1399"}],"version-history":[{"count":4,"href":"https:\/\/muddys-club.net\/index.php\/wp-json\/wp\/v2\/pages\/1399\/revisions"}],"predecessor-version":[{"id":1404,"href":"https:\/\/muddys-club.net\/index.php\/wp-json\/wp\/v2\/pages\/1399\/revisions\/1404"}],"wp:attachment":[{"href":"https:\/\/muddys-club.net\/index.php\/wp-json\/wp\/v2\/media?parent=1399"}],"curies":[{"name":"wp","href":"https:\/\/api.w.org\/{rel}","templated":true}]}}