{"id":1290,"date":"2023-10-24T19:14:22","date_gmt":"2023-10-24T17:14:22","guid":{"rendered":"https:\/\/muddys-club.net\/?page_id=1290"},"modified":"2024-02-08T09:02:13","modified_gmt":"2024-02-08T08:02:13","slug":"2024-05-06-duke-robillard","status":"publish","type":"page","link":"https:\/\/muddys-club.net\/index.php\/2024-05-06-duke-robillard\/","title":{"rendered":"2024-05-06 Duke Robillard"},"content":{"rendered":"<div class=\"fusion-fullwidth fullwidth-box fusion-builder-row-1 fusion-flex-container has-pattern-background has-mask-background nonhundred-percent-fullwidth non-hundred-percent-height-scrolling\" style=\"--awb-border-radius-top-left:0px;--awb-border-radius-top-right:0px;--awb-border-radius-bottom-right:0px;--awb-border-radius-bottom-left:0px;--awb-flex-wrap:wrap;\" ><div class=\"fusion-builder-row fusion-row fusion-flex-align-items-flex-start fusion-flex-content-wrap\" style=\"max-width:1040px;margin-left: calc(-4% \/ 2 );margin-right: calc(-4% \/ 2 );\"><div class=\"fusion-layout-column fusion_builder_column fusion-builder-column-0 fusion_builder_column_2_3 2_3 fusion-flex-column\" style=\"--awb-bg-size:cover;--awb-width-large:66.666666666667%;--awb-margin-top-large:0px;--awb-spacing-right-large:2.88%;--awb-margin-bottom-large:20px;--awb-spacing-left-large:2.88%;--awb-width-medium:66.666666666667%;--awb-order-medium:0;--awb-spacing-right-medium:2.88%;--awb-spacing-left-medium:2.88%;--awb-width-small:100%;--awb-order-small:0;--awb-spacing-right-small:1.92%;--awb-spacing-left-small:1.92%;\"><div class=\"fusion-column-wrapper fusion-column-has-shadow fusion-flex-justify-content-flex-start fusion-content-layout-column\"><div class=\"fusion-image-element \" style=\"--awb-caption-title-font-family:var(--h2_typography-font-family);--awb-caption-title-font-weight:var(--h2_typography-font-weight);--awb-caption-title-font-style:var(--h2_typography-font-style);--awb-caption-title-size:var(--h2_typography-font-size);--awb-caption-title-transform:var(--h2_typography-text-transform);--awb-caption-title-line-height:var(--h2_typography-line-height);--awb-caption-title-letter-spacing:var(--h2_typography-letter-spacing);\"><span class=\" fusion-imageframe imageframe-none imageframe-1 hover-type-none\"><img decoding=\"async\" width=\"1024\" height=\"667\" title=\"w12_robillard_duke-HP\" src=\"https:\/\/muddys-club.net\/wp-content\/uploads\/2023\/10\/w12_robillard_duke-HP.jpg\" alt class=\"img-responsive wp-image-1309\" srcset=\"https:\/\/muddys-club.net\/wp-content\/uploads\/2023\/10\/w12_robillard_duke-HP-200x130.jpg 200w, https:\/\/muddys-club.net\/wp-content\/uploads\/2023\/10\/w12_robillard_duke-HP-400x261.jpg 400w, https:\/\/muddys-club.net\/wp-content\/uploads\/2023\/10\/w12_robillard_duke-HP-600x391.jpg 600w, https:\/\/muddys-club.net\/wp-content\/uploads\/2023\/10\/w12_robillard_duke-HP-800x521.jpg 800w, https:\/\/muddys-club.net\/wp-content\/uploads\/2023\/10\/w12_robillard_duke-HP.jpg 1024w\" sizes=\"(max-width: 640px) 100vw, 800px\" \/><\/span><\/div><\/div><\/div><div class=\"fusion-layout-column fusion_builder_column fusion-builder-column-1 fusion_builder_column_1_3 1_3 fusion-flex-column\" style=\"--awb-bg-size:cover;--awb-width-large:33.333333333333%;--awb-margin-top-large:0px;--awb-spacing-right-large:5.76%;--awb-margin-bottom-large:20px;--awb-spacing-left-large:5.76%;--awb-width-medium:33.333333333333%;--awb-order-medium:0;--awb-spacing-right-medium:5.76%;--awb-spacing-left-medium:5.76%;--awb-width-small:100%;--awb-order-small:0;--awb-spacing-right-small:1.92%;--awb-spacing-left-small:1.92%;\"><div class=\"fusion-column-wrapper fusion-column-has-shadow fusion-flex-justify-content-flex-start fusion-content-layout-column\"><div class=\"fusion-text fusion-text-1\"><h1>Duke Robillard<\/h1>\n<\/div><div class=\"fusion-text fusion-text-2\"><h2>Montag 6. Mai 2024<\/h2>\n<h5>Konzertbeginn 20.30 Uhr<\/h5>\n<p><span style=\"color: var(--awb-text-color); font-family: var(--awb-text-font-family); font-size: var(--awb-font-size); font-style: var(--awb-text-font-style); font-weight: var(--awb-text-font-weight); letter-spacing: var(--awb-letter-spacing); text-align: var(--awb-content-alignment); text-transform: var(--awb-text-transform); background-color: var(--awb-bg-color);\">Einlass 19.30 Uhr in Muddy&#8217;s Club<\/span><\/p>\n<\/div><div class=\"fusion-text fusion-text-3\"><h5>Eintritt<\/h5>\n<p>Normal: 24 \u20ac<br \/>\n<span style=\"color: var(--awb-text-color); font-family: var(--awb-text-font-family); font-size: var(--awb-font-size); font-style: var(--awb-text-font-style); letter-spacing: var(--awb-letter-spacing); text-align: var(--awb-content-alignment); text-transform: var(--awb-text-transform); background-color: var(--awb-bg-color);\">Erm\u00e4ssigt: 20 \u20ac<br \/>\n<\/span>Mitglieder: 18 \u20ac<br \/>\nSch\u00fcler: 5\u20ac<\/p>\n<\/div><div class=\"fusion-separator fusion-full-width-sep\" style=\"align-self: center;margin-left: auto;margin-right: auto;margin-top:30px;margin-bottom:0px;width:100%;\"><\/div><div ><a class=\"fusion-button button-flat fusion-button-default-size button-custom fusion-button-default button-1 fusion-button-default-span fusion-button-default-type fusion-has-button-gradient\" style=\"--button_accent_color:var(--awb-color1);--button_accent_hover_color:var(--awb-color1);--button_border_hover_color:var(--awb-color1);--button_gradient_top_color:var(--awb-custom_color_1);--button_gradient_bottom_color:var(--awb-custom_color_1);--button_gradient_top_color_hover:var(--awb-custom_color_1);--button_gradient_bottom_color_hover:hsla(var(--awb-color5-h),calc(var(--awb-color5-s) - 5%),calc(var(--awb-color5-l) - 10%),var(--awb-color5-a));\" target=\"_self\" href=\"https:\/\/manage.muddys-club.net\/public\/reservation\/2024-05-06-dukerobillard\"><span class=\"fusion-button-text awb-button__text awb-button__text--default\">Karten Reservieren<\/span><\/a><\/div><\/div><\/div><div class=\"fusion-layout-column fusion_builder_column fusion-builder-column-2 fusion_builder_column_4_5 4_5 fusion-flex-column\" style=\"--awb-bg-size:cover;--awb-width-large:80%;--awb-margin-top-large:0px;--awb-spacing-right-large:2.4%;--awb-margin-bottom-large:20px;--awb-spacing-left-large:2.4%;--awb-width-medium:80%;--awb-order-medium:0;--awb-spacing-right-medium:2.4%;--awb-spacing-left-medium:2.4%;--awb-width-small:100%;--awb-order-small:0;--awb-spacing-right-small:1.92%;--awb-spacing-left-small:1.92%;\"><div class=\"fusion-column-wrapper fusion-column-has-shadow fusion-flex-justify-content-flex-start fusion-content-layout-column\"><div class=\"fusion-text fusion-text-4\"><h2 class=\"p1\">Ein S\u00e4ulenheiliger des Blues<\/h2>\n<p class=\"p1\">Es gibt in der Blueswelt wenig, wor\u00fcber sich die Fachleute so sehr einig sind wie in ihrem Urteil \u00fcber Duke Robillard. Einer der stilistisch vielseitigsten und versiertesten, ja, brillantesten Gitarristen auf so ziemlich jedem Gebiet zwischen Rockabilly und Rock\u2019n\u2019Roll, Swing und Jump, Jazz und R\u2019n\u2018B, zwischen Old School und New Style sei er, sagen sie alle. Was er auch anfasse, verrate Geschmack, Leidenschaft und seine Liebe zur Musik. Wobei der Blues im Mittelpunkt stehe, besonders der seines Idols, des Texaners TBone Walker. Letzteres sagt Robillard, der Mann aus Rhode Island, selber.<\/p>\n<p class=\"p1\">Wenn ihm seine Mitwirkung in den Bands von Leuten wie Tom Waits und Bob Dylan Zeit l\u00e4sst, spielt er immer noch gerne in kleinen Clubs. In Muddys Club ist dieser S\u00e4ulenheilige des Blues nicht zum ersten Mal zu Gast, wobei seine Konzerte stets ganz besondere Ereignisse waren. Dieses spezielle aber, um das es hier geht \u00fcbertrifft sie alle. Warum?\u2013Weil Robillard ganz im Sinne eines Streifzugs durch die Historie, die Stile und die Regionen des Blues ganz locker und mit unglaublicher Selbstverst\u00e4ndlichkeit einen im Grunde gar nicht m\u00f6glichen Spagat hinbekommt. Einen Spagat also zwischen der reinrassigen Jazzballade \u201eIf I Had You\u201c von Ted Shapiro aus dem Jahre 1928 und Al Jolson\u2019s \u201eAvalon\u201c von 1920 und dem Chicago Blues eines Muddy Waters und in der Folge davon eines Buddy Guy in Gestalt von \u201eMorning Dove\u201c und der L\u00e4ssigkeit von New Orleans bei \u201eGirl Let me Tell You\u201c und dem zornigen Hammerbeat beim vielsagenden \u201eI\u2019m Gonna Quit You Baby\u201c, in dem Text und Musik so perfekt zusammenpassen. Robillard ist ein Fuchs. Charlie Christian, Jim Hall und den erw\u00e4hnten T-Bone Walker unter einen Hut zu bringen, gleich darauf Jimmy Reed zu zitieren und dann seine eigene Mitgliedschaft bei der legend\u00e4ren Band \u201eRoomful Of Blues\u201c, das verr\u00e4t wahre Gr\u00f6\u00dfe. Dass er dabei als Stilbildner in eigener Sache immer er selbst bleibt, ist sonnenklar. Dieser Mann sitzt bei aller Vielseitigkeit nie zwischen den St\u00fchlen, sondern nimmt als Verwalter der Bluesgeschichte ganz selbstverst\u00e4ndlich und mit vollem Recht auf ihnen Platz.<\/p>\n<\/div><\/div><\/div><div class=\"fusion-layout-column fusion_builder_column fusion-builder-column-3 fusion_builder_column_1_1 1_1 fusion-flex-column\" style=\"--awb-bg-size:cover;--awb-width-large:100%;--awb-margin-top-large:0px;--awb-spacing-right-large:1.92%;--awb-margin-bottom-large:20px;--awb-spacing-left-large:1.92%;--awb-width-medium:100%;--awb-order-medium:0;--awb-spacing-right-medium:1.92%;--awb-spacing-left-medium:1.92%;--awb-width-small:100%;--awb-order-small:0;--awb-spacing-right-small:1.92%;--awb-spacing-left-small:1.92%;\"><div class=\"fusion-column-wrapper fusion-column-has-shadow fusion-flex-justify-content-flex-start fusion-content-layout-column\"><div class=\"fusion-separator fusion-full-width-sep\" style=\"align-self: center;margin-left: auto;margin-right: auto;margin-top:15px;margin-bottom:15px;width:100%;\"><div class=\"fusion-separator-border sep-single sep-solid\" style=\"--awb-height:20px;--awb-amount:20px;border-color:var(--awb-color3);border-top-width:1px;\"><\/div><\/div><div class=\"fusion-video fusion-youtube\" style=\"--awb-max-width:750px;--awb-max-height:422px;--awb-margin-top:50px;\"><div class=\"video-shortcode\"><div class=\"fluid-width-video-wrapper\" style=\"padding-top:56.27%;\" ><iframe title=\"YouTube video player 1\" src=\"https:\/\/www.youtube.com\/embed\/IwJXyb6cpmM?wmode=transparent&autoplay=0\" width=\"750\" height=\"422\" allowfullscreen allow=\"autoplay; clipboard-write; encrypted-media; gyroscope; picture-in-picture;\"><\/iframe><\/div><\/div><\/div><\/div><\/div><\/div><\/div>\n","protected":false},"excerpt":{"rendered":"","protected":false},"author":8,"featured_media":0,"parent":0,"menu_order":0,"comment_status":"closed","ping_status":"closed","template":"100-width.php","meta":{"_acf_changed":false,"footnotes":""},"class_list":["post-1290","page","type-page","status-publish","hentry"],"acf":[],"_links":{"self":[{"href":"https:\/\/muddys-club.net\/index.php\/wp-json\/wp\/v2\/pages\/1290","targetHints":{"allow":["GET"]}}],"collection":[{"href":"https:\/\/muddys-club.net\/index.php\/wp-json\/wp\/v2\/pages"}],"about":[{"href":"https:\/\/muddys-club.net\/index.php\/wp-json\/wp\/v2\/types\/page"}],"author":[{"embeddable":true,"href":"https:\/\/muddys-club.net\/index.php\/wp-json\/wp\/v2\/users\/8"}],"replies":[{"embeddable":true,"href":"https:\/\/muddys-club.net\/index.php\/wp-json\/wp\/v2\/comments?post=1290"}],"version-history":[{"count":4,"href":"https:\/\/muddys-club.net\/index.php\/wp-json\/wp\/v2\/pages\/1290\/revisions"}],"predecessor-version":[{"id":1471,"href":"https:\/\/muddys-club.net\/index.php\/wp-json\/wp\/v2\/pages\/1290\/revisions\/1471"}],"wp:attachment":[{"href":"https:\/\/muddys-club.net\/index.php\/wp-json\/wp\/v2\/media?parent=1290"}],"curies":[{"name":"wp","href":"https:\/\/api.w.org\/{rel}","templated":true}]}}