{"id":1228,"date":"2023-10-24T15:29:01","date_gmt":"2023-10-24T13:29:01","guid":{"rendered":"https:\/\/muddys-club.net\/?page_id=1228"},"modified":"2023-10-24T15:42:21","modified_gmt":"2023-10-24T13:42:21","slug":"2024-03-04-sari-schorr","status":"publish","type":"page","link":"https:\/\/muddys-club.net\/index.php\/2024-03-04-sari-schorr\/","title":{"rendered":"2024-03-04 Sari Schorr"},"content":{"rendered":"<div class=\"fusion-fullwidth fullwidth-box fusion-builder-row-1 fusion-flex-container has-pattern-background has-mask-background nonhundred-percent-fullwidth non-hundred-percent-height-scrolling\" style=\"--awb-border-radius-top-left:0px;--awb-border-radius-top-right:0px;--awb-border-radius-bottom-right:0px;--awb-border-radius-bottom-left:0px;--awb-flex-wrap:wrap;\" ><div class=\"fusion-builder-row fusion-row fusion-flex-align-items-flex-start fusion-flex-content-wrap\" style=\"max-width:1040px;margin-left: calc(-4% \/ 2 );margin-right: calc(-4% \/ 2 );\"><div class=\"fusion-layout-column fusion_builder_column fusion-builder-column-0 fusion_builder_column_2_3 2_3 fusion-flex-column\" style=\"--awb-bg-size:cover;--awb-width-large:66.666666666667%;--awb-margin-top-large:0px;--awb-spacing-right-large:2.88%;--awb-margin-bottom-large:20px;--awb-spacing-left-large:2.88%;--awb-width-medium:66.666666666667%;--awb-order-medium:0;--awb-spacing-right-medium:2.88%;--awb-spacing-left-medium:2.88%;--awb-width-small:100%;--awb-order-small:0;--awb-spacing-right-small:1.92%;--awb-spacing-left-small:1.92%;\"><div class=\"fusion-column-wrapper fusion-column-has-shadow fusion-flex-justify-content-flex-start fusion-content-layout-column\"><div class=\"fusion-image-element \" style=\"--awb-caption-title-font-family:var(--h2_typography-font-family);--awb-caption-title-font-weight:var(--h2_typography-font-weight);--awb-caption-title-font-style:var(--h2_typography-font-style);--awb-caption-title-size:var(--h2_typography-font-size);--awb-caption-title-transform:var(--h2_typography-text-transform);--awb-caption-title-line-height:var(--h2_typography-line-height);--awb-caption-title-letter-spacing:var(--h2_typography-letter-spacing);\"><span class=\" fusion-imageframe imageframe-none imageframe-1 hover-type-none\"><img decoding=\"async\" width=\"1024\" height=\"956\" title=\"Sari Schorr by Alain Broeckx&#8211;HP\" src=\"https:\/\/muddys-club.net\/wp-content\/uploads\/2023\/10\/Sari-Schorr-by-Alain-Broeckx-HP.jpg\" alt class=\"img-responsive wp-image-1232\" srcset=\"https:\/\/muddys-club.net\/wp-content\/uploads\/2023\/10\/Sari-Schorr-by-Alain-Broeckx-HP-200x187.jpg 200w, https:\/\/muddys-club.net\/wp-content\/uploads\/2023\/10\/Sari-Schorr-by-Alain-Broeckx-HP-400x373.jpg 400w, https:\/\/muddys-club.net\/wp-content\/uploads\/2023\/10\/Sari-Schorr-by-Alain-Broeckx-HP-600x560.jpg 600w, https:\/\/muddys-club.net\/wp-content\/uploads\/2023\/10\/Sari-Schorr-by-Alain-Broeckx-HP-800x747.jpg 800w, https:\/\/muddys-club.net\/wp-content\/uploads\/2023\/10\/Sari-Schorr-by-Alain-Broeckx-HP.jpg 1024w\" sizes=\"(max-width: 640px) 100vw, 800px\" \/><\/span><\/div><\/div><\/div><div class=\"fusion-layout-column fusion_builder_column fusion-builder-column-1 fusion_builder_column_1_3 1_3 fusion-flex-column\" style=\"--awb-bg-size:cover;--awb-width-large:33.333333333333%;--awb-margin-top-large:0px;--awb-spacing-right-large:5.76%;--awb-margin-bottom-large:20px;--awb-spacing-left-large:5.76%;--awb-width-medium:33.333333333333%;--awb-order-medium:0;--awb-spacing-right-medium:5.76%;--awb-spacing-left-medium:5.76%;--awb-width-small:100%;--awb-order-small:0;--awb-spacing-right-small:1.92%;--awb-spacing-left-small:1.92%;\"><div class=\"fusion-column-wrapper fusion-column-has-shadow fusion-flex-justify-content-flex-start fusion-content-layout-column\"><div class=\"fusion-text fusion-text-1\"><h1>Sari Schorr<\/h1>\n<\/div><div class=\"fusion-text fusion-text-2\"><h2>Montag 4. M\u00e4rz 2024<\/h2>\n<h5>Konzertbeginn 20.30 Uhr<\/h5>\n<p><span style=\"color: var(--awb-text-color); font-family: var(--awb-text-font-family); font-size: var(--awb-font-size); font-style: var(--awb-text-font-style); font-weight: var(--awb-text-font-weight); letter-spacing: var(--awb-letter-spacing); text-align: var(--awb-content-alignment); text-transform: var(--awb-text-transform); background-color: var(--awb-bg-color);\">Einlass 19.30 Uhr in Muddy&#8217;s Club<\/span><\/p>\n<\/div><div class=\"fusion-text fusion-text-3\"><h5>Eintritt<\/h5>\n<p>Normal: 24 \u20ac<br \/>\n<span style=\"color: var(--awb-text-color); font-family: var(--awb-text-font-family); font-size: var(--awb-font-size); font-style: var(--awb-text-font-style); letter-spacing: var(--awb-letter-spacing); text-align: var(--awb-content-alignment); text-transform: var(--awb-text-transform); background-color: var(--awb-bg-color);\">Erm\u00e4ssigt: 20 \u20ac<br \/>\n<\/span>Mitglieder: 18 \u20ac<br \/>\nSch\u00fcler: 5 \u20ac<\/p>\n<\/div><div class=\"fusion-separator fusion-full-width-sep\" style=\"align-self: center;margin-left: auto;margin-right: auto;margin-top:30px;margin-bottom:0px;width:100%;\"><\/div><div ><a class=\"fusion-button button-flat fusion-button-default-size button-custom fusion-button-default button-1 fusion-button-default-span fusion-button-default-type fusion-has-button-gradient\" style=\"--button_accent_color:var(--awb-color1);--button_accent_hover_color:var(--awb-color1);--button_border_hover_color:var(--awb-color1);--button_gradient_top_color:var(--awb-custom_color_1);--button_gradient_bottom_color:var(--awb-custom_color_1);--button_gradient_top_color_hover:var(--awb-custom_color_1);--button_gradient_bottom_color_hover:hsla(var(--awb-color5-h),calc(var(--awb-color5-s) - 5%),calc(var(--awb-color5-l) - 10%),var(--awb-color5-a));\" target=\"_self\" href=\"https:\/\/manage.muddys-club.net\/public\/reservation\/2024-03-04-sarischorr\"><span class=\"fusion-button-text awb-button__text awb-button__text--default\">Karten Reservieren<\/span><\/a><\/div><\/div><\/div><div class=\"fusion-layout-column fusion_builder_column fusion-builder-column-2 fusion_builder_column_4_5 4_5 fusion-flex-column\" style=\"--awb-bg-size:cover;--awb-width-large:80%;--awb-margin-top-large:0px;--awb-spacing-right-large:2.4%;--awb-margin-bottom-large:20px;--awb-spacing-left-large:2.4%;--awb-width-medium:80%;--awb-order-medium:0;--awb-spacing-right-medium:2.4%;--awb-spacing-left-medium:2.4%;--awb-width-small:100%;--awb-order-small:0;--awb-spacing-right-small:1.92%;--awb-spacing-left-small:1.92%;\"><div class=\"fusion-column-wrapper fusion-column-has-shadow fusion-flex-justify-content-flex-start fusion-content-layout-column\"><div class=\"fusion-text fusion-text-4\"><p class=\"p1\">Die Powerhouse-S\u00e4ngerin Sari Schorr und der legend\u00e4re Gitarrenvirtuose Robin Trower haben sich zusammengetan, um ein atemberaubend gl\u00fchendes neues Album &#8220;Joyful Sky&#8221; zu kreieren, das am 27. Oktober 2023 \u00fcber Provogue\/Mascot Label Group ver\u00f6ffentlicht wird. Um die Ank\u00fcndigung zu feiern, haben sie das Lyric-Video zu &#8220;I&#8217;ll Be Moving On&#8221; ver\u00f6ffentlicht, das Sie sich <a href=\"https:\/\/youtu.be\/ZQvPQ6svPkA?si=8ZeDoLzw2gUUTwjF\"><span class=\"s1\">HIER<\/span><\/a> anh\u00f6ren k\u00f6nnen.<\/p>\n<p class=\"p1\">Sari Schorr, bekannt f\u00fcr ihre gef\u00fchlvolle und elektrisierende Stimme, hat in der Blues- und Rockszene mit ihren kraftvollen Auftritten und ihrem zu Herzen gehenden Songwriting Wellen geschlagen. Auf der anderen Seite ist Robin Trowers Name ein Synonym f\u00fcr au\u00dfergew\u00f6hnliche Gitarrenk\u00fcnste, die seit seiner Zeit bei Procol Harum die Rockmusik seit Jahrzehnten pr\u00e4gen.<\/p>\n<p class=\"p1\">Robin Trower war schon immer empf\u00e4nglich f\u00fcr S\u00e4ngerinnen und S\u00e4nger, die seine gef\u00fchlsbetonte Gitarrenarbeit verst\u00e4rken k\u00f6nnen. Die rauchige Kraft der gefeierten New Yorkerin Sari Schorr hat ihn dazu gebracht, sein Songwriting um sie herum neu zu gestalten. &#8220;Ich habe im Laufe der Jahre mit einigen gro\u00dfartigen S\u00e4ngern zusammengearbeitet, aber Sari ist Dynamit, einfach ein absoluter Knaller&#8221;, meint Trower.<\/p>\n<p class=\"p1\">Das Album kann hier vorbestellt werden: <a href=\"https:\/\/lnk.to\/robintrower\"><span class=\"s2\">https:\/\/lnk.to\/robintrower<\/span><\/a><\/p>\n<p class=\"p1\">Mit ihrem von der Kritik gefeierten Deb\u00fctalbum &#8220;A Force of Nature&#8221;, das von dem britischen Blues-Pionier Mike Vernon (David Bowie, Eric Clapton, John Mayall, Fleetwood Mac) produziert wurde, betrat Schorr erstmals die Blues-Rock-Szene. Saris Erfolg kam &#8220;\u00fcber Nacht&#8221;, nachdem sie jahrelang den rauen Weg des Lebens einer hart arbeitenden Blues-Frau beschritten hatte. Von ihren bescheidenen Anf\u00e4ngen in der Musikszene der legend\u00e4ren South Bronx von New York City bis hin zu Auftritten in der Carnegie Hall und auf renommierten B\u00fchnen in der ganzen Welt hat sich die ausgebildete Operns\u00e4ngerin als ph\u00e4nomenale Bluesrock-S\u00e4ngerin behauptet, die sich nicht unterkriegen l\u00e4sst.<\/p>\n<p class=\"p1\"><b>Sari Schorr Solo Album Ver\u00f6ffentlichung &#8211; Februar 2024:<\/b><\/p>\n<p class=\"p1\">Sari bereitet sich darauf vor, ihr mit Spannung erwartetes neues Studioalbum Anfang 2024 zu ver\u00f6ffentlichen. Gef\u00fcllt mit elektrisierenden Melodien und ihren charakteristischen, mitrei\u00dfenden Texten, wird diese Ver\u00f6ffentlichung zweifelslos ihr unersch\u00fctterliches Engagement zeigen, Musik zu liefern, die ihr Publikum tief ber\u00fchrt. Viele der neuen Songs wurden w\u00e4hrend Saris unerm\u00fcdlichem Tourneeplan geschrieben.<\/p>\n<p class=\"p1\">Sari&#8217;s neues Album folgt auf das international gefeierte &#8216;Never Say Never&#8217;, das sich als ein Album mit bemerkenswerter Langzeitresonanz erwiesen hat. Das Album wurde in der gesamten Rock- und Blues-Community hochgelobt, erhielt 10\/10-Rezensionen, wurde zum Album des Monats gek\u00fcrt und zog internationale Radioplatzierungen und Festivaleinladungen nach sich. Das Album erm\u00f6glichte acht Tourneen, darunter die diesj\u00e4hrige &#8220;Freedom Tour&#8221;, und das Material gipfelte in einer Reihe von Auszeichnungen und Nominierungen, darunter &#8220;Live Act of the Year&#8221; im Jahr 2022 und eine Nominierung als bester internationaler K\u00fcnstler im Jahr 2023.<\/p>\n<p class=\"p1\">Sari kommentiert: &#8220;Als ich &#8216;Never Say Never&#8217; ver\u00f6ffentlichte, h\u00e4tte ich mir nie vorstellen k\u00f6nnen, dass es ein solches Eigenleben f\u00fchren w\u00fcrde. Nun ist es aber Zeit f\u00fcr neue Musik. Die Songs, die ich f\u00fcr mein neues Album geschrieben habe, bauen auf meinen ersten beiden Ver\u00f6ffentlichungen auf, aber das neue Material ist auch freier, kraftvoller und ausladender. Ich f\u00fchre das zu einem gro\u00dfen Teil auf den Einfluss des Tourens auf den kreativen Prozess zur\u00fcck. Ich habe mir Zeit genommen, um die Orte, die ich besucht habe, und die Menschen, die ich getroffen habe, in mich aufzunehmen.&#8221;<\/p>\n<p class=\"p1\"><b>Europatournee &#8211; 2024:<\/b><\/p>\n<p class=\"p1\">Nach der Ver\u00f6ffentlichung von Saris Soloalbum wird sie eine gro\u00dfe Europatournee starten. Die &#8220;Future Starts Here&#8221;-Tour wird sie in St\u00e4dte und auf B\u00fchnen auf dem ganzen Kontinent f\u00fchren, wo die Fans die Gelegenheit haben werden, ihre dynamischen und emotionsgeladenen Auftritte live zu erleben. Sari wird Songs aus dem kommenden Soloalbum und Songs aus &#8220;Joyful Sky&#8221; vorstellen.<\/p>\n<p class=\"p1\">Saris sagt: &#8220;Auf Tournee zu gehen, best\u00e4tigt, dass die St\u00e4rke und Positivit\u00e4t des menschlichen Geistes trotz Grenzen und Trennungen grenzenlos ist.&#8221;<\/p>\n<\/div><div class=\"fusion-video fusion-youtube\" style=\"--awb-max-width:750px;--awb-max-height:422px;--awb-margin-top:50px;\"><div class=\"video-shortcode\"><div class=\"fluid-width-video-wrapper\" style=\"padding-top:56.27%;\" ><iframe title=\"YouTube video player 1\" src=\"https:\/\/www.youtube.com\/embed\/ZQvPQ6svPkA?wmode=transparent&autoplay=0\" width=\"750\" height=\"422\" allowfullscreen allow=\"autoplay; clipboard-write; encrypted-media; gyroscope; picture-in-picture;\"><\/iframe><\/div><\/div><\/div><\/div><\/div><div class=\"fusion-layout-column fusion_builder_column fusion-builder-column-3 fusion_builder_column_1_1 1_1 fusion-flex-column\" style=\"--awb-bg-size:cover;--awb-width-large:100%;--awb-margin-top-large:0px;--awb-spacing-right-large:1.92%;--awb-margin-bottom-large:20px;--awb-spacing-left-large:1.92%;--awb-width-medium:100%;--awb-order-medium:0;--awb-spacing-right-medium:1.92%;--awb-spacing-left-medium:1.92%;--awb-width-small:100%;--awb-order-small:0;--awb-spacing-right-small:1.92%;--awb-spacing-left-small:1.92%;\"><div class=\"fusion-column-wrapper fusion-column-has-shadow fusion-flex-justify-content-flex-start fusion-content-layout-column\"><div class=\"fusion-separator fusion-full-width-sep\" style=\"align-self: center;margin-left: auto;margin-right: auto;margin-top:15px;margin-bottom:15px;width:100%;\"><div class=\"fusion-separator-border sep-single sep-solid\" style=\"--awb-height:20px;--awb-amount:20px;border-color:var(--awb-color3);border-top-width:1px;\"><\/div><\/div><\/div><\/div><\/div><\/div>\n","protected":false},"excerpt":{"rendered":"","protected":false},"author":8,"featured_media":0,"parent":0,"menu_order":0,"comment_status":"closed","ping_status":"closed","template":"100-width.php","meta":{"_acf_changed":false,"footnotes":""},"class_list":["post-1228","page","type-page","status-publish","hentry"],"acf":[],"_links":{"self":[{"href":"https:\/\/muddys-club.net\/index.php\/wp-json\/wp\/v2\/pages\/1228","targetHints":{"allow":["GET"]}}],"collection":[{"href":"https:\/\/muddys-club.net\/index.php\/wp-json\/wp\/v2\/pages"}],"about":[{"href":"https:\/\/muddys-club.net\/index.php\/wp-json\/wp\/v2\/types\/page"}],"author":[{"embeddable":true,"href":"https:\/\/muddys-club.net\/index.php\/wp-json\/wp\/v2\/users\/8"}],"replies":[{"embeddable":true,"href":"https:\/\/muddys-club.net\/index.php\/wp-json\/wp\/v2\/comments?post=1228"}],"version-history":[{"count":4,"href":"https:\/\/muddys-club.net\/index.php\/wp-json\/wp\/v2\/pages\/1228\/revisions"}],"predecessor-version":[{"id":1235,"href":"https:\/\/muddys-club.net\/index.php\/wp-json\/wp\/v2\/pages\/1228\/revisions\/1235"}],"wp:attachment":[{"href":"https:\/\/muddys-club.net\/index.php\/wp-json\/wp\/v2\/media?parent=1228"}],"curies":[{"name":"wp","href":"https:\/\/api.w.org\/{rel}","templated":true}]}}