{"id":1217,"date":"2023-10-24T14:22:05","date_gmt":"2023-10-24T12:22:05","guid":{"rendered":"https:\/\/muddys-club.net\/?page_id=1217"},"modified":"2023-11-20T18:57:14","modified_gmt":"2023-11-20T17:57:14","slug":"2024-01-29-andreas-kuemmert","status":"publish","type":"page","link":"https:\/\/muddys-club.net\/index.php\/2024-01-29-andreas-kuemmert\/","title":{"rendered":"2024-01-29 Andreas K\u00fcmmert"},"content":{"rendered":"<div class=\"fusion-fullwidth fullwidth-box fusion-builder-row-1 fusion-flex-container has-pattern-background has-mask-background nonhundred-percent-fullwidth non-hundred-percent-height-scrolling\" style=\"--awb-border-radius-top-left:0px;--awb-border-radius-top-right:0px;--awb-border-radius-bottom-right:0px;--awb-border-radius-bottom-left:0px;--awb-flex-wrap:wrap;\" ><div class=\"fusion-builder-row fusion-row fusion-flex-align-items-flex-start fusion-flex-content-wrap\" style=\"max-width:1040px;margin-left: calc(-4% \/ 2 );margin-right: calc(-4% \/ 2 );\"><div class=\"fusion-layout-column fusion_builder_column fusion-builder-column-0 fusion_builder_column_2_3 2_3 fusion-flex-column\" style=\"--awb-bg-size:cover;--awb-width-large:66.666666666667%;--awb-margin-top-large:0px;--awb-spacing-right-large:2.88%;--awb-margin-bottom-large:20px;--awb-spacing-left-large:2.88%;--awb-width-medium:66.666666666667%;--awb-order-medium:0;--awb-spacing-right-medium:2.88%;--awb-spacing-left-medium:2.88%;--awb-width-small:100%;--awb-order-small:0;--awb-spacing-right-small:1.92%;--awb-spacing-left-small:1.92%;\"><div class=\"fusion-column-wrapper fusion-column-has-shadow fusion-flex-justify-content-flex-start fusion-content-layout-column\"><div class=\"fusion-image-element \" style=\"--awb-caption-title-font-family:var(--h2_typography-font-family);--awb-caption-title-font-weight:var(--h2_typography-font-weight);--awb-caption-title-font-style:var(--h2_typography-font-style);--awb-caption-title-size:var(--h2_typography-font-size);--awb-caption-title-transform:var(--h2_typography-text-transform);--awb-caption-title-line-height:var(--h2_typography-line-height);--awb-caption-title-letter-spacing:var(--h2_typography-letter-spacing);\"><span class=\" fusion-imageframe imageframe-none imageframe-1 hover-type-none\"><img decoding=\"async\" width=\"1024\" height=\"1024\" title=\"Design ohne Titel &#8211; 1\" src=\"https:\/\/muddys-club.net\/wp-content\/uploads\/2023\/10\/Andreas-Kuemmert-Band-Foto-Credits-Holger-Orf-HP.jpg\" alt class=\"img-responsive wp-image-1218\" srcset=\"https:\/\/muddys-club.net\/wp-content\/uploads\/2023\/10\/Andreas-Kuemmert-Band-Foto-Credits-Holger-Orf-HP-200x200.jpg 200w, https:\/\/muddys-club.net\/wp-content\/uploads\/2023\/10\/Andreas-Kuemmert-Band-Foto-Credits-Holger-Orf-HP-400x400.jpg 400w, https:\/\/muddys-club.net\/wp-content\/uploads\/2023\/10\/Andreas-Kuemmert-Band-Foto-Credits-Holger-Orf-HP-600x600.jpg 600w, https:\/\/muddys-club.net\/wp-content\/uploads\/2023\/10\/Andreas-Kuemmert-Band-Foto-Credits-Holger-Orf-HP-800x800.jpg 800w, https:\/\/muddys-club.net\/wp-content\/uploads\/2023\/10\/Andreas-Kuemmert-Band-Foto-Credits-Holger-Orf-HP.jpg 1024w\" sizes=\"(max-width: 640px) 100vw, 800px\" \/><\/span><\/div><\/div><\/div><div class=\"fusion-layout-column fusion_builder_column fusion-builder-column-1 fusion_builder_column_1_3 1_3 fusion-flex-column\" style=\"--awb-bg-size:cover;--awb-width-large:33.333333333333%;--awb-margin-top-large:0px;--awb-spacing-right-large:5.76%;--awb-margin-bottom-large:20px;--awb-spacing-left-large:5.76%;--awb-width-medium:33.333333333333%;--awb-order-medium:0;--awb-spacing-right-medium:5.76%;--awb-spacing-left-medium:5.76%;--awb-width-small:100%;--awb-order-small:0;--awb-spacing-right-small:1.92%;--awb-spacing-left-small:1.92%;\"><div class=\"fusion-column-wrapper fusion-column-has-shadow fusion-flex-justify-content-flex-start fusion-content-layout-column\"><div class=\"fusion-text fusion-text-1\"><h1>Andreas K\u00fcmmert<\/h1>\n<\/div><div class=\"fusion-text fusion-text-2\"><h2>Montag 29. Januar 2024<\/h2>\n<h5>Konzertbeginn 20.30 Uhr<\/h5>\n<p><span style=\"color: var(--awb-text-color); font-family: var(--awb-text-font-family); font-size: var(--awb-font-size); font-style: var(--awb-text-font-style); font-weight: var(--awb-text-font-weight); letter-spacing: var(--awb-letter-spacing); text-align: var(--awb-content-alignment); text-transform: var(--awb-text-transform); background-color: var(--awb-bg-color);\">Einlass 19.30 Uhr in Muddy&#8217;s Club<\/span><\/p>\n<\/div><div class=\"fusion-text fusion-text-3\"><h5>Eintritt<\/h5>\n<p>Normal: 24 \u20ac<br \/>\n<span style=\"color: var(--awb-text-color); font-family: var(--awb-text-font-family); font-size: var(--awb-font-size); font-style: var(--awb-text-font-style); letter-spacing: var(--awb-letter-spacing); text-align: var(--awb-content-alignment); text-transform: var(--awb-text-transform); background-color: var(--awb-bg-color);\">Erm\u00e4ssigt: 20 \u20ac<br \/>\n<\/span>Mitglieder: 18 \u20ac<br \/>\nSch\u00fcler: 5 \u20ac<\/p>\n<\/div><div class=\"fusion-separator fusion-full-width-sep\" style=\"align-self: center;margin-left: auto;margin-right: auto;margin-top:30px;margin-bottom:0px;width:100%;\"><\/div><div ><a class=\"fusion-button button-flat fusion-button-default-size button-custom fusion-button-default button-1 fusion-button-default-span fusion-button-default-type fusion-has-button-gradient\" style=\"--button_accent_color:var(--awb-color1);--button_accent_hover_color:var(--awb-color1);--button_border_hover_color:var(--awb-color1);--button_gradient_top_color:var(--awb-custom_color_1);--button_gradient_bottom_color:var(--awb-custom_color_1);--button_gradient_top_color_hover:var(--awb-custom_color_1);--button_gradient_bottom_color_hover:hsla(var(--awb-color5-h),calc(var(--awb-color5-s) - 5%),calc(var(--awb-color5-l) - 10%),var(--awb-color5-a));\" target=\"_self\" href=\"https:\/\/manage.muddys-club.net\/public\/reservation\/2024-01-29-andreas-kummert\"><span class=\"fusion-button-text awb-button__text awb-button__text--default\">Karten Reservieren<\/span><\/a><\/div><\/div><\/div><div class=\"fusion-layout-column fusion_builder_column fusion-builder-column-2 fusion_builder_column_4_5 4_5 fusion-flex-column\" style=\"--awb-bg-size:cover;--awb-width-large:80%;--awb-margin-top-large:0px;--awb-spacing-right-large:2.4%;--awb-margin-bottom-large:20px;--awb-spacing-left-large:2.4%;--awb-width-medium:80%;--awb-order-medium:0;--awb-spacing-right-medium:2.4%;--awb-spacing-left-medium:2.4%;--awb-width-small:100%;--awb-order-small:0;--awb-spacing-right-small:1.92%;--awb-spacing-left-small:1.92%;\"><div class=\"fusion-column-wrapper fusion-column-has-shadow fusion-flex-justify-content-flex-start fusion-content-layout-column\"><div class=\"fusion-text fusion-text-4\"><p class=\"p1\">Andreas K\u00fcmmert ist <b>DER Blues-Rock S\u00e4nger<\/b> aus Deutschland.<\/p>\n<p class=\"p1\">Seine charaktervolle Stimme und das Talent f\u00fcr gro\u00dfe G\u00e4nsehaut-Songs sind zeitlos.<\/p>\n<p class=\"p1\">Seit Andreas K\u00fcmmert denken kann, ist Musik seine Sprache. In 2013 gelingt ihm der Durchbruch: Mit seiner Eigenkomposition \u201eSimple Man\u201c gewinnt K\u00fcmmert die TV-Show \u201e<b>The Voice Of Germany<\/b>\u201c. Seitdem ist er mit seiner einzigartigen Blues- und Soulstimme in aller Munde und im Gegensatz zu den meisten Teilnehmern derartiger TV-Formate nach wie vor konstant erfolgreich.<\/p>\n<p class=\"p1\">2023 j\u00e4hrt sich sein Sieg nun zum zehnten Mal \u2013 Grund genug, um mit brandneuem Album erneut auf die B\u00fchnen des Landes zu ziehen.<\/p>\n<p class=\"p1\">Denn: Die beiden zur\u00fcckliegenden Pandemiejahre hat K\u00fcmmert ausgiebig genutzt, um mit seinen beiden Mitstreitern Stefan Kahne und Michael Germer intensiv an seiner neuen Platte zu arbeiten. \u201eIch habe mir immer gedacht, es muss ja weitergehen\u201c, sagt er. Er bleibt stark und das zahlt sich aus.<\/p>\n<p class=\"p1\">Sein <b>neuestes Album <\/b>mit dem ausdruckstarken Titel<b> \u201eWorking class hero\u201c <\/b>erschien am <b>14.04.2023 (Soulfood Music) <\/b>und umfasst alle Facetten des Ausnahmek\u00fcnstlers von ausdrucksvollen Rock\u2019n\u2018Roll-Nummern, bis hin zu mitrei\u00dfenden Balladen.<\/p>\n<p class=\"p3\">F\u00fcr das Albumcover zeichnet sich Brian Cannon verantwortlich \u2013 der Grafiker und Fotograf, der bereits f\u00fcr Oasis oder The Verve t\u00e4tig war, arbeitete zum ersten Mal f\u00fcr einem deutschen K\u00fcnstler.<\/p>\n<p class=\"p1\">Als besonderes Highlight findet sich au\u00dferdem eine neu eingespielte Version seines damaligen \u201eThe Voice\u201c-Hits \u201e<b>Rocket Man<\/b>\u201c auf dem Album wieder. Urspr\u00fcnglich stammt der Song von Elton John, jedoch machte K\u00fcmmert ihn damals zu seiner ganz eigenen Spielart. So bringt ihm der Track bis heute seinen Spitznamen \u201eRocket Man\u201c ein. Eine Umschreibung des Ph\u00e4nomens Andreas K\u00fcmmert: Ein bodenst\u00e4ndiger, vollkommen geerdeter Charakter, der auf der B\u00fchne schlagartig explodiert. \u201eDer Song ist einfach ein Teil meiner Geschichte\u201c, sagt K\u00fcmmert. \u201eIch dachte mir, er h\u00e4tte es mal verdient, auf einem Album zu landen.\u201c<\/p>\n<p class=\"p1\">Live erwartet die Besucher ein wahrhaftiges Feuerwerk an Spielfreude und musikalischem K\u00f6nnen. Man darf sich auf eine energiegeladene Show mit einem Querschnitt aus dem kompletten Song Reportoire K\u00fcmmerts freuen. G\u00e4nsehautmomente nat\u00fcrlich \u2013 wie man es erwartet \u2013 inklusive.<span class=\"Apple-converted-space\">\u00a0 <\/span><\/p>\n<\/div><\/div><\/div><div class=\"fusion-layout-column fusion_builder_column fusion-builder-column-3 fusion_builder_column_1_1 1_1 fusion-flex-column\" style=\"--awb-bg-size:cover;--awb-width-large:100%;--awb-margin-top-large:0px;--awb-spacing-right-large:1.92%;--awb-margin-bottom-large:20px;--awb-spacing-left-large:1.92%;--awb-width-medium:100%;--awb-order-medium:0;--awb-spacing-right-medium:1.92%;--awb-spacing-left-medium:1.92%;--awb-width-small:100%;--awb-order-small:0;--awb-spacing-right-small:1.92%;--awb-spacing-left-small:1.92%;\"><div class=\"fusion-column-wrapper fusion-column-has-shadow fusion-flex-justify-content-flex-start fusion-content-layout-column\"><div class=\"fusion-separator fusion-full-width-sep\" style=\"align-self: center;margin-left: auto;margin-right: auto;margin-top:15px;margin-bottom:15px;width:100%;\"><div class=\"fusion-separator-border sep-single sep-solid\" style=\"--awb-height:20px;--awb-amount:20px;border-color:var(--awb-color3);border-top-width:1px;\"><\/div><\/div><\/div><\/div><\/div><\/div>\n","protected":false},"excerpt":{"rendered":"","protected":false},"author":8,"featured_media":0,"parent":0,"menu_order":0,"comment_status":"closed","ping_status":"closed","template":"100-width.php","meta":{"_acf_changed":false,"footnotes":""},"class_list":["post-1217","page","type-page","status-publish","hentry"],"acf":[],"_links":{"self":[{"href":"https:\/\/muddys-club.net\/index.php\/wp-json\/wp\/v2\/pages\/1217","targetHints":{"allow":["GET"]}}],"collection":[{"href":"https:\/\/muddys-club.net\/index.php\/wp-json\/wp\/v2\/pages"}],"about":[{"href":"https:\/\/muddys-club.net\/index.php\/wp-json\/wp\/v2\/types\/page"}],"author":[{"embeddable":true,"href":"https:\/\/muddys-club.net\/index.php\/wp-json\/wp\/v2\/users\/8"}],"replies":[{"embeddable":true,"href":"https:\/\/muddys-club.net\/index.php\/wp-json\/wp\/v2\/comments?post=1217"}],"version-history":[{"count":7,"href":"https:\/\/muddys-club.net\/index.php\/wp-json\/wp\/v2\/pages\/1217\/revisions"}],"predecessor-version":[{"id":1347,"href":"https:\/\/muddys-club.net\/index.php\/wp-json\/wp\/v2\/pages\/1217\/revisions\/1347"}],"wp:attachment":[{"href":"https:\/\/muddys-club.net\/index.php\/wp-json\/wp\/v2\/media?parent=1217"}],"curies":[{"name":"wp","href":"https:\/\/api.w.org\/{rel}","templated":true}]}}