{"id":1120,"date":"2023-08-07T13:19:11","date_gmt":"2023-08-07T11:19:11","guid":{"rendered":"https:\/\/muddys-club.net\/?page_id=1120"},"modified":"2023-08-07T13:20:37","modified_gmt":"2023-08-07T11:20:37","slug":"2023-09-22-jack-burton","status":"publish","type":"page","link":"https:\/\/muddys-club.net\/index.php\/2023-09-22-jack-burton\/","title":{"rendered":"2023-09-22 Jack Burton"},"content":{"rendered":"<div class=\"fusion-fullwidth fullwidth-box fusion-builder-row-1 fusion-flex-container has-pattern-background has-mask-background nonhundred-percent-fullwidth non-hundred-percent-height-scrolling\" style=\"--awb-border-radius-top-left:0px;--awb-border-radius-top-right:0px;--awb-border-radius-bottom-right:0px;--awb-border-radius-bottom-left:0px;--awb-flex-wrap:wrap;\" ><div class=\"fusion-builder-row fusion-row fusion-flex-align-items-flex-start fusion-flex-content-wrap\" style=\"max-width:1040px;margin-left: calc(-4% \/ 2 );margin-right: calc(-4% \/ 2 );\"><div class=\"fusion-layout-column fusion_builder_column fusion-builder-column-0 fusion_builder_column_2_3 2_3 fusion-flex-column\" style=\"--awb-bg-size:cover;--awb-width-large:66.666666666667%;--awb-margin-top-large:0px;--awb-spacing-right-large:2.88%;--awb-margin-bottom-large:20px;--awb-spacing-left-large:2.88%;--awb-width-medium:66.666666666667%;--awb-order-medium:0;--awb-spacing-right-medium:2.88%;--awb-spacing-left-medium:2.88%;--awb-width-small:100%;--awb-order-small:0;--awb-spacing-right-small:1.92%;--awb-spacing-left-small:1.92%;\"><div class=\"fusion-column-wrapper fusion-column-has-shadow fusion-flex-justify-content-flex-start fusion-content-layout-column\"><div class=\"fusion-image-element \" style=\"--awb-caption-title-font-family:var(--h2_typography-font-family);--awb-caption-title-font-weight:var(--h2_typography-font-weight);--awb-caption-title-font-style:var(--h2_typography-font-style);--awb-caption-title-size:var(--h2_typography-font-size);--awb-caption-title-transform:var(--h2_typography-text-transform);--awb-caption-title-line-height:var(--h2_typography-line-height);--awb-caption-title-letter-spacing:var(--h2_typography-letter-spacing);\"><span class=\" fusion-imageframe imageframe-none imageframe-1 hover-type-none\"><img decoding=\"async\" width=\"1000\" height=\"662\" title=\"Jack+orange+profile\" src=\"https:\/\/muddys-club.net\/wp-content\/uploads\/2023\/08\/Jackorangeprofile.jpg\" alt class=\"img-responsive wp-image-1121\" srcset=\"https:\/\/muddys-club.net\/wp-content\/uploads\/2023\/08\/Jackorangeprofile-200x132.jpg 200w, https:\/\/muddys-club.net\/wp-content\/uploads\/2023\/08\/Jackorangeprofile-400x265.jpg 400w, https:\/\/muddys-club.net\/wp-content\/uploads\/2023\/08\/Jackorangeprofile-600x397.jpg 600w, https:\/\/muddys-club.net\/wp-content\/uploads\/2023\/08\/Jackorangeprofile-800x530.jpg 800w, https:\/\/muddys-club.net\/wp-content\/uploads\/2023\/08\/Jackorangeprofile.jpg 1000w\" sizes=\"(max-width: 640px) 100vw, 800px\" \/><\/span><\/div><\/div><\/div><div class=\"fusion-layout-column fusion_builder_column fusion-builder-column-1 fusion_builder_column_1_3 1_3 fusion-flex-column\" style=\"--awb-bg-size:cover;--awb-width-large:33.333333333333%;--awb-margin-top-large:0px;--awb-spacing-right-large:5.76%;--awb-margin-bottom-large:20px;--awb-spacing-left-large:5.76%;--awb-width-medium:33.333333333333%;--awb-order-medium:0;--awb-spacing-right-medium:5.76%;--awb-spacing-left-medium:5.76%;--awb-width-small:100%;--awb-order-small:0;--awb-spacing-right-small:1.92%;--awb-spacing-left-small:1.92%;\"><div class=\"fusion-column-wrapper fusion-column-has-shadow fusion-flex-justify-content-flex-start fusion-content-layout-column\"><div class=\"fusion-text fusion-text-1\"><h1>Jack Burton<\/h1>\n<\/div><div class=\"fusion-text fusion-text-2\"><h2>Freitag 22. September 2023<\/h2>\n<h5>Konzertbeginn 20.30 Uhr<\/h5>\n<p><span style=\"color: var(--awb-text-color); font-family: var(--awb-text-font-family); font-size: var(--awb-font-size); font-style: var(--awb-text-font-style); font-weight: var(--awb-text-font-weight); letter-spacing: var(--awb-letter-spacing); text-align: var(--awb-content-alignment); text-transform: var(--awb-text-transform); background-color: var(--awb-bg-color);\">Einlass 19.30 Uhr in Muddy&#8217;s Club<\/span><\/p>\n<\/div><div class=\"fusion-text fusion-text-3\"><h5>Eintritt<\/h5>\n<p>Normal: 24 \u20ac<br \/>\n<span style=\"color: var(--awb-text-color); font-family: var(--awb-text-font-family); font-size: var(--awb-font-size); font-style: var(--awb-text-font-style); letter-spacing: var(--awb-letter-spacing); text-align: var(--awb-content-alignment); text-transform: var(--awb-text-transform); background-color: var(--awb-bg-color);\">Erm\u00e4ssigt: 20 \u20ac<br \/>\n<\/span>Mitglieder: 18 \u20ac<br \/>\nSch\u00fcler: 12 \u20ac<\/p>\n<\/div><div class=\"fusion-separator fusion-full-width-sep\" style=\"align-self: center;margin-left: auto;margin-right: auto;margin-top:30px;margin-bottom:0px;width:100%;\"><\/div><div ><a class=\"fusion-button button-flat fusion-button-default-size button-custom fusion-button-default button-1 fusion-button-default-span fusion-button-default-type fusion-has-button-gradient\" style=\"--button_accent_color:var(--awb-color1);--button_accent_hover_color:var(--awb-color1);--button_border_hover_color:var(--awb-color1);--button_gradient_top_color:var(--awb-custom_color_1);--button_gradient_bottom_color:var(--awb-custom_color_1);--button_gradient_top_color_hover:var(--awb-custom_color_1);--button_gradient_bottom_color_hover:hsla(var(--awb-color5-h),calc(var(--awb-color5-s) - 5%),calc(var(--awb-color5-l) - 10%),var(--awb-color5-a));\" target=\"_self\" href=\"https:\/\/manage.muddys-club.net\/public\/reservation\/2023-09-22-jackburton\"><span class=\"fusion-button-text awb-button__text awb-button__text--default\">Karten Reservieren<\/span><\/a><\/div><\/div><\/div><div class=\"fusion-layout-column fusion_builder_column fusion-builder-column-2 fusion_builder_column_4_5 4_5 fusion-flex-column\" style=\"--awb-bg-size:cover;--awb-width-large:80%;--awb-margin-top-large:0px;--awb-spacing-right-large:2.4%;--awb-margin-bottom-large:20px;--awb-spacing-left-large:2.4%;--awb-width-medium:80%;--awb-order-medium:0;--awb-spacing-right-medium:2.4%;--awb-spacing-left-medium:2.4%;--awb-width-small:100%;--awb-order-small:0;--awb-spacing-right-small:1.92%;--awb-spacing-left-small:1.92%;\"><div class=\"fusion-column-wrapper fusion-column-has-shadow fusion-flex-justify-content-flex-start fusion-content-layout-column\"><div class=\"fusion-text fusion-text-4\"><p>Jack Burton, der aus der vielf\u00e4ltigen Live-Musikszene von Austin, Texas, stammt, hat sich zu einem kraftvollen und beliebten Roots-Rock\/Americana-S\u00e4nger und -Songwriter entwickelt. Beschrieben als eine Art &#8220;Kreuzung zwischen Nathaniel Rateliff und Marc Broussard&#8221;, ist Jacks tiefe Affinit\u00e4t zum musikalischen Erbe des S\u00fcdens der USA unverkennbar, sowohl in seinen s\u00fcchtig machenden Live-Auftritten als auch auf seinen zuvor ver\u00f6ffentlichten EPs.<\/p>\n<p>Seine erste Ver\u00f6ffentlichung, I Think You Know, bietet ein energiegeladenes Musikerlebnis mit der rauen, souligen Kraft von Jacks Stimme und den tiefen Grooves seiner Band. Die EP sorgt mit sexy Upbeat-Tracks wie Green Eyed Girlie und Feel Alright f\u00fcr gute Laune, w\u00e4hrend Falling Away einen Einblick in Jacks spirituellere Seite gibt.<\/p>\n<p>Burtons zweites Album Soul ist eine erdige und aufmunternde Mischung aus Originalen und legend\u00e4ren Gospel-Covern, Der fesselnde Gesang, die sumpfigen Rhythmen und ein scheinbar endloser Vorrat an Hooks und dreckigen Gitarrenriffs sorgen f\u00fcr einen Hauch von Nostalgie durch mitrei\u00dfende Versionen von Mahalia Jacksons Come On Children, Let&#8217;s Sing und Lord, Search My Heart. Burton best\u00e4tigt sein Recht auf einen Platz unter den Gro\u00dfen mit nachvollziehbaren Originalen wie Soul und Not What I Expected.<\/p>\n<p>Nachdem er sich einige Zeit auf Live-Shows und Tourneen in Belgien, den Niederlanden, Deutschland, Spanien und Texas konzentriert hat, sowohl als Headliner als auch als Support f\u00fcr Acts wie Hannah Williams &amp; the Affirmations, Knower, Cory Morrow, Magna Carda, Shinyribs, Mingo Fishtrap und die vierfach mit dem Grammy\u00ae Award ausgezeichnete Multi-Platin-Band Third Day, ist Jack Burton nun wieder im Studio. Mit seiner soliden Arbeitsmoral aus den S\u00fcdstaaten arbeitet er an neuem Material, das ein wenig Licht in die dunklen Ecken des pers\u00f6nlichen Kampfes, die Probleme der Welt, die Akzeptanz und die Erfahrungen des Lebens als Fremder auf Reisen durch neue Kulturen bringen soll. Jacks neues Projekt ist eine faszinierende Mischung aus d\u00fcsterem Roots Rock und mitrei\u00dfendem Southern Soul, mit ein paar exotischen Akzenten, die das Funkeln der Sonne auf dem Mittelmeer widerspiegeln. Deal with the Devil&#8221; und &#8220;Time for Love&#8221; sind die ersten von vielen neuen Songs, die Jack ver\u00f6ffentlicht hat, um sie zu promoten, w\u00e4hrend er mit einer schrillen Gitarre und einem Herzen voller Hoffnung und Liebe durch die Lande zieht und uns daran erinnert, uns umeinander zu k\u00fcmmern, ungeachtet unserer Unterschiede.<\/p>\n<\/div><\/div><\/div><div class=\"fusion-layout-column fusion_builder_column fusion-builder-column-3 fusion_builder_column_1_1 1_1 fusion-flex-column\" style=\"--awb-bg-size:cover;--awb-width-large:100%;--awb-margin-top-large:0px;--awb-spacing-right-large:1.92%;--awb-margin-bottom-large:20px;--awb-spacing-left-large:1.92%;--awb-width-medium:100%;--awb-order-medium:0;--awb-spacing-right-medium:1.92%;--awb-spacing-left-medium:1.92%;--awb-width-small:100%;--awb-order-small:0;--awb-spacing-right-small:1.92%;--awb-spacing-left-small:1.92%;\"><div class=\"fusion-column-wrapper fusion-column-has-shadow fusion-flex-justify-content-flex-start fusion-content-layout-column\"><div class=\"fusion-separator fusion-full-width-sep\" style=\"align-self: center;margin-left: auto;margin-right: auto;margin-top:15px;margin-bottom:15px;width:100%;\"><div class=\"fusion-separator-border sep-single sep-solid\" style=\"--awb-height:20px;--awb-amount:20px;border-color:var(--awb-color3);border-top-width:1px;\"><\/div><\/div><\/div><\/div><\/div><\/div>\n","protected":false},"excerpt":{"rendered":"","protected":false},"author":8,"featured_media":0,"parent":0,"menu_order":0,"comment_status":"closed","ping_status":"closed","template":"100-width.php","meta":{"_acf_changed":false,"footnotes":""},"class_list":["post-1120","page","type-page","status-publish","hentry"],"acf":[],"_links":{"self":[{"href":"https:\/\/muddys-club.net\/index.php\/wp-json\/wp\/v2\/pages\/1120","targetHints":{"allow":["GET"]}}],"collection":[{"href":"https:\/\/muddys-club.net\/index.php\/wp-json\/wp\/v2\/pages"}],"about":[{"href":"https:\/\/muddys-club.net\/index.php\/wp-json\/wp\/v2\/types\/page"}],"author":[{"embeddable":true,"href":"https:\/\/muddys-club.net\/index.php\/wp-json\/wp\/v2\/users\/8"}],"replies":[{"embeddable":true,"href":"https:\/\/muddys-club.net\/index.php\/wp-json\/wp\/v2\/comments?post=1120"}],"version-history":[{"count":2,"href":"https:\/\/muddys-club.net\/index.php\/wp-json\/wp\/v2\/pages\/1120\/revisions"}],"predecessor-version":[{"id":1123,"href":"https:\/\/muddys-club.net\/index.php\/wp-json\/wp\/v2\/pages\/1120\/revisions\/1123"}],"wp:attachment":[{"href":"https:\/\/muddys-club.net\/index.php\/wp-json\/wp\/v2\/media?parent=1120"}],"curies":[{"name":"wp","href":"https:\/\/api.w.org\/{rel}","templated":true}]}}