{"id":1100,"date":"2023-08-07T12:38:08","date_gmt":"2023-08-07T10:38:08","guid":{"rendered":"https:\/\/muddys-club.net\/?page_id=1100"},"modified":"2023-08-08T10:46:26","modified_gmt":"2023-08-08T08:46:26","slug":"2023-09-03-saisoneroeffnung","status":"publish","type":"page","link":"https:\/\/muddys-club.net\/index.php\/2023-09-03-saisoneroeffnung\/","title":{"rendered":"2023-09-03 Saisoner\u00f6ffnung"},"content":{"rendered":"<div class=\"fusion-fullwidth fullwidth-box fusion-builder-row-1 fusion-flex-container has-pattern-background has-mask-background nonhundred-percent-fullwidth non-hundred-percent-height-scrolling\" style=\"--awb-border-radius-top-left:0px;--awb-border-radius-top-right:0px;--awb-border-radius-bottom-right:0px;--awb-border-radius-bottom-left:0px;--awb-flex-wrap:wrap;\" ><div class=\"fusion-builder-row fusion-row fusion-flex-align-items-flex-start fusion-flex-content-wrap\" style=\"max-width:1040px;margin-left: calc(-4% \/ 2 );margin-right: calc(-4% \/ 2 );\"><div class=\"fusion-layout-column fusion_builder_column fusion-builder-column-0 fusion_builder_column_2_3 2_3 fusion-flex-column\" style=\"--awb-bg-size:cover;--awb-width-large:66.666666666667%;--awb-margin-top-large:0px;--awb-spacing-right-large:2.88%;--awb-margin-bottom-large:20px;--awb-spacing-left-large:2.88%;--awb-width-medium:66.666666666667%;--awb-order-medium:0;--awb-spacing-right-medium:2.88%;--awb-spacing-left-medium:2.88%;--awb-width-small:100%;--awb-order-small:0;--awb-spacing-right-small:1.92%;--awb-spacing-left-small:1.92%;\"><div class=\"fusion-column-wrapper fusion-column-has-shadow fusion-flex-justify-content-flex-start fusion-content-layout-column\"><div class=\"fusion-image-element \" style=\"--awb-caption-title-font-family:var(--h2_typography-font-family);--awb-caption-title-font-weight:var(--h2_typography-font-weight);--awb-caption-title-font-style:var(--h2_typography-font-style);--awb-caption-title-size:var(--h2_typography-font-size);--awb-caption-title-transform:var(--h2_typography-text-transform);--awb-caption-title-line-height:var(--h2_typography-line-height);--awb-caption-title-letter-spacing:var(--h2_typography-letter-spacing);\"><span class=\" fusion-imageframe imageframe-none imageframe-1 hover-type-none\"><img decoding=\"async\" width=\"1024\" height=\"956\" title=\"SCHULTZES_POSTER\" src=\"https:\/\/muddys-club.net\/wp-content\/uploads\/2023\/08\/SCHULTZES_POSTER_HP.jpg\" alt class=\"img-responsive wp-image-1103\" srcset=\"https:\/\/muddys-club.net\/wp-content\/uploads\/2023\/08\/SCHULTZES_POSTER_HP-200x187.jpg 200w, https:\/\/muddys-club.net\/wp-content\/uploads\/2023\/08\/SCHULTZES_POSTER_HP-400x373.jpg 400w, https:\/\/muddys-club.net\/wp-content\/uploads\/2023\/08\/SCHULTZES_POSTER_HP-600x560.jpg 600w, https:\/\/muddys-club.net\/wp-content\/uploads\/2023\/08\/SCHULTZES_POSTER_HP-800x747.jpg 800w, https:\/\/muddys-club.net\/wp-content\/uploads\/2023\/08\/SCHULTZES_POSTER_HP.jpg 1024w\" sizes=\"(max-width: 640px) 100vw, 800px\" \/><\/span><\/div><\/div><\/div><div class=\"fusion-layout-column fusion_builder_column fusion-builder-column-1 fusion_builder_column_1_3 1_3 fusion-flex-column\" style=\"--awb-bg-size:cover;--awb-width-large:33.333333333333%;--awb-margin-top-large:0px;--awb-spacing-right-large:5.76%;--awb-margin-bottom-large:20px;--awb-spacing-left-large:5.76%;--awb-width-medium:33.333333333333%;--awb-order-medium:0;--awb-spacing-right-medium:5.76%;--awb-spacing-left-medium:5.76%;--awb-width-small:100%;--awb-order-small:0;--awb-spacing-right-small:1.92%;--awb-spacing-left-small:1.92%;\"><div class=\"fusion-column-wrapper fusion-column-has-shadow fusion-flex-justify-content-flex-start fusion-content-layout-column\"><div class=\"fusion-text fusion-text-1\"><h1>Saisoner\u00f6ffnung<\/h1>\n<\/div><div class=\"fusion-text fusion-text-2\"><h2>Sonntag 3. September 2023<\/h2>\n<h5>Sektempfang<\/h5>\n<h5>Die Schultzes live<\/h5>\n<p>ab 18.00 Uhr<\/p>\n<h5>Film: Schultze get&#8217;s the Blues<\/h5>\n<p>ab 19.30<\/p>\n<p><span style=\"color: var(--awb-text-color); font-family: var(--awb-text-font-family); font-size: var(--awb-font-size); font-style: var(--awb-text-font-style); font-weight: var(--awb-text-font-weight); letter-spacing: var(--awb-letter-spacing); text-align: var(--awb-content-alignment); text-transform: var(--awb-text-transform); background-color: var(--awb-bg-color);\">Einlass 17.30 Uhr im Modernen Kino Weinheim, Hauptstra\u00dfe 61<\/span><\/p>\n<\/div><div class=\"fusion-text fusion-text-3\"><h5>Eintritt<\/h5>\n<p>Alle: 19 \u20ac<\/p>\n<\/div><div class=\"fusion-separator fusion-full-width-sep\" style=\"align-self: center;margin-left: auto;margin-right: auto;margin-top:30px;margin-bottom:0px;width:100%;\"><\/div><div ><a class=\"fusion-button button-flat fusion-button-default-size button-custom fusion-button-default button-1 fusion-button-default-span fusion-button-default-type fusion-has-button-gradient\" style=\"--button_accent_color:var(--awb-color1);--button_accent_hover_color:var(--awb-color1);--button_border_hover_color:var(--awb-color1);--button_gradient_top_color:var(--awb-custom_color_1);--button_gradient_bottom_color:var(--awb-custom_color_1);--button_gradient_top_color_hover:var(--awb-custom_color_1);--button_gradient_bottom_color_hover:hsla(var(--awb-color5-h),calc(var(--awb-color5-s) - 5%),calc(var(--awb-color5-l) - 10%),var(--awb-color5-a));\" target=\"_self\" href=\"https:\/\/manage.muddys-club.net\/public\/reservation\/2023-09-03-eroffnungsparty\"><span class=\"fusion-button-text awb-button__text awb-button__text--default\">Karten Reservieren<\/span><\/a><\/div><\/div><\/div><div class=\"fusion-layout-column fusion_builder_column fusion-builder-column-2 fusion_builder_column_4_5 4_5 fusion-flex-column\" style=\"--awb-bg-size:cover;--awb-width-large:80%;--awb-margin-top-large:0px;--awb-spacing-right-large:2.4%;--awb-margin-bottom-large:20px;--awb-spacing-left-large:2.4%;--awb-width-medium:80%;--awb-order-medium:0;--awb-spacing-right-medium:2.4%;--awb-spacing-left-medium:2.4%;--awb-width-small:100%;--awb-order-small:0;--awb-spacing-right-small:1.92%;--awb-spacing-left-small:1.92%;\"><div class=\"fusion-column-wrapper fusion-column-has-shadow fusion-flex-justify-content-flex-start fusion-content-layout-column\"><div class=\"fusion-text fusion-text-4\"><p class=\"p1\">Der Muddy&#8217;s l\u00e4dt Euch zur Saisoner\u00f6ffnung zu einem besonderen Abend ins Kino &#8220;Modernes Theater&#8221;, Hauptstra\u00dfe 61 in Weinheim. Nach einem Begr\u00fc\u00dfungssekt steht der Abend ganz unter dem Motto Schultze(s) get(s) the Blues. Genie\u00dft den Live-Auftritt der Schultzes und anschlie\u00dfend den filmischen Klassiker &#8220;Schultze gets the Blues&#8221;. Der Titel der ersten CD der Weinheimer Schultzes in 2012 ist auf genau diesen Film zur\u00fcckzuf\u00fchren, so dass daraus &#8220;Schultzes get the Blues&#8221; wurde.<\/p>\n<p class=\"p1\">Seit mittlerweile<span class=\"Apple-converted-space\">\u00a0 <\/span>20<span class=\"Apple-converted-space\">\u00a0 <\/span>Jahren touren die beiden Schultzes durch die \u201eLande\u201c und sind durch unz\u00e4hlige Auftritte auch ein fester Bestandteil der hiesigen Musikszene.<\/p>\n<p class=\"p1\">Im Gep\u00e4ck haben<span class=\"Apple-converted-space\">\u00a0 <\/span>Schultzes Gitarren, Kontrabass und zwei Stimmen die genial aufeinander abgestimmt sind und gut zueinander passen.<\/p>\n<p class=\"p1\">Zu Beginn ihrer musikalischen Zusammenarbeit haupts\u00e4chlich dem Blues verschrieben, hat sich ihr Repertoire mittlerweile erheblich erweitert, so da\u00df sie problemlos einen Blues oder Bluegrass\/Country oder Oldie\/Rock&#8217;n&#8217;roll Auftritt<span class=\"Apple-converted-space\">\u00a0 <\/span>bestreiten k\u00f6nnten. <span class=\"Apple-converted-space\">\u00a0 \u00a0 \u00a0 \u00a0 \u00a0 \u00a0 \u00a0 \u00a0 \u00a0 \u00a0 \u00a0 \u00a0 \u00a0 \u00a0 \u00a0 \u00a0 \u00a0 \u00a0 \u00a0 \u00a0 \u00a0 \u00a0 \u00a0 \u00a0 \u00a0 \u00a0 \u00a0 \u00a0 \u00a0 \u00a0 \u00a0 \u00a0 \u00a0 \u00a0 \u00a0 \u00a0 \u00a0 \u00a0 \u00a0 \u00a0 \u00a0 \u00a0 \u00a0 \u00a0 \u00a0 <\/span><\/p>\n<p class=\"p1\">Aber die ausgew\u00e4hlte Mischung aus allen genannten Musikrichtungen macht wohl den Gro\u00dfteil<span class=\"Apple-converted-space\">\u00a0 <\/span>ihrer Beliebtheit<span class=\"Apple-converted-space\">\u00a0 <\/span>aus.<\/p>\n<p class=\"p1\">Der andere Aspekt<span class=\"Apple-converted-space\">\u00a0 <\/span>ihres Erfolges ist im musikalischen K\u00f6nnen begr\u00fcndet.<\/p>\n<p class=\"p1\">J\u00fcrgen \u201eMojo\u201c Schultz<span class=\"Apple-converted-space\">\u00a0 <\/span>ist in Sachen Blues in Deutschland als sehr versierter und vielseitiger Gitarrist bekannt. Ob elektrisch, akustisch, mit Slide in verschiedenen Stimmungen, bringt er diverse und teilweise sehr spezielle Saiteninstrumente wie Lapsteel und Resonatorgitarren zum schwingen und singen.<\/p>\n<p class=\"p1\">Petra Arnold-Schultz zupft und slapped seit vielen Jahren<span class=\"Apple-converted-space\">\u00a0 <\/span>den Kontrabass, hat sich durch ihre solide Spielweise einen Namen gemacht, und ist als Rhythmusgeber das R\u00fcckgrat der Schultzes.<\/p>\n<p class=\"p1\">Die Instrumentierung wird durch zwei<span class=\"Apple-converted-space\">\u00a0 <\/span>unverwechselbare<span class=\"Apple-converted-space\">\u00a0 <\/span>Stimmen erg\u00e4nzt. Im st\u00e4ndigen Wechsel ist mal die ausdrucksvolle Altstimme von Petra oder die etwas raue Bluesstimme von J\u00fcrgen im jeweiligen Song vordergr\u00fcndig, oder<span class=\"Apple-converted-space\">\u00a0 <\/span>beide Stimmen gleichwertig<span class=\"Apple-converted-space\">\u00a0 <\/span>zusammen als<span class=\"Apple-converted-space\">\u00a0 <\/span>Chorsatz zu h\u00f6ren.<\/p>\n<p class=\"p1\">Abgerundet wird ihr B\u00fchnenauftritt durch sehr viel Spielfreude und Authentizit\u00e4t und nicht zuletzt durch die spezielle Moderation von Petra Arnold-Schultz,<span class=\"Apple-converted-space\">\u00a0 <\/span>stets<span class=\"Apple-converted-space\">\u00a0 <\/span>in der \u201eourew\u00e4llerische<span class=\"Apple-converted-space\">\u00a0 <\/span>Muddersprooch\u201c und mit viel Witz und Spontanit\u00e4t.<\/p>\n<p class=\"p1\">Hier noch ein paar \u201eSchnipsel\u201c Pressestimmen:<\/p>\n<p class=\"p1\">&#8230;sorgten mit Spielfreude und launigen Geschichten daf\u00fcr, da\u00df es alles andere als ein schwerm\u00fctiger Bluesabend wurde (Folkclub Prisma)<\/p>\n<p class=\"p1\">&#8230;da ist keine gro\u00dfe Anstrengung und da ist auch keine falsche Ehrfurcht, sondern stattdessen viel Humor. Die beiden spielen den Blues, weil er ganz selbstverst\u00e4ndlich zum Leben geh\u00f6rt (Musikjournalist T.Waldherr)<\/p>\n<p class=\"p1\">&#8230;mit ganz eigenen Interpretationen ber\u00fchmter Songs, weniger schnulzig, daf\u00fcr mehr \u201eschultzig\u201c (Rheinpfalz)<\/p>\n<p><strong>Der Film: Schultze gets the Blues<\/strong><\/p>\n<p>Der ein oder andere mag den Film schon kennen, es ist ein Klassiker mit dem unverwechselbaren Horst Krause (bekannt auch aus Polizeiruf 110) in der Hauptrolle.<\/p>\n<p>In einem abgeschiedenen Dorf in Sachsen-Anhalt (Teutschenthal bei Halle) wird der Bergarbeiter Schultze zusammen mit seinen Kollegen Manfred und J\u00fcrgen in den Vorruhestand geschickt. Auf die Drei wartet fortan ein trostloses Leben zwischen Schrebergarten, Kneipe und ihrem Angelplatz, einer Eisenbahnbr\u00fccke \u00fcber der Saale.<\/p>\n<p>Schultze lebt allein und besucht seine demenzkranke Mutter hin und wieder im Pflegeheim. Eines Nachts h\u00f6rt er im Radio zuf\u00e4llig Zydeco-Musik aus Louisiana, die ihm nicht mehr aus dem Kopf geht. Anstatt seiner gewohnten Polka spielt Schultze nach einiger \u00dcberwindung diese Melodie mit seinem Akkordeon sogar beim j\u00e4hrlichen Volksmusikfest seiner Gemeinde, was jedoch beim \u00fcberwiegenden Teil des Publikums auf Unverst\u00e4ndnis st\u00f6\u00dft. Einige dieser Zuschauer bezeichnen diese ungewohnten Kl\u00e4nge sogar als \u201eNegermusik\u201c.<\/p>\n<p>Als von der amerikanischen Partnerstadt des Dorfes, New Braunfels in Texas, eine Einladung f\u00fcr eine Person zu ihrem dortigen Volksfest eintrifft, wird Schultze vom \u00f6rtlichen Volksmusikverein als Repr\u00e4sentant ausgew\u00e4hlt. Schon bald nach der Ankunft in den USA muss Schultze aber feststellen, dass die dortige \u201eWurstfeier\u201c mit Jodlern und deutscher Nationalhymne nicht mehr als eine schlechte Karikatur der Dorffeste seiner sachsen-anhaltischen Heimat ist. Er entflieht dem Trubel und besorgt sich ein kleines Boot, um damit auf Entdeckungstour zu gehen. Diese f\u00fchrt ihn neben dem Golf von Mexiko auch in die Bayous von Louisiana, wo er schlie\u00dflich \u201eseine\u201c Musik findet. Als er mit seinen neuen, amerikanischen Freunden feiert, wird Schultze sehr krank. Es wird nahegelegt, dass er stirbt. Am Ende des Films findet in Teutschenthal eine Beerdigung f\u00fcr Schultze statt, die zu einer Feier seines Lebens wird.<\/p>\n<\/div><\/div><\/div><div class=\"fusion-layout-column fusion_builder_column fusion-builder-column-3 fusion_builder_column_1_1 1_1 fusion-flex-column\" style=\"--awb-bg-size:cover;--awb-width-large:100%;--awb-margin-top-large:0px;--awb-spacing-right-large:1.92%;--awb-margin-bottom-large:20px;--awb-spacing-left-large:1.92%;--awb-width-medium:100%;--awb-order-medium:0;--awb-spacing-right-medium:1.92%;--awb-spacing-left-medium:1.92%;--awb-width-small:100%;--awb-order-small:0;--awb-spacing-right-small:1.92%;--awb-spacing-left-small:1.92%;\"><div class=\"fusion-column-wrapper fusion-column-has-shadow fusion-flex-justify-content-flex-start fusion-content-layout-column\"><div class=\"fusion-separator fusion-full-width-sep\" style=\"align-self: center;margin-left: auto;margin-right: auto;margin-top:15px;margin-bottom:15px;width:100%;\"><div class=\"fusion-separator-border sep-single sep-solid\" style=\"--awb-height:20px;--awb-amount:20px;border-color:var(--awb-color3);border-top-width:1px;\"><\/div><\/div><\/div><\/div><\/div><\/div>\n","protected":false},"excerpt":{"rendered":"","protected":false},"author":8,"featured_media":0,"parent":0,"menu_order":0,"comment_status":"closed","ping_status":"closed","template":"100-width.php","meta":{"_acf_changed":false,"footnotes":""},"class_list":["post-1100","page","type-page","status-publish","hentry"],"acf":[],"_links":{"self":[{"href":"https:\/\/muddys-club.net\/index.php\/wp-json\/wp\/v2\/pages\/1100","targetHints":{"allow":["GET"]}}],"collection":[{"href":"https:\/\/muddys-club.net\/index.php\/wp-json\/wp\/v2\/pages"}],"about":[{"href":"https:\/\/muddys-club.net\/index.php\/wp-json\/wp\/v2\/types\/page"}],"author":[{"embeddable":true,"href":"https:\/\/muddys-club.net\/index.php\/wp-json\/wp\/v2\/users\/8"}],"replies":[{"embeddable":true,"href":"https:\/\/muddys-club.net\/index.php\/wp-json\/wp\/v2\/comments?post=1100"}],"version-history":[{"count":13,"href":"https:\/\/muddys-club.net\/index.php\/wp-json\/wp\/v2\/pages\/1100\/revisions"}],"predecessor-version":[{"id":1136,"href":"https:\/\/muddys-club.net\/index.php\/wp-json\/wp\/v2\/pages\/1100\/revisions\/1136"}],"wp:attachment":[{"href":"https:\/\/muddys-club.net\/index.php\/wp-json\/wp\/v2\/media?parent=1100"}],"curies":[{"name":"wp","href":"https:\/\/api.w.org\/{rel}","templated":true}]}}